{"id":2047,"date":"2025-11-25T09:58:30","date_gmt":"2025-11-25T09:58:30","guid":{"rendered":"https:\/\/www.probleemharen.nl\/?page_id=2047"},"modified":"2026-03-10T13:15:32","modified_gmt":"2026-03-10T13:15:32","slug":"objetosc","status":"publish","type":"page","link":"https:\/\/www.probleemharen.nl\/pl\/volume\/","title":{"rendered":"Obj\u0119to\u015b\u0107"},"content":{"rendered":"<h1>Obj\u0119to\u015b\u0107<\/h1>\n<p>Czy masz wra\u017cenie, \u017ce Twoje w\u0142osy szybko staj\u0105 si\u0119 p\u0142askie, opadaj\u0105 lub brakuje im obj\u0119to\u015bci? Wiele os\u00f3b ma naturalnie cienkie lub wiotkie w\u0142osy, kt\u00f3re maj\u0105 trudno\u015bci z utrzymaniem obj\u0119to\u015bci. Dzi\u0119ki \u0142agodnej piel\u0119gnacji i lekkim produktom do stylizacji w\u0142osy mog\u0105 by\u0107 bardziej zwiewne i mie\u0107 pe\u0142niejszy wygl\u0105d bez obci\u0105\u017cania.<\/p>\n<h2>Dlaczego jej g\u0142o\u015bno\u015b\u0107 mo\u017ce by\u0107 chybiona?<\/h2>\n<p>Niedob\u00f3r obj\u0119to\u015bci mo\u017ce wynika\u0107 z r\u00f3\u017cnych czynnik\u00f3w, takich jak:<\/p>\n<ul>\n<li><strong>delikatne lub cienkie w\u0142osy<\/strong> kt\u00f3ry z natury ma mniejsz\u0105 struktur\u0119<\/li>\n<li><strong>przet\u0142uszczaj\u0105ca si\u0119 sk\u00f3ra g\u0142owy<\/strong> szybsze zwiotczenie w\u0142os\u00f3w<\/li>\n<li><strong>produkty ci\u0119\u017ckie<\/strong> takie jak bogate maseczki lub olejki<\/li>\n<li><strong>uszkodzone odcinki<\/strong> kt\u00f3rzy maj\u0105 mniejsz\u0105 odporno\u015b\u0107<\/li>\n<li><strong>wilgotne powietrze<\/strong> co powoduje, \u017ce szybciej traci swoj\u0105 spr\u0119\u017cysto\u015b\u0107<\/li>\n<\/ul>\n<h2>Jak nada\u0107 w\u0142osom wi\u0119cej obj\u0119to\u015bci bez ich obci\u0105\u017cania?<\/h2>\n<ul>\n<li>Wybieraj lekkie szampony, kt\u00f3re utrzymuj\u0105 sk\u00f3r\u0119 g\u0142owy w czysto\u015bci i \u015bwie\u017co\u015bci.<\/li>\n<li>U\u017cywaj od\u017cywki szczeg\u00f3lnie na d\u0142ugo\u015bci i ko\u0144cach w\u0142os\u00f3w.<\/li>\n<li>Unikaj ci\u0119\u017ckich olej\u00f3w lub bogatych produkt\u00f3w do stylizacji u nasady w\u0142os\u00f3w.<\/li>\n<li>W razie potrzeby wysusz w\u0142osy do g\u00f3ry nogami, aby je dodatkowo unie\u015b\u0107.<\/li>\n<li>U\u017cywaj lekkich produkt\u00f3w do stylizacji, kt\u00f3re zapewniaj\u0105 przyczepno\u015b\u0107 i j\u0119drno\u015b\u0107.<\/li>\n<\/ul>\n<h2>Naturalne produkty, kt\u00f3re mog\u0105 by\u0107 odpowiednie dla wi\u0119kszej obj\u0119to\u015bci<\/h2>\n<p><em>Wymienione poni\u017cej produkty to kosmetyki piel\u0119gnacyjne przeznaczone do piel\u0119gnacji i stylizacji w\u0142os\u00f3w. Nie s\u0105 one przeznaczone do leczenia schorze\u0144.<\/em><\/p>\n<p id=\"productblok\"><style id=\"mc-extern-products-tf-css\">\n.mc-extern-wrap{\n    position:relative;\n    margin:10px 0 18px;\n    background:#E5DAD6;\n    border-radius:12px;\n    padding:16px;\n}\n.mc-extern-head,\n.mc-extern-foot{\n    display:flex;\n    align-items:center;\n    justify-content:space-between;\n    gap:12px;\n}\n.mc-extern-head{margin-bottom:8px;}\n.mc-extern-foot{margin-top:10px;}\n.mc-extern-heading{\n    color:#2C3729;\n    font-size:14px;\n    font-weight:600;\n    letter-spacing:.2px;\n}\n\n\/* Titels en knoppen in Poppins Semi Bold *\/\n.mc-post__title a,\n.mc-btn,\n.mc-extern-foot .mc-btn--red{\n    font-family:\"Poppins\",\"Helvetica Neue\",Arial,sans-serif;\n    font-weight:600;\n}\n\n\/* Footer-knop (accentkleur) *\/\n.mc-extern-foot .mc-btn--red{\n    display:inline-block;\n    padding:12px 16px;\n    background:#CBB57B;\n    color:#2C3729;\n    text-decoration:none;\n    border:none;\n    border-radius:4px;\n    box-shadow:none;\n}\n.mc-extern-foot .mc-btn--red:hover,\n.mc-extern-foot .mc-btn--red:focus{\n    text-decoration:none;\n    opacity:.95;\n    outline:none;\n}\n\n.mc-extern-products__notice{\n    padding:10px 12px;\n    background:#fff3cd;\n    border:1px solid #ffe69c;\n    border-radius:8px;\n}\n\n\/* Grid en cards *\/\n.mc-extern-products{\n    display:grid;\n    grid-template-columns:repeat(var(--mc-cols),minmax(0,1fr));\n    gap:16px;\n    align-items:stretch;\n}\n.mc-post{\n    background:#FFFFFF;\n    border:1px solid #C3C9C0;\n    border-radius:12px;\n    overflow:hidden;\n    display:flex;\n    flex-direction:column;\n    box-shadow:0 1px 3px rgba(0,0,0,.04);\n}\n\n\/* Titel *\/\n.mc-post__title{\n    display:block;\n    padding:12px 14px 0;\n}\n.mc-post__title a{\n    color:#2C3729;\n    text-decoration:none;\n    font-size:16px;\n    line-height:1.35;\n    display:-webkit-box;\n    -webkit-line-clamp:3;\n    -webkit-box-orient:vertical;\n    overflow:hidden;\n    min-height:65px;\n}\n.mc-post__title a:hover{\n    text-decoration:underline;\n}\n\n\/* Middenstuk *\/\n.mc-post__middle{\n    display:grid;\n    grid-template-columns:2fr 1fr;\n    gap:12px;\n    align-items:center;\n    padding:12px 14px;\n}\n.mc-post__thumb{\n    width:100%;\n    aspect-ratio:1\/1;\n    background:#F5F5F5;\n    border-radius:10px;\n    overflow:hidden;\n    border:1px solid #C3C9C0;\n}\n.mc-post__thumb img{\n    width:100%;\n    height:100%;\n    object-fit:contain;\n    display:block;\n}\n.mc-post__price{\n    justify-self:end;\n    font-size:15px;\n    font-weight:600;\n    color:#2C3729;\n}\n\n\/* Knop onderaan card *\/\n.mc-post__cta{\n    padding:0 14px 14px;\n}\n.mc-btn{\n    display:block;\n    width:100%;\n    text-align:center;\n    padding:12px 16px;\n    background:#2C3729;\n    color:#FFFFFF;\n    text-decoration:none;\n    border:none;\n    border-radius:4px;\n    box-shadow:none;\n}\n.mc-btn:hover,\n.mc-btn:focus{\n    text-decoration:none;\n    opacity:.95;\n    outline:none;\n}\n\n\/* Responsive *\/\n@media (max-width:480px){\n    .mc-extern-products{\n        grid-template-columns:repeat(2,minmax(0,1fr));\n        gap:12px;\n    }\n}\n@media (max-width:360px){\n    .mc-extern-products{\n        grid-template-columns:repeat(1,minmax(0,1fr));\n    }\n}\n@media (min-width:768px){\n    .mc-extern-products{\n        grid-template-columns:repeat(min(var(--mc-cols),3),minmax(0,1fr));\n    }\n}\n@media (min-width:1024px){\n    .mc-extern-products{\n        grid-template-columns:repeat(var(--mc-cols),minmax(0,1fr));\n    }\n}\n<\/style><section class=\"mc-extern-wrap\"><div class=\"mc-extern-head\"><div class=\"mc-extern-heading\">Niekt\u00f3re produkty sklepu De Natuurlijke Kapper Shop<\/div><div><\/div><\/div><div class=\"mc-extern-products\" style=\"--mc-cols:4;\"><article class=\"mc-post\" role=\"listitem\"><div class=\"mc-post__title\"><a href=\"https:\/\/www.denatuurlijkekappershop.nl\/its-pure-organics-biologisch-bhringaraj-poeder-100g-100-natuurlijk-haarpoeder\/?utm_source=Google%20Shopping&#038;utm_campaign=Google%20Shopping%20New&#038;utm_medium=cpc&#038;utm_term=adtribes\" target=\"_self\" rel=\"noopener\">It's Pure Organics Organic Bhringaraj Powder 100g - 100% Naturalny proszek do w\u0142os\u00f3w<\/a><\/div><div class=\"mc-post__middle\"><a class=\"mc-post__thumb\" href=\"https:\/\/www.denatuurlijkekappershop.nl\/its-pure-organics-biologisch-bhringaraj-poeder-100g-100-natuurlijk-haarpoeder\/?utm_source=Google%20Shopping&#038;utm_campaign=Google%20Shopping%20New&#038;utm_medium=cpc&#038;utm_term=adtribes\" target=\"_self\" rel=\"noopener\"><img class=\"lazyload\" src=\"data:image\/gif;base64,R0lGODlhAQABAAAAACH5BAEKAAEALAAAAAABAAEAAAICTAEAOw==\" data-orig-src=\"https:\/\/www.denatuurlijkekappershop.nl\/wp-content\/uploads\/2026\/04\/Its-Pure-Organics-Biologisch-Bhringaraj-Poeder-100g-\u2013-100-Natuurlijk-Haarpoeder.png\" alt=\"It&#039;s Pure Organics Organic Bhringaraj Powder 100g - 100% Naturalny proszek do w\u0142os\u00f3w\" loading=\"lazy\" decoding=\"async\" \/><\/a><div class=\"mc-post__price\"><span class=\"woocommerce-Price-amount\">8.20 \u20ac<\/span><\/div><\/div><div class=\"mc-post__cta\"><a class=\"mc-btn\" href=\"https:\/\/www.denatuurlijkekappershop.nl\/its-pure-organics-biologisch-bhringaraj-poeder-100g-100-natuurlijk-haarpoeder\/?utm_source=Google%20Shopping&#038;utm_campaign=Google%20Shopping%20New&#038;utm_medium=cpc&#038;utm_term=adtribes\" target=\"_self\" rel=\"noopener\">Zobacz produkt<\/a><\/div><\/article><article class=\"mc-post\" role=\"listitem\"><div class=\"mc-post__title\"><a href=\"https:\/\/www.denatuurlijkekappershop.nl\/rc-pate-coiffante-medium-75ml\/?utm_source=Google%20Shopping&#038;utm_campaign=Google%20Shopping%20New&#038;utm_medium=cpc&#038;utm_term=adtribes\" target=\"_self\" rel=\"noopener\">Pasta do stylizacji R&amp;C medium 75ml.<\/a><\/div><div class=\"mc-post__middle\"><a class=\"mc-post__thumb\" href=\"https:\/\/www.denatuurlijkekappershop.nl\/rc-pate-coiffante-medium-75ml\/?utm_source=Google%20Shopping&#038;utm_campaign=Google%20Shopping%20New&#038;utm_medium=cpc&#038;utm_term=adtribes\" target=\"_self\" rel=\"noopener\"><img class=\"lazyload\" src=\"data:image\/gif;base64,R0lGODlhAQABAAAAACH5BAEKAAEALAAAAAABAAEAAAICTAEAOw==\" data-orig-src=\"https:\/\/www.denatuurlijkekappershop.nl\/wp-content\/uploads\/2025\/11\/RC-stylingpasta-medium-75ml.png\" alt=\"Pasta do stylizacji R&amp;C medium 75ml.\" loading=\"lazy\" decoding=\"async\" \/><\/a><div class=\"mc-post__price\"><span class=\"woocommerce-Price-amount\">27.50 \u20ac<\/span><\/div><\/div><div class=\"mc-post__cta\"><a class=\"mc-btn\" href=\"https:\/\/www.denatuurlijkekappershop.nl\/rc-pate-coiffante-medium-75ml\/?utm_source=Google%20Shopping&#038;utm_campaign=Google%20Shopping%20New&#038;utm_medium=cpc&#038;utm_term=adtribes\" target=\"_self\" rel=\"noopener\">Zobacz produkt<\/a><\/div><\/article><article class=\"mc-post\" role=\"listitem\"><div class=\"mc-post__title\"><a href=\"https:\/\/www.denatuurlijkekappershop.nl\/voam-clarifying-shampoo-200ml\/?utm_source=Google%20Shopping&#038;utm_campaign=Google%20Shopping%20New&#038;utm_medium=cpc&#038;utm_term=adtribes\" target=\"_self\" rel=\"noopener\">Voam - Szampon oczyszczaj\u0105cy 200 ml<\/a><\/div><div class=\"mc-post__middle\"><a class=\"mc-post__thumb\" href=\"https:\/\/www.denatuurlijkekappershop.nl\/voam-clarifying-shampoo-200ml\/?utm_source=Google%20Shopping&#038;utm_campaign=Google%20Shopping%20New&#038;utm_medium=cpc&#038;utm_term=adtribes\" target=\"_self\" rel=\"noopener\"><img class=\"lazyload\" src=\"data:image\/gif;base64,R0lGODlhAQABAAAAACH5BAEKAAEALAAAAAABAAEAAAICTAEAOw==\" data-orig-src=\"https:\/\/www.denatuurlijkekappershop.nl\/wp-content\/uploads\/2025\/11\/Voam-Clarifying-shampoo-200ml.png\" alt=\"Voam - Szampon oczyszczaj\u0105cy 200 ml\" loading=\"lazy\" decoding=\"async\" \/><\/a><div class=\"mc-post__price\"><span class=\"woocommerce-Price-amount\">28.50 \u20ac<\/span><\/div><\/div><div class=\"mc-post__cta\"><a class=\"mc-btn\" href=\"https:\/\/www.denatuurlijkekappershop.nl\/voam-clarifying-shampoo-200ml\/?utm_source=Google%20Shopping&#038;utm_campaign=Google%20Shopping%20New&#038;utm_medium=cpc&#038;utm_term=adtribes\" target=\"_self\" rel=\"noopener\">Zobacz produkt<\/a><\/div><\/article><article class=\"mc-post\" role=\"listitem\"><div class=\"mc-post__title\"><a href=\"https:\/\/www.denatuurlijkekappershop.nl\/voam-volumizing-mouse-150ml\/?utm_source=Google%20Shopping&#038;utm_campaign=Google%20Shopping%20New&#038;utm_medium=cpc&#038;utm_term=adtribes\" target=\"_self\" rel=\"noopener\">Voam - Pianka zwi\u0119kszaj\u0105ca obj\u0119to\u015b\u0107 w\u0142os\u00f3w 150 ml<\/a><\/div><div class=\"mc-post__middle\"><a class=\"mc-post__thumb\" href=\"https:\/\/www.denatuurlijkekappershop.nl\/voam-volumizing-mouse-150ml\/?utm_source=Google%20Shopping&#038;utm_campaign=Google%20Shopping%20New&#038;utm_medium=cpc&#038;utm_term=adtribes\" target=\"_self\" rel=\"noopener\"><img class=\"lazyload\" src=\"data:image\/gif;base64,R0lGODlhAQABAAAAACH5BAEKAAEALAAAAAABAAEAAAICTAEAOw==\" data-orig-src=\"https:\/\/www.denatuurlijkekappershop.nl\/wp-content\/uploads\/2025\/09\/Voam-Volumizing-mouse-150ml.png\" alt=\"Voam - Pianka zwi\u0119kszaj\u0105ca obj\u0119to\u015b\u0107 w\u0142os\u00f3w 150 ml\" loading=\"lazy\" decoding=\"async\" \/><\/a><div class=\"mc-post__price\"><span class=\"woocommerce-Price-amount\">29.50 \u20ac<\/span><\/div><\/div><div class=\"mc-post__cta\"><a class=\"mc-btn\" href=\"https:\/\/www.denatuurlijkekappershop.nl\/voam-volumizing-mouse-150ml\/?utm_source=Google%20Shopping&#038;utm_campaign=Google%20Shopping%20New&#038;utm_medium=cpc&#038;utm_term=adtribes\" target=\"_self\" rel=\"noopener\">Zobacz produkt<\/a><\/div><\/article><article class=\"mc-post\" role=\"listitem\"><div class=\"mc-post__title\"><a href=\"https:\/\/www.denatuurlijkekappershop.nl\/voam-haarolie-50ml\/?utm_source=Google%20Shopping&#038;utm_campaign=Google%20Shopping%20New&#038;utm_medium=cpc&#038;utm_term=adtribes\" target=\"_self\" rel=\"noopener\">Voam - Olejek do w\u0142os\u00f3w 50 ml<\/a><\/div><div class=\"mc-post__middle\"><a class=\"mc-post__thumb\" href=\"https:\/\/www.denatuurlijkekappershop.nl\/voam-haarolie-50ml\/?utm_source=Google%20Shopping&#038;utm_campaign=Google%20Shopping%20New&#038;utm_medium=cpc&#038;utm_term=adtribes\" target=\"_self\" rel=\"noopener\"><img class=\"lazyload\" src=\"data:image\/gif;base64,R0lGODlhAQABAAAAACH5BAEKAAEALAAAAAABAAEAAAICTAEAOw==\" data-orig-src=\"https:\/\/www.denatuurlijkekappershop.nl\/wp-content\/uploads\/2025\/09\/Voam-Haarolie-50ml.png\" alt=\"Voam - Olejek do w\u0142os\u00f3w 50 ml\" loading=\"lazy\" decoding=\"async\" \/><\/a><div class=\"mc-post__price\"><span class=\"woocommerce-Price-amount\">24.50 \u20ac<\/span><\/div><\/div><div class=\"mc-post__cta\"><a class=\"mc-btn\" href=\"https:\/\/www.denatuurlijkekappershop.nl\/voam-haarolie-50ml\/?utm_source=Google%20Shopping&#038;utm_campaign=Google%20Shopping%20New&#038;utm_medium=cpc&#038;utm_term=adtribes\" target=\"_self\" rel=\"noopener\">Zobacz produkt<\/a><\/div><\/article><article class=\"mc-post\" role=\"listitem\"><div class=\"mc-post__title\"><a href=\"https:\/\/www.denatuurlijkekappershop.nl\/voam-gel-200ml\/?utm_source=Google%20Shopping&#038;utm_campaign=Google%20Shopping%20New&#038;utm_medium=cpc&#038;utm_term=adtribes\" target=\"_self\" rel=\"noopener\">Voam - \u017bel 200 ml<\/a><\/div><div class=\"mc-post__middle\"><a class=\"mc-post__thumb\" href=\"https:\/\/www.denatuurlijkekappershop.nl\/voam-gel-200ml\/?utm_source=Google%20Shopping&#038;utm_campaign=Google%20Shopping%20New&#038;utm_medium=cpc&#038;utm_term=adtribes\" target=\"_self\" rel=\"noopener\"><img class=\"lazyload\" src=\"data:image\/gif;base64,R0lGODlhAQABAAAAACH5BAEKAAEALAAAAAABAAEAAAICTAEAOw==\" data-orig-src=\"https:\/\/www.denatuurlijkekappershop.nl\/wp-content\/uploads\/2025\/09\/Voam-Gel-200ml.png\" alt=\"Voam - \u017bel 200 ml\" loading=\"lazy\" decoding=\"async\" \/><\/a><div class=\"mc-post__price\"><span class=\"woocommerce-Price-amount\">29.50 \u20ac<\/span><\/div><\/div><div class=\"mc-post__cta\"><a class=\"mc-btn\" href=\"https:\/\/www.denatuurlijkekappershop.nl\/voam-gel-200ml\/?utm_source=Google%20Shopping&#038;utm_campaign=Google%20Shopping%20New&#038;utm_medium=cpc&#038;utm_term=adtribes\" target=\"_self\" rel=\"noopener\">Zobacz produkt<\/a><\/div><\/article><article class=\"mc-post\" role=\"listitem\"><div class=\"mc-post__title\"><a href=\"https:\/\/www.denatuurlijkekappershop.nl\/rc-light-hydration-shampoo-250ml\/?utm_source=Google%20Shopping&#038;utm_campaign=Google%20Shopping%20New&#038;utm_medium=cpc&#038;utm_term=adtribes\" target=\"_self\" rel=\"noopener\">R&amp;C lekki szampon nawil\u017caj\u0105cy 250 ml<\/a><\/div><div class=\"mc-post__middle\"><a class=\"mc-post__thumb\" href=\"https:\/\/www.denatuurlijkekappershop.nl\/rc-light-hydration-shampoo-250ml\/?utm_source=Google%20Shopping&#038;utm_campaign=Google%20Shopping%20New&#038;utm_medium=cpc&#038;utm_term=adtribes\" target=\"_self\" rel=\"noopener\"><img class=\"lazyload\" src=\"data:image\/gif;base64,R0lGODlhAQABAAAAACH5BAEKAAEALAAAAAABAAEAAAICTAEAOw==\" data-orig-src=\"https:\/\/www.denatuurlijkekappershop.nl\/wp-content\/uploads\/2025\/02\/RC-light-hydration-shampoo-250ml.png\" alt=\"R&amp;C lekki szampon nawil\u017caj\u0105cy 250 ml\" loading=\"lazy\" decoding=\"async\" \/><\/a><div class=\"mc-post__price\"><span class=\"woocommerce-Price-amount\">25.50 \u20ac<\/span><\/div><\/div><div class=\"mc-post__cta\"><a class=\"mc-btn\" href=\"https:\/\/www.denatuurlijkekappershop.nl\/rc-light-hydration-shampoo-250ml\/?utm_source=Google%20Shopping&#038;utm_campaign=Google%20Shopping%20New&#038;utm_medium=cpc&#038;utm_term=adtribes\" target=\"_self\" rel=\"noopener\">Zobacz produkt<\/a><\/div><\/article><article class=\"mc-post\" role=\"listitem\"><div class=\"mc-post__title\"><a href=\"https:\/\/www.denatuurlijkekappershop.nl\/chromalya-air-fix-volume-100-ml\/?utm_source=Google%20Shopping&#038;utm_campaign=Google%20Shopping%20New&#038;utm_medium=cpc&#038;utm_term=adtribes\" target=\"_self\" rel=\"noopener\">Chromalya Air-Fix Volume 100 ml<\/a><\/div><div class=\"mc-post__middle\"><a class=\"mc-post__thumb\" href=\"https:\/\/www.denatuurlijkekappershop.nl\/chromalya-air-fix-volume-100-ml\/?utm_source=Google%20Shopping&#038;utm_campaign=Google%20Shopping%20New&#038;utm_medium=cpc&#038;utm_term=adtribes\" target=\"_self\" rel=\"noopener\"><img class=\"lazyload\" src=\"data:image\/gif;base64,R0lGODlhAQABAAAAACH5BAEKAAEALAAAAAABAAEAAAICTAEAOw==\" data-orig-src=\"https:\/\/www.denatuurlijkekappershop.nl\/wp-content\/uploads\/2025\/01\/Chromalya-Air-Fix-Volume-100-ml.png\" alt=\"Chromalya Air-Fix Volume 100 ml\" loading=\"lazy\" decoding=\"async\" \/><\/a><div class=\"mc-post__price\"><span class=\"woocommerce-Price-amount\">18.50 \u20ac<\/span><\/div><\/div><div class=\"mc-post__cta\"><a class=\"mc-btn\" href=\"https:\/\/www.denatuurlijkekappershop.nl\/chromalya-air-fix-volume-100-ml\/?utm_source=Google%20Shopping&#038;utm_campaign=Google%20Shopping%20New&#038;utm_medium=cpc&#038;utm_term=adtribes\" target=\"_self\" rel=\"noopener\">Zobacz produkt<\/a><\/div><\/article><\/div><div class=\"mc-extern-foot\"><div><\/div><div><a class=\"mc-btn--red\" href=\"https:\/\/www.denatuurlijkekappershop.nl\/?s=volume&#038;post_type=product&#038;dgwt_wcas=1\" target=\"_blank\" rel=\"noopener\">Zobacz wszystkie produkty<\/a><\/div><\/div><\/section><\/p>\n<h2>Wskaz\u00f3wki, jak sprawi\u0107, by w\u0142osy wygl\u0105da\u0142y na g\u0119stsze<\/h2>\n<ul>\n<li>Regularnie myj w\u0142osy, aby nie obci\u0105\u017ca\u0107 ich sebum.<\/li>\n<li>U\u017cyj lekkiej pianki zwi\u0119kszaj\u0105cej obj\u0119to\u015b\u0107 lub spryskaj w\u0142osy u nasady.<\/li>\n<li>Je\u015bli to konieczne, \u015bpij na satynowej poszewce na poduszk\u0119.<\/li>\n<li>Regularnie poprawiaj ko\u0144c\u00f3wki w\u0142os\u00f3w.<\/li>\n<li>Unikaj d\u0142ugotrwa\u0142ych, ciasno zwi\u0105zanych fryzur.<\/li>\n<\/ul>\n<p>Przeczytaj r\u00f3wnie\u017c:<br \/>\n<a href=\"\/pl\/pozbawione-zycia-i-wiotkie-wlosy\/\">Martwe i wiotkie w\u0142osy<\/a><br \/>\n<a href=\"\/pl\/fijn-dun-haar\/\">Cienkie i delikatne w\u0142osy<\/a><br \/>\n<a href=\"\/pl\/suche-wlosy\/\">Suche w\u0142osy<\/a><\/p>\n<h2>Wniosek: bardziej przewiewne w\u0142osy przy odpowiedniej piel\u0119gnacji<\/h2>\n<p>Je\u015bli Twoje w\u0142osy szybko opadaj\u0105, lekka i delikatna piel\u0119gnacja mo\u017ce pom\u00f3c im poczu\u0107 si\u0119 l\u017cej. Wyb\u00f3r produkt\u00f3w dopasowanych do rodzaju w\u0142os\u00f3w cz\u0119sto pomaga w\u0142osom zachowa\u0107 kszta\u0142t i wygl\u0105da\u0107 na pe\u0142niejsze.<\/p>\n<blockquote><p>Chcesz zwi\u0119kszy\u0107 obj\u0119to\u015b\u0107 w\u0142os\u00f3w? Wybierz powy\u017csze produkty, kt\u00f3re sprawi\u0105, \u017ce Twoje w\u0142osy b\u0119d\u0105 l\u017cejsze i nadadz\u0105 im wi\u0119cej obj\u0119to\u015bci.<\/p><\/blockquote>","protected":false},"excerpt":{"rendered":"<p>Volume Heb je het gevoel dat je haar snel plat  [&#8230;]<\/p>\n","protected":false},"author":1,"featured_media":0,"parent":0,"menu_order":0,"comment_status":"closed","ping_status":"closed","template":"","meta":{"_acf_changed":false,"_joinchat":[],"footnotes":""},"class_list":["post-2047","page","type-page","status-publish","hentry"],"acf":[],"_links":{"self":[{"href":"https:\/\/www.probleemharen.nl\/pl\/wp-json\/wp\/v2\/pages\/2047","targetHints":{"allow":["GET"]}}],"collection":[{"href":"https:\/\/www.probleemharen.nl\/pl\/wp-json\/wp\/v2\/pages"}],"about":[{"href":"https:\/\/www.probleemharen.nl\/pl\/wp-json\/wp\/v2\/types\/page"}],"author":[{"embeddable":true,"href":"https:\/\/www.probleemharen.nl\/pl\/wp-json\/wp\/v2\/users\/1"}],"replies":[{"embeddable":true,"href":"https:\/\/www.probleemharen.nl\/pl\/wp-json\/wp\/v2\/comments?post=2047"}],"version-history":[{"count":3,"href":"https:\/\/www.probleemharen.nl\/pl\/wp-json\/wp\/v2\/pages\/2047\/revisions"}],"predecessor-version":[{"id":2390,"href":"https:\/\/www.probleemharen.nl\/pl\/wp-json\/wp\/v2\/pages\/2047\/revisions\/2390"}],"wp:attachment":[{"href":"https:\/\/www.probleemharen.nl\/pl\/wp-json\/wp\/v2\/media?parent=2047"}],"curies":[{"name":"wp","href":"https:\/\/api.w.org\/{rel}","templated":true}]}}