{"id":2024,"date":"2025-11-25T09:58:31","date_gmt":"2025-11-25T09:58:31","guid":{"rendered":"https:\/\/www.probleemharen.nl\/?page_id=2024"},"modified":"2026-03-10T12:39:30","modified_gmt":"2026-03-10T12:39:30","slug":"lojotokowe-zapalenie-skory","status":"publish","type":"page","link":"https:\/\/www.probleemharen.nl\/pl\/seborroische-dermatitis\/","title":{"rendered":"\u0141ojotokowe zapalenie sk\u00f3ry"},"content":{"rendered":"<h1>\u0141ojotokowe zapalenie sk\u00f3ry<\/h1>\n<p>\nCzy cierpisz z powodu uporczywego \u0142uszczenia si\u0119, zaczerwienienia i sw\u0119dzenia sk\u00f3ry g\u0142owy, kt\u00f3re nie ust\u0119puj\u0105? Je\u015bli tak, mo\u017cesz mie\u0107 \u0142ojotokowe zapalenie sk\u00f3ry. Jest to stan sk\u00f3ry, w kt\u00f3rym sk\u00f3ra g\u0142owy reaguje bardziej wra\u017cliwie i mo\u017ce wykazywa\u0107 wi\u0119cej p\u0142atk\u00f3w i podra\u017cnie\u0144 ni\u017c zwykle. Mo\u017ce to by\u0107 niekomfortowe i czasami widoczne, ale dzi\u0119ki delikatnej i \u0142agodnej piel\u0119gnacji cz\u0119sto mo\u017cna sprawi\u0107, \u017ce sk\u00f3ra g\u0142owy b\u0119dzie bardziej komfortowa.\n<\/p>\n<h2>Co to jest \u0142ojotokowe zapalenie sk\u00f3ry?<\/h2>\n<p>\n\u0141ojotokowe zapalenie sk\u00f3ry jest przewlek\u0142\u0105 chorob\u0105 sk\u00f3ry, w kt\u00f3rej sk\u00f3ra i gruczo\u0142y \u0142ojowe reaguj\u0105 inaczej ni\u017c przeci\u0119tnie. Mo\u017ce to powodowa\u0107 zaczerwienienie, \u0142uszczenie i sw\u0119dzenie, cz\u0119sto w obszarach z wieloma gruczo\u0142ami \u0142ojowymi, takich jak sk\u00f3ra g\u0142owy, brwi i fa\u0142dy nosowo-wargowe.\n<\/p>\n<p>\nCzasami wygl\u0105da jak zwyk\u0142y \u0142upie\u017c, ale mo\u017ce by\u0107 bardziej uporczywy i cz\u0119\u015bciej towarzyszy mu zaczerwienienie i wra\u017cliwo\u015b\u0107 sk\u00f3ry.\n<\/p>\n<h2>Jak rozpozna\u0107 \u0142ojotokowe zapalenie sk\u00f3ry g\u0142owy?<\/h2>\n<p>\n\u0141ojotokowe zapalenie sk\u00f3ry mo\u017cna cz\u0119sto rozpozna\u0107 po:\n<\/p>\n<ul>\n<li>\u017c\u00f3\u0142te lub bia\u0142awe p\u0142atki, kt\u00f3re powtarzaj\u0105 si\u0119 regularnie<\/li>\n<li>zaczerwienienie i tkliwo\u015b\u0107 sk\u00f3ry g\u0142owy<\/li>\n<li>sw\u0119dzenie lub pieczenie<\/li>\n<li>plamy, kt\u00f3re czasami s\u0105 t\u0142uste, a czasami suche<\/li>\n<li>dolegliwo\u015bci o r\u00f3\u017cnym nasileniu, na przyk\u0142ad pod wp\u0142ywem stresu lub zimna<\/li>\n<\/ul>\n<h2>Co mo\u017ce wywo\u0142a\u0107 \u0142ojotokowe zapalenie sk\u00f3ry?<\/h2>\n<p>\nDok\u0142adna przyczyna nie zawsze jest jasna, ale cz\u0119sto rol\u0119 odgrywa kilka czynnik\u00f3w:\n<\/p>\n<ul>\n<li>bariera dla wra\u017cliwej sk\u00f3ry<\/li>\n<li>\u0142ojotokowe obszary sk\u00f3ry, w kt\u00f3rych \u0142atwo rozwijaj\u0105 si\u0119 mikroorganizmy<\/li>\n<li>stres i zm\u0119czenie<\/li>\n<li>zimne, suche powietrze lub silne zmiany temperatury<\/li>\n<li>produkty zawieraj\u0105ce dra\u017cni\u0105ce sk\u0142adniki, takie jak perfumy lub silne \u015brodki czyszcz\u0105ce<\/li>\n<\/ul>\n<h2>Czego najlepiej unika\u0107 w przypadku \u0142ojotokowego zapalenia sk\u00f3ry?<\/h2>\n<p>\nPoniewa\u017c sk\u00f3ra mo\u017ce reagowa\u0107 bardziej wra\u017cliwie, warto tego unika\u0107:\n<\/p>\n<ul>\n<li>gor\u0105ce prysznice i jasne, gor\u0105ce suszenie bezpo\u015brednio na sk\u00f3rze g\u0142owy<\/li>\n<li>drapanie lub z\u0142uszczanie p\u0142atk\u00f3w<\/li>\n<li>szampony zawieraj\u0105ce du\u017co perfum, alkoholu lub silnych siarczan\u00f3w<\/li>\n<li>korzystanie z wielu r\u00f3\u017cnych produkt\u00f3w jednocze\u015bnie<\/li>\n<li>bardzo cz\u0119ste lub agresywne oczyszczanie sk\u00f3ry g\u0142owy<\/li>\n<\/ul>\n<h2>Delikatna piel\u0119gnacja \u0142ojotokowego zapalenia sk\u00f3ry<\/h2>\n<p>\nProdukty do piel\u0119gnacji w\u0142os\u00f3w nie s\u0105 w stanie wyleczy\u0107 samego schorzenia, ale \u0142agodna piel\u0119gnacja mo\u017ce pom\u00f3c w utrzymaniu sk\u00f3ry g\u0142owy bardziej komfortowej i mniej podra\u017cnionej.\n<\/p>\n<p><em>Wymienione poni\u017cej produkty to kosmetyki piel\u0119gnacyjne, kt\u00f3re mog\u0105 by\u0107 odpowiednie dla wra\u017cliwej lub podra\u017cnionej sk\u00f3ry g\u0142owy. Nie s\u0105 one przeznaczone do leczenia schorze\u0144. Je\u015bli objawy utrzymuj\u0105 si\u0119, zawsze nale\u017cy skonsultowa\u0107 si\u0119 z lekarzem lub dermatologiem.<\/em><\/p>\n<p id=\"productblok\">\n<style id=\"mc-extern-products-tf-css\">\n.mc-extern-wrap{\n    position:relative;\n    margin:10px 0 18px;\n    background:#E5DAD6;\n    border-radius:12px;\n    padding:16px;\n}\n.mc-extern-head,\n.mc-extern-foot{\n    display:flex;\n    align-items:center;\n    justify-content:space-between;\n    gap:12px;\n}\n.mc-extern-head{margin-bottom:8px;}\n.mc-extern-foot{margin-top:10px;}\n.mc-extern-heading{\n    color:#2C3729;\n    font-size:14px;\n    font-weight:600;\n    letter-spacing:.2px;\n}\n\n\/* Titels en knoppen in Poppins Semi Bold *\/\n.mc-post__title a,\n.mc-btn,\n.mc-extern-foot .mc-btn--red{\n    font-family:\"Poppins\",\"Helvetica Neue\",Arial,sans-serif;\n    font-weight:600;\n}\n\n\/* Footer-knop (accentkleur) *\/\n.mc-extern-foot .mc-btn--red{\n    display:inline-block;\n    padding:12px 16px;\n    background:#CBB57B;\n    color:#2C3729;\n    text-decoration:none;\n    border:none;\n    border-radius:4px;\n    box-shadow:none;\n}\n.mc-extern-foot .mc-btn--red:hover,\n.mc-extern-foot .mc-btn--red:focus{\n    text-decoration:none;\n    opacity:.95;\n    outline:none;\n}\n\n.mc-extern-products__notice{\n    padding:10px 12px;\n    background:#fff3cd;\n    border:1px solid #ffe69c;\n    border-radius:8px;\n}\n\n\/* Grid en cards *\/\n.mc-extern-products{\n    display:grid;\n    grid-template-columns:repeat(var(--mc-cols),minmax(0,1fr));\n    gap:16px;\n    align-items:stretch;\n}\n.mc-post{\n    background:#FFFFFF;\n    border:1px solid #C3C9C0;\n    border-radius:12px;\n    overflow:hidden;\n    display:flex;\n    flex-direction:column;\n    box-shadow:0 1px 3px rgba(0,0,0,.04);\n}\n\n\/* Titel *\/\n.mc-post__title{\n    display:block;\n    padding:12px 14px 0;\n}\n.mc-post__title a{\n    color:#2C3729;\n    text-decoration:none;\n    font-size:16px;\n    line-height:1.35;\n    display:-webkit-box;\n    -webkit-line-clamp:3;\n    -webkit-box-orient:vertical;\n    overflow:hidden;\n    min-height:65px;\n}\n.mc-post__title a:hover{\n    text-decoration:underline;\n}\n\n\/* Middenstuk *\/\n.mc-post__middle{\n    display:grid;\n    grid-template-columns:2fr 1fr;\n    gap:12px;\n    align-items:center;\n    padding:12px 14px;\n}\n.mc-post__thumb{\n    width:100%;\n    aspect-ratio:1\/1;\n    background:#F5F5F5;\n    border-radius:10px;\n    overflow:hidden;\n    border:1px solid #C3C9C0;\n}\n.mc-post__thumb img{\n    width:100%;\n    height:100%;\n    object-fit:contain;\n    display:block;\n}\n.mc-post__price{\n    justify-self:end;\n    font-size:15px;\n    font-weight:600;\n    color:#2C3729;\n}\n\n\/* Knop onderaan card *\/\n.mc-post__cta{\n    padding:0 14px 14px;\n}\n.mc-btn{\n    display:block;\n    width:100%;\n    text-align:center;\n    padding:12px 16px;\n    background:#2C3729;\n    color:#FFFFFF;\n    text-decoration:none;\n    border:none;\n    border-radius:4px;\n    box-shadow:none;\n}\n.mc-btn:hover,\n.mc-btn:focus{\n    text-decoration:none;\n    opacity:.95;\n    outline:none;\n}\n\n\/* Responsive *\/\n@media (max-width:480px){\n    .mc-extern-products{\n        grid-template-columns:repeat(2,minmax(0,1fr));\n        gap:12px;\n    }\n}\n@media (max-width:360px){\n    .mc-extern-products{\n        grid-template-columns:repeat(1,minmax(0,1fr));\n    }\n}\n@media (min-width:768px){\n    .mc-extern-products{\n        grid-template-columns:repeat(min(var(--mc-cols),3),minmax(0,1fr));\n    }\n}\n@media (min-width:1024px){\n    .mc-extern-products{\n        grid-template-columns:repeat(var(--mc-cols),minmax(0,1fr));\n    }\n}\n<\/style><section class=\"mc-extern-wrap\"><div class=\"mc-extern-head\"><div class=\"mc-extern-heading\">Niekt\u00f3re produkty sklepu De Natuurlijke Kapper Shop<\/div><div><\/div><\/div><div class=\"mc-extern-products\" style=\"--mc-cols:4;\"><article class=\"mc-post\" role=\"listitem\"><div class=\"mc-post__title\"><a href=\"https:\/\/www.denatuurlijkekappershop.nl\/its-pure-organics-biologisch-bhringaraj-poeder-100g-100-natuurlijk-haarpoeder\/?utm_source=Google%20Shopping&#038;utm_campaign=Google%20Shopping%20New&#038;utm_medium=cpc&#038;utm_term=adtribes\" target=\"_self\" rel=\"noopener\">It's Pure Organics Organic Bhringaraj Powder 100g - 100% Naturalny proszek do w\u0142os\u00f3w<\/a><\/div><div class=\"mc-post__middle\"><a class=\"mc-post__thumb\" href=\"https:\/\/www.denatuurlijkekappershop.nl\/its-pure-organics-biologisch-bhringaraj-poeder-100g-100-natuurlijk-haarpoeder\/?utm_source=Google%20Shopping&#038;utm_campaign=Google%20Shopping%20New&#038;utm_medium=cpc&#038;utm_term=adtribes\" target=\"_self\" rel=\"noopener\"><img class=\"lazyload\" src=\"data:image\/gif;base64,R0lGODlhAQABAAAAACH5BAEKAAEALAAAAAABAAEAAAICTAEAOw==\" data-orig-src=\"https:\/\/www.denatuurlijkekappershop.nl\/wp-content\/uploads\/2026\/04\/Its-Pure-Organics-Biologisch-Bhringaraj-Poeder-100g-\u2013-100-Natuurlijk-Haarpoeder.png\" alt=\"It&#039;s Pure Organics Organic Bhringaraj Powder 100g - 100% Naturalny proszek do w\u0142os\u00f3w\" loading=\"lazy\" decoding=\"async\" \/><\/a><div class=\"mc-post__price\"><span class=\"woocommerce-Price-amount\">8.20 \u20ac<\/span><\/div><\/div><div class=\"mc-post__cta\"><a class=\"mc-btn\" href=\"https:\/\/www.denatuurlijkekappershop.nl\/its-pure-organics-biologisch-bhringaraj-poeder-100g-100-natuurlijk-haarpoeder\/?utm_source=Google%20Shopping&#038;utm_campaign=Google%20Shopping%20New&#038;utm_medium=cpc&#038;utm_term=adtribes\" target=\"_self\" rel=\"noopener\">Zobacz produkt<\/a><\/div><\/article><article class=\"mc-post\" role=\"listitem\"><div class=\"mc-post__title\"><a href=\"https:\/\/www.denatuurlijkekappershop.nl\/zenz-organic-oil-treatment-no-97-100-ml\/?utm_source=Google%20Shopping&#038;utm_campaign=Google%20Shopping%20New&#038;utm_medium=cpc&#038;utm_term=adtribes\" target=\"_self\" rel=\"noopener\">ZENZ Organic - kuracja olejowa nr 97 (100 ml)<\/a><\/div><div class=\"mc-post__middle\"><a class=\"mc-post__thumb\" href=\"https:\/\/www.denatuurlijkekappershop.nl\/zenz-organic-oil-treatment-no-97-100-ml\/?utm_source=Google%20Shopping&#038;utm_campaign=Google%20Shopping%20New&#038;utm_medium=cpc&#038;utm_term=adtribes\" target=\"_self\" rel=\"noopener\"><img class=\"lazyload\" src=\"data:image\/gif;base64,R0lGODlhAQABAAAAACH5BAEKAAEALAAAAAABAAEAAAICTAEAOw==\" data-orig-src=\"https:\/\/www.denatuurlijkekappershop.nl\/wp-content\/uploads\/2026\/03\/Zenz-Oil-Treatment-Pure-No.-97.png\" alt=\"ZENZ Organic - kuracja olejowa nr 97 (100 ml)\" loading=\"lazy\" decoding=\"async\" \/><\/a><div class=\"mc-post__price\"><span class=\"woocommerce-Price-amount\">53.50 \u20ac<\/span><\/div><\/div><div class=\"mc-post__cta\"><a class=\"mc-btn\" href=\"https:\/\/www.denatuurlijkekappershop.nl\/zenz-organic-oil-treatment-no-97-100-ml\/?utm_source=Google%20Shopping&#038;utm_campaign=Google%20Shopping%20New&#038;utm_medium=cpc&#038;utm_term=adtribes\" target=\"_self\" rel=\"noopener\">Zobacz produkt<\/a><\/div><\/article><article class=\"mc-post\" role=\"listitem\"><div class=\"mc-post__title\"><a href=\"https:\/\/www.denatuurlijkekappershop.nl\/rc-bi-serum-bij-droog-tot-beschadigd-haar\/?utm_source=Google%20Shopping&#038;utm_campaign=Google%20Shopping%20New&#038;utm_medium=cpc&#038;utm_term=adtribes\" target=\"_self\" rel=\"noopener\">R&amp;C bi-serum - do w\u0142os\u00f3w suchych i zniszczonych<\/a><\/div><div class=\"mc-post__middle\"><a class=\"mc-post__thumb\" href=\"https:\/\/www.denatuurlijkekappershop.nl\/rc-bi-serum-bij-droog-tot-beschadigd-haar\/?utm_source=Google%20Shopping&#038;utm_campaign=Google%20Shopping%20New&#038;utm_medium=cpc&#038;utm_term=adtribes\" target=\"_self\" rel=\"noopener\"><img class=\"lazyload\" src=\"data:image\/gif;base64,R0lGODlhAQABAAAAACH5BAEKAAEALAAAAAABAAEAAAICTAEAOw==\" data-orig-src=\"https:\/\/www.denatuurlijkekappershop.nl\/wp-content\/uploads\/2026\/03\/RC-bi-serum-droog-tot-beschadigd-haar.png\" alt=\"R&amp;C bi-serum - do w\u0142os\u00f3w suchych i zniszczonych\" loading=\"lazy\" decoding=\"async\" \/><\/a><div class=\"mc-post__price\"><span class=\"woocommerce-Price-amount\">42.25 \u20ac<\/span><\/div><\/div><div class=\"mc-post__cta\"><a class=\"mc-btn\" href=\"https:\/\/www.denatuurlijkekappershop.nl\/rc-bi-serum-bij-droog-tot-beschadigd-haar\/?utm_source=Google%20Shopping&#038;utm_campaign=Google%20Shopping%20New&#038;utm_medium=cpc&#038;utm_term=adtribes\" target=\"_self\" rel=\"noopener\">Zobacz produkt<\/a><\/div><\/article><article class=\"mc-post\" role=\"listitem\"><div class=\"mc-post__title\"><a href=\"https:\/\/www.denatuurlijkekappershop.nl\/zenz-organic-oil-treatment-deep-wood-no-99-100-ml\/?utm_source=Google%20Shopping&#038;utm_campaign=Google%20Shopping%20New&#038;utm_medium=cpc&#038;utm_term=adtribes\" target=\"_self\" rel=\"noopener\">ZENZ Organic \u2013 olejek do drewna nr 99 (100 ml)<\/a><\/div><div class=\"mc-post__middle\"><a class=\"mc-post__thumb\" href=\"https:\/\/www.denatuurlijkekappershop.nl\/zenz-organic-oil-treatment-deep-wood-no-99-100-ml\/?utm_source=Google%20Shopping&#038;utm_campaign=Google%20Shopping%20New&#038;utm_medium=cpc&#038;utm_term=adtribes\" target=\"_self\" rel=\"noopener\"><img class=\"lazyload\" src=\"data:image\/gif;base64,R0lGODlhAQABAAAAACH5BAEKAAEALAAAAAABAAEAAAICTAEAOw==\" data-orig-src=\"https:\/\/www.denatuurlijkekappershop.nl\/wp-content\/uploads\/2025\/12\/ZENZ-Organic-\u2013-oil-treatment-deep-wood-no.-99-100-ml.png\" alt=\"ZENZ Organic \u2013 olejek do drewna nr 99 (100 ml)\" loading=\"lazy\" decoding=\"async\" \/><\/a><div class=\"mc-post__price\"><span class=\"woocommerce-Price-amount\">53.50 \u20ac<\/span><\/div><\/div><div class=\"mc-post__cta\"><a class=\"mc-btn\" href=\"https:\/\/www.denatuurlijkekappershop.nl\/zenz-organic-oil-treatment-deep-wood-no-99-100-ml\/?utm_source=Google%20Shopping&#038;utm_campaign=Google%20Shopping%20New&#038;utm_medium=cpc&#038;utm_term=adtribes\" target=\"_self\" rel=\"noopener\">Zobacz produkt<\/a><\/div><\/article><article class=\"mc-post\" role=\"listitem\"><div class=\"mc-post__title\"><a href=\"https:\/\/www.denatuurlijkekappershop.nl\/rc-pate-coiffante-medium-75ml\/?utm_source=Google%20Shopping&#038;utm_campaign=Google%20Shopping%20New&#038;utm_medium=cpc&#038;utm_term=adtribes\" target=\"_self\" rel=\"noopener\">Pasta do stylizacji R&amp;C medium 75ml.<\/a><\/div><div class=\"mc-post__middle\"><a class=\"mc-post__thumb\" href=\"https:\/\/www.denatuurlijkekappershop.nl\/rc-pate-coiffante-medium-75ml\/?utm_source=Google%20Shopping&#038;utm_campaign=Google%20Shopping%20New&#038;utm_medium=cpc&#038;utm_term=adtribes\" target=\"_self\" rel=\"noopener\"><img class=\"lazyload\" src=\"data:image\/gif;base64,R0lGODlhAQABAAAAACH5BAEKAAEALAAAAAABAAEAAAICTAEAOw==\" data-orig-src=\"https:\/\/www.denatuurlijkekappershop.nl\/wp-content\/uploads\/2025\/11\/RC-stylingpasta-medium-75ml.png\" alt=\"Pasta do stylizacji R&amp;C medium 75ml.\" loading=\"lazy\" decoding=\"async\" \/><\/a><div class=\"mc-post__price\"><span class=\"woocommerce-Price-amount\">27.50 \u20ac<\/span><\/div><\/div><div class=\"mc-post__cta\"><a class=\"mc-btn\" href=\"https:\/\/www.denatuurlijkekappershop.nl\/rc-pate-coiffante-medium-75ml\/?utm_source=Google%20Shopping&#038;utm_campaign=Google%20Shopping%20New&#038;utm_medium=cpc&#038;utm_term=adtribes\" target=\"_self\" rel=\"noopener\">Zobacz produkt<\/a><\/div><\/article><article class=\"mc-post\" role=\"listitem\"><div class=\"mc-post__title\"><a href=\"https:\/\/www.denatuurlijkekappershop.nl\/zenz-organic-anti-hair-loss-scalp-tonic-pure-no-23-200ml\/?utm_source=Google%20Shopping&#038;utm_campaign=Google%20Shopping%20New&#038;utm_medium=cpc&#038;utm_term=adtribes\" target=\"_self\" rel=\"noopener\">ZENZ Organic - tonik do sk\u00f3ry g\u0142owy czysty nr 23 do przerzedzaj\u0105cych si\u0119 w\u0142os\u00f3w 200ml<\/a><\/div><div class=\"mc-post__middle\"><a class=\"mc-post__thumb\" href=\"https:\/\/www.denatuurlijkekappershop.nl\/zenz-organic-anti-hair-loss-scalp-tonic-pure-no-23-200ml\/?utm_source=Google%20Shopping&#038;utm_campaign=Google%20Shopping%20New&#038;utm_medium=cpc&#038;utm_term=adtribes\" target=\"_self\" rel=\"noopener\"><img class=\"lazyload\" src=\"data:image\/gif;base64,R0lGODlhAQABAAAAACH5BAEKAAEALAAAAAABAAEAAAICTAEAOw==\" data-orig-src=\"https:\/\/www.denatuurlijkekappershop.nl\/wp-content\/uploads\/2025\/11\/ZENZ-Organic-anti-hair-loss-scalp-tonic-pure-no.-23-200ml.png\" alt=\"ZENZ Organic - tonik do sk\u00f3ry g\u0142owy czysty nr 23 do przerzedzaj\u0105cych si\u0119 w\u0142os\u00f3w 200ml\" loading=\"lazy\" decoding=\"async\" \/><\/a><div class=\"mc-post__price\"><span class=\"woocommerce-Price-amount\">80.50 \u20ac<\/span><\/div><\/div><div class=\"mc-post__cta\"><a class=\"mc-btn\" href=\"https:\/\/www.denatuurlijkekappershop.nl\/zenz-organic-anti-hair-loss-scalp-tonic-pure-no-23-200ml\/?utm_source=Google%20Shopping&#038;utm_campaign=Google%20Shopping%20New&#038;utm_medium=cpc&#038;utm_term=adtribes\" target=\"_self\" rel=\"noopener\">Zobacz produkt<\/a><\/div><\/article><article class=\"mc-post\" role=\"listitem\"><div class=\"mc-post__title\"><a href=\"https:\/\/www.denatuurlijkekappershop.nl\/zenz-organic-stimulating-hair-shampoo-pure-no-22\/?utm_source=Google%20Shopping&#038;utm_campaign=Google%20Shopping%20New&#038;utm_medium=cpc&#038;utm_term=adtribes\" target=\"_self\" rel=\"noopener\">ZENZ Organic \u2013 stymuluj\u0105cy szampon do w\u0142os\u00f3w pure nr 22 250 ml<\/a><\/div><div class=\"mc-post__middle\"><a class=\"mc-post__thumb\" href=\"https:\/\/www.denatuurlijkekappershop.nl\/zenz-organic-stimulating-hair-shampoo-pure-no-22\/?utm_source=Google%20Shopping&#038;utm_campaign=Google%20Shopping%20New&#038;utm_medium=cpc&#038;utm_term=adtribes\" target=\"_self\" rel=\"noopener\"><img class=\"lazyload\" src=\"data:image\/gif;base64,R0lGODlhAQABAAAAACH5BAEKAAEALAAAAAABAAEAAAICTAEAOw==\" data-orig-src=\"https:\/\/www.denatuurlijkekappershop.nl\/wp-content\/uploads\/2025\/11\/ZENZ-Organic-\u2013-stimulating-hair-shampoo-pure-no.-22-250ml.png\" alt=\"ZENZ Organic \u2013 stymuluj\u0105cy szampon do w\u0142os\u00f3w pure nr 22 250 ml\" loading=\"lazy\" decoding=\"async\" \/><\/a><div class=\"mc-post__price\"><span class=\"woocommerce-Price-amount\">34.80 \u20ac<\/span><\/div><\/div><div class=\"mc-post__cta\"><a class=\"mc-btn\" href=\"https:\/\/www.denatuurlijkekappershop.nl\/zenz-organic-stimulating-hair-shampoo-pure-no-22\/?utm_source=Google%20Shopping&#038;utm_campaign=Google%20Shopping%20New&#038;utm_medium=cpc&#038;utm_term=adtribes\" target=\"_self\" rel=\"noopener\">Zobacz produkt<\/a><\/div><\/article><article class=\"mc-post\" role=\"listitem\"><div class=\"mc-post__title\"><a href=\"https:\/\/www.denatuurlijkekappershop.nl\/odylique-ylang-ylang-orange-hand-bodywash\/?attribute_maak-een-keuze=200ml.&#038;utm_source=Google%20Shopping&#038;utm_campaign=Google%20Shopping%20New&#038;utm_medium=cpc&#038;utm_term=adtribes\" target=\"_self\" rel=\"noopener\">Odylique Ylang Ylang &amp; Orange Hand &amp; Bodywash 200 ml.<\/a><\/div><div class=\"mc-post__middle\"><a class=\"mc-post__thumb\" href=\"https:\/\/www.denatuurlijkekappershop.nl\/odylique-ylang-ylang-orange-hand-bodywash\/?attribute_maak-een-keuze=200ml.&#038;utm_source=Google%20Shopping&#038;utm_campaign=Google%20Shopping%20New&#038;utm_medium=cpc&#038;utm_term=adtribes\" target=\"_self\" rel=\"noopener\"><img class=\"lazyload\" src=\"data:image\/gif;base64,R0lGODlhAQABAAAAACH5BAEKAAEALAAAAAABAAEAAAICTAEAOw==\" data-orig-src=\"https:\/\/www.denatuurlijkekappershop.nl\/wp-content\/uploads\/2025\/11\/Odylique-Ylang-Ylang-Orange-Hand-Bodywash.png\" alt=\"Odylique Ylang Ylang &amp; Orange Hand &amp; Bodywash 200 ml.\" loading=\"lazy\" decoding=\"async\" \/><\/a><div class=\"mc-post__price\"><span class=\"woocommerce-Price-amount\">18.00 \u20ac<\/span><\/div><\/div><div class=\"mc-post__cta\"><a class=\"mc-btn\" href=\"https:\/\/www.denatuurlijkekappershop.nl\/odylique-ylang-ylang-orange-hand-bodywash\/?attribute_maak-een-keuze=200ml.&#038;utm_source=Google%20Shopping&#038;utm_campaign=Google%20Shopping%20New&#038;utm_medium=cpc&#038;utm_term=adtribes\" target=\"_self\" rel=\"noopener\">Zobacz produkt<\/a><\/div><\/article><\/div><div class=\"mc-extern-foot\"><div><\/div><div><a class=\"mc-btn--red\" href=\"https:\/\/www.denatuurlijkekappershop.nl\/?s=geirriteerde%20hoofdhuid&#038;post_type=product&#038;dgwt_wcas=1\" target=\"_blank\" rel=\"noopener\">Zobacz wszystkie produkty<\/a><\/div><\/div><\/section>\n<\/p>\n<p>\nNajlepiej wybiera\u0107 delikatne szampony i wszelkie \u015brodki do piel\u0119gnacji sk\u00f3ry g\u0142owy, kt\u00f3re s\u0105 tak \u0142agodne, jak to tylko mo\u017cliwe i odpowiednie dla wra\u017cliwej lub \u0142uszcz\u0105cej si\u0119 sk\u00f3ry g\u0142owy.\n<\/p>\n<h2>Oto jak dba\u0107 o sk\u00f3r\u0119 g\u0142owy na co dzie\u0144<\/h2>\n<ul>\n<li>Umyj w\u0142osy letni\u0105 wod\u0105 i \u0142agodnym szamponem.<\/li>\n<li>Na\u0142\u00f3\u017c od\u017cywk\u0119 tylko na d\u0142ugo\u015bci i ko\u0144ce w\u0142os\u00f3w.<\/li>\n<li>Pozostawiaj produkty do stylizacji na sk\u00f3rze g\u0142owy tak rzadko, jak to mo\u017cliwe.<\/li>\n<li>Delikatnie osusz w\u0142osy, zamiast mocno pociera\u0107.<\/li>\n<li>Zwr\u00f3\u0107 uwag\u0119 na czynniki, takie jak stres lub zmiany temperatury, kt\u00f3re mog\u0105 mie\u0107 na ni\u0105 wp\u0142yw.<\/li>\n<\/ul>\n<h2>Kiedy warto skonsultowa\u0107 si\u0119 z lekarzem?<\/h2>\n<p>\nSkontaktuj si\u0119 z lekarzem lub dermatologiem, je\u015bli:\n<\/p>\n<ul>\n<li>intensywne zaczerwienienie, b\u00f3l lub stan zapalny<\/li>\n<li>bardzo sw\u0119dzi pomimo \u0142agodnej piel\u0119gnacji<\/li>\n<li>brak pewno\u015bci, czy jest to \u0142upie\u017c, egzema czy \u0142uszczyca<\/li>\n<li>zauwa\u017cy\u0107, \u017ce dolegliwo\u015bci silnie wp\u0142ywaj\u0105 na codzienne \u017cycie<\/li>\n<\/ul>\n<p>\nPrzeczytaj r\u00f3wnie\u017c:<br \/>\n<a href=\"\/pl\/roza\/\">R\u00f3\u017ca<\/a><br \/>\n<a href=\"\/pl\/platki\/\">P\u0142atki<\/a><br \/>\n<a href=\"\/pl\/wyprysk-na-skorze-glowy\/\">Wyprysk na sk\u00f3rze g\u0142owy<\/a><br \/>\n<a href=\"\/pl\/luszczyca-na-skorze-glowy\/\">\u0141uszczyca sk\u00f3ry g\u0142owy<\/a><br \/>\n<a href=\"\/pl\/wrazliwa-skora-glowy\/\">Wra\u017cliwa sk\u00f3ra g\u0142owy<\/a>\n<\/p>\n<h2>Wniosek: \u0142ojotokowe zapalenie sk\u00f3ry wymaga spokojnej i delikatnej piel\u0119gnacji.<\/h2>\n<p>\n\u0141ojotokowe zapalenie sk\u00f3ry g\u0142owy mo\u017ce by\u0107 uporczywe, ale \u0142agodna i konsekwentna rutyna mo\u017ce pom\u00f3c w utrzymaniu komfortu. Unikanie czynnik\u00f3w dra\u017cni\u0105cych i \u0142agodna piel\u0119gnacja sk\u00f3ry g\u0142owy zwi\u0119ksza prawdopodobie\u0144stwo, \u017ce poczuje si\u0119 ona spokojniejsza.\n<\/p>\n<blockquote><p>\nCierpisz z powodu \u0142uszczenia si\u0119, sw\u0119dzenia i zaczerwienienia sk\u00f3ry g\u0142owy? Wybierz \u0142agodn\u0105 piel\u0119gnacj\u0119 odpowiedni\u0105 dla wra\u017cliwej lub \u0142uszcz\u0105cej si\u0119 sk\u00f3ry g\u0142owy.\n<\/p><\/blockquote>","protected":false},"excerpt":{"rendered":"<p>Seborro\u00efsche dermatitis Heb je last van hardnekkige schilfers, roodheid en  [&#8230;]<\/p>\n","protected":false},"author":1,"featured_media":0,"parent":0,"menu_order":0,"comment_status":"closed","ping_status":"closed","template":"","meta":{"_acf_changed":false,"_joinchat":[],"footnotes":""},"class_list":["post-2024","page","type-page","status-publish","hentry"],"acf":[],"_links":{"self":[{"href":"https:\/\/www.probleemharen.nl\/pl\/wp-json\/wp\/v2\/pages\/2024","targetHints":{"allow":["GET"]}}],"collection":[{"href":"https:\/\/www.probleemharen.nl\/pl\/wp-json\/wp\/v2\/pages"}],"about":[{"href":"https:\/\/www.probleemharen.nl\/pl\/wp-json\/wp\/v2\/types\/page"}],"author":[{"embeddable":true,"href":"https:\/\/www.probleemharen.nl\/pl\/wp-json\/wp\/v2\/users\/1"}],"replies":[{"embeddable":true,"href":"https:\/\/www.probleemharen.nl\/pl\/wp-json\/wp\/v2\/comments?post=2024"}],"version-history":[{"count":8,"href":"https:\/\/www.probleemharen.nl\/pl\/wp-json\/wp\/v2\/pages\/2024\/revisions"}],"predecessor-version":[{"id":2358,"href":"https:\/\/www.probleemharen.nl\/pl\/wp-json\/wp\/v2\/pages\/2024\/revisions\/2358"}],"wp:attachment":[{"href":"https:\/\/www.probleemharen.nl\/pl\/wp-json\/wp\/v2\/media?parent=2024"}],"curies":[{"name":"wp","href":"https:\/\/api.w.org\/{rel}","templated":true}]}}