{"id":2020,"date":"2025-11-25T09:58:33","date_gmt":"2025-11-25T09:58:33","guid":{"rendered":"https:\/\/www.probleemharen.nl\/?page_id=2020"},"modified":"2026-03-10T12:41:55","modified_gmt":"2026-03-10T12:41:55","slug":"wrazliwa-skora-glowy","status":"publish","type":"page","link":"https:\/\/www.probleemharen.nl\/pl\/gevoelige-hoofdhuid\/","title":{"rendered":"Wra\u017cliwa sk\u00f3ra g\u0142owy"},"content":{"rendered":"<h1>Wra\u017cliwa sk\u00f3ra g\u0142owy<\/h1>\n<p>Czy Twoja sk\u00f3ra g\u0142owy cz\u0119sto jest napi\u0119ta, piecze lub \u0142atwo ulega podra\u017cnieniom, nawet pod wp\u0142ywem \u0142agodnych produkt\u00f3w lub zmian temperatury? Prawdopodobnie masz do czynienia z wra\u017cliw\u0105 sk\u00f3r\u0105 g\u0142owy. Mo\u017ce to by\u0107 bardzo irytuj\u0105ce i m\u0119cz\u0105ce, ale przy odpowiednim podej\u015bciu cz\u0119sto mo\u017cna pom\u00f3c sk\u00f3rze g\u0142owy poczu\u0107 si\u0119 spokojniej i bardziej komfortowo.<\/p>\n<h2>Jak rozpozna\u0107 wra\u017cliw\u0105 sk\u00f3r\u0119 g\u0142owy?<\/h2>\n<p>Wra\u017cliwa sk\u00f3ra g\u0142owy nie zawsze wygl\u0105da na bardzo zaczerwienion\u0105 lub uszkodzon\u0105, ale zwykle mo\u017cna j\u0105 bardzo wyra\u017anie wyczu\u0107. Czy rozpoznajesz jeden lub wi\u0119cej z tych objaw\u00f3w?<\/p>\n<ul>\n<li>uczucie pieczenia lub k\u0142ucia po umyciu lub wysuszeniu w\u0142os\u00f3w<\/li>\n<li>sk\u00f3ra g\u0142owy, kt\u00f3ra szybko staje si\u0119 czerwona po dotkni\u0119ciu<\/li>\n<li>uczucie napi\u0119cia lub \u015bci\u0105gni\u0119cia, nawet gdy w\u0142osy s\u0105 czyste<\/li>\n<li>wra\u017cliwo\u015b\u0107 podczas noszenia kucyka, spinek lub akcesori\u00f3w<\/li>\n<li>lekkie \u0142uszczenie lub sw\u0119dzenie bez wyra\u017anego \u0142upie\u017cu<\/li>\n<\/ul>\n<p>Cz\u0119sto wra\u017cliwa sk\u00f3ra g\u0142owy reaguje silniej na rzeczy, kt\u00f3re nie przeszkadzaj\u0105 innym, takie jak zapachy, zmiany temperatury lub produkty do stylizacji.<\/p>\n<h2>Co powoduje wra\u017cliwo\u015b\u0107 sk\u00f3ry g\u0142owy?<\/h2>\n<p>Wra\u017cliwa sk\u00f3ra g\u0142owy jest zwykle zwi\u0105zana z os\u0142abion\u0105 lub podra\u017cnion\u0105 barier\u0105 sk\u00f3rn\u0105. Mo\u017cliwe przyczyny obejmuj\u0105:<\/p>\n<ul>\n<li>szampony z agresywnymi \u015brodkami myj\u0105cymi lub du\u017c\u0105 ilo\u015bci\u0105 perfum<\/li>\n<li>u\u017cywanie wielu r\u00f3\u017cnych produkt\u00f3w zamiennie<\/li>\n<li>zbyt gor\u0105ce lub zbyt cz\u0119ste pranie<\/li>\n<li>ciep\u0142o z suszarki do w\u0142os\u00f3w lub narz\u0119dzi do stylizacji w pobli\u017cu sk\u00f3ry g\u0142owy<\/li>\n<li>problemy sk\u00f3rne, takie jak egzema lub \u0142ojotokowe zapalenie sk\u00f3ry<\/li>\n<li>stres, hormony lub leki<\/li>\n<li>zimny wiatr lub suche, ciep\u0142e powietrze wewn\u0105trz<\/li>\n<\/ul>\n<h2>Czego lepiej unika\u0107 w przypadku wra\u017cliwej sk\u00f3ry g\u0142owy?<\/h2>\n<p>Aby zapewni\u0107 sk\u00f3rze g\u0142owy spok\u00f3j ducha, warto unika\u0107 kilku rzeczy:<\/p>\n<ul>\n<li>szampony z silnymi siarczanami i wieloma syntetycznymi substancjami zapachowymi<\/li>\n<li>suchy szampon bezpo\u015brednio na sk\u00f3r\u0119 g\u0142owy<\/li>\n<li>twarde szczotki lub cz\u0119ste drapanie<\/li>\n<li>bardzo gor\u0105ca woda pod prysznicem<\/li>\n<li>spraye do w\u0142os\u00f3w i produkty do stylizacji, kt\u00f3re trafiaj\u0105 na sk\u00f3r\u0119 g\u0142owy<\/li>\n<\/ul>\n<h2>Naturalne produkty dla wra\u017cliwej sk\u00f3ry g\u0142owy<\/h2>\n<p>Delikatne produkty mog\u0105 pom\u00f3c w piel\u0119gnacji sk\u00f3ry g\u0142owy, gdy jest ona wra\u017cliwa lub wra\u017cliwa. Rozwa\u017c szampony i kuracje przeznaczone specjalnie do wra\u017cliwej lub sw\u0119dz\u0105cej sk\u00f3ry g\u0142owy.<\/p>\n<p><em>Poni\u017csze produkty to kosmetyki piel\u0119gnacyjne, kt\u00f3re mog\u0105 by\u0107 odpowiednie dla wra\u017cliwej lub reaktywnej sk\u00f3ry g\u0142owy. Nie s\u0105 one przeznaczone do leczenia schorze\u0144. Je\u015bli objawy utrzymuj\u0105 si\u0119, zawsze nale\u017cy skonsultowa\u0107 si\u0119 z lekarzem lub dermatologiem.<\/em><\/p>\n<p id=\"productblok\"><style id=\"mc-extern-products-tf-css\">\n.mc-extern-wrap{\n    position:relative;\n    margin:10px 0 18px;\n    background:#E5DAD6;\n    border-radius:12px;\n    padding:16px;\n}\n.mc-extern-head,\n.mc-extern-foot{\n    display:flex;\n    align-items:center;\n    justify-content:space-between;\n    gap:12px;\n}\n.mc-extern-head{margin-bottom:8px;}\n.mc-extern-foot{margin-top:10px;}\n.mc-extern-heading{\n    color:#2C3729;\n    font-size:14px;\n    font-weight:600;\n    letter-spacing:.2px;\n}\n\n\/* Titels en knoppen in Poppins Semi Bold *\/\n.mc-post__title a,\n.mc-btn,\n.mc-extern-foot .mc-btn--red{\n    font-family:\"Poppins\",\"Helvetica Neue\",Arial,sans-serif;\n    font-weight:600;\n}\n\n\/* Footer-knop (accentkleur) *\/\n.mc-extern-foot .mc-btn--red{\n    display:inline-block;\n    padding:12px 16px;\n    background:#CBB57B;\n    color:#2C3729;\n    text-decoration:none;\n    border:none;\n    border-radius:4px;\n    box-shadow:none;\n}\n.mc-extern-foot .mc-btn--red:hover,\n.mc-extern-foot .mc-btn--red:focus{\n    text-decoration:none;\n    opacity:.95;\n    outline:none;\n}\n\n.mc-extern-products__notice{\n    padding:10px 12px;\n    background:#fff3cd;\n    border:1px solid #ffe69c;\n    border-radius:8px;\n}\n\n\/* Grid en cards *\/\n.mc-extern-products{\n    display:grid;\n    grid-template-columns:repeat(var(--mc-cols),minmax(0,1fr));\n    gap:16px;\n    align-items:stretch;\n}\n.mc-post{\n    background:#FFFFFF;\n    border:1px solid #C3C9C0;\n    border-radius:12px;\n    overflow:hidden;\n    display:flex;\n    flex-direction:column;\n    box-shadow:0 1px 3px rgba(0,0,0,.04);\n}\n\n\/* Titel *\/\n.mc-post__title{\n    display:block;\n    padding:12px 14px 0;\n}\n.mc-post__title a{\n    color:#2C3729;\n    text-decoration:none;\n    font-size:16px;\n    line-height:1.35;\n    display:-webkit-box;\n    -webkit-line-clamp:3;\n    -webkit-box-orient:vertical;\n    overflow:hidden;\n    min-height:65px;\n}\n.mc-post__title a:hover{\n    text-decoration:underline;\n}\n\n\/* Middenstuk *\/\n.mc-post__middle{\n    display:grid;\n    grid-template-columns:2fr 1fr;\n    gap:12px;\n    align-items:center;\n    padding:12px 14px;\n}\n.mc-post__thumb{\n    width:100%;\n    aspect-ratio:1\/1;\n    background:#F5F5F5;\n    border-radius:10px;\n    overflow:hidden;\n    border:1px solid #C3C9C0;\n}\n.mc-post__thumb img{\n    width:100%;\n    height:100%;\n    object-fit:contain;\n    display:block;\n}\n.mc-post__price{\n    justify-self:end;\n    font-size:15px;\n    font-weight:600;\n    color:#2C3729;\n}\n\n\/* Knop onderaan card *\/\n.mc-post__cta{\n    padding:0 14px 14px;\n}\n.mc-btn{\n    display:block;\n    width:100%;\n    text-align:center;\n    padding:12px 16px;\n    background:#2C3729;\n    color:#FFFFFF;\n    text-decoration:none;\n    border:none;\n    border-radius:4px;\n    box-shadow:none;\n}\n.mc-btn:hover,\n.mc-btn:focus{\n    text-decoration:none;\n    opacity:.95;\n    outline:none;\n}\n\n\/* Responsive *\/\n@media (max-width:480px){\n    .mc-extern-products{\n        grid-template-columns:repeat(2,minmax(0,1fr));\n        gap:12px;\n    }\n}\n@media (max-width:360px){\n    .mc-extern-products{\n        grid-template-columns:repeat(1,minmax(0,1fr));\n    }\n}\n@media (min-width:768px){\n    .mc-extern-products{\n        grid-template-columns:repeat(min(var(--mc-cols),3),minmax(0,1fr));\n    }\n}\n@media (min-width:1024px){\n    .mc-extern-products{\n        grid-template-columns:repeat(var(--mc-cols),minmax(0,1fr));\n    }\n}\n<\/style><section class=\"mc-extern-wrap\"><div class=\"mc-extern-head\"><div class=\"mc-extern-heading\">Niekt\u00f3re produkty sklepu De Natuurlijke Kapper Shop<\/div><div><\/div><\/div><div class=\"mc-extern-products\" style=\"--mc-cols:4;\"><article class=\"mc-post\" role=\"listitem\"><div class=\"mc-post__title\"><a href=\"https:\/\/www.denatuurlijkekappershop.nl\/zenz-organic-oil-treatment-no-97-100-ml\/?utm_source=Google%20Shopping&#038;utm_campaign=Google%20Shopping%20New&#038;utm_medium=cpc&#038;utm_term=adtribes\" target=\"_self\" rel=\"noopener\">ZENZ Organic - kuracja olejowa nr 97 (100 ml)<\/a><\/div><div class=\"mc-post__middle\"><a class=\"mc-post__thumb\" href=\"https:\/\/www.denatuurlijkekappershop.nl\/zenz-organic-oil-treatment-no-97-100-ml\/?utm_source=Google%20Shopping&#038;utm_campaign=Google%20Shopping%20New&#038;utm_medium=cpc&#038;utm_term=adtribes\" target=\"_self\" rel=\"noopener\"><img class=\"lazyload\" src=\"data:image\/gif;base64,R0lGODlhAQABAAAAACH5BAEKAAEALAAAAAABAAEAAAICTAEAOw==\" data-orig-src=\"https:\/\/www.denatuurlijkekappershop.nl\/wp-content\/uploads\/2026\/03\/Zenz-Oil-Treatment-Pure-No.-97.png\" alt=\"ZENZ Organic - kuracja olejowa nr 97 (100 ml)\" loading=\"lazy\" decoding=\"async\" \/><\/a><div class=\"mc-post__price\"><span class=\"woocommerce-Price-amount\">53.50 \u20ac<\/span><\/div><\/div><div class=\"mc-post__cta\"><a class=\"mc-btn\" href=\"https:\/\/www.denatuurlijkekappershop.nl\/zenz-organic-oil-treatment-no-97-100-ml\/?utm_source=Google%20Shopping&#038;utm_campaign=Google%20Shopping%20New&#038;utm_medium=cpc&#038;utm_term=adtribes\" target=\"_self\" rel=\"noopener\">Zobacz produkt<\/a><\/div><\/article><article class=\"mc-post\" role=\"listitem\"><div class=\"mc-post__title\"><a href=\"https:\/\/www.denatuurlijkekappershop.nl\/zenz-organic-oil-treatment-deep-wood-no-99-100-ml\/?utm_source=Google%20Shopping&#038;utm_campaign=Google%20Shopping%20New&#038;utm_medium=cpc&#038;utm_term=adtribes\" target=\"_self\" rel=\"noopener\">ZENZ Organic \u2013 olejek do drewna nr 99 (100 ml)<\/a><\/div><div class=\"mc-post__middle\"><a class=\"mc-post__thumb\" href=\"https:\/\/www.denatuurlijkekappershop.nl\/zenz-organic-oil-treatment-deep-wood-no-99-100-ml\/?utm_source=Google%20Shopping&#038;utm_campaign=Google%20Shopping%20New&#038;utm_medium=cpc&#038;utm_term=adtribes\" target=\"_self\" rel=\"noopener\"><img class=\"lazyload\" src=\"data:image\/gif;base64,R0lGODlhAQABAAAAACH5BAEKAAEALAAAAAABAAEAAAICTAEAOw==\" data-orig-src=\"https:\/\/www.denatuurlijkekappershop.nl\/wp-content\/uploads\/2025\/12\/ZENZ-Organic-\u2013-oil-treatment-deep-wood-no.-99-100-ml.png\" alt=\"ZENZ Organic \u2013 olejek do drewna nr 99 (100 ml)\" loading=\"lazy\" decoding=\"async\" \/><\/a><div class=\"mc-post__price\"><span class=\"woocommerce-Price-amount\">53.50 \u20ac<\/span><\/div><\/div><div class=\"mc-post__cta\"><a class=\"mc-btn\" href=\"https:\/\/www.denatuurlijkekappershop.nl\/zenz-organic-oil-treatment-deep-wood-no-99-100-ml\/?utm_source=Google%20Shopping&#038;utm_campaign=Google%20Shopping%20New&#038;utm_medium=cpc&#038;utm_term=adtribes\" target=\"_self\" rel=\"noopener\">Zobacz produkt<\/a><\/div><\/article><article class=\"mc-post\" role=\"listitem\"><div class=\"mc-post__title\"><a href=\"https:\/\/www.denatuurlijkekappershop.nl\/zenz-organic-anti-hair-loss-scalp-tonic-pure-no-23-200ml\/?utm_source=Google%20Shopping&#038;utm_campaign=Google%20Shopping%20New&#038;utm_medium=cpc&#038;utm_term=adtribes\" target=\"_self\" rel=\"noopener\">ZENZ Organic - tonik do sk\u00f3ry g\u0142owy czysty nr 23 do przerzedzaj\u0105cych si\u0119 w\u0142os\u00f3w 200ml<\/a><\/div><div class=\"mc-post__middle\"><a class=\"mc-post__thumb\" href=\"https:\/\/www.denatuurlijkekappershop.nl\/zenz-organic-anti-hair-loss-scalp-tonic-pure-no-23-200ml\/?utm_source=Google%20Shopping&#038;utm_campaign=Google%20Shopping%20New&#038;utm_medium=cpc&#038;utm_term=adtribes\" target=\"_self\" rel=\"noopener\"><img class=\"lazyload\" src=\"data:image\/gif;base64,R0lGODlhAQABAAAAACH5BAEKAAEALAAAAAABAAEAAAICTAEAOw==\" data-orig-src=\"https:\/\/www.denatuurlijkekappershop.nl\/wp-content\/uploads\/2025\/11\/ZENZ-Organic-anti-hair-loss-scalp-tonic-pure-no.-23-200ml.png\" alt=\"ZENZ Organic - tonik do sk\u00f3ry g\u0142owy czysty nr 23 do przerzedzaj\u0105cych si\u0119 w\u0142os\u00f3w 200ml\" loading=\"lazy\" decoding=\"async\" \/><\/a><div class=\"mc-post__price\"><span class=\"woocommerce-Price-amount\">80.50 \u20ac<\/span><\/div><\/div><div class=\"mc-post__cta\"><a class=\"mc-btn\" href=\"https:\/\/www.denatuurlijkekappershop.nl\/zenz-organic-anti-hair-loss-scalp-tonic-pure-no-23-200ml\/?utm_source=Google%20Shopping&#038;utm_campaign=Google%20Shopping%20New&#038;utm_medium=cpc&#038;utm_term=adtribes\" target=\"_self\" rel=\"noopener\">Zobacz produkt<\/a><\/div><\/article><article class=\"mc-post\" role=\"listitem\"><div class=\"mc-post__title\"><a href=\"https:\/\/www.denatuurlijkekappershop.nl\/zenz-organic-stimulating-hair-shampoo-pure-no-22\/?utm_source=Google%20Shopping&#038;utm_campaign=Google%20Shopping%20New&#038;utm_medium=cpc&#038;utm_term=adtribes\" target=\"_self\" rel=\"noopener\">ZENZ Organic \u2013 stymuluj\u0105cy szampon do w\u0142os\u00f3w pure nr 22 250 ml<\/a><\/div><div class=\"mc-post__middle\"><a class=\"mc-post__thumb\" href=\"https:\/\/www.denatuurlijkekappershop.nl\/zenz-organic-stimulating-hair-shampoo-pure-no-22\/?utm_source=Google%20Shopping&#038;utm_campaign=Google%20Shopping%20New&#038;utm_medium=cpc&#038;utm_term=adtribes\" target=\"_self\" rel=\"noopener\"><img class=\"lazyload\" src=\"data:image\/gif;base64,R0lGODlhAQABAAAAACH5BAEKAAEALAAAAAABAAEAAAICTAEAOw==\" data-orig-src=\"https:\/\/www.denatuurlijkekappershop.nl\/wp-content\/uploads\/2025\/11\/ZENZ-Organic-\u2013-stimulating-hair-shampoo-pure-no.-22-250ml.png\" alt=\"ZENZ Organic \u2013 stymuluj\u0105cy szampon do w\u0142os\u00f3w pure nr 22 250 ml\" loading=\"lazy\" decoding=\"async\" \/><\/a><div class=\"mc-post__price\"><span class=\"woocommerce-Price-amount\">34.80 \u20ac<\/span><\/div><\/div><div class=\"mc-post__cta\"><a class=\"mc-btn\" href=\"https:\/\/www.denatuurlijkekappershop.nl\/zenz-organic-stimulating-hair-shampoo-pure-no-22\/?utm_source=Google%20Shopping&#038;utm_campaign=Google%20Shopping%20New&#038;utm_medium=cpc&#038;utm_term=adtribes\" target=\"_self\" rel=\"noopener\">Zobacz produkt<\/a><\/div><\/article><article class=\"mc-post\" role=\"listitem\"><div class=\"mc-post__title\"><a href=\"https:\/\/www.denatuurlijkekappershop.nl\/odylique-ylang-ylang-orange-hand-bodywash\/?attribute_maak-een-keuze=200ml.&#038;utm_source=Google%20Shopping&#038;utm_campaign=Google%20Shopping%20New&#038;utm_medium=cpc&#038;utm_term=adtribes\" target=\"_self\" rel=\"noopener\">Odylique Ylang Ylang &amp; Orange Hand &amp; Bodywash 200 ml.<\/a><\/div><div class=\"mc-post__middle\"><a class=\"mc-post__thumb\" href=\"https:\/\/www.denatuurlijkekappershop.nl\/odylique-ylang-ylang-orange-hand-bodywash\/?attribute_maak-een-keuze=200ml.&#038;utm_source=Google%20Shopping&#038;utm_campaign=Google%20Shopping%20New&#038;utm_medium=cpc&#038;utm_term=adtribes\" target=\"_self\" rel=\"noopener\"><img class=\"lazyload\" src=\"data:image\/gif;base64,R0lGODlhAQABAAAAACH5BAEKAAEALAAAAAABAAEAAAICTAEAOw==\" data-orig-src=\"https:\/\/www.denatuurlijkekappershop.nl\/wp-content\/uploads\/2025\/11\/Odylique-Ylang-Ylang-Orange-Hand-Bodywash.png\" alt=\"Odylique Ylang Ylang &amp; Orange Hand &amp; Bodywash 200 ml.\" loading=\"lazy\" decoding=\"async\" \/><\/a><div class=\"mc-post__price\"><span class=\"woocommerce-Price-amount\">18.00 \u20ac<\/span><\/div><\/div><div class=\"mc-post__cta\"><a class=\"mc-btn\" href=\"https:\/\/www.denatuurlijkekappershop.nl\/odylique-ylang-ylang-orange-hand-bodywash\/?attribute_maak-een-keuze=200ml.&#038;utm_source=Google%20Shopping&#038;utm_campaign=Google%20Shopping%20New&#038;utm_medium=cpc&#038;utm_term=adtribes\" target=\"_self\" rel=\"noopener\">Zobacz produkt<\/a><\/div><\/article><article class=\"mc-post\" role=\"listitem\"><div class=\"mc-post__title\"><a href=\"https:\/\/www.denatuurlijkekappershop.nl\/greenleaf-uitgroeikit-thuiskleurkit\/?attribute_kleur=Walnoot&#038;utm_source=Google%20Shopping&#038;utm_campaign=Google%20Shopping%20New&#038;utm_medium=cpc&#038;utm_term=adtribes\" target=\"_self\" rel=\"noopener\">Zestaw do domowej koloryzacji Greenleaf (do wyboru 11 odcieni) Orzech w\u0142oski<\/a><\/div><div class=\"mc-post__middle\"><a class=\"mc-post__thumb\" href=\"https:\/\/www.denatuurlijkekappershop.nl\/greenleaf-uitgroeikit-thuiskleurkit\/?attribute_kleur=Walnoot&#038;utm_source=Google%20Shopping&#038;utm_campaign=Google%20Shopping%20New&#038;utm_medium=cpc&#038;utm_term=adtribes\" target=\"_self\" rel=\"noopener\"><img class=\"lazyload\" src=\"data:image\/gif;base64,R0lGODlhAQABAAAAACH5BAEKAAEALAAAAAABAAEAAAICTAEAOw==\" data-orig-src=\"https:\/\/www.denatuurlijkekappershop.nl\/wp-content\/uploads\/2025\/08\/greenleaf-walnoot-3760032290530.webp\" alt=\"Zestaw do domowej koloryzacji Greenleaf (do wyboru 11 odcieni) Orzech w\u0142oski\" loading=\"lazy\" decoding=\"async\" \/><\/a><div class=\"mc-post__price\"><span class=\"woocommerce-Price-amount\">19.95 \u20ac<\/span><\/div><\/div><div class=\"mc-post__cta\"><a class=\"mc-btn\" href=\"https:\/\/www.denatuurlijkekappershop.nl\/greenleaf-uitgroeikit-thuiskleurkit\/?attribute_kleur=Walnoot&#038;utm_source=Google%20Shopping&#038;utm_campaign=Google%20Shopping%20New&#038;utm_medium=cpc&#038;utm_term=adtribes\" target=\"_self\" rel=\"noopener\">Zobacz produkt<\/a><\/div><\/article><article class=\"mc-post\" role=\"listitem\"><div class=\"mc-post__title\"><a href=\"https:\/\/www.denatuurlijkekappershop.nl\/rc-dermo-sensitive-serum-100ml\/?attribute_maak-een-keuze=Dermo-Sensitive+Serum+100ml&#038;utm_source=Google%20Shopping&#038;utm_campaign=Google%20Shopping%20New&#038;utm_medium=cpc&#038;utm_term=adtribes\" target=\"_self\" rel=\"noopener\">R&amp;C serum dla sk\u00f3ry wra\u017cliwej 100 ml Serum dla sk\u00f3ry wra\u017cliwej 100 ml<\/a><\/div><div class=\"mc-post__middle\"><a class=\"mc-post__thumb\" href=\"https:\/\/www.denatuurlijkekappershop.nl\/rc-dermo-sensitive-serum-100ml\/?attribute_maak-een-keuze=Dermo-Sensitive+Serum+100ml&#038;utm_source=Google%20Shopping&#038;utm_campaign=Google%20Shopping%20New&#038;utm_medium=cpc&#038;utm_term=adtribes\" target=\"_self\" rel=\"noopener\"><img class=\"lazyload\" src=\"data:image\/gif;base64,R0lGODlhAQABAAAAACH5BAEKAAEALAAAAAABAAEAAAICTAEAOw==\" data-orig-src=\"https:\/\/www.denatuurlijkekappershop.nl\/wp-content\/uploads\/2025\/04\/RC-dermo-sensitive-serum-100-ml.png\" alt=\"R&amp;C serum dla sk\u00f3ry wra\u017cliwej 100 ml Serum dla sk\u00f3ry wra\u017cliwej 100 ml\" loading=\"lazy\" decoding=\"async\" \/><\/a><div class=\"mc-post__price\"><span class=\"woocommerce-Price-amount\">50.00 \u20ac<\/span><\/div><\/div><div class=\"mc-post__cta\"><a class=\"mc-btn\" href=\"https:\/\/www.denatuurlijkekappershop.nl\/rc-dermo-sensitive-serum-100ml\/?attribute_maak-een-keuze=Dermo-Sensitive+Serum+100ml&#038;utm_source=Google%20Shopping&#038;utm_campaign=Google%20Shopping%20New&#038;utm_medium=cpc&#038;utm_term=adtribes\" target=\"_self\" rel=\"noopener\">Zobacz produkt<\/a><\/div><\/article><article class=\"mc-post\" role=\"listitem\"><div class=\"mc-post__title\"><a href=\"https:\/\/www.denatuurlijkekappershop.nl\/zechsal-magnesium-hair-body-wash\/?attribute_selecteer-inhoud=50ml.&#038;utm_source=Google%20Shopping&#038;utm_campaign=Google%20Shopping%20New&#038;utm_medium=cpc&#038;utm_term=adtribes\" target=\"_self\" rel=\"noopener\">Zechsal magnezowy p\u0142yn do mycia w\u0142os\u00f3w i cia\u0142a 50 ml.<\/a><\/div><div class=\"mc-post__middle\"><a class=\"mc-post__thumb\" href=\"https:\/\/www.denatuurlijkekappershop.nl\/zechsal-magnesium-hair-body-wash\/?attribute_selecteer-inhoud=50ml.&#038;utm_source=Google%20Shopping&#038;utm_campaign=Google%20Shopping%20New&#038;utm_medium=cpc&#038;utm_term=adtribes\" target=\"_self\" rel=\"noopener\"><img class=\"lazyload\" src=\"data:image\/gif;base64,R0lGODlhAQABAAAAACH5BAEKAAEALAAAAAABAAEAAAICTAEAOw==\" data-orig-src=\"https:\/\/www.denatuurlijkekappershop.nl\/wp-content\/uploads\/2025\/02\/Zechsal-magnesium-hair-body-wash-50ml-1.png\" alt=\"Zechsal magnezowy p\u0142yn do mycia w\u0142os\u00f3w i cia\u0142a 50 ml.\" loading=\"lazy\" decoding=\"async\" \/><\/a><div class=\"mc-post__price\"><span class=\"woocommerce-Price-amount\">3.95 \u20ac<\/span><\/div><\/div><div class=\"mc-post__cta\"><a class=\"mc-btn\" href=\"https:\/\/www.denatuurlijkekappershop.nl\/zechsal-magnesium-hair-body-wash\/?attribute_selecteer-inhoud=50ml.&#038;utm_source=Google%20Shopping&#038;utm_campaign=Google%20Shopping%20New&#038;utm_medium=cpc&#038;utm_term=adtribes\" target=\"_self\" rel=\"noopener\">Zobacz produkt<\/a><\/div><\/article><\/div><div class=\"mc-extern-foot\"><div><\/div><div><a class=\"mc-btn--red\" href=\"https:\/\/www.denatuurlijkekappershop.nl\/?s=gevoelige%20hoofdhuid&#038;post_type=product&#038;dgwt_wcas=1\" target=\"_blank\" rel=\"noopener\">Zobacz wszystkie produkty<\/a><\/div><\/div><\/section><\/p>\n<p>Powy\u017csze produkty zosta\u0142y wybrane pod k\u0105tem wra\u017cliwo\u015bci, podra\u017cnie\u0144 i \u0142agodnego sw\u0119dzenia. Delikatnie oczyszczaj\u0105, cz\u0119sto zawieraj\u0105 mniej substancji dra\u017cni\u0105cych i maj\u0105 na celu wspieranie naturalnej r\u00f3wnowagi sk\u00f3ry g\u0142owy.<\/p>\n<h2>Jak w praktyce dba\u0107 o wra\u017cliw\u0105 sk\u00f3r\u0119 g\u0142owy?<\/h2>\n<p>Opr\u00f3cz wyboru odpowiednich produkt\u00f3w, warto r\u00f3wnie\u017c nieco dostosowa\u0107 swoj\u0105 rutyn\u0119:<\/p>\n<ul>\n<li>Myj letni\u0105 wod\u0105 zamiast gor\u0105cej.<\/li>\n<li>U\u017cyj niewielkiej ilo\u015bci szamponu, delikatnie wmasuj i dobrze sp\u0142ucz.<\/li>\n<li>Na\u0142\u00f3\u017c od\u017cywk\u0119 tylko na d\u0142ugo\u015bci i ko\u0144ce w\u0142os\u00f3w.<\/li>\n<li>Susz w ni\u017cszej temperaturze i nie trzymaj suszarki bezpo\u015brednio na sk\u00f3rze g\u0142owy.<\/li>\n<li>Przez jaki\u015b czas utrzymuj prost\u0105 rutyn\u0119, bez nowych produkt\u00f3w co tydzie\u0144.<\/li>\n<\/ul>\n<h2>Kiedy nale\u017cy zachowa\u0107 szczeg\u00f3ln\u0105 ostro\u017cno\u015b\u0107?<\/h2>\n<p>Wra\u017cliw\u0105 sk\u00f3r\u0119 g\u0142owy mo\u017cna zwykle dobrze ukoi\u0107, ale nale\u017cy uwa\u017ca\u0107:<\/p>\n<ul>\n<li>utrzymuj\u0105ce si\u0119 lub silne zaczerwienienie i b\u00f3l<\/li>\n<li>rany, strupy lub krew z drapania<\/li>\n<li>nag\u0142a utrata w\u0142os\u00f3w po\u0142\u0105czona z nadwra\u017cliwo\u015bci\u0105<\/li>\n<li>brak poprawy po kilku tygodniach \u0142agodnej opieki<\/li>\n<\/ul>\n<p>W takich przypadkach dobrze jest poprosi\u0107 o pomoc lekarza, terapeut\u0119 sk\u00f3ry lub dermatologa.<\/p>\n<p>Przeczytaj r\u00f3wnie\u017c:<br \/>\n<a href=\"\/pl\/podrazniona-skora-glowy\/\">Podra\u017cniona sk\u00f3ra g\u0142owy<\/a><br \/>\n<a href=\"\/pl\/swedzenie-skory-glowy\/\">Sw\u0119dz\u0105ca sk\u00f3ra g\u0142owy<\/a><br \/>\n<a href=\"\/pl\/platki\/\">P\u0142atki<\/a><br \/>\n<a href=\"\/pl\/suche-wlosy\/\">Suche w\u0142osy<\/a><\/p>\n<h2>Wniosek: wra\u017cliwa sk\u00f3ra g\u0142owy wymaga odpoczynku i delikatnej piel\u0119gnacji.<\/h2>\n<p>Wra\u017cliwa sk\u00f3ra g\u0142owy mo\u017ce mie\u0107 du\u017cy wp\u0142yw na samopoczucie, ale dzi\u0119ki \u0142agodnym produktom i delikatnej rutynie cz\u0119sto mo\u017cliwa jest znaczna poprawa. Unikanie bod\u017ac\u00f3w w jak najwi\u0119kszym stopniu i delikatna piel\u0119gnacja sk\u00f3ry g\u0142owy sprawi\u0105, \u017ce sk\u00f3ra zn\u00f3w poczuje si\u0119 bardziej komfortowo.<\/p>\n<blockquote><p>Masz wra\u017cliw\u0105 sk\u00f3r\u0119 g\u0142owy, kt\u00f3ra szybko reaguje na szampon, stylizacj\u0119 lub temperatur\u0119? Wybierz \u0142agodn\u0105 piel\u0119gnacj\u0119, kt\u00f3ra b\u0119dzie odpowiednia dla wra\u017cliwej sk\u00f3ry g\u0142owy.<\/p><\/blockquote>","protected":false},"excerpt":{"rendered":"<p>Gevoelige hoofdhuid Voelt je hoofdhuid vaak strak, branderig of snel  [&#8230;]<\/p>\n","protected":false},"author":1,"featured_media":0,"parent":0,"menu_order":0,"comment_status":"closed","ping_status":"closed","template":"","meta":{"_acf_changed":false,"_joinchat":[],"footnotes":""},"class_list":["post-2020","page","type-page","status-publish","hentry"],"acf":[],"_links":{"self":[{"href":"https:\/\/www.probleemharen.nl\/pl\/wp-json\/wp\/v2\/pages\/2020","targetHints":{"allow":["GET"]}}],"collection":[{"href":"https:\/\/www.probleemharen.nl\/pl\/wp-json\/wp\/v2\/pages"}],"about":[{"href":"https:\/\/www.probleemharen.nl\/pl\/wp-json\/wp\/v2\/types\/page"}],"author":[{"embeddable":true,"href":"https:\/\/www.probleemharen.nl\/pl\/wp-json\/wp\/v2\/users\/1"}],"replies":[{"embeddable":true,"href":"https:\/\/www.probleemharen.nl\/pl\/wp-json\/wp\/v2\/comments?post=2020"}],"version-history":[{"count":3,"href":"https:\/\/www.probleemharen.nl\/pl\/wp-json\/wp\/v2\/pages\/2020\/revisions"}],"predecessor-version":[{"id":2361,"href":"https:\/\/www.probleemharen.nl\/pl\/wp-json\/wp\/v2\/pages\/2020\/revisions\/2361"}],"wp:attachment":[{"href":"https:\/\/www.probleemharen.nl\/pl\/wp-json\/wp\/v2\/media?parent=2020"}],"curies":[{"name":"wp","href":"https:\/\/api.w.org\/{rel}","templated":true}]}}