{"id":2015,"date":"2025-11-25T09:58:33","date_gmt":"2025-11-25T09:58:33","guid":{"rendered":"https:\/\/www.probleemharen.nl\/?page_id=2015"},"modified":"2026-03-10T13:00:35","modified_gmt":"2026-03-10T13:00:35","slug":"roza","status":"publish","type":"page","link":"https:\/\/www.probleemharen.nl\/pl\/roos\/","title":{"rendered":"R\u00f3\u017ca"},"content":{"rendered":"<h1>R\u00f3\u017ca<\/h1>\n<p>Czy widzisz bia\u0142e p\u0142atki na ramionach lub regularnie odczuwasz sw\u0119dzenie sk\u00f3ry g\u0142owy? Je\u015bli tak, mo\u017ce to by\u0107 \u0142upie\u017c. Mo\u017ce to by\u0107 irytuj\u0105ce, ale dzi\u0119ki \u0142agodnej piel\u0119gnacji i delikatnej rutynie cz\u0119sto mo\u017cna sprawi\u0107, \u017ce sk\u00f3ra g\u0142owy zn\u00f3w poczuje si\u0119 komfortowo.<\/p>\n<h2>Jak rozpozna\u0107 \u0142upie\u017c we w\u0142osach?<\/h2>\n<p>\u0141upie\u017cowi cz\u0119sto towarzyszy \u0142uszczenie si\u0119 sk\u00f3ry g\u0142owy, a czasami jej wra\u017cliwo\u015b\u0107. Wiele os\u00f3b rozpoznaje go po:<\/p>\n<ul>\n<li>bia\u0142e lub \u017c\u00f3\u0142tawe p\u0142atki na sk\u00f3rze g\u0142owy, we w\u0142osach lub na ubraniach;<\/li>\n<li>sw\u0119dz\u0105ca lub wra\u017cliwa sk\u00f3ra g\u0142owy;<\/li>\n<li>w\u0142osy, kt\u00f3re wydaj\u0105 si\u0119 mniej \u015bwie\u017ce, nawet kr\u00f3tko po umyciu;<\/li>\n<li>uczucie napi\u0119cia lub sucho\u015bci sk\u00f3ry g\u0142owy.<\/li>\n<\/ul>\n<p>Czasami p\u0142atki s\u0105 wyra\u017anie widoczne, czasami jest to g\u0142\u00f3wnie sw\u0119dzenie lub podra\u017cnienie. \u0141upie\u017c mo\u017ce r\u00f3wnie\u017c przypomina\u0107 inne problemy sk\u00f3ry g\u0142owy, takie jak bardzo sucha sk\u00f3ra g\u0142owy lub wra\u017cliwa sk\u00f3ra.<\/p>\n<h2>Co powoduje \u0142upie\u017c?<\/h2>\n<p>\u0141upie\u017c mo\u017ce mie\u0107 kilka przyczyn i cz\u0119sto jest spowodowany kombinacj\u0105 czynnik\u00f3w:<\/p>\n<ul>\n<li>naturalny dro\u017cd\u017cak (Malassezia) wyst\u0119puj\u0105cy na sk\u00f3rze g\u0142owy;<\/li>\n<li>wra\u017cliwa lub niezr\u00f3wnowa\u017cona sk\u00f3ra g\u0142owy;<\/li>\n<li>silnie oczyszczaj\u0105cych szampon\u00f3w lub wielu produkt\u00f3w do stylizacji;<\/li>\n<li>stres, zmiany hormonalne lub czynniki \u015brodowiskowe.<\/li>\n<\/ul>\n<p>Gdy sk\u00f3ra g\u0142owy odnawia si\u0119 szybciej ni\u017c zwykle, mog\u0105 pojawi\u0107 si\u0119 bardziej widoczne p\u0142atki.<\/p>\n<h2>Czego nie nale\u017cy robi\u0107 w przypadku \u0142upie\u017cu?<\/h2>\n<p>Niekt\u00f3re nawyki mog\u0105 podra\u017cnia\u0107 sk\u00f3r\u0119 g\u0142owy:<\/p>\n<ul>\n<li>podczas mycia nale\u017cy u\u017cywa\u0107 bardzo gor\u0105cej wody;<\/li>\n<li>u\u017cywa\u0107 szampon\u00f3w z silnymi \u015brodkami myj\u0105cymi lub du\u017c\u0105 ilo\u015bci\u0105 perfum;<\/li>\n<li>silne drapanie podczas sw\u0119dzenia;<\/li>\n<li>stosowa\u0107 wiele produkt\u00f3w do stylizacji bezpo\u015brednio na sk\u00f3r\u0119 g\u0142owy.<\/li>\n<\/ul>\n<p>W przypadku \u0142upie\u017cu pomocna mo\u017ce by\u0107 jak najdelikatniejsza piel\u0119gnacja sk\u00f3ry g\u0142owy.<\/p>\n<h2>Naturalne produkty, kt\u00f3re mog\u0105 by\u0107 odpowiednie na \u0142upie\u017c<\/h2>\n<p><em>Wymienione poni\u017cej produkty s\u0105 kosmetykami piel\u0119gnacyjnymi przeznaczonymi do piel\u0119gnacji w\u0142os\u00f3w i sk\u00f3ry g\u0142owy. Nie s\u0105 one przeznaczone do leczenia schorze\u0144. W przypadku utrzymuj\u0105cych si\u0119 dolegliwo\u015bci nale\u017cy zawsze skonsultowa\u0107 si\u0119 z lekarzem lub dermatologiem.<\/em><\/p>\n<p id=\"productblok\"><style id=\"mc-extern-products-tf-css\">\n.mc-extern-wrap{\n    position:relative;\n    margin:10px 0 18px;\n    background:#E5DAD6;\n    border-radius:12px;\n    padding:16px;\n}\n.mc-extern-head,\n.mc-extern-foot{\n    display:flex;\n    align-items:center;\n    justify-content:space-between;\n    gap:12px;\n}\n.mc-extern-head{margin-bottom:8px;}\n.mc-extern-foot{margin-top:10px;}\n.mc-extern-heading{\n    color:#2C3729;\n    font-size:14px;\n    font-weight:600;\n    letter-spacing:.2px;\n}\n\n\/* Titels en knoppen in Poppins Semi Bold *\/\n.mc-post__title a,\n.mc-btn,\n.mc-extern-foot .mc-btn--red{\n    font-family:\"Poppins\",\"Helvetica Neue\",Arial,sans-serif;\n    font-weight:600;\n}\n\n\/* Footer-knop (accentkleur) *\/\n.mc-extern-foot .mc-btn--red{\n    display:inline-block;\n    padding:12px 16px;\n    background:#CBB57B;\n    color:#2C3729;\n    text-decoration:none;\n    border:none;\n    border-radius:4px;\n    box-shadow:none;\n}\n.mc-extern-foot .mc-btn--red:hover,\n.mc-extern-foot .mc-btn--red:focus{\n    text-decoration:none;\n    opacity:.95;\n    outline:none;\n}\n\n.mc-extern-products__notice{\n    padding:10px 12px;\n    background:#fff3cd;\n    border:1px solid #ffe69c;\n    border-radius:8px;\n}\n\n\/* Grid en cards *\/\n.mc-extern-products{\n    display:grid;\n    grid-template-columns:repeat(var(--mc-cols),minmax(0,1fr));\n    gap:16px;\n    align-items:stretch;\n}\n.mc-post{\n    background:#FFFFFF;\n    border:1px solid #C3C9C0;\n    border-radius:12px;\n    overflow:hidden;\n    display:flex;\n    flex-direction:column;\n    box-shadow:0 1px 3px rgba(0,0,0,.04);\n}\n\n\/* Titel *\/\n.mc-post__title{\n    display:block;\n    padding:12px 14px 0;\n}\n.mc-post__title a{\n    color:#2C3729;\n    text-decoration:none;\n    font-size:16px;\n    line-height:1.35;\n    display:-webkit-box;\n    -webkit-line-clamp:3;\n    -webkit-box-orient:vertical;\n    overflow:hidden;\n    min-height:65px;\n}\n.mc-post__title a:hover{\n    text-decoration:underline;\n}\n\n\/* Middenstuk *\/\n.mc-post__middle{\n    display:grid;\n    grid-template-columns:2fr 1fr;\n    gap:12px;\n    align-items:center;\n    padding:12px 14px;\n}\n.mc-post__thumb{\n    width:100%;\n    aspect-ratio:1\/1;\n    background:#F5F5F5;\n    border-radius:10px;\n    overflow:hidden;\n    border:1px solid #C3C9C0;\n}\n.mc-post__thumb img{\n    width:100%;\n    height:100%;\n    object-fit:contain;\n    display:block;\n}\n.mc-post__price{\n    justify-self:end;\n    font-size:15px;\n    font-weight:600;\n    color:#2C3729;\n}\n\n\/* Knop onderaan card *\/\n.mc-post__cta{\n    padding:0 14px 14px;\n}\n.mc-btn{\n    display:block;\n    width:100%;\n    text-align:center;\n    padding:12px 16px;\n    background:#2C3729;\n    color:#FFFFFF;\n    text-decoration:none;\n    border:none;\n    border-radius:4px;\n    box-shadow:none;\n}\n.mc-btn:hover,\n.mc-btn:focus{\n    text-decoration:none;\n    opacity:.95;\n    outline:none;\n}\n\n\/* Responsive *\/\n@media (max-width:480px){\n    .mc-extern-products{\n        grid-template-columns:repeat(2,minmax(0,1fr));\n        gap:12px;\n    }\n}\n@media (max-width:360px){\n    .mc-extern-products{\n        grid-template-columns:repeat(1,minmax(0,1fr));\n    }\n}\n@media (min-width:768px){\n    .mc-extern-products{\n        grid-template-columns:repeat(min(var(--mc-cols),3),minmax(0,1fr));\n    }\n}\n@media (min-width:1024px){\n    .mc-extern-products{\n        grid-template-columns:repeat(var(--mc-cols),minmax(0,1fr));\n    }\n}\n<\/style><section class=\"mc-extern-wrap\"><div class=\"mc-extern-head\"><div class=\"mc-extern-heading\">Niekt\u00f3re produkty sklepu De Natuurlijke Kapper Shop<\/div><div><\/div><\/div><div class=\"mc-extern-products\" style=\"--mc-cols:4;\"><article class=\"mc-post\" role=\"listitem\"><div class=\"mc-post__title\"><a href=\"https:\/\/www.denatuurlijkekappershop.nl\/rc-dermo-sensitive-serum-100ml\/?attribute_maak-een-keuze=Dermo-Sensitive+Serum+100ml&#038;utm_source=Google%20Shopping&#038;utm_campaign=Google%20Shopping%20New&#038;utm_medium=cpc&#038;utm_term=adtribes\" target=\"_self\" rel=\"noopener\">R&amp;C serum dla sk\u00f3ry wra\u017cliwej 100 ml Serum dla sk\u00f3ry wra\u017cliwej 100 ml<\/a><\/div><div class=\"mc-post__middle\"><a class=\"mc-post__thumb\" href=\"https:\/\/www.denatuurlijkekappershop.nl\/rc-dermo-sensitive-serum-100ml\/?attribute_maak-een-keuze=Dermo-Sensitive+Serum+100ml&#038;utm_source=Google%20Shopping&#038;utm_campaign=Google%20Shopping%20New&#038;utm_medium=cpc&#038;utm_term=adtribes\" target=\"_self\" rel=\"noopener\"><img class=\"lazyload\" src=\"data:image\/gif;base64,R0lGODlhAQABAAAAACH5BAEKAAEALAAAAAABAAEAAAICTAEAOw==\" data-orig-src=\"https:\/\/www.denatuurlijkekappershop.nl\/wp-content\/uploads\/2025\/04\/RC-dermo-sensitive-serum-100-ml.png\" alt=\"R&amp;C serum dla sk\u00f3ry wra\u017cliwej 100 ml Serum dla sk\u00f3ry wra\u017cliwej 100 ml\" loading=\"lazy\" decoding=\"async\" \/><\/a><div class=\"mc-post__price\"><span class=\"woocommerce-Price-amount\">50.00 \u20ac<\/span><\/div><\/div><div class=\"mc-post__cta\"><a class=\"mc-btn\" href=\"https:\/\/www.denatuurlijkekappershop.nl\/rc-dermo-sensitive-serum-100ml\/?attribute_maak-een-keuze=Dermo-Sensitive+Serum+100ml&#038;utm_source=Google%20Shopping&#038;utm_campaign=Google%20Shopping%20New&#038;utm_medium=cpc&#038;utm_term=adtribes\" target=\"_self\" rel=\"noopener\">Zobacz produkt<\/a><\/div><\/article><article class=\"mc-post\" role=\"listitem\"><div class=\"mc-post__title\"><a href=\"https:\/\/www.denatuurlijkekappershop.nl\/rc-anti-roos-shampoo-250ml\/?utm_source=Google%20Shopping&#038;utm_campaign=Google%20Shopping%20New&#038;utm_medium=cpc&#038;utm_term=adtribes\" target=\"_self\" rel=\"noopener\">Szampon przeciw\u0142upie\u017cowy R&amp;C 250 ml<\/a><\/div><div class=\"mc-post__middle\"><a class=\"mc-post__thumb\" href=\"https:\/\/www.denatuurlijkekappershop.nl\/rc-anti-roos-shampoo-250ml\/?utm_source=Google%20Shopping&#038;utm_campaign=Google%20Shopping%20New&#038;utm_medium=cpc&#038;utm_term=adtribes\" target=\"_self\" rel=\"noopener\"><img class=\"lazyload\" src=\"data:image\/gif;base64,R0lGODlhAQABAAAAACH5BAEKAAEALAAAAAABAAEAAAICTAEAOw==\" data-orig-src=\"https:\/\/www.denatuurlijkekappershop.nl\/wp-content\/uploads\/2025\/01\/RC-anti-roos-shampoo-250ml-1.png\" alt=\"Szampon przeciw\u0142upie\u017cowy R&amp;C 250 ml\" loading=\"lazy\" decoding=\"async\" \/><\/a><div class=\"mc-post__price\"><span class=\"woocommerce-Price-amount\">36.75 \u20ac<\/span><\/div><\/div><div class=\"mc-post__cta\"><a class=\"mc-btn\" href=\"https:\/\/www.denatuurlijkekappershop.nl\/rc-anti-roos-shampoo-250ml\/?utm_source=Google%20Shopping&#038;utm_campaign=Google%20Shopping%20New&#038;utm_medium=cpc&#038;utm_term=adtribes\" target=\"_self\" rel=\"noopener\">Zobacz produkt<\/a><\/div><\/article><article class=\"mc-post\" role=\"listitem\"><div class=\"mc-post__title\"><a href=\"https:\/\/www.denatuurlijkekappershop.nl\/its-pure-organics-biologisch-bhringaraj-poeder-100g-100-natuurlijk-haarpoeder\/?utm_source=Google%20Shopping&#038;utm_campaign=Google%20Shopping%20New&#038;utm_medium=cpc&#038;utm_term=adtribes\" target=\"_self\" rel=\"noopener\">It's Pure Organics Organic Bhringaraj Powder 100g - 100% Naturalny proszek do w\u0142os\u00f3w<\/a><\/div><div class=\"mc-post__middle\"><a class=\"mc-post__thumb\" href=\"https:\/\/www.denatuurlijkekappershop.nl\/its-pure-organics-biologisch-bhringaraj-poeder-100g-100-natuurlijk-haarpoeder\/?utm_source=Google%20Shopping&#038;utm_campaign=Google%20Shopping%20New&#038;utm_medium=cpc&#038;utm_term=adtribes\" target=\"_self\" rel=\"noopener\"><img class=\"lazyload\" src=\"data:image\/gif;base64,R0lGODlhAQABAAAAACH5BAEKAAEALAAAAAABAAEAAAICTAEAOw==\" data-orig-src=\"https:\/\/www.denatuurlijkekappershop.nl\/wp-content\/uploads\/2026\/04\/Its-Pure-Organics-Biologisch-Bhringaraj-Poeder-100g-\u2013-100-Natuurlijk-Haarpoeder.png\" alt=\"It&#039;s Pure Organics Organic Bhringaraj Powder 100g - 100% Naturalny proszek do w\u0142os\u00f3w\" loading=\"lazy\" decoding=\"async\" \/><\/a><div class=\"mc-post__price\"><span class=\"woocommerce-Price-amount\">8.20 \u20ac<\/span><\/div><\/div><div class=\"mc-post__cta\"><a class=\"mc-btn\" href=\"https:\/\/www.denatuurlijkekappershop.nl\/its-pure-organics-biologisch-bhringaraj-poeder-100g-100-natuurlijk-haarpoeder\/?utm_source=Google%20Shopping&#038;utm_campaign=Google%20Shopping%20New&#038;utm_medium=cpc&#038;utm_term=adtribes\" target=\"_self\" rel=\"noopener\">Zobacz produkt<\/a><\/div><\/article><article class=\"mc-post\" role=\"listitem\"><div class=\"mc-post__title\"><a href=\"https:\/\/www.denatuurlijkekappershop.nl\/zenz-organic-oil-treatment-no-97-100-ml\/?utm_source=Google%20Shopping&#038;utm_campaign=Google%20Shopping%20New&#038;utm_medium=cpc&#038;utm_term=adtribes\" target=\"_self\" rel=\"noopener\">ZENZ Organic - kuracja olejowa nr 97 (100 ml)<\/a><\/div><div class=\"mc-post__middle\"><a class=\"mc-post__thumb\" href=\"https:\/\/www.denatuurlijkekappershop.nl\/zenz-organic-oil-treatment-no-97-100-ml\/?utm_source=Google%20Shopping&#038;utm_campaign=Google%20Shopping%20New&#038;utm_medium=cpc&#038;utm_term=adtribes\" target=\"_self\" rel=\"noopener\"><img class=\"lazyload\" src=\"data:image\/gif;base64,R0lGODlhAQABAAAAACH5BAEKAAEALAAAAAABAAEAAAICTAEAOw==\" data-orig-src=\"https:\/\/www.denatuurlijkekappershop.nl\/wp-content\/uploads\/2026\/03\/Zenz-Oil-Treatment-Pure-No.-97.png\" alt=\"ZENZ Organic - kuracja olejowa nr 97 (100 ml)\" loading=\"lazy\" decoding=\"async\" \/><\/a><div class=\"mc-post__price\"><span class=\"woocommerce-Price-amount\">53.50 \u20ac<\/span><\/div><\/div><div class=\"mc-post__cta\"><a class=\"mc-btn\" href=\"https:\/\/www.denatuurlijkekappershop.nl\/zenz-organic-oil-treatment-no-97-100-ml\/?utm_source=Google%20Shopping&#038;utm_campaign=Google%20Shopping%20New&#038;utm_medium=cpc&#038;utm_term=adtribes\" target=\"_self\" rel=\"noopener\">Zobacz produkt<\/a><\/div><\/article><article class=\"mc-post\" role=\"listitem\"><div class=\"mc-post__title\"><a href=\"https:\/\/www.denatuurlijkekappershop.nl\/rc-bi-serum-bij-droog-tot-beschadigd-haar\/?utm_source=Google%20Shopping&#038;utm_campaign=Google%20Shopping%20New&#038;utm_medium=cpc&#038;utm_term=adtribes\" target=\"_self\" rel=\"noopener\">R&amp;C bi-serum - do w\u0142os\u00f3w suchych i zniszczonych<\/a><\/div><div class=\"mc-post__middle\"><a class=\"mc-post__thumb\" href=\"https:\/\/www.denatuurlijkekappershop.nl\/rc-bi-serum-bij-droog-tot-beschadigd-haar\/?utm_source=Google%20Shopping&#038;utm_campaign=Google%20Shopping%20New&#038;utm_medium=cpc&#038;utm_term=adtribes\" target=\"_self\" rel=\"noopener\"><img class=\"lazyload\" src=\"data:image\/gif;base64,R0lGODlhAQABAAAAACH5BAEKAAEALAAAAAABAAEAAAICTAEAOw==\" data-orig-src=\"https:\/\/www.denatuurlijkekappershop.nl\/wp-content\/uploads\/2026\/03\/RC-bi-serum-droog-tot-beschadigd-haar.png\" alt=\"R&amp;C bi-serum - do w\u0142os\u00f3w suchych i zniszczonych\" loading=\"lazy\" decoding=\"async\" \/><\/a><div class=\"mc-post__price\"><span class=\"woocommerce-Price-amount\">42.25 \u20ac<\/span><\/div><\/div><div class=\"mc-post__cta\"><a class=\"mc-btn\" href=\"https:\/\/www.denatuurlijkekappershop.nl\/rc-bi-serum-bij-droog-tot-beschadigd-haar\/?utm_source=Google%20Shopping&#038;utm_campaign=Google%20Shopping%20New&#038;utm_medium=cpc&#038;utm_term=adtribes\" target=\"_self\" rel=\"noopener\">Zobacz produkt<\/a><\/div><\/article><article class=\"mc-post\" role=\"listitem\"><div class=\"mc-post__title\"><a href=\"https:\/\/www.denatuurlijkekappershop.nl\/zenz-organic-oil-treatment-deep-wood-no-99-100-ml\/?utm_source=Google%20Shopping&#038;utm_campaign=Google%20Shopping%20New&#038;utm_medium=cpc&#038;utm_term=adtribes\" target=\"_self\" rel=\"noopener\">ZENZ Organic \u2013 olejek do drewna nr 99 (100 ml)<\/a><\/div><div class=\"mc-post__middle\"><a class=\"mc-post__thumb\" href=\"https:\/\/www.denatuurlijkekappershop.nl\/zenz-organic-oil-treatment-deep-wood-no-99-100-ml\/?utm_source=Google%20Shopping&#038;utm_campaign=Google%20Shopping%20New&#038;utm_medium=cpc&#038;utm_term=adtribes\" target=\"_self\" rel=\"noopener\"><img class=\"lazyload\" src=\"data:image\/gif;base64,R0lGODlhAQABAAAAACH5BAEKAAEALAAAAAABAAEAAAICTAEAOw==\" data-orig-src=\"https:\/\/www.denatuurlijkekappershop.nl\/wp-content\/uploads\/2025\/12\/ZENZ-Organic-\u2013-oil-treatment-deep-wood-no.-99-100-ml.png\" alt=\"ZENZ Organic \u2013 olejek do drewna nr 99 (100 ml)\" loading=\"lazy\" decoding=\"async\" \/><\/a><div class=\"mc-post__price\"><span class=\"woocommerce-Price-amount\">53.50 \u20ac<\/span><\/div><\/div><div class=\"mc-post__cta\"><a class=\"mc-btn\" href=\"https:\/\/www.denatuurlijkekappershop.nl\/zenz-organic-oil-treatment-deep-wood-no-99-100-ml\/?utm_source=Google%20Shopping&#038;utm_campaign=Google%20Shopping%20New&#038;utm_medium=cpc&#038;utm_term=adtribes\" target=\"_self\" rel=\"noopener\">Zobacz produkt<\/a><\/div><\/article><article class=\"mc-post\" role=\"listitem\"><div class=\"mc-post__title\"><a href=\"https:\/\/www.denatuurlijkekappershop.nl\/rc-pate-coiffante-medium-75ml\/?utm_source=Google%20Shopping&#038;utm_campaign=Google%20Shopping%20New&#038;utm_medium=cpc&#038;utm_term=adtribes\" target=\"_self\" rel=\"noopener\">Pasta do stylizacji R&amp;C medium 75ml.<\/a><\/div><div class=\"mc-post__middle\"><a class=\"mc-post__thumb\" href=\"https:\/\/www.denatuurlijkekappershop.nl\/rc-pate-coiffante-medium-75ml\/?utm_source=Google%20Shopping&#038;utm_campaign=Google%20Shopping%20New&#038;utm_medium=cpc&#038;utm_term=adtribes\" target=\"_self\" rel=\"noopener\"><img class=\"lazyload\" src=\"data:image\/gif;base64,R0lGODlhAQABAAAAACH5BAEKAAEALAAAAAABAAEAAAICTAEAOw==\" data-orig-src=\"https:\/\/www.denatuurlijkekappershop.nl\/wp-content\/uploads\/2025\/11\/RC-stylingpasta-medium-75ml.png\" alt=\"Pasta do stylizacji R&amp;C medium 75ml.\" loading=\"lazy\" decoding=\"async\" \/><\/a><div class=\"mc-post__price\"><span class=\"woocommerce-Price-amount\">27.50 \u20ac<\/span><\/div><\/div><div class=\"mc-post__cta\"><a class=\"mc-btn\" href=\"https:\/\/www.denatuurlijkekappershop.nl\/rc-pate-coiffante-medium-75ml\/?utm_source=Google%20Shopping&#038;utm_campaign=Google%20Shopping%20New&#038;utm_medium=cpc&#038;utm_term=adtribes\" target=\"_self\" rel=\"noopener\">Zobacz produkt<\/a><\/div><\/article><article class=\"mc-post\" role=\"listitem\"><div class=\"mc-post__title\"><a href=\"https:\/\/www.denatuurlijkekappershop.nl\/zenz-organic-anti-hair-loss-scalp-tonic-pure-no-23-200ml\/?utm_source=Google%20Shopping&#038;utm_campaign=Google%20Shopping%20New&#038;utm_medium=cpc&#038;utm_term=adtribes\" target=\"_self\" rel=\"noopener\">ZENZ Organic - tonik do sk\u00f3ry g\u0142owy czysty nr 23 do przerzedzaj\u0105cych si\u0119 w\u0142os\u00f3w 200ml<\/a><\/div><div class=\"mc-post__middle\"><a class=\"mc-post__thumb\" href=\"https:\/\/www.denatuurlijkekappershop.nl\/zenz-organic-anti-hair-loss-scalp-tonic-pure-no-23-200ml\/?utm_source=Google%20Shopping&#038;utm_campaign=Google%20Shopping%20New&#038;utm_medium=cpc&#038;utm_term=adtribes\" target=\"_self\" rel=\"noopener\"><img class=\"lazyload\" src=\"data:image\/gif;base64,R0lGODlhAQABAAAAACH5BAEKAAEALAAAAAABAAEAAAICTAEAOw==\" data-orig-src=\"https:\/\/www.denatuurlijkekappershop.nl\/wp-content\/uploads\/2025\/11\/ZENZ-Organic-anti-hair-loss-scalp-tonic-pure-no.-23-200ml.png\" alt=\"ZENZ Organic - tonik do sk\u00f3ry g\u0142owy czysty nr 23 do przerzedzaj\u0105cych si\u0119 w\u0142os\u00f3w 200ml\" loading=\"lazy\" decoding=\"async\" \/><\/a><div class=\"mc-post__price\"><span class=\"woocommerce-Price-amount\">80.50 \u20ac<\/span><\/div><\/div><div class=\"mc-post__cta\"><a class=\"mc-btn\" href=\"https:\/\/www.denatuurlijkekappershop.nl\/zenz-organic-anti-hair-loss-scalp-tonic-pure-no-23-200ml\/?utm_source=Google%20Shopping&#038;utm_campaign=Google%20Shopping%20New&#038;utm_medium=cpc&#038;utm_term=adtribes\" target=\"_self\" rel=\"noopener\">Zobacz produkt<\/a><\/div><\/article><\/div><div class=\"mc-extern-foot\"><div><\/div><div><a class=\"mc-btn--red\" href=\"https:\/\/www.denatuurlijkekappershop.nl\/?s=roos&#038;post_type=product&#038;dgwt_wcas=1\" target=\"_blank\" rel=\"noopener\">Zobacz wszystkie produkty<\/a><\/div><\/div><\/section><\/p>\n<p>Powy\u017csze produkty zosta\u0142y wybrane ze wzgl\u0119du na ich przydatno\u015b\u0107 dla \u0142uszcz\u0105cej si\u0119, sw\u0119dz\u0105cej lub wra\u017cliwej sk\u00f3ry g\u0142owy. Delikatnie oczyszczaj\u0105 i s\u0105 zaprojektowane tak, aby sk\u00f3ra g\u0142owy czu\u0142a si\u0119 komfortowo.<\/p>\n<h2>Jak stosowa\u0107 produkty piel\u0119gnacyjne na \u0142upie\u017c?<\/h2>\n<ul>\n<li>Delikatnie wmasuj szampon opuszkami palc\u00f3w.<\/li>\n<li>Pozostawi\u0107 szampon na chwil\u0119 do wch\u0142oni\u0119cia przed sp\u0142ukaniem.<\/li>\n<li>Ostro\u017cnie sp\u0142uka\u0107, aby nie pozosta\u0142y \u017cadne resztki.<\/li>\n<li>U\u017cywaj od\u017cywki szczeg\u00f3lnie na d\u0142ugo\u015bci i ko\u0144cach w\u0142os\u00f3w.<\/li>\n<li>Utrzymuj swoj\u0105 rutyn\u0119 przez jaki\u015b czas.<\/li>\n<\/ul>\n<h2>Kiedy warto po\u015bwi\u0119ci\u0107 wi\u0119cej uwagi?<\/h2>\n<p>Zwr\u00f3\u0107 szczeg\u00f3ln\u0105 uwag\u0119 na:<\/p>\n<ul>\n<li>silne sw\u0119dzenie lub bolesne miejsca;<\/li>\n<li>du\u017ce, t\u0142uste p\u0142atki;<\/li>\n<li>rany lub krwawienie spowodowane drapaniem;<\/li>\n<li>skargi nie ulegaj\u0105 poprawie.<\/li>\n<\/ul>\n<p>W takim przypadku warto skonsultowa\u0107 si\u0119 z lekarzem lub dermatologiem.<\/p>\n<p>Przeczytaj r\u00f3wnie\u017c:<br \/>\n<a href=\"\/pl\/swedzenie-skory-glowy\/\">Sw\u0119dz\u0105ca sk\u00f3ra g\u0142owy<\/a><br \/>\n<a href=\"\/pl\/wrazliwa-skora-glowy\/\">Wra\u017cliwa sk\u00f3ra g\u0142owy<\/a><br \/>\n<a href=\"\/pl\/platki\/\">P\u0142atki<\/a><br \/>\n<a href=\"\/pl\/wlosy-przetluszczajace-sie\/\">W\u0142osy przet\u0142uszczaj\u0105ce si\u0119<\/a><br \/>\n<a href=\"\/pl\/suche-wlosy\/\">Suche w\u0142osy<\/a><\/p>\n<h2>Wniosek: \u0142agodna piel\u0119gnacja mo\u017ce pom\u00f3c \u0142uszcz\u0105cej si\u0119 sk\u00f3rze g\u0142owy<\/h2>\n<p>Je\u015bli sk\u00f3ra g\u0142owy jest wra\u017cliwa lub \u0142uszcz\u0105ca si\u0119, delikatna rutyna piel\u0119gnacyjna mo\u017ce pom\u00f3c sk\u00f3rze g\u0142owy poczu\u0107 si\u0119 spokojniej. Wyb\u00f3r produkt\u00f3w dopasowanych do rodzaju sk\u00f3ry g\u0142owy cz\u0119sto sprawia, \u017ce w\u0142osy s\u0105 \u015bwie\u017csze i bardziej komfortowe.<\/p>\n<blockquote><p>Cierpisz z powodu \u0142uszcz\u0105cej si\u0119 lub sw\u0119dz\u0105cej sk\u00f3ry g\u0142owy? Wybierz \u0142agodn\u0105 piel\u0119gnacj\u0119, kt\u00f3ra mo\u017ce by\u0107 odpowiednia dla wra\u017cliwej sk\u00f3ry g\u0142owy.<\/p><\/blockquote>","protected":false},"excerpt":{"rendered":"<p>Roos Zie je witte schilfers op je schouders of heb  [&#8230;]<\/p>\n","protected":false},"author":1,"featured_media":0,"parent":0,"menu_order":0,"comment_status":"closed","ping_status":"closed","template":"","meta":{"_acf_changed":false,"_joinchat":[],"footnotes":""},"class_list":["post-2015","page","type-page","status-publish","hentry"],"acf":[],"_links":{"self":[{"href":"https:\/\/www.probleemharen.nl\/pl\/wp-json\/wp\/v2\/pages\/2015","targetHints":{"allow":["GET"]}}],"collection":[{"href":"https:\/\/www.probleemharen.nl\/pl\/wp-json\/wp\/v2\/pages"}],"about":[{"href":"https:\/\/www.probleemharen.nl\/pl\/wp-json\/wp\/v2\/types\/page"}],"author":[{"embeddable":true,"href":"https:\/\/www.probleemharen.nl\/pl\/wp-json\/wp\/v2\/users\/1"}],"replies":[{"embeddable":true,"href":"https:\/\/www.probleemharen.nl\/pl\/wp-json\/wp\/v2\/comments?post=2015"}],"version-history":[{"count":3,"href":"https:\/\/www.probleemharen.nl\/pl\/wp-json\/wp\/v2\/pages\/2015\/revisions"}],"predecessor-version":[{"id":2382,"href":"https:\/\/www.probleemharen.nl\/pl\/wp-json\/wp\/v2\/pages\/2015\/revisions\/2382"}],"wp:attachment":[{"href":"https:\/\/www.probleemharen.nl\/pl\/wp-json\/wp\/v2\/media?parent=2015"}],"curies":[{"name":"wp","href":"https:\/\/api.w.org\/{rel}","templated":true}]}}