{"id":2012,"date":"2025-11-25T09:58:34","date_gmt":"2025-11-25T09:58:34","guid":{"rendered":"https:\/\/www.probleemharen.nl\/?page_id=2012"},"modified":"2026-03-10T12:47:09","modified_gmt":"2026-03-10T12:47:09","slug":"uszkodzenia-termiczne-spowodowane-narzedziami-do-stylizacji","status":"publish","type":"page","link":"https:\/\/www.probleemharen.nl\/pl\/hitteschade-door-stylingtools\/","title":{"rendered":"Uszkodzenia termiczne spowodowane narz\u0119dziami do stylizacji"},"content":{"rendered":"<h1>Uszkodzenia termiczne spowodowane narz\u0119dziami do stylizacji<\/h1>\n<p>Czy regularnie u\u017cywasz suszarki do w\u0142os\u00f3w, prostownicy lub lok\u00f3wki? Je\u015bli tak, Twoje w\u0142osy mog\u0105 z czasem wykazywa\u0107 oznaki stresu cieplnego. Dzieje si\u0119 tak w przypadku cz\u0119stego stosowania wysokich temperatur, kt\u00f3re mog\u0105 otwiera\u0107 \u0142uski w\u0142os\u00f3w i powodowa\u0107 szybsz\u0105 utrat\u0119 wilgoci. Mo\u017cna to zauwa\u017cy\u0107 w postaci sucho\u015bci, krucho\u015bci, puszenia si\u0119 i matowej d\u0142ugo\u015bci. Dzi\u0119ki \u0142agodnym, od\u017cywczym produktom i odpowiedniej rutynie mo\u017cesz sprawi\u0107, \u017ce Twoje w\u0142osy zn\u00f3w b\u0119d\u0105 g\u0142adsze i bardziej mi\u0119kkie.<\/p>\n<h2>Jak rozpozna\u0107 uszkodzenie termiczne?<\/h2>\n<p>W\u0142osy cz\u0119sto poddawane stylizacji z u\u017cyciem ciep\u0142a mog\u0105 wykazywa\u0107 pewne oznaki. Mog\u0105 wydawa\u0107 si\u0119 szorstkie lub suche, szczeg\u00f3lnie od \u015brodka a\u017c po ko\u0144ce. Mog\u0105 szybciej si\u0119 \u0142ama\u0107, trudniej uk\u0142ada\u0107 i mie\u0107 mniejszy po\u0142ysk. Czasami d\u0142ugo\u015b\u0107 w\u0142os\u00f3w przypomina s\u0142om\u0119. Naturalne loki lub fale mog\u0105 r\u00f3wnie\u017c straci\u0107 sw\u00f3j kszta\u0142t, gdy w\u0142osy s\u0105 wystawione na dzia\u0142anie wysokich temperatur przez d\u0142ugi czas.<\/p>\n<p>Inn\u0105 oznak\u0105 jest to, \u017ce produkty piel\u0119gnacyjne wydaj\u0105 si\u0119 mie\u0107 mniejszy efekt. Od\u017cywki i maski czasami wydaj\u0105 si\u0119 dzia\u0142a\u0107 s\u0142abiej, poniewa\u017c zewn\u0119trzna warstwa w\u0142os\u00f3w mo\u017ce by\u0107 uszkodzona.<\/p>\n<h2>Jak powstaj\u0105 uszkodzenia termiczne?<\/h2>\n<p>Uszkodzenia termiczne mog\u0105 by\u0107 spowodowane przez:<\/p>\n<ul>\n<li>prostownice i lok\u00f3wki u\u017cywane w bardzo wysokich temperaturach;<\/li>\n<li>Regularnie susz w\u0142osy na najgor\u0119tszym ustawieniu;<\/li>\n<li>cz\u0119sto powtarzaj\u0105 t\u0119 sam\u0105 czynno\u015b\u0107 kilka razy;<\/li>\n<li>styl bez produktu ochronnego;<\/li>\n<li>bardzo cz\u0119ste korzystanie z urz\u0105dze\u0144 grzewczych.<\/li>\n<\/ul>\n<h2>Jak dba\u0107 o w\u0142osy obci\u0105\u017cone wysok\u0105 temperatur\u0105?<\/h2>\n<p>Je\u015bli w\u0142osy s\u0105 cz\u0119sto stylizowane z u\u017cyciem ciep\u0142a, dodatkowa piel\u0119gnacja mo\u017ce pom\u00f3c im odzyska\u0107 g\u0142adko\u015b\u0107. Rozwa\u017c:<\/p>\n<ul>\n<li>\u0142agodne szampony, kt\u00f3re delikatnie oczyszczaj\u0105 w\u0142osy;<\/li>\n<li>od\u017cywcze od\u017cywki, kt\u00f3re zmi\u0119kczaj\u0105 w\u0142osy;<\/li>\n<li>maski zapewniaj\u0105ce nawil\u017cenie i piel\u0119gnacj\u0119;<\/li>\n<li>piel\u0119gnacja bez sp\u0142ukiwania, kt\u00f3ra wyg\u0142adza w\u0142osy;<\/li>\n<li>produkty, kt\u00f3re pomagaj\u0105 chroni\u0107 w\u0142osy podczas stylizacji.<\/li>\n<\/ul>\n<h2>Naturalne produkty do w\u0142os\u00f3w cz\u0119sto stylizowanych na gor\u0105co<\/h2>\n<p><em>Poni\u017csze produkty s\u0105 kosmetykami piel\u0119gnacyjnymi przeznaczonymi do piel\u0119gnacji i ochrony w\u0142os\u00f3w podczas stylizacji. Nie s\u0105 one przeznaczone do leczenia schorze\u0144.<\/em><\/p>\n<p id=\"productblok\"><style id=\"mc-extern-products-tf-css\">\n.mc-extern-wrap{\n    position:relative;\n    margin:10px 0 18px;\n    background:#E5DAD6;\n    border-radius:12px;\n    padding:16px;\n}\n.mc-extern-head,\n.mc-extern-foot{\n    display:flex;\n    align-items:center;\n    justify-content:space-between;\n    gap:12px;\n}\n.mc-extern-head{margin-bottom:8px;}\n.mc-extern-foot{margin-top:10px;}\n.mc-extern-heading{\n    color:#2C3729;\n    font-size:14px;\n    font-weight:600;\n    letter-spacing:.2px;\n}\n\n\/* Titels en knoppen in Poppins Semi Bold *\/\n.mc-post__title a,\n.mc-btn,\n.mc-extern-foot .mc-btn--red{\n    font-family:\"Poppins\",\"Helvetica Neue\",Arial,sans-serif;\n    font-weight:600;\n}\n\n\/* Footer-knop (accentkleur) *\/\n.mc-extern-foot .mc-btn--red{\n    display:inline-block;\n    padding:12px 16px;\n    background:#CBB57B;\n    color:#2C3729;\n    text-decoration:none;\n    border:none;\n    border-radius:4px;\n    box-shadow:none;\n}\n.mc-extern-foot .mc-btn--red:hover,\n.mc-extern-foot .mc-btn--red:focus{\n    text-decoration:none;\n    opacity:.95;\n    outline:none;\n}\n\n.mc-extern-products__notice{\n    padding:10px 12px;\n    background:#fff3cd;\n    border:1px solid #ffe69c;\n    border-radius:8px;\n}\n\n\/* Grid en cards *\/\n.mc-extern-products{\n    display:grid;\n    grid-template-columns:repeat(var(--mc-cols),minmax(0,1fr));\n    gap:16px;\n    align-items:stretch;\n}\n.mc-post{\n    background:#FFFFFF;\n    border:1px solid #C3C9C0;\n    border-radius:12px;\n    overflow:hidden;\n    display:flex;\n    flex-direction:column;\n    box-shadow:0 1px 3px rgba(0,0,0,.04);\n}\n\n\/* Titel *\/\n.mc-post__title{\n    display:block;\n    padding:12px 14px 0;\n}\n.mc-post__title a{\n    color:#2C3729;\n    text-decoration:none;\n    font-size:16px;\n    line-height:1.35;\n    display:-webkit-box;\n    -webkit-line-clamp:3;\n    -webkit-box-orient:vertical;\n    overflow:hidden;\n    min-height:65px;\n}\n.mc-post__title a:hover{\n    text-decoration:underline;\n}\n\n\/* Middenstuk *\/\n.mc-post__middle{\n    display:grid;\n    grid-template-columns:2fr 1fr;\n    gap:12px;\n    align-items:center;\n    padding:12px 14px;\n}\n.mc-post__thumb{\n    width:100%;\n    aspect-ratio:1\/1;\n    background:#F5F5F5;\n    border-radius:10px;\n    overflow:hidden;\n    border:1px solid #C3C9C0;\n}\n.mc-post__thumb img{\n    width:100%;\n    height:100%;\n    object-fit:contain;\n    display:block;\n}\n.mc-post__price{\n    justify-self:end;\n    font-size:15px;\n    font-weight:600;\n    color:#2C3729;\n}\n\n\/* Knop onderaan card *\/\n.mc-post__cta{\n    padding:0 14px 14px;\n}\n.mc-btn{\n    display:block;\n    width:100%;\n    text-align:center;\n    padding:12px 16px;\n    background:#2C3729;\n    color:#FFFFFF;\n    text-decoration:none;\n    border:none;\n    border-radius:4px;\n    box-shadow:none;\n}\n.mc-btn:hover,\n.mc-btn:focus{\n    text-decoration:none;\n    opacity:.95;\n    outline:none;\n}\n\n\/* Responsive *\/\n@media (max-width:480px){\n    .mc-extern-products{\n        grid-template-columns:repeat(2,minmax(0,1fr));\n        gap:12px;\n    }\n}\n@media (max-width:360px){\n    .mc-extern-products{\n        grid-template-columns:repeat(1,minmax(0,1fr));\n    }\n}\n@media (min-width:768px){\n    .mc-extern-products{\n        grid-template-columns:repeat(min(var(--mc-cols),3),minmax(0,1fr));\n    }\n}\n@media (min-width:1024px){\n    .mc-extern-products{\n        grid-template-columns:repeat(var(--mc-cols),minmax(0,1fr));\n    }\n}\n<\/style><section class=\"mc-extern-wrap\"><div class=\"mc-extern-head\"><div class=\"mc-extern-heading\">Niekt\u00f3re produkty sklepu De Natuurlijke Kapper Shop<\/div><div><\/div><\/div><div class=\"mc-extern-products\" style=\"--mc-cols:4;\"><article class=\"mc-post\" role=\"listitem\"><div class=\"mc-post__title\"><a href=\"https:\/\/www.denatuurlijkekappershop.nl\/its-pure-organics-biologisch-bhringaraj-poeder-100g-100-natuurlijk-haarpoeder\/?utm_source=Google%20Shopping&#038;utm_campaign=Google%20Shopping%20New&#038;utm_medium=cpc&#038;utm_term=adtribes\" target=\"_self\" rel=\"noopener\">It's Pure Organics Organic Bhringaraj Powder 100g - 100% Naturalny proszek do w\u0142os\u00f3w<\/a><\/div><div class=\"mc-post__middle\"><a class=\"mc-post__thumb\" href=\"https:\/\/www.denatuurlijkekappershop.nl\/its-pure-organics-biologisch-bhringaraj-poeder-100g-100-natuurlijk-haarpoeder\/?utm_source=Google%20Shopping&#038;utm_campaign=Google%20Shopping%20New&#038;utm_medium=cpc&#038;utm_term=adtribes\" target=\"_self\" rel=\"noopener\"><img class=\"lazyload\" src=\"data:image\/gif;base64,R0lGODlhAQABAAAAACH5BAEKAAEALAAAAAABAAEAAAICTAEAOw==\" data-orig-src=\"https:\/\/www.denatuurlijkekappershop.nl\/wp-content\/uploads\/2026\/04\/Its-Pure-Organics-Biologisch-Bhringaraj-Poeder-100g-\u2013-100-Natuurlijk-Haarpoeder.png\" alt=\"It&#039;s Pure Organics Organic Bhringaraj Powder 100g - 100% Naturalny proszek do w\u0142os\u00f3w\" loading=\"lazy\" decoding=\"async\" \/><\/a><div class=\"mc-post__price\"><span class=\"woocommerce-Price-amount\">8.20 \u20ac<\/span><\/div><\/div><div class=\"mc-post__cta\"><a class=\"mc-btn\" href=\"https:\/\/www.denatuurlijkekappershop.nl\/its-pure-organics-biologisch-bhringaraj-poeder-100g-100-natuurlijk-haarpoeder\/?utm_source=Google%20Shopping&#038;utm_campaign=Google%20Shopping%20New&#038;utm_medium=cpc&#038;utm_term=adtribes\" target=\"_self\" rel=\"noopener\">Zobacz produkt<\/a><\/div><\/article><article class=\"mc-post\" role=\"listitem\"><div class=\"mc-post__title\"><a href=\"https:\/\/www.denatuurlijkekappershop.nl\/zenz-organic-oil-treatment-no-97-100-ml\/?utm_source=Google%20Shopping&#038;utm_campaign=Google%20Shopping%20New&#038;utm_medium=cpc&#038;utm_term=adtribes\" target=\"_self\" rel=\"noopener\">ZENZ Organic - kuracja olejowa nr 97 (100 ml)<\/a><\/div><div class=\"mc-post__middle\"><a class=\"mc-post__thumb\" href=\"https:\/\/www.denatuurlijkekappershop.nl\/zenz-organic-oil-treatment-no-97-100-ml\/?utm_source=Google%20Shopping&#038;utm_campaign=Google%20Shopping%20New&#038;utm_medium=cpc&#038;utm_term=adtribes\" target=\"_self\" rel=\"noopener\"><img class=\"lazyload\" src=\"data:image\/gif;base64,R0lGODlhAQABAAAAACH5BAEKAAEALAAAAAABAAEAAAICTAEAOw==\" data-orig-src=\"https:\/\/www.denatuurlijkekappershop.nl\/wp-content\/uploads\/2026\/03\/Zenz-Oil-Treatment-Pure-No.-97.png\" alt=\"ZENZ Organic - kuracja olejowa nr 97 (100 ml)\" loading=\"lazy\" decoding=\"async\" \/><\/a><div class=\"mc-post__price\"><span class=\"woocommerce-Price-amount\">53.50 \u20ac<\/span><\/div><\/div><div class=\"mc-post__cta\"><a class=\"mc-btn\" href=\"https:\/\/www.denatuurlijkekappershop.nl\/zenz-organic-oil-treatment-no-97-100-ml\/?utm_source=Google%20Shopping&#038;utm_campaign=Google%20Shopping%20New&#038;utm_medium=cpc&#038;utm_term=adtribes\" target=\"_self\" rel=\"noopener\">Zobacz produkt<\/a><\/div><\/article><article class=\"mc-post\" role=\"listitem\"><div class=\"mc-post__title\"><a href=\"https:\/\/www.denatuurlijkekappershop.nl\/rc-bi-serum-bij-droog-tot-beschadigd-haar\/?utm_source=Google%20Shopping&#038;utm_campaign=Google%20Shopping%20New&#038;utm_medium=cpc&#038;utm_term=adtribes\" target=\"_self\" rel=\"noopener\">R&amp;C bi-serum - do w\u0142os\u00f3w suchych i zniszczonych<\/a><\/div><div class=\"mc-post__middle\"><a class=\"mc-post__thumb\" href=\"https:\/\/www.denatuurlijkekappershop.nl\/rc-bi-serum-bij-droog-tot-beschadigd-haar\/?utm_source=Google%20Shopping&#038;utm_campaign=Google%20Shopping%20New&#038;utm_medium=cpc&#038;utm_term=adtribes\" target=\"_self\" rel=\"noopener\"><img class=\"lazyload\" src=\"data:image\/gif;base64,R0lGODlhAQABAAAAACH5BAEKAAEALAAAAAABAAEAAAICTAEAOw==\" data-orig-src=\"https:\/\/www.denatuurlijkekappershop.nl\/wp-content\/uploads\/2026\/03\/RC-bi-serum-droog-tot-beschadigd-haar.png\" alt=\"R&amp;C bi-serum - do w\u0142os\u00f3w suchych i zniszczonych\" loading=\"lazy\" decoding=\"async\" \/><\/a><div class=\"mc-post__price\"><span class=\"woocommerce-Price-amount\">42.25 \u20ac<\/span><\/div><\/div><div class=\"mc-post__cta\"><a class=\"mc-btn\" href=\"https:\/\/www.denatuurlijkekappershop.nl\/rc-bi-serum-bij-droog-tot-beschadigd-haar\/?utm_source=Google%20Shopping&#038;utm_campaign=Google%20Shopping%20New&#038;utm_medium=cpc&#038;utm_term=adtribes\" target=\"_self\" rel=\"noopener\">Zobacz produkt<\/a><\/div><\/article><article class=\"mc-post\" role=\"listitem\"><div class=\"mc-post__title\"><a href=\"https:\/\/www.denatuurlijkekappershop.nl\/zenz-organic-oil-treatment-deep-wood-no-99-100-ml\/?utm_source=Google%20Shopping&#038;utm_campaign=Google%20Shopping%20New&#038;utm_medium=cpc&#038;utm_term=adtribes\" target=\"_self\" rel=\"noopener\">ZENZ Organic \u2013 olejek do drewna nr 99 (100 ml)<\/a><\/div><div class=\"mc-post__middle\"><a class=\"mc-post__thumb\" href=\"https:\/\/www.denatuurlijkekappershop.nl\/zenz-organic-oil-treatment-deep-wood-no-99-100-ml\/?utm_source=Google%20Shopping&#038;utm_campaign=Google%20Shopping%20New&#038;utm_medium=cpc&#038;utm_term=adtribes\" target=\"_self\" rel=\"noopener\"><img class=\"lazyload\" src=\"data:image\/gif;base64,R0lGODlhAQABAAAAACH5BAEKAAEALAAAAAABAAEAAAICTAEAOw==\" data-orig-src=\"https:\/\/www.denatuurlijkekappershop.nl\/wp-content\/uploads\/2025\/12\/ZENZ-Organic-\u2013-oil-treatment-deep-wood-no.-99-100-ml.png\" alt=\"ZENZ Organic \u2013 olejek do drewna nr 99 (100 ml)\" loading=\"lazy\" decoding=\"async\" \/><\/a><div class=\"mc-post__price\"><span class=\"woocommerce-Price-amount\">53.50 \u20ac<\/span><\/div><\/div><div class=\"mc-post__cta\"><a class=\"mc-btn\" href=\"https:\/\/www.denatuurlijkekappershop.nl\/zenz-organic-oil-treatment-deep-wood-no-99-100-ml\/?utm_source=Google%20Shopping&#038;utm_campaign=Google%20Shopping%20New&#038;utm_medium=cpc&#038;utm_term=adtribes\" target=\"_self\" rel=\"noopener\">Zobacz produkt<\/a><\/div><\/article><article class=\"mc-post\" role=\"listitem\"><div class=\"mc-post__title\"><a href=\"https:\/\/www.denatuurlijkekappershop.nl\/rc-pate-coiffante-medium-75ml\/?utm_source=Google%20Shopping&#038;utm_campaign=Google%20Shopping%20New&#038;utm_medium=cpc&#038;utm_term=adtribes\" target=\"_self\" rel=\"noopener\">Pasta do stylizacji R&amp;C medium 75ml.<\/a><\/div><div class=\"mc-post__middle\"><a class=\"mc-post__thumb\" href=\"https:\/\/www.denatuurlijkekappershop.nl\/rc-pate-coiffante-medium-75ml\/?utm_source=Google%20Shopping&#038;utm_campaign=Google%20Shopping%20New&#038;utm_medium=cpc&#038;utm_term=adtribes\" target=\"_self\" rel=\"noopener\"><img class=\"lazyload\" src=\"data:image\/gif;base64,R0lGODlhAQABAAAAACH5BAEKAAEALAAAAAABAAEAAAICTAEAOw==\" data-orig-src=\"https:\/\/www.denatuurlijkekappershop.nl\/wp-content\/uploads\/2025\/11\/RC-stylingpasta-medium-75ml.png\" alt=\"Pasta do stylizacji R&amp;C medium 75ml.\" loading=\"lazy\" decoding=\"async\" \/><\/a><div class=\"mc-post__price\"><span class=\"woocommerce-Price-amount\">27.50 \u20ac<\/span><\/div><\/div><div class=\"mc-post__cta\"><a class=\"mc-btn\" href=\"https:\/\/www.denatuurlijkekappershop.nl\/rc-pate-coiffante-medium-75ml\/?utm_source=Google%20Shopping&#038;utm_campaign=Google%20Shopping%20New&#038;utm_medium=cpc&#038;utm_term=adtribes\" target=\"_self\" rel=\"noopener\">Zobacz produkt<\/a><\/div><\/article><article class=\"mc-post\" role=\"listitem\"><div class=\"mc-post__title\"><a href=\"https:\/\/www.denatuurlijkekappershop.nl\/zenz-organic-anti-hair-loss-scalp-tonic-pure-no-23-200ml\/?utm_source=Google%20Shopping&#038;utm_campaign=Google%20Shopping%20New&#038;utm_medium=cpc&#038;utm_term=adtribes\" target=\"_self\" rel=\"noopener\">ZENZ Organic - tonik do sk\u00f3ry g\u0142owy czysty nr 23 do przerzedzaj\u0105cych si\u0119 w\u0142os\u00f3w 200ml<\/a><\/div><div class=\"mc-post__middle\"><a class=\"mc-post__thumb\" href=\"https:\/\/www.denatuurlijkekappershop.nl\/zenz-organic-anti-hair-loss-scalp-tonic-pure-no-23-200ml\/?utm_source=Google%20Shopping&#038;utm_campaign=Google%20Shopping%20New&#038;utm_medium=cpc&#038;utm_term=adtribes\" target=\"_self\" rel=\"noopener\"><img class=\"lazyload\" src=\"data:image\/gif;base64,R0lGODlhAQABAAAAACH5BAEKAAEALAAAAAABAAEAAAICTAEAOw==\" data-orig-src=\"https:\/\/www.denatuurlijkekappershop.nl\/wp-content\/uploads\/2025\/11\/ZENZ-Organic-anti-hair-loss-scalp-tonic-pure-no.-23-200ml.png\" alt=\"ZENZ Organic - tonik do sk\u00f3ry g\u0142owy czysty nr 23 do przerzedzaj\u0105cych si\u0119 w\u0142os\u00f3w 200ml\" loading=\"lazy\" decoding=\"async\" \/><\/a><div class=\"mc-post__price\"><span class=\"woocommerce-Price-amount\">80.50 \u20ac<\/span><\/div><\/div><div class=\"mc-post__cta\"><a class=\"mc-btn\" href=\"https:\/\/www.denatuurlijkekappershop.nl\/zenz-organic-anti-hair-loss-scalp-tonic-pure-no-23-200ml\/?utm_source=Google%20Shopping&#038;utm_campaign=Google%20Shopping%20New&#038;utm_medium=cpc&#038;utm_term=adtribes\" target=\"_self\" rel=\"noopener\">Zobacz produkt<\/a><\/div><\/article><article class=\"mc-post\" role=\"listitem\"><div class=\"mc-post__title\"><a href=\"https:\/\/www.denatuurlijkekappershop.nl\/zenz-organic-stimulating-hair-shampoo-pure-no-22\/?utm_source=Google%20Shopping&#038;utm_campaign=Google%20Shopping%20New&#038;utm_medium=cpc&#038;utm_term=adtribes\" target=\"_self\" rel=\"noopener\">ZENZ Organic \u2013 stymuluj\u0105cy szampon do w\u0142os\u00f3w pure nr 22 250 ml<\/a><\/div><div class=\"mc-post__middle\"><a class=\"mc-post__thumb\" href=\"https:\/\/www.denatuurlijkekappershop.nl\/zenz-organic-stimulating-hair-shampoo-pure-no-22\/?utm_source=Google%20Shopping&#038;utm_campaign=Google%20Shopping%20New&#038;utm_medium=cpc&#038;utm_term=adtribes\" target=\"_self\" rel=\"noopener\"><img class=\"lazyload\" src=\"data:image\/gif;base64,R0lGODlhAQABAAAAACH5BAEKAAEALAAAAAABAAEAAAICTAEAOw==\" data-orig-src=\"https:\/\/www.denatuurlijkekappershop.nl\/wp-content\/uploads\/2025\/11\/ZENZ-Organic-\u2013-stimulating-hair-shampoo-pure-no.-22-250ml.png\" alt=\"ZENZ Organic \u2013 stymuluj\u0105cy szampon do w\u0142os\u00f3w pure nr 22 250 ml\" loading=\"lazy\" decoding=\"async\" \/><\/a><div class=\"mc-post__price\"><span class=\"woocommerce-Price-amount\">34.80 \u20ac<\/span><\/div><\/div><div class=\"mc-post__cta\"><a class=\"mc-btn\" href=\"https:\/\/www.denatuurlijkekappershop.nl\/zenz-organic-stimulating-hair-shampoo-pure-no-22\/?utm_source=Google%20Shopping&#038;utm_campaign=Google%20Shopping%20New&#038;utm_medium=cpc&#038;utm_term=adtribes\" target=\"_self\" rel=\"noopener\">Zobacz produkt<\/a><\/div><\/article><article class=\"mc-post\" role=\"listitem\"><div class=\"mc-post__title\"><a href=\"https:\/\/www.denatuurlijkekappershop.nl\/odylique-ylang-ylang-orange-hand-bodywash\/?attribute_maak-een-keuze=200ml.&#038;utm_source=Google%20Shopping&#038;utm_campaign=Google%20Shopping%20New&#038;utm_medium=cpc&#038;utm_term=adtribes\" target=\"_self\" rel=\"noopener\">Odylique Ylang Ylang &amp; Orange Hand &amp; Bodywash 200 ml.<\/a><\/div><div class=\"mc-post__middle\"><a class=\"mc-post__thumb\" href=\"https:\/\/www.denatuurlijkekappershop.nl\/odylique-ylang-ylang-orange-hand-bodywash\/?attribute_maak-een-keuze=200ml.&#038;utm_source=Google%20Shopping&#038;utm_campaign=Google%20Shopping%20New&#038;utm_medium=cpc&#038;utm_term=adtribes\" target=\"_self\" rel=\"noopener\"><img class=\"lazyload\" src=\"data:image\/gif;base64,R0lGODlhAQABAAAAACH5BAEKAAEALAAAAAABAAEAAAICTAEAOw==\" data-orig-src=\"https:\/\/www.denatuurlijkekappershop.nl\/wp-content\/uploads\/2025\/11\/Odylique-Ylang-Ylang-Orange-Hand-Bodywash.png\" alt=\"Odylique Ylang Ylang &amp; Orange Hand &amp; Bodywash 200 ml.\" loading=\"lazy\" decoding=\"async\" \/><\/a><div class=\"mc-post__price\"><span class=\"woocommerce-Price-amount\">18.00 \u20ac<\/span><\/div><\/div><div class=\"mc-post__cta\"><a class=\"mc-btn\" href=\"https:\/\/www.denatuurlijkekappershop.nl\/odylique-ylang-ylang-orange-hand-bodywash\/?attribute_maak-een-keuze=200ml.&#038;utm_source=Google%20Shopping&#038;utm_campaign=Google%20Shopping%20New&#038;utm_medium=cpc&#038;utm_term=adtribes\" target=\"_self\" rel=\"noopener\">Zobacz produkt<\/a><\/div><\/article><\/div><div class=\"mc-extern-foot\"><div><\/div><div><a class=\"mc-btn--red\" href=\"https:\/\/www.denatuurlijkekappershop.nl\/?s=hittebeschadigd%20haar&#038;post_type=product&#038;dgwt_wcas=1\" target=\"_blank\" rel=\"noopener\">Zobacz wszystkie produkty<\/a><\/div><\/div><\/section><\/p>\n<h2>Zapobieganie nowym uszkodzeniom termicznym<\/h2>\n<ul>\n<li>Przed suszeniem lub stylizacj\u0105 u\u017cyj produktu chroni\u0105cego przed wysok\u0105 temperatur\u0105.<\/li>\n<li>Najlepiej u\u017cywa\u0107 narz\u0119dzi do stylizacji w umiarkowanej temperaturze.<\/li>\n<li>Staraj si\u0119 nie przeczesywa\u0107 tego samego pasma w\u0142os\u00f3w zbyt cz\u0119sto.<\/li>\n<li>Regularnie susz w\u0142osy na powietrzu.<\/li>\n<li>Od czasu do czasu pozw\u00f3l swoim w\u0142osom na okres bez ciep\u0142a.<\/li>\n<\/ul>\n<p>Przeczytaj r\u00f3wnie\u017c:<br \/>\n<a href=\"\/pl\/uszkodzone-wlosy\/\">Uszkodzone w\u0142osy<\/a><br \/>\n<a href=\"\/pl\/puszace-sie-wlosy\/\">Puszyste w\u0142osy<\/a><br \/>\n<a href=\"\/pl\/droge-punten\/\">Suche punkty<\/a><br \/>\n<a href=\"\/pl\/bescherming-tegen-weersinvloeden\/\">Ochrona przed warunkami atmosferycznymi<\/a><\/p>\n<h2>Wniosek: piel\u0119gnacja pomaga w\u0142osom, kt\u00f3re s\u0105 cz\u0119sto stylizowane za pomoc\u0105 ciep\u0142a.<\/h2>\n<p>Je\u015bli w\u0142osy s\u0105 regularnie stylizowane z u\u017cyciem ciep\u0142a, \u0142agodna i od\u017cywcza piel\u0119gnacja mo\u017ce pom\u00f3c im odzyska\u0107 g\u0142adko\u015b\u0107 i po\u0142ysk. Nieznaczne dostosowanie rutyny stylizacji i odpowiednia ochrona w\u0142os\u00f3w pomog\u0105 utrzyma\u0107 je w lepszej kondycji.<\/p>\n<blockquote><p>Zauwa\u017cy\u0142e\u015b, \u017ce narz\u0119dzia do stylizacji sprawiaj\u0105, \u017ce Twoje w\u0142osy s\u0105 bardziej suche lub sztywne? Wybierz produkty do piel\u0119gnacji, kt\u00f3re s\u0105 odpowiednie dla w\u0142os\u00f3w cz\u0119sto poddawanych stylizacji z u\u017cyciem ciep\u0142a.<\/p><\/blockquote>","protected":false},"excerpt":{"rendered":"<p>Hitteschade door stylingtools Gebruik je regelmatig een f\u00f6hn, stijltang of  [&#8230;]<\/p>\n","protected":false},"author":1,"featured_media":0,"parent":0,"menu_order":0,"comment_status":"closed","ping_status":"closed","template":"","meta":{"_acf_changed":false,"_joinchat":[],"footnotes":""},"class_list":["post-2012","page","type-page","status-publish","hentry"],"acf":[],"_links":{"self":[{"href":"https:\/\/www.probleemharen.nl\/pl\/wp-json\/wp\/v2\/pages\/2012","targetHints":{"allow":["GET"]}}],"collection":[{"href":"https:\/\/www.probleemharen.nl\/pl\/wp-json\/wp\/v2\/pages"}],"about":[{"href":"https:\/\/www.probleemharen.nl\/pl\/wp-json\/wp\/v2\/types\/page"}],"author":[{"embeddable":true,"href":"https:\/\/www.probleemharen.nl\/pl\/wp-json\/wp\/v2\/users\/1"}],"replies":[{"embeddable":true,"href":"https:\/\/www.probleemharen.nl\/pl\/wp-json\/wp\/v2\/comments?post=2012"}],"version-history":[{"count":3,"href":"https:\/\/www.probleemharen.nl\/pl\/wp-json\/wp\/v2\/pages\/2012\/revisions"}],"predecessor-version":[{"id":2368,"href":"https:\/\/www.probleemharen.nl\/pl\/wp-json\/wp\/v2\/pages\/2012\/revisions\/2368"}],"wp:attachment":[{"href":"https:\/\/www.probleemharen.nl\/pl\/wp-json\/wp\/v2\/media?parent=2012"}],"curies":[{"name":"wp","href":"https:\/\/api.w.org\/{rel}","templated":true}]}}