{"id":2011,"date":"2025-11-25T09:58:34","date_gmt":"2025-11-25T09:58:34","guid":{"rendered":"https:\/\/www.probleemharen.nl\/?page_id=2011"},"modified":"2026-03-10T12:14:25","modified_gmt":"2026-03-10T12:14:25","slug":"wlosy-zniszczone-chlorem","status":"publish","type":"page","link":"https:\/\/www.probleemharen.nl\/pl\/chloorbeschadigd-haar\/","title":{"rendered":"W\u0142osy zniszczone chlorem"},"content":{"rendered":"<h1>W\u0142osy zniszczone chlorem<\/h1>\n<p>Czy po k\u0105pieli w basenie (chlorowanym) masz wra\u017cenie, \u017ce Twoje w\u0142osy sta\u0142y si\u0119 s\u0142omkowe, suche i matowe? Je\u015bli tak, na Twoje w\u0142osy mog\u0142a mie\u0107 wp\u0142yw chlorowana woda. Chlor i inne chemikalia basenowe mog\u0105 uszkodzi\u0107 naturaln\u0105 warstw\u0119 ochronn\u0105 w\u0142os\u00f3w, powoduj\u0105c utrat\u0119 wilgoci, szybsze \u0142amanie i trudniejsze rozczesywanie. Na szcz\u0119\u015bcie jest wiele rzeczy, kt\u00f3re mo\u017cesz zrobi\u0107, aby lepiej zadba\u0107 o swoje w\u0142osy, a tak\u017ce zmniejszy\u0107 nowy stres.<\/p>\n<h2>Jak rozpozna\u0107 w\u0142osy zniszczone chlorem?<\/h2>\n<p>W\u0142osy obci\u0105\u017cone chlorem cz\u0119sto rozpoznaje si\u0119 po kombinacji objaw\u00f3w. W\u0142osy:<\/p>\n<ul>\n<li>w dotyku szorstkie i suche, zw\u0142aszcza na d\u0142ugo\u015bciach i ko\u0144cach;<\/li>\n<li>szybko si\u0119 pl\u0105cze i trudno je rozczesa\u0107;<\/li>\n<li>traci po\u0142ysk i wygl\u0105da na matow\u0105 lub matow\u0105;<\/li>\n<li>szybciej si\u0119 \u0142amie i ma wi\u0119cej rozdwojonych ko\u0144c\u00f3wek;<\/li>\n<li>mo\u017ce zmieni\u0107 kolor lub sta\u0107 si\u0119 bardziej matowy w przypadku w\u0142os\u00f3w farbowanych.<\/li>\n<\/ul>\n<p>W przypadku w\u0142os\u00f3w jasnych lub rozja\u015bnionych po cz\u0119stym p\u0142ywaniu mo\u017cna czasem zauwa\u017cy\u0107 zielonkawy odcie\u0144. Wynika to z reakcji minera\u0142\u00f3w i chloru na powierzchni w\u0142os\u00f3w. Sk\u00f3ra g\u0142owy mo\u017ce r\u00f3wnie\u017c sta\u0107 si\u0119 bardziej sucha i wra\u017cliwa po cz\u0119stym kontakcie z chlorowan\u0105 wod\u0105.<\/p>\n<h2>Jak chlor wp\u0142ywa na w\u0142osy?<\/h2>\n<p>Chlor oczyszcza wod\u0119 w basenie, ale mo\u017ce r\u00f3wnie\u017c wp\u0142ywa\u0107 na w\u0142osy. Mo\u017ce:<\/p>\n<ul>\n<li>zmniejszy\u0107 cz\u0119\u015b\u0107 naturalnej warstwy t\u0142uszczu, kt\u00f3ra chroni w\u0142osy;<\/li>\n<li>sprawiaj\u0105, \u017ce \u0142uski w\u0142os\u00f3w staj\u0105 si\u0119 bardziej szorstkie;<\/li>\n<li>powoduj\u0105, \u017ce wilgo\u0107 i pigment koloru szybciej opuszczaj\u0105 w\u0142osy;<\/li>\n<li>pozostawiaj\u0105c w\u0142osy bardziej suche.<\/li>\n<\/ul>\n<p>W po\u0142\u0105czeniu ze s\u0142o\u0144cem, s\u0142on\u0105 wod\u0105 lub suszeniem i stylizacj\u0105 efekt ten mo\u017ce si\u0119 nasili\u0107. Dlatego dobrze jest dobrze sp\u0142uka\u0107 w\u0142osy po p\u0142ywaniu i zadba\u0107 o ich piel\u0119gnacj\u0119.<\/p>\n<h2>Jak dba\u0107 o w\u0142osy nara\u017cone na dzia\u0142anie chloru?<\/h2>\n<p>Piel\u0119gnacja zaczyna si\u0119 od delikatnego oczyszczania i zwracania szczeg\u00f3lnej uwagi na nawil\u017cenie. Pomocne jest stosowanie produkt\u00f3w, kt\u00f3re piel\u0119gnuj\u0105 w\u0142osy bez ich dalszego wysuszania:<\/p>\n<ul>\n<li>Wybierz delikatny szampon, kt\u00f3ry \u0142agodnie oczyszcza w\u0142osy i sk\u00f3r\u0119 g\u0142owy.<\/li>\n<li>Po ka\u017cdym myciu u\u017cyj od\u017cywki na d\u0142ugo\u015bci i ko\u0144ce w\u0142os\u00f3w.<\/li>\n<li>Od czasu do czasu u\u017cywaj od\u017cywczej maski do w\u0142os\u00f3w.<\/li>\n<li>Ogranicz \u017ar\u00f3d\u0142a ciep\u0142a, takie jak prostownice i suszarki do w\u0142os\u00f3w lub u\u017cywaj ochraniaczy termicznych.<\/li>\n<li>W razie potrzeby wybierz produkt bez sp\u0142ukiwania, kt\u00f3ry sprawi, \u017ce w\u0142osy b\u0119d\u0105 bardziej mi\u0119kkie i \u0142atwiejsze do rozczesania.<\/li>\n<\/ul>\n<h2>Naturalne produkty do w\u0142os\u00f3w, kt\u00f3re mia\u0142y kontakt z chlorem<\/h2>\n<p>Dzi\u0119ki odpowiednim produktom piel\u0119gnacyjnym mo\u017cesz sprawi\u0107, \u017ce Twoje w\u0142osy zn\u00f3w b\u0119d\u0105 bardziej mi\u0119kkie i podatne na rozczesywanie. Pomy\u015bl o \u0142agodnych szamponach, od\u017cywkach i maskach odpowiednich do w\u0142os\u00f3w suchych lub \u0142amliwych.<\/p>\n<p id=\"productblok\"><style id=\"mc-extern-products-tf-css\">\n.mc-extern-wrap{\n    position:relative;\n    margin:10px 0 18px;\n    background:#E5DAD6;\n    border-radius:12px;\n    padding:16px;\n}\n.mc-extern-head,\n.mc-extern-foot{\n    display:flex;\n    align-items:center;\n    justify-content:space-between;\n    gap:12px;\n}\n.mc-extern-head{margin-bottom:8px;}\n.mc-extern-foot{margin-top:10px;}\n.mc-extern-heading{\n    color:#2C3729;\n    font-size:14px;\n    font-weight:600;\n    letter-spacing:.2px;\n}\n\n\/* Titels en knoppen in Poppins Semi Bold *\/\n.mc-post__title a,\n.mc-btn,\n.mc-extern-foot .mc-btn--red{\n    font-family:\"Poppins\",\"Helvetica Neue\",Arial,sans-serif;\n    font-weight:600;\n}\n\n\/* Footer-knop (accentkleur) *\/\n.mc-extern-foot .mc-btn--red{\n    display:inline-block;\n    padding:12px 16px;\n    background:#CBB57B;\n    color:#2C3729;\n    text-decoration:none;\n    border:none;\n    border-radius:4px;\n    box-shadow:none;\n}\n.mc-extern-foot .mc-btn--red:hover,\n.mc-extern-foot .mc-btn--red:focus{\n    text-decoration:none;\n    opacity:.95;\n    outline:none;\n}\n\n.mc-extern-products__notice{\n    padding:10px 12px;\n    background:#fff3cd;\n    border:1px solid #ffe69c;\n    border-radius:8px;\n}\n\n\/* Grid en cards *\/\n.mc-extern-products{\n    display:grid;\n    grid-template-columns:repeat(var(--mc-cols),minmax(0,1fr));\n    gap:16px;\n    align-items:stretch;\n}\n.mc-post{\n    background:#FFFFFF;\n    border:1px solid #C3C9C0;\n    border-radius:12px;\n    overflow:hidden;\n    display:flex;\n    flex-direction:column;\n    box-shadow:0 1px 3px rgba(0,0,0,.04);\n}\n\n\/* Titel *\/\n.mc-post__title{\n    display:block;\n    padding:12px 14px 0;\n}\n.mc-post__title a{\n    color:#2C3729;\n    text-decoration:none;\n    font-size:16px;\n    line-height:1.35;\n    display:-webkit-box;\n    -webkit-line-clamp:3;\n    -webkit-box-orient:vertical;\n    overflow:hidden;\n    min-height:65px;\n}\n.mc-post__title a:hover{\n    text-decoration:underline;\n}\n\n\/* Middenstuk *\/\n.mc-post__middle{\n    display:grid;\n    grid-template-columns:2fr 1fr;\n    gap:12px;\n    align-items:center;\n    padding:12px 14px;\n}\n.mc-post__thumb{\n    width:100%;\n    aspect-ratio:1\/1;\n    background:#F5F5F5;\n    border-radius:10px;\n    overflow:hidden;\n    border:1px solid #C3C9C0;\n}\n.mc-post__thumb img{\n    width:100%;\n    height:100%;\n    object-fit:contain;\n    display:block;\n}\n.mc-post__price{\n    justify-self:end;\n    font-size:15px;\n    font-weight:600;\n    color:#2C3729;\n}\n\n\/* Knop onderaan card *\/\n.mc-post__cta{\n    padding:0 14px 14px;\n}\n.mc-btn{\n    display:block;\n    width:100%;\n    text-align:center;\n    padding:12px 16px;\n    background:#2C3729;\n    color:#FFFFFF;\n    text-decoration:none;\n    border:none;\n    border-radius:4px;\n    box-shadow:none;\n}\n.mc-btn:hover,\n.mc-btn:focus{\n    text-decoration:none;\n    opacity:.95;\n    outline:none;\n}\n\n\/* Responsive *\/\n@media (max-width:480px){\n    .mc-extern-products{\n        grid-template-columns:repeat(2,minmax(0,1fr));\n        gap:12px;\n    }\n}\n@media (max-width:360px){\n    .mc-extern-products{\n        grid-template-columns:repeat(1,minmax(0,1fr));\n    }\n}\n@media (min-width:768px){\n    .mc-extern-products{\n        grid-template-columns:repeat(min(var(--mc-cols),3),minmax(0,1fr));\n    }\n}\n@media (min-width:1024px){\n    .mc-extern-products{\n        grid-template-columns:repeat(var(--mc-cols),minmax(0,1fr));\n    }\n}\n<\/style><section class=\"mc-extern-wrap\"><div class=\"mc-extern-head\"><div class=\"mc-extern-heading\">Niekt\u00f3re produkty sklepu De Natuurlijke Kapper Shop<\/div><div><\/div><\/div><div class=\"mc-extern-products\" style=\"--mc-cols:4;\"><article class=\"mc-post\" role=\"listitem\"><div class=\"mc-post__title\"><a href=\"https:\/\/www.denatuurlijkekappershop.nl\/its-pure-organics-biologisch-bhringaraj-poeder-100g-100-natuurlijk-haarpoeder\/?utm_source=Google%20Shopping&#038;utm_campaign=Google%20Shopping%20New&#038;utm_medium=cpc&#038;utm_term=adtribes\" target=\"_self\" rel=\"noopener\">It's Pure Organics Organic Bhringaraj Powder 100g - 100% Naturalny proszek do w\u0142os\u00f3w<\/a><\/div><div class=\"mc-post__middle\"><a class=\"mc-post__thumb\" href=\"https:\/\/www.denatuurlijkekappershop.nl\/its-pure-organics-biologisch-bhringaraj-poeder-100g-100-natuurlijk-haarpoeder\/?utm_source=Google%20Shopping&#038;utm_campaign=Google%20Shopping%20New&#038;utm_medium=cpc&#038;utm_term=adtribes\" target=\"_self\" rel=\"noopener\"><img class=\"lazyload\" src=\"data:image\/gif;base64,R0lGODlhAQABAAAAACH5BAEKAAEALAAAAAABAAEAAAICTAEAOw==\" data-orig-src=\"https:\/\/www.denatuurlijkekappershop.nl\/wp-content\/uploads\/2026\/04\/Its-Pure-Organics-Biologisch-Bhringaraj-Poeder-100g-\u2013-100-Natuurlijk-Haarpoeder.png\" alt=\"It&#039;s Pure Organics Organic Bhringaraj Powder 100g - 100% Naturalny proszek do w\u0142os\u00f3w\" loading=\"lazy\" decoding=\"async\" \/><\/a><div class=\"mc-post__price\"><span class=\"woocommerce-Price-amount\">8.20 \u20ac<\/span><\/div><\/div><div class=\"mc-post__cta\"><a class=\"mc-btn\" href=\"https:\/\/www.denatuurlijkekappershop.nl\/its-pure-organics-biologisch-bhringaraj-poeder-100g-100-natuurlijk-haarpoeder\/?utm_source=Google%20Shopping&#038;utm_campaign=Google%20Shopping%20New&#038;utm_medium=cpc&#038;utm_term=adtribes\" target=\"_self\" rel=\"noopener\">Zobacz produkt<\/a><\/div><\/article><article class=\"mc-post\" role=\"listitem\"><div class=\"mc-post__title\"><a href=\"https:\/\/www.denatuurlijkekappershop.nl\/zenz-organic-oil-treatment-no-97-100-ml\/?utm_source=Google%20Shopping&#038;utm_campaign=Google%20Shopping%20New&#038;utm_medium=cpc&#038;utm_term=adtribes\" target=\"_self\" rel=\"noopener\">ZENZ Organic - kuracja olejowa nr 97 (100 ml)<\/a><\/div><div class=\"mc-post__middle\"><a class=\"mc-post__thumb\" href=\"https:\/\/www.denatuurlijkekappershop.nl\/zenz-organic-oil-treatment-no-97-100-ml\/?utm_source=Google%20Shopping&#038;utm_campaign=Google%20Shopping%20New&#038;utm_medium=cpc&#038;utm_term=adtribes\" target=\"_self\" rel=\"noopener\"><img class=\"lazyload\" src=\"data:image\/gif;base64,R0lGODlhAQABAAAAACH5BAEKAAEALAAAAAABAAEAAAICTAEAOw==\" data-orig-src=\"https:\/\/www.denatuurlijkekappershop.nl\/wp-content\/uploads\/2026\/03\/Zenz-Oil-Treatment-Pure-No.-97.png\" alt=\"ZENZ Organic - kuracja olejowa nr 97 (100 ml)\" loading=\"lazy\" decoding=\"async\" \/><\/a><div class=\"mc-post__price\"><span class=\"woocommerce-Price-amount\">53.50 \u20ac<\/span><\/div><\/div><div class=\"mc-post__cta\"><a class=\"mc-btn\" href=\"https:\/\/www.denatuurlijkekappershop.nl\/zenz-organic-oil-treatment-no-97-100-ml\/?utm_source=Google%20Shopping&#038;utm_campaign=Google%20Shopping%20New&#038;utm_medium=cpc&#038;utm_term=adtribes\" target=\"_self\" rel=\"noopener\">Zobacz produkt<\/a><\/div><\/article><article class=\"mc-post\" role=\"listitem\"><div class=\"mc-post__title\"><a href=\"https:\/\/www.denatuurlijkekappershop.nl\/rc-bi-serum-bij-droog-tot-beschadigd-haar\/?utm_source=Google%20Shopping&#038;utm_campaign=Google%20Shopping%20New&#038;utm_medium=cpc&#038;utm_term=adtribes\" target=\"_self\" rel=\"noopener\">R&amp;C bi-serum - do w\u0142os\u00f3w suchych i zniszczonych<\/a><\/div><div class=\"mc-post__middle\"><a class=\"mc-post__thumb\" href=\"https:\/\/www.denatuurlijkekappershop.nl\/rc-bi-serum-bij-droog-tot-beschadigd-haar\/?utm_source=Google%20Shopping&#038;utm_campaign=Google%20Shopping%20New&#038;utm_medium=cpc&#038;utm_term=adtribes\" target=\"_self\" rel=\"noopener\"><img class=\"lazyload\" src=\"data:image\/gif;base64,R0lGODlhAQABAAAAACH5BAEKAAEALAAAAAABAAEAAAICTAEAOw==\" data-orig-src=\"https:\/\/www.denatuurlijkekappershop.nl\/wp-content\/uploads\/2026\/03\/RC-bi-serum-droog-tot-beschadigd-haar.png\" alt=\"R&amp;C bi-serum - do w\u0142os\u00f3w suchych i zniszczonych\" loading=\"lazy\" decoding=\"async\" \/><\/a><div class=\"mc-post__price\"><span class=\"woocommerce-Price-amount\">42.25 \u20ac<\/span><\/div><\/div><div class=\"mc-post__cta\"><a class=\"mc-btn\" href=\"https:\/\/www.denatuurlijkekappershop.nl\/rc-bi-serum-bij-droog-tot-beschadigd-haar\/?utm_source=Google%20Shopping&#038;utm_campaign=Google%20Shopping%20New&#038;utm_medium=cpc&#038;utm_term=adtribes\" target=\"_self\" rel=\"noopener\">Zobacz produkt<\/a><\/div><\/article><article class=\"mc-post\" role=\"listitem\"><div class=\"mc-post__title\"><a href=\"https:\/\/www.denatuurlijkekappershop.nl\/zenz-organic-oil-treatment-deep-wood-no-99-100-ml\/?utm_source=Google%20Shopping&#038;utm_campaign=Google%20Shopping%20New&#038;utm_medium=cpc&#038;utm_term=adtribes\" target=\"_self\" rel=\"noopener\">ZENZ Organic \u2013 olejek do drewna nr 99 (100 ml)<\/a><\/div><div class=\"mc-post__middle\"><a class=\"mc-post__thumb\" href=\"https:\/\/www.denatuurlijkekappershop.nl\/zenz-organic-oil-treatment-deep-wood-no-99-100-ml\/?utm_source=Google%20Shopping&#038;utm_campaign=Google%20Shopping%20New&#038;utm_medium=cpc&#038;utm_term=adtribes\" target=\"_self\" rel=\"noopener\"><img class=\"lazyload\" src=\"data:image\/gif;base64,R0lGODlhAQABAAAAACH5BAEKAAEALAAAAAABAAEAAAICTAEAOw==\" data-orig-src=\"https:\/\/www.denatuurlijkekappershop.nl\/wp-content\/uploads\/2025\/12\/ZENZ-Organic-\u2013-oil-treatment-deep-wood-no.-99-100-ml.png\" alt=\"ZENZ Organic \u2013 olejek do drewna nr 99 (100 ml)\" loading=\"lazy\" decoding=\"async\" \/><\/a><div class=\"mc-post__price\"><span class=\"woocommerce-Price-amount\">53.50 \u20ac<\/span><\/div><\/div><div class=\"mc-post__cta\"><a class=\"mc-btn\" href=\"https:\/\/www.denatuurlijkekappershop.nl\/zenz-organic-oil-treatment-deep-wood-no-99-100-ml\/?utm_source=Google%20Shopping&#038;utm_campaign=Google%20Shopping%20New&#038;utm_medium=cpc&#038;utm_term=adtribes\" target=\"_self\" rel=\"noopener\">Zobacz produkt<\/a><\/div><\/article><article class=\"mc-post\" role=\"listitem\"><div class=\"mc-post__title\"><a href=\"https:\/\/www.denatuurlijkekappershop.nl\/rc-pate-coiffante-medium-75ml\/?utm_source=Google%20Shopping&#038;utm_campaign=Google%20Shopping%20New&#038;utm_medium=cpc&#038;utm_term=adtribes\" target=\"_self\" rel=\"noopener\">Pasta do stylizacji R&amp;C medium 75ml.<\/a><\/div><div class=\"mc-post__middle\"><a class=\"mc-post__thumb\" href=\"https:\/\/www.denatuurlijkekappershop.nl\/rc-pate-coiffante-medium-75ml\/?utm_source=Google%20Shopping&#038;utm_campaign=Google%20Shopping%20New&#038;utm_medium=cpc&#038;utm_term=adtribes\" target=\"_self\" rel=\"noopener\"><img class=\"lazyload\" src=\"data:image\/gif;base64,R0lGODlhAQABAAAAACH5BAEKAAEALAAAAAABAAEAAAICTAEAOw==\" data-orig-src=\"https:\/\/www.denatuurlijkekappershop.nl\/wp-content\/uploads\/2025\/11\/RC-stylingpasta-medium-75ml.png\" alt=\"Pasta do stylizacji R&amp;C medium 75ml.\" loading=\"lazy\" decoding=\"async\" \/><\/a><div class=\"mc-post__price\"><span class=\"woocommerce-Price-amount\">27.50 \u20ac<\/span><\/div><\/div><div class=\"mc-post__cta\"><a class=\"mc-btn\" href=\"https:\/\/www.denatuurlijkekappershop.nl\/rc-pate-coiffante-medium-75ml\/?utm_source=Google%20Shopping&#038;utm_campaign=Google%20Shopping%20New&#038;utm_medium=cpc&#038;utm_term=adtribes\" target=\"_self\" rel=\"noopener\">Zobacz produkt<\/a><\/div><\/article><article class=\"mc-post\" role=\"listitem\"><div class=\"mc-post__title\"><a href=\"https:\/\/www.denatuurlijkekappershop.nl\/zenz-organic-anti-hair-loss-scalp-tonic-pure-no-23-200ml\/?utm_source=Google%20Shopping&#038;utm_campaign=Google%20Shopping%20New&#038;utm_medium=cpc&#038;utm_term=adtribes\" target=\"_self\" rel=\"noopener\">ZENZ Organic - tonik do sk\u00f3ry g\u0142owy czysty nr 23 do przerzedzaj\u0105cych si\u0119 w\u0142os\u00f3w 200ml<\/a><\/div><div class=\"mc-post__middle\"><a class=\"mc-post__thumb\" href=\"https:\/\/www.denatuurlijkekappershop.nl\/zenz-organic-anti-hair-loss-scalp-tonic-pure-no-23-200ml\/?utm_source=Google%20Shopping&#038;utm_campaign=Google%20Shopping%20New&#038;utm_medium=cpc&#038;utm_term=adtribes\" target=\"_self\" rel=\"noopener\"><img class=\"lazyload\" src=\"data:image\/gif;base64,R0lGODlhAQABAAAAACH5BAEKAAEALAAAAAABAAEAAAICTAEAOw==\" data-orig-src=\"https:\/\/www.denatuurlijkekappershop.nl\/wp-content\/uploads\/2025\/11\/ZENZ-Organic-anti-hair-loss-scalp-tonic-pure-no.-23-200ml.png\" alt=\"ZENZ Organic - tonik do sk\u00f3ry g\u0142owy czysty nr 23 do przerzedzaj\u0105cych si\u0119 w\u0142os\u00f3w 200ml\" loading=\"lazy\" decoding=\"async\" \/><\/a><div class=\"mc-post__price\"><span class=\"woocommerce-Price-amount\">80.50 \u20ac<\/span><\/div><\/div><div class=\"mc-post__cta\"><a class=\"mc-btn\" href=\"https:\/\/www.denatuurlijkekappershop.nl\/zenz-organic-anti-hair-loss-scalp-tonic-pure-no-23-200ml\/?utm_source=Google%20Shopping&#038;utm_campaign=Google%20Shopping%20New&#038;utm_medium=cpc&#038;utm_term=adtribes\" target=\"_self\" rel=\"noopener\">Zobacz produkt<\/a><\/div><\/article><article class=\"mc-post\" role=\"listitem\"><div class=\"mc-post__title\"><a href=\"https:\/\/www.denatuurlijkekappershop.nl\/zenz-organic-stimulating-hair-shampoo-pure-no-22\/?utm_source=Google%20Shopping&#038;utm_campaign=Google%20Shopping%20New&#038;utm_medium=cpc&#038;utm_term=adtribes\" target=\"_self\" rel=\"noopener\">ZENZ Organic \u2013 stymuluj\u0105cy szampon do w\u0142os\u00f3w pure nr 22 250 ml<\/a><\/div><div class=\"mc-post__middle\"><a class=\"mc-post__thumb\" href=\"https:\/\/www.denatuurlijkekappershop.nl\/zenz-organic-stimulating-hair-shampoo-pure-no-22\/?utm_source=Google%20Shopping&#038;utm_campaign=Google%20Shopping%20New&#038;utm_medium=cpc&#038;utm_term=adtribes\" target=\"_self\" rel=\"noopener\"><img class=\"lazyload\" src=\"data:image\/gif;base64,R0lGODlhAQABAAAAACH5BAEKAAEALAAAAAABAAEAAAICTAEAOw==\" data-orig-src=\"https:\/\/www.denatuurlijkekappershop.nl\/wp-content\/uploads\/2025\/11\/ZENZ-Organic-\u2013-stimulating-hair-shampoo-pure-no.-22-250ml.png\" alt=\"ZENZ Organic \u2013 stymuluj\u0105cy szampon do w\u0142os\u00f3w pure nr 22 250 ml\" loading=\"lazy\" decoding=\"async\" \/><\/a><div class=\"mc-post__price\"><span class=\"woocommerce-Price-amount\">34.80 \u20ac<\/span><\/div><\/div><div class=\"mc-post__cta\"><a class=\"mc-btn\" href=\"https:\/\/www.denatuurlijkekappershop.nl\/zenz-organic-stimulating-hair-shampoo-pure-no-22\/?utm_source=Google%20Shopping&#038;utm_campaign=Google%20Shopping%20New&#038;utm_medium=cpc&#038;utm_term=adtribes\" target=\"_self\" rel=\"noopener\">Zobacz produkt<\/a><\/div><\/article><article class=\"mc-post\" role=\"listitem\"><div class=\"mc-post__title\"><a href=\"https:\/\/www.denatuurlijkekappershop.nl\/odylique-ylang-ylang-orange-hand-bodywash\/?attribute_maak-een-keuze=200ml.&#038;utm_source=Google%20Shopping&#038;utm_campaign=Google%20Shopping%20New&#038;utm_medium=cpc&#038;utm_term=adtribes\" target=\"_self\" rel=\"noopener\">Odylique Ylang Ylang &amp; Orange Hand &amp; Bodywash 200 ml.<\/a><\/div><div class=\"mc-post__middle\"><a class=\"mc-post__thumb\" href=\"https:\/\/www.denatuurlijkekappershop.nl\/odylique-ylang-ylang-orange-hand-bodywash\/?attribute_maak-een-keuze=200ml.&#038;utm_source=Google%20Shopping&#038;utm_campaign=Google%20Shopping%20New&#038;utm_medium=cpc&#038;utm_term=adtribes\" target=\"_self\" rel=\"noopener\"><img class=\"lazyload\" src=\"data:image\/gif;base64,R0lGODlhAQABAAAAACH5BAEKAAEALAAAAAABAAEAAAICTAEAOw==\" data-orig-src=\"https:\/\/www.denatuurlijkekappershop.nl\/wp-content\/uploads\/2025\/11\/Odylique-Ylang-Ylang-Orange-Hand-Bodywash.png\" alt=\"Odylique Ylang Ylang &amp; Orange Hand &amp; Bodywash 200 ml.\" loading=\"lazy\" decoding=\"async\" \/><\/a><div class=\"mc-post__price\"><span class=\"woocommerce-Price-amount\">18.00 \u20ac<\/span><\/div><\/div><div class=\"mc-post__cta\"><a class=\"mc-btn\" href=\"https:\/\/www.denatuurlijkekappershop.nl\/odylique-ylang-ylang-orange-hand-bodywash\/?attribute_maak-een-keuze=200ml.&#038;utm_source=Google%20Shopping&#038;utm_campaign=Google%20Shopping%20New&#038;utm_medium=cpc&#038;utm_term=adtribes\" target=\"_self\" rel=\"noopener\">Zobacz produkt<\/a><\/div><\/article><\/div><div class=\"mc-extern-foot\"><div><\/div><div><a class=\"mc-btn--red\" href=\"https:\/\/www.denatuurlijkekappershop.nl\/?s=chloor&#038;post_type=product&#038;dgwt_wcas=1\" target=\"_blank\" rel=\"noopener\">Zobacz wszystkie produkty<\/a><\/div><\/div><\/section><\/p>\n<p>Powy\u017csze produkty zosta\u0142y wybrane z my\u015bl\u0105 o w\u0142osach, kt\u00f3rym przyda\u0142aby si\u0119 dodatkowa piel\u0119gnacja po kontakcie z chlorowan\u0105 wod\u0105. S\u0105 one przeznaczone do piel\u0119gnacji w\u0142os\u00f3w suchych lub \u0142amliwych.<\/p>\n<h2>Co mo\u017cna robi\u0107 przed i po p\u0142ywaniu?<\/h2>\n<p>Mo\u017cesz zmniejszy\u0107 wp\u0142yw chloru na w\u0142osy, dbaj\u0105c o nie przed i po p\u0142ywaniu:<\/p>\n<ul>\n<li>Sp\u0142ucz w\u0142osy czyst\u0105 wod\u0105 przed p\u0142ywaniem, aby wch\u0142on\u0119\u0142y mniej wody z basenu.<\/li>\n<li>Je\u015bli to mo\u017cliwe, nale\u017cy nosi\u0107 czepek k\u0105pielowy, zw\u0142aszcza w przypadku w\u0142os\u00f3w farbowanych lub suchych.<\/li>\n<li>W razie potrzeby na\u0142\u00f3\u017c wcze\u015bniej odrobin\u0119 olejku lub od\u017cywki bez sp\u0142ukiwania.<\/li>\n<li>Po k\u0105pieli nale\u017cy natychmiast sp\u0142uka\u0107 w\u0142osy czyst\u0105 wod\u0105.<\/li>\n<li>Nast\u0119pnie umyj w\u0142osy \u0142agodnym szamponem i u\u017cyj od\u017cywki.<\/li>\n<\/ul>\n<p>Przeczytaj r\u00f3wnie\u017c:<br \/>\n<a href=\"\/pl\/uszkodzone-wlosy\/\">Uszkodzone w\u0142osy<\/a><br \/>\n<a href=\"\/pl\/suche-wlosy\/\">Suche w\u0142osy<\/a><br \/>\n<a href=\"\/pl\/detoks-dla-wlosow\/\">Detoks dla w\u0142os\u00f3w<\/a><br \/>\n<a href=\"\/pl\/wlosy-zniszczone-sloncem\/\">W\u0142osy zniszczone s\u0142o\u0144cem<\/a><\/p>\n<h2>Wniosek: dbaj o w\u0142osy po p\u0142ywaniu.<\/h2>\n<p>Chlorowana woda mo\u017ce sprawi\u0107, \u017ce w\u0142osy b\u0119d\u0105 bardziej suche i \u0142amliwe. Dobrze sp\u0142ukuj\u0105c w\u0142osy, delikatnie je oczyszczaj\u0105c i regularnie je piel\u0119gnuj\u0105c, mo\u017cesz sprawi\u0107, \u017ce zn\u00f3w b\u0119d\u0105 bardziej mi\u0119kkie i podatne na rozczesywanie.<\/p>\n<blockquote><p>Lubisz p\u0142ywa\u0107 i chcesz zadba\u0107 o swoje w\u0142osy po kontakcie z chlorowan\u0105 wod\u0105? Wybierz produkt, kt\u00f3ry pasuje do Twojego typu w\u0142os\u00f3w powy\u017cej i dodaj dodatkow\u0105 piel\u0119gnacj\u0119 do swojej rutyny piel\u0119gnacji w\u0142os\u00f3w.<\/p><\/blockquote>","protected":false},"excerpt":{"rendered":"<p>Chloorbeschadigd haar Heb je na het zwemmen in een (chloor)zwembad  [&#8230;]<\/p>\n","protected":false},"author":1,"featured_media":0,"parent":0,"menu_order":0,"comment_status":"closed","ping_status":"closed","template":"","meta":{"_acf_changed":false,"_joinchat":[],"footnotes":""},"class_list":["post-2011","page","type-page","status-publish","hentry"],"acf":[],"_links":{"self":[{"href":"https:\/\/www.probleemharen.nl\/pl\/wp-json\/wp\/v2\/pages\/2011","targetHints":{"allow":["GET"]}}],"collection":[{"href":"https:\/\/www.probleemharen.nl\/pl\/wp-json\/wp\/v2\/pages"}],"about":[{"href":"https:\/\/www.probleemharen.nl\/pl\/wp-json\/wp\/v2\/types\/page"}],"author":[{"embeddable":true,"href":"https:\/\/www.probleemharen.nl\/pl\/wp-json\/wp\/v2\/users\/1"}],"replies":[{"embeddable":true,"href":"https:\/\/www.probleemharen.nl\/pl\/wp-json\/wp\/v2\/comments?post=2011"}],"version-history":[{"count":3,"href":"https:\/\/www.probleemharen.nl\/pl\/wp-json\/wp\/v2\/pages\/2011\/revisions"}],"predecessor-version":[{"id":2341,"href":"https:\/\/www.probleemharen.nl\/pl\/wp-json\/wp\/v2\/pages\/2011\/revisions\/2341"}],"wp:attachment":[{"href":"https:\/\/www.probleemharen.nl\/pl\/wp-json\/wp\/v2\/media?parent=2011"}],"curies":[{"name":"wp","href":"https:\/\/api.w.org\/{rel}","templated":true}]}}