{"id":2008,"date":"2025-11-25T09:58:31","date_gmt":"2025-11-25T09:58:31","guid":{"rendered":"https:\/\/www.probleemharen.nl\/?page_id=2008"},"modified":"2026-03-10T12:27:17","modified_gmt":"2026-03-10T12:27:17","slug":"pozbawione-zycia-i-wiotkie-wlosy","status":"publish","type":"page","link":"https:\/\/www.probleemharen.nl\/pl\/futloos-en-slap-haar\/","title":{"rendered":"Martwe i wiotkie w\u0142osy"},"content":{"rendered":"<p>&nbsp;<\/p>\n<h1>Martwe i wiotkie w\u0142osy<\/h1>\n<p>Czy Twoje w\u0142osy szybko opadaj\u0105, brakuje im obj\u0119to\u015bci i masz wra\u017cenie, \u017ce Twoja fryzura nigdy nie chce pozosta\u0107 na swoim miejscu? Matowe i wiotkie w\u0142osy mog\u0105 wygl\u0105da\u0107 na matowe i cz\u0119sto sprawiaj\u0105 wra\u017cenie ci\u0119\u017ckich lub pozbawionych \u017cycia, nawet je\u015bli w\u0142a\u015bnie je umy\u0142a\u015b. Dzi\u0119ki odpowiednim produktom i kilku zmianom w rutynowej piel\u0119gnacji mo\u017cesz sprawi\u0107, \u017ce Twoje w\u0142osy stan\u0105 si\u0119 l\u017cejsze i nabior\u0105 obj\u0119to\u015bci.<\/p>\n<h2>Jak rozpozna\u0107 martwe i wiotkie w\u0142osy?<\/h2>\n<p>W\u0142osy pozbawione \u017cycia niekoniecznie s\u0105 zniszczone lub bardzo suche, ale przede wszystkim brakuje im spr\u0119\u017cysto\u015bci i obj\u0119to\u015bci. Mo\u017cna to rozpozna\u0107 po:<\/p>\n<ul>\n<li>w\u0142osy, kt\u00f3re szybko przylegaj\u0105 p\u0142asko do g\u0142owy<\/li>\n<li>niewielka g\u0142o\u015bno\u015b\u0107 na pocz\u0105tku<\/li>\n<li>fryzura, kt\u00f3ra szybko opada po stylizacji<\/li>\n<li>w\u0142osy, kt\u00f3re s\u0105 mi\u0119kkie, ale bezkszta\u0142tne<\/li>\n<li>produkty, kt\u00f3re szybko obci\u0105\u017caj\u0105 w\u0142osy<\/li>\n<\/ul>\n<h2>Co mo\u017ce sprawi\u0107, \u017ce w\u0142osy b\u0119d\u0105 pozbawione \u017cycia i wiotkie?<\/h2>\n<p>W gr\u0119 mo\u017ce wchodzi\u0107 kilka czynnik\u00f3w:<\/p>\n<ul>\n<li>naturalnie cienkie w\u0142osy, kt\u00f3re szybko opadaj\u0105<\/li>\n<li>zbyt ci\u0119\u017ckie od\u017cywki, olejki lub maski u nasady w\u0142os\u00f3w<\/li>\n<li>Pozosta\u0142o\u015bci produkt\u00f3w i nagromadzenie spowodowane produktami do stylizacji<\/li>\n<li>niewystarczaj\u0105ce lub nadmierne czyszczenie<\/li>\n<li>piel\u0119gnacja, kt\u00f3ra nie pasuje do rodzaju w\u0142os\u00f3w<\/li>\n<li>hormony, stres lub zmiany w stanie zdrowia<\/li>\n<\/ul>\n<h2>Czego najlepiej unika\u0107 w przypadku pozbawionych \u017cycia i wiotkich w\u0142os\u00f3w?<\/h2>\n<p>Je\u015bli chcesz uzyska\u0107 wi\u0119ksz\u0105 obj\u0119to\u015b\u0107, pomocne mo\u017ce by\u0107 dostosowanie kilku nawyk\u00f3w:<\/p>\n<ul>\n<li>nie u\u017cywaj ci\u0119\u017ckich olej\u00f3w ani bogatych masek u nasady w\u0142os\u00f3w<\/li>\n<li>Unikaj zbyt wielu produkt\u00f3w do stylizacji, kt\u00f3re pozostawiaj\u0105 film.<\/li>\n<li>Nie my\u0107 codziennie silnym, odt\u0142uszczaj\u0105cym szamponem<\/li>\n<li>nie r\u00f3b zbyt d\u0142ugich lub ci\u0119\u017ckich w\u0142os\u00f3w, je\u015bli s\u0105 naturalnie cienkie<\/li>\n<li>Unikaj produkt\u00f3w ekstremalnie wyg\u0142adzaj\u0105cych, je\u015bli zale\u017cy Ci na obj\u0119to\u015bci.<\/li>\n<\/ul>\n<h2>Naturalne produkty dla pozbawionych \u017cycia i wiotkich w\u0142os\u00f3w<\/h2>\n<p>Odpowiednie produkty mog\u0105 nada\u0107 w\u0142osom lekko\u015bci bez ich obci\u0105\u017cania. Pomy\u015bl o szamponach zwi\u0119kszaj\u0105cych obj\u0119to\u015b\u0107, lekkich od\u017cywkach i produktach do stylizacji, kt\u00f3re wspieraj\u0105 w\u0142osy.<\/p>\n<p id=\"productblok\"><style id=\"mc-extern-products-tf-css\">\n.mc-extern-wrap{\n    position:relative;\n    margin:10px 0 18px;\n    background:#E5DAD6;\n    border-radius:12px;\n    padding:16px;\n}\n.mc-extern-head,\n.mc-extern-foot{\n    display:flex;\n    align-items:center;\n    justify-content:space-between;\n    gap:12px;\n}\n.mc-extern-head{margin-bottom:8px;}\n.mc-extern-foot{margin-top:10px;}\n.mc-extern-heading{\n    color:#2C3729;\n    font-size:14px;\n    font-weight:600;\n    letter-spacing:.2px;\n}\n\n\/* Titels en knoppen in Poppins Semi Bold *\/\n.mc-post__title a,\n.mc-btn,\n.mc-extern-foot .mc-btn--red{\n    font-family:\"Poppins\",\"Helvetica Neue\",Arial,sans-serif;\n    font-weight:600;\n}\n\n\/* Footer-knop (accentkleur) *\/\n.mc-extern-foot .mc-btn--red{\n    display:inline-block;\n    padding:12px 16px;\n    background:#CBB57B;\n    color:#2C3729;\n    text-decoration:none;\n    border:none;\n    border-radius:4px;\n    box-shadow:none;\n}\n.mc-extern-foot .mc-btn--red:hover,\n.mc-extern-foot .mc-btn--red:focus{\n    text-decoration:none;\n    opacity:.95;\n    outline:none;\n}\n\n.mc-extern-products__notice{\n    padding:10px 12px;\n    background:#fff3cd;\n    border:1px solid #ffe69c;\n    border-radius:8px;\n}\n\n\/* Grid en cards *\/\n.mc-extern-products{\n    display:grid;\n    grid-template-columns:repeat(var(--mc-cols),minmax(0,1fr));\n    gap:16px;\n    align-items:stretch;\n}\n.mc-post{\n    background:#FFFFFF;\n    border:1px solid #C3C9C0;\n    border-radius:12px;\n    overflow:hidden;\n    display:flex;\n    flex-direction:column;\n    box-shadow:0 1px 3px rgba(0,0,0,.04);\n}\n\n\/* Titel *\/\n.mc-post__title{\n    display:block;\n    padding:12px 14px 0;\n}\n.mc-post__title a{\n    color:#2C3729;\n    text-decoration:none;\n    font-size:16px;\n    line-height:1.35;\n    display:-webkit-box;\n    -webkit-line-clamp:3;\n    -webkit-box-orient:vertical;\n    overflow:hidden;\n    min-height:65px;\n}\n.mc-post__title a:hover{\n    text-decoration:underline;\n}\n\n\/* Middenstuk *\/\n.mc-post__middle{\n    display:grid;\n    grid-template-columns:2fr 1fr;\n    gap:12px;\n    align-items:center;\n    padding:12px 14px;\n}\n.mc-post__thumb{\n    width:100%;\n    aspect-ratio:1\/1;\n    background:#F5F5F5;\n    border-radius:10px;\n    overflow:hidden;\n    border:1px solid #C3C9C0;\n}\n.mc-post__thumb img{\n    width:100%;\n    height:100%;\n    object-fit:contain;\n    display:block;\n}\n.mc-post__price{\n    justify-self:end;\n    font-size:15px;\n    font-weight:600;\n    color:#2C3729;\n}\n\n\/* Knop onderaan card *\/\n.mc-post__cta{\n    padding:0 14px 14px;\n}\n.mc-btn{\n    display:block;\n    width:100%;\n    text-align:center;\n    padding:12px 16px;\n    background:#2C3729;\n    color:#FFFFFF;\n    text-decoration:none;\n    border:none;\n    border-radius:4px;\n    box-shadow:none;\n}\n.mc-btn:hover,\n.mc-btn:focus{\n    text-decoration:none;\n    opacity:.95;\n    outline:none;\n}\n\n\/* Responsive *\/\n@media (max-width:480px){\n    .mc-extern-products{\n        grid-template-columns:repeat(2,minmax(0,1fr));\n        gap:12px;\n    }\n}\n@media (max-width:360px){\n    .mc-extern-products{\n        grid-template-columns:repeat(1,minmax(0,1fr));\n    }\n}\n@media (min-width:768px){\n    .mc-extern-products{\n        grid-template-columns:repeat(min(var(--mc-cols),3),minmax(0,1fr));\n    }\n}\n@media (min-width:1024px){\n    .mc-extern-products{\n        grid-template-columns:repeat(var(--mc-cols),minmax(0,1fr));\n    }\n}\n<\/style><section class=\"mc-extern-wrap\"><div class=\"mc-extern-head\"><div class=\"mc-extern-heading\">Niekt\u00f3re produkty sklepu De Natuurlijke Kapper Shop<\/div><div><\/div><\/div><div class=\"mc-extern-products\" style=\"--mc-cols:4;\"><article class=\"mc-post\" role=\"listitem\"><div class=\"mc-post__title\"><a href=\"https:\/\/www.denatuurlijkekappershop.nl\/rc-bi-serum-bij-droog-tot-beschadigd-haar\/?utm_source=Google%20Shopping&#038;utm_campaign=Google%20Shopping%20New&#038;utm_medium=cpc&#038;utm_term=adtribes\" target=\"_self\" rel=\"noopener\">R&amp;C bi-serum - do w\u0142os\u00f3w suchych i zniszczonych<\/a><\/div><div class=\"mc-post__middle\"><a class=\"mc-post__thumb\" href=\"https:\/\/www.denatuurlijkekappershop.nl\/rc-bi-serum-bij-droog-tot-beschadigd-haar\/?utm_source=Google%20Shopping&#038;utm_campaign=Google%20Shopping%20New&#038;utm_medium=cpc&#038;utm_term=adtribes\" target=\"_self\" rel=\"noopener\"><img class=\"lazyload\" src=\"data:image\/gif;base64,R0lGODlhAQABAAAAACH5BAEKAAEALAAAAAABAAEAAAICTAEAOw==\" data-orig-src=\"https:\/\/www.denatuurlijkekappershop.nl\/wp-content\/uploads\/2026\/03\/RC-bi-serum-droog-tot-beschadigd-haar.png\" alt=\"R&amp;C bi-serum - do w\u0142os\u00f3w suchych i zniszczonych\" loading=\"lazy\" decoding=\"async\" \/><\/a><div class=\"mc-post__price\"><span class=\"woocommerce-Price-amount\">42.25 \u20ac<\/span><\/div><\/div><div class=\"mc-post__cta\"><a class=\"mc-btn\" href=\"https:\/\/www.denatuurlijkekappershop.nl\/rc-bi-serum-bij-droog-tot-beschadigd-haar\/?utm_source=Google%20Shopping&#038;utm_campaign=Google%20Shopping%20New&#038;utm_medium=cpc&#038;utm_term=adtribes\" target=\"_self\" rel=\"noopener\">Zobacz produkt<\/a><\/div><\/article><article class=\"mc-post\" role=\"listitem\"><div class=\"mc-post__title\"><a href=\"https:\/\/www.denatuurlijkekappershop.nl\/zechsal-magnesium-hair-body-wash\/?attribute_selecteer-inhoud=50ml.&#038;utm_source=Google%20Shopping&#038;utm_campaign=Google%20Shopping%20New&#038;utm_medium=cpc&#038;utm_term=adtribes\" target=\"_self\" rel=\"noopener\">Zechsal magnezowy p\u0142yn do mycia w\u0142os\u00f3w i cia\u0142a 50 ml.<\/a><\/div><div class=\"mc-post__middle\"><a class=\"mc-post__thumb\" href=\"https:\/\/www.denatuurlijkekappershop.nl\/zechsal-magnesium-hair-body-wash\/?attribute_selecteer-inhoud=50ml.&#038;utm_source=Google%20Shopping&#038;utm_campaign=Google%20Shopping%20New&#038;utm_medium=cpc&#038;utm_term=adtribes\" target=\"_self\" rel=\"noopener\"><img class=\"lazyload\" src=\"data:image\/gif;base64,R0lGODlhAQABAAAAACH5BAEKAAEALAAAAAABAAEAAAICTAEAOw==\" data-orig-src=\"https:\/\/www.denatuurlijkekappershop.nl\/wp-content\/uploads\/2025\/02\/Zechsal-magnesium-hair-body-wash-50ml-1.png\" alt=\"Zechsal magnezowy p\u0142yn do mycia w\u0142os\u00f3w i cia\u0142a 50 ml.\" loading=\"lazy\" decoding=\"async\" \/><\/a><div class=\"mc-post__price\"><span class=\"woocommerce-Price-amount\">3.95 \u20ac<\/span><\/div><\/div><div class=\"mc-post__cta\"><a class=\"mc-btn\" href=\"https:\/\/www.denatuurlijkekappershop.nl\/zechsal-magnesium-hair-body-wash\/?attribute_selecteer-inhoud=50ml.&#038;utm_source=Google%20Shopping&#038;utm_campaign=Google%20Shopping%20New&#038;utm_medium=cpc&#038;utm_term=adtribes\" target=\"_self\" rel=\"noopener\">Zobacz produkt<\/a><\/div><\/article><article class=\"mc-post\" role=\"listitem\"><div class=\"mc-post__title\"><a href=\"https:\/\/www.denatuurlijkekappershop.nl\/its-pure-neutrale-kleur-voor-versteviging-glans-volume-100g\/?utm_source=Google%20Shopping&#038;utm_campaign=Google%20Shopping%20New&#038;utm_medium=cpc&#038;utm_term=adtribes\" target=\"_self\" rel=\"noopener\">It's Pure neutralny kolor dla wzmocnienia, po\u0142ysku i obj\u0119to\u015bci 100 g<\/a><\/div><div class=\"mc-post__middle\"><a class=\"mc-post__thumb\" href=\"https:\/\/www.denatuurlijkekappershop.nl\/its-pure-neutrale-kleur-voor-versteviging-glans-volume-100g\/?utm_source=Google%20Shopping&#038;utm_campaign=Google%20Shopping%20New&#038;utm_medium=cpc&#038;utm_term=adtribes\" target=\"_self\" rel=\"noopener\"><img class=\"lazyload\" src=\"data:image\/gif;base64,R0lGODlhAQABAAAAACH5BAEKAAEALAAAAAABAAEAAAICTAEAOw==\" data-orig-src=\"https:\/\/www.denatuurlijkekappershop.nl\/wp-content\/uploads\/2024\/11\/Its-Pure-neutrale-kleur-voor-versteviging-glans-en-volume-100g.png\" alt=\"It&#039;s Pure neutralny kolor dla wzmocnienia, po\u0142ysku i obj\u0119to\u015bci 100 g\" loading=\"lazy\" decoding=\"async\" \/><\/a><div class=\"mc-post__price\"><span class=\"woocommerce-Price-amount\">13.20 \u20ac<\/span><\/div><\/div><div class=\"mc-post__cta\"><a class=\"mc-btn\" href=\"https:\/\/www.denatuurlijkekappershop.nl\/its-pure-neutrale-kleur-voor-versteviging-glans-volume-100g\/?utm_source=Google%20Shopping&#038;utm_campaign=Google%20Shopping%20New&#038;utm_medium=cpc&#038;utm_term=adtribes\" target=\"_self\" rel=\"noopener\">Zobacz produkt<\/a><\/div><\/article><article class=\"mc-post\" role=\"listitem\"><div class=\"mc-post__title\"><a href=\"https:\/\/www.denatuurlijkekappershop.nl\/zechsal-magnesium-hair-body-wash\/?attribute_selecteer-inhoud=500ml.&#038;utm_source=Google%20Shopping&#038;utm_campaign=Google%20Shopping%20New&#038;utm_medium=cpc&#038;utm_term=adtribes\" target=\"_self\" rel=\"noopener\">Zechsal magnezowy p\u0142yn do mycia w\u0142os\u00f3w i cia\u0142a 500 ml.<\/a><\/div><div class=\"mc-post__middle\"><a class=\"mc-post__thumb\" href=\"https:\/\/www.denatuurlijkekappershop.nl\/zechsal-magnesium-hair-body-wash\/?attribute_selecteer-inhoud=500ml.&#038;utm_source=Google%20Shopping&#038;utm_campaign=Google%20Shopping%20New&#038;utm_medium=cpc&#038;utm_term=adtribes\" target=\"_self\" rel=\"noopener\"><img class=\"lazyload\" src=\"data:image\/gif;base64,R0lGODlhAQABAAAAACH5BAEKAAEALAAAAAABAAEAAAICTAEAOw==\" data-orig-src=\"https:\/\/www.denatuurlijkekappershop.nl\/wp-content\/uploads\/2024\/06\/Zechsal-magnesium-hair-body-wash-500ml.png\" alt=\"Zechsal magnezowy p\u0142yn do mycia w\u0142os\u00f3w i cia\u0142a 500 ml.\" loading=\"lazy\" decoding=\"async\" \/><\/a><div class=\"mc-post__price\"><span class=\"woocommerce-Price-amount\">26.50 \u20ac<\/span><\/div><\/div><div class=\"mc-post__cta\"><a class=\"mc-btn\" href=\"https:\/\/www.denatuurlijkekappershop.nl\/zechsal-magnesium-hair-body-wash\/?attribute_selecteer-inhoud=500ml.&#038;utm_source=Google%20Shopping&#038;utm_campaign=Google%20Shopping%20New&#038;utm_medium=cpc&#038;utm_term=adtribes\" target=\"_self\" rel=\"noopener\">Zobacz produkt<\/a><\/div><\/article><article class=\"mc-post\" role=\"listitem\"><div class=\"mc-post__title\"><a href=\"https:\/\/www.denatuurlijkekappershop.nl\/zechsal-magnesium-hair-body-wash\/?attribute_selecteer-inhoud=200ml.&#038;utm_source=Google%20Shopping&#038;utm_campaign=Google%20Shopping%20New&#038;utm_medium=cpc&#038;utm_term=adtribes\" target=\"_self\" rel=\"noopener\">Zechsal magnezowy p\u0142yn do mycia w\u0142os\u00f3w i cia\u0142a 200 ml.<\/a><\/div><div class=\"mc-post__middle\"><a class=\"mc-post__thumb\" href=\"https:\/\/www.denatuurlijkekappershop.nl\/zechsal-magnesium-hair-body-wash\/?attribute_selecteer-inhoud=200ml.&#038;utm_source=Google%20Shopping&#038;utm_campaign=Google%20Shopping%20New&#038;utm_medium=cpc&#038;utm_term=adtribes\" target=\"_self\" rel=\"noopener\"><img class=\"lazyload\" src=\"data:image\/gif;base64,R0lGODlhAQABAAAAACH5BAEKAAEALAAAAAABAAEAAAICTAEAOw==\" data-orig-src=\"https:\/\/www.denatuurlijkekappershop.nl\/wp-content\/uploads\/2024\/06\/Zechsal-magnesium-hair-body-wash-200ml.png\" alt=\"Zechsal magnezowy p\u0142yn do mycia w\u0142os\u00f3w i cia\u0142a 200 ml.\" loading=\"lazy\" decoding=\"async\" \/><\/a><div class=\"mc-post__price\"><span class=\"woocommerce-Price-amount\">14.50 \u20ac<\/span><\/div><\/div><div class=\"mc-post__cta\"><a class=\"mc-btn\" href=\"https:\/\/www.denatuurlijkekappershop.nl\/zechsal-magnesium-hair-body-wash\/?attribute_selecteer-inhoud=200ml.&#038;utm_source=Google%20Shopping&#038;utm_campaign=Google%20Shopping%20New&#038;utm_medium=cpc&#038;utm_term=adtribes\" target=\"_self\" rel=\"noopener\">Zobacz produkt<\/a><\/div><\/article><article class=\"mc-post\" role=\"listitem\"><div class=\"mc-post__title\"><a href=\"https:\/\/www.denatuurlijkekappershop.nl\/its-pure-organics-biologisch-bhringaraj-poeder-100g-100-natuurlijk-haarpoeder\/?utm_source=Google%20Shopping&#038;utm_campaign=Google%20Shopping%20New&#038;utm_medium=cpc&#038;utm_term=adtribes\" target=\"_self\" rel=\"noopener\">It's Pure Organics Organic Bhringaraj Powder 100g - 100% Naturalny proszek do w\u0142os\u00f3w<\/a><\/div><div class=\"mc-post__middle\"><a class=\"mc-post__thumb\" href=\"https:\/\/www.denatuurlijkekappershop.nl\/its-pure-organics-biologisch-bhringaraj-poeder-100g-100-natuurlijk-haarpoeder\/?utm_source=Google%20Shopping&#038;utm_campaign=Google%20Shopping%20New&#038;utm_medium=cpc&#038;utm_term=adtribes\" target=\"_self\" rel=\"noopener\"><img class=\"lazyload\" src=\"data:image\/gif;base64,R0lGODlhAQABAAAAACH5BAEKAAEALAAAAAABAAEAAAICTAEAOw==\" data-orig-src=\"https:\/\/www.denatuurlijkekappershop.nl\/wp-content\/uploads\/2026\/04\/Its-Pure-Organics-Biologisch-Bhringaraj-Poeder-100g-\u2013-100-Natuurlijk-Haarpoeder.png\" alt=\"It&#039;s Pure Organics Organic Bhringaraj Powder 100g - 100% Naturalny proszek do w\u0142os\u00f3w\" loading=\"lazy\" decoding=\"async\" \/><\/a><div class=\"mc-post__price\"><span class=\"woocommerce-Price-amount\">8.20 \u20ac<\/span><\/div><\/div><div class=\"mc-post__cta\"><a class=\"mc-btn\" href=\"https:\/\/www.denatuurlijkekappershop.nl\/its-pure-organics-biologisch-bhringaraj-poeder-100g-100-natuurlijk-haarpoeder\/?utm_source=Google%20Shopping&#038;utm_campaign=Google%20Shopping%20New&#038;utm_medium=cpc&#038;utm_term=adtribes\" target=\"_self\" rel=\"noopener\">Zobacz produkt<\/a><\/div><\/article><article class=\"mc-post\" role=\"listitem\"><div class=\"mc-post__title\"><a href=\"https:\/\/www.denatuurlijkekappershop.nl\/zenz-organic-oil-treatment-no-97-100-ml\/?utm_source=Google%20Shopping&#038;utm_campaign=Google%20Shopping%20New&#038;utm_medium=cpc&#038;utm_term=adtribes\" target=\"_self\" rel=\"noopener\">ZENZ Organic - kuracja olejowa nr 97 (100 ml)<\/a><\/div><div class=\"mc-post__middle\"><a class=\"mc-post__thumb\" href=\"https:\/\/www.denatuurlijkekappershop.nl\/zenz-organic-oil-treatment-no-97-100-ml\/?utm_source=Google%20Shopping&#038;utm_campaign=Google%20Shopping%20New&#038;utm_medium=cpc&#038;utm_term=adtribes\" target=\"_self\" rel=\"noopener\"><img class=\"lazyload\" src=\"data:image\/gif;base64,R0lGODlhAQABAAAAACH5BAEKAAEALAAAAAABAAEAAAICTAEAOw==\" data-orig-src=\"https:\/\/www.denatuurlijkekappershop.nl\/wp-content\/uploads\/2026\/03\/Zenz-Oil-Treatment-Pure-No.-97.png\" alt=\"ZENZ Organic - kuracja olejowa nr 97 (100 ml)\" loading=\"lazy\" decoding=\"async\" \/><\/a><div class=\"mc-post__price\"><span class=\"woocommerce-Price-amount\">53.50 \u20ac<\/span><\/div><\/div><div class=\"mc-post__cta\"><a class=\"mc-btn\" href=\"https:\/\/www.denatuurlijkekappershop.nl\/zenz-organic-oil-treatment-no-97-100-ml\/?utm_source=Google%20Shopping&#038;utm_campaign=Google%20Shopping%20New&#038;utm_medium=cpc&#038;utm_term=adtribes\" target=\"_self\" rel=\"noopener\">Zobacz produkt<\/a><\/div><\/article><article class=\"mc-post\" role=\"listitem\"><div class=\"mc-post__title\"><a href=\"https:\/\/www.denatuurlijkekappershop.nl\/zenz-organic-oil-treatment-deep-wood-no-99-100-ml\/?utm_source=Google%20Shopping&#038;utm_campaign=Google%20Shopping%20New&#038;utm_medium=cpc&#038;utm_term=adtribes\" target=\"_self\" rel=\"noopener\">ZENZ Organic \u2013 olejek do drewna nr 99 (100 ml)<\/a><\/div><div class=\"mc-post__middle\"><a class=\"mc-post__thumb\" href=\"https:\/\/www.denatuurlijkekappershop.nl\/zenz-organic-oil-treatment-deep-wood-no-99-100-ml\/?utm_source=Google%20Shopping&#038;utm_campaign=Google%20Shopping%20New&#038;utm_medium=cpc&#038;utm_term=adtribes\" target=\"_self\" rel=\"noopener\"><img class=\"lazyload\" src=\"data:image\/gif;base64,R0lGODlhAQABAAAAACH5BAEKAAEALAAAAAABAAEAAAICTAEAOw==\" data-orig-src=\"https:\/\/www.denatuurlijkekappershop.nl\/wp-content\/uploads\/2025\/12\/ZENZ-Organic-\u2013-oil-treatment-deep-wood-no.-99-100-ml.png\" alt=\"ZENZ Organic \u2013 olejek do drewna nr 99 (100 ml)\" loading=\"lazy\" decoding=\"async\" \/><\/a><div class=\"mc-post__price\"><span class=\"woocommerce-Price-amount\">53.50 \u20ac<\/span><\/div><\/div><div class=\"mc-post__cta\"><a class=\"mc-btn\" href=\"https:\/\/www.denatuurlijkekappershop.nl\/zenz-organic-oil-treatment-deep-wood-no-99-100-ml\/?utm_source=Google%20Shopping&#038;utm_campaign=Google%20Shopping%20New&#038;utm_medium=cpc&#038;utm_term=adtribes\" target=\"_self\" rel=\"noopener\">Zobacz produkt<\/a><\/div><\/article><\/div><div class=\"mc-extern-foot\"><div><\/div><div><a class=\"mc-btn--red\" href=\"https:\/\/www.denatuurlijkekappershop.nl\/?s=futloos%20haar&#038;post_type=product&#038;dgwt_wcas=1\" target=\"_blank\" rel=\"noopener\">Zobacz wszystkie produkty<\/a><\/div><\/div><\/section><\/p>\n<p>Powy\u017csze produkty zosta\u0142y wybrane z my\u015bl\u0105 o w\u0142osach, kt\u00f3rym przyda\u0142aby si\u0119 wi\u0119ksza obj\u0119to\u015b\u0107 i zwiewno\u015b\u0107.<\/p>\n<h2>Oto jak nada\u0107 pozbawionym \u017cycia w\u0142osom wi\u0119ksz\u0105 obj\u0119to\u015b\u0107 w codziennej rutynie<\/h2>\n<p>Dzi\u0119ki kilku prostym zmianom mo\u017cesz sprawi\u0107, \u017ce Twoje w\u0142osy b\u0119d\u0105 wygl\u0105da\u0107 na pe\u0142niejsze:<\/p>\n<ul>\n<li>U\u017cyj lekkiego szamponu i dobrze sp\u0142ucz w\u0142osy.<\/li>\n<li>Na\u0142\u00f3\u017c od\u017cywk\u0119 tylko na d\u0142ugo\u015bci i ko\u0144ce w\u0142os\u00f3w.<\/li>\n<li>W razie potrzeby wysusz w\u0142osy z g\u0142ow\u0105 skierowan\u0105 do przodu, aby unie\u015b\u0107 je u nasady.<\/li>\n<li>U\u017cyj pianki zwi\u0119kszaj\u0105cej obj\u0119to\u015b\u0107 lub sprayu u nasady w\u0142os\u00f3w.<\/li>\n<li>Od czasu do czasu zmieniaj przedzia\u0142ek, aby odrosty by\u0142y mniej p\u0142askie.<\/li>\n<\/ul>\n<h2>Kiedy nale\u017cy zachowa\u0107 szczeg\u00f3ln\u0105 ostro\u017cno\u015b\u0107?<\/h2>\n<p>Zwr\u00f3\u0107 szczeg\u00f3ln\u0105 uwag\u0119, je\u015bli opr\u00f3cz martwych w\u0142os\u00f3w zauwa\u017cysz inne oznaki, takie jak:<\/p>\n<ul>\n<li>nag\u0142y wzrost wypadania w\u0142os\u00f3w<\/li>\n<li>przerzedzone w\u0142osy lub znacznie bardziej widoczna sk\u00f3ra g\u0142owy<\/li>\n<li>problemy ze sk\u00f3r\u0105 g\u0142owy, takie jak sw\u0119dzenie, b\u00f3l lub \u0142uszczenie si\u0119 sk\u00f3ry<\/li>\n<\/ul>\n<p>W takim przypadku rozs\u0105dne mo\u017ce by\u0107 r\u00f3wnie\u017c zbadanie sk\u00f3ry g\u0142owy i og\u00f3lnego stanu zdrowia.<\/p>\n<p>Przeczytaj r\u00f3wnie\u017c:<br \/>\n<a href=\"\/pl\/przerzedzenie-wlosow\/\">Przerzedzone w\u0142osy<\/a><br \/>\n<a href=\"\/pl\/wypadanie-wlosow\/\">Wypadanie w\u0142os\u00f3w<\/a><br \/>\n<a href=\"\/pl\/suche-wlosy\/\">Suche w\u0142osy<\/a><br \/>\n<a href=\"\/pl\/wlosy-przetluszczajace-sie\/\">W\u0142osy przet\u0142uszczaj\u0105ce si\u0119<\/a><\/p>\n<h2>Wniosek: pozbawione \u017cycia i wiotkie w\u0142osy wymagaj\u0105 lekkiej piel\u0119gnacji.<\/h2>\n<p>W\u0142osy pozbawione \u017cycia i wiotkie cz\u0119sto korzystaj\u0105 z lekkich, przewiewnych produkt\u00f3w i rutyny, kt\u00f3ra nie obci\u0105\u017ca w\u0142os\u00f3w. Ograniczaj\u0105c pozosta\u0142o\u015bci produktu i nadaj\u0105c cebulkom ukierunkowane uniesienie, w\u0142osy mog\u0105 zyska\u0107 wi\u0119ksz\u0105 obj\u0119to\u015b\u0107 i ruch.<\/p>\n<blockquote><p>Chcesz pozby\u0107 si\u0119 pozbawionych \u017cycia, wiotkich w\u0142os\u00f3w, kt\u00f3re szybko opadaj\u0105? Wybierz \u0142agodn\u0105 piel\u0119gnacj\u0119 zwi\u0119kszaj\u0105c\u0105 obj\u0119to\u015b\u0107, kt\u00f3ra pasuje do Twojego typu w\u0142os\u00f3w.<\/p><\/blockquote>","protected":false},"excerpt":{"rendered":"<p>&nbsp; Futloos en slap haar Zakt je haar snel in,  [&#8230;]<\/p>\n","protected":false},"author":1,"featured_media":0,"parent":0,"menu_order":0,"comment_status":"closed","ping_status":"closed","template":"","meta":{"_acf_changed":false,"_joinchat":[],"footnotes":""},"class_list":["post-2008","page","type-page","status-publish","hentry"],"acf":[],"_links":{"self":[{"href":"https:\/\/www.probleemharen.nl\/pl\/wp-json\/wp\/v2\/pages\/2008","targetHints":{"allow":["GET"]}}],"collection":[{"href":"https:\/\/www.probleemharen.nl\/pl\/wp-json\/wp\/v2\/pages"}],"about":[{"href":"https:\/\/www.probleemharen.nl\/pl\/wp-json\/wp\/v2\/types\/page"}],"author":[{"embeddable":true,"href":"https:\/\/www.probleemharen.nl\/pl\/wp-json\/wp\/v2\/users\/1"}],"replies":[{"embeddable":true,"href":"https:\/\/www.probleemharen.nl\/pl\/wp-json\/wp\/v2\/comments?post=2008"}],"version-history":[{"count":4,"href":"https:\/\/www.probleemharen.nl\/pl\/wp-json\/wp\/v2\/pages\/2008\/revisions"}],"predecessor-version":[{"id":2348,"href":"https:\/\/www.probleemharen.nl\/pl\/wp-json\/wp\/v2\/pages\/2008\/revisions\/2348"}],"wp:attachment":[{"href":"https:\/\/www.probleemharen.nl\/pl\/wp-json\/wp\/v2\/media?parent=2008"}],"curies":[{"name":"wp","href":"https:\/\/api.w.org\/{rel}","templated":true}]}}