{"id":2005,"date":"2025-11-25T09:58:32","date_gmt":"2025-11-25T09:58:32","guid":{"rendered":"https:\/\/www.probleemharen.nl\/?page_id=2005"},"modified":"2026-03-10T12:25:40","modified_gmt":"2026-03-10T12:25:40","slug":"przerzedzenie-wlosow","status":"publish","type":"page","link":"https:\/\/www.probleemharen.nl\/pl\/dunner-wordend-haar\/","title":{"rendered":"Przerzedzone w\u0142osy"},"content":{"rendered":"<h1>Przerzedzone w\u0142osy<\/h1>\n<p>Czy twoje w\u0142osy s\u0105 mniej pe\u0142ne, czy widzisz wi\u0119cej sk\u00f3ry g\u0142owy przez w\u0142osy lub czy twoje d\u0142ugo\u015bci wydaj\u0105 si\u0119 coraz cie\u0144sze i bardziej kruche? W takim razie mo\u017cesz mie\u0107 do czynienia z przerzedzaniem si\u0119 w\u0142os\u00f3w. Mo\u017ce to nast\u0119powa\u0107 bardzo stopniowo i czasami by\u0107 frustruj\u0105ce. Dzi\u0119ki starannej i delikatnej rutynie piel\u0119gnacyjnej mo\u017cesz jak najlepiej wspiera\u0107 swoje w\u0142osy i sk\u00f3r\u0119 g\u0142owy.<\/p>\n<h2>Jak rozpozna\u0107 przerzedzenie w\u0142os\u00f3w?<\/h2>\n<p>Przerzedzenie w\u0142os\u00f3w wygl\u0105da inaczej ni\u017c ich \u0142amanie si\u0119 lub regularne wypadanie. Zwr\u00f3\u0107 na to szczeg\u00f3ln\u0105 uwag\u0119:<\/p>\n<ul>\n<li>w\u0142osy staj\u0105 si\u0119 delikatniejsze lub maj\u0105 bardziej mi\u0119kk\u0105 tekstur\u0119<\/li>\n<li>mniejsza obj\u0119to\u015b\u0107 na pocz\u0105tku<\/li>\n<li>bardziej widoczna sk\u00f3ra g\u0142owy, szczeg\u00f3lnie przy przedzia\u0142ku i koronie<\/li>\n<li>mniej cia\u0142a i odporno\u015bci<\/li>\n<li>w\u0142osy, kt\u00f3re s\u0105 bardziej kruche lub trudne do u\u0142o\u017cenia<\/li>\n<\/ul>\n<p>Mo\u017ce wyst\u0105pi\u0107 z powodu predyspozycji genetycznych, nawyk\u00f3w stylizacyjnych, zmian hormonalnych lub wra\u017cliwej sk\u00f3ry g\u0142owy.<\/p>\n<h2>Co mo\u017ce powodowa\u0107 przerzedzenie w\u0142os\u00f3w?<\/h2>\n<p>Przerzedzenie w\u0142os\u00f3w mo\u017ce mie\u0107 kilka przyczyn:<\/p>\n<ul>\n<li>wahania hormonalne, takie jak ci\u0105\u017ca, menopauza lub stres<\/li>\n<li>cz\u0119ste u\u017cywanie narz\u0119dzi do stylizacji, takich jak suszarka do w\u0142os\u00f3w, prostownica lub lok\u00f3wka<\/li>\n<li>odwodnienie w\u0142os\u00f3w lub niewystarczaj\u0105ca piel\u0119gnacja<\/li>\n<li>zbyt cz\u0119ste mycie lub u\u017cywanie silnych szampon\u00f3w<\/li>\n<li>problemy ze sk\u00f3r\u0105 g\u0142owy, takie jak \u0142uszczenie si\u0119 lub podra\u017cnienie<\/li>\n<li>czynniki dziedziczne<\/li>\n<\/ul>\n<h2>Czego lepiej unika\u0107?<\/h2>\n<p>Wszystko, co niepotrzebnie obci\u0105\u017ca w\u0142osy, mo\u017ce sprawi\u0107, \u017ce b\u0119d\u0105 one bardziej kruche. Dlatego staraj si\u0119 je ogranicza\u0107:<\/p>\n<ul>\n<li>narz\u0119dzia do stylizacji na gor\u0105co bez zabezpieczenia<\/li>\n<li>szorstkie szczotkowanie lub czesanie suchych w\u0142os\u00f3w<\/li>\n<li>ciasne gumki lub fryzury, kt\u00f3re ci\u0105gn\u0105<\/li>\n<li>produkty wysuszaj\u0105ce lub silne \u015brodki czyszcz\u0105ce<\/li>\n<\/ul>\n<h2>Naturalne produkty na przerzedzaj\u0105ce si\u0119 w\u0142osy<\/h2>\n<p>Poni\u017csze produkty s\u0105 odpowiednie dla os\u00f3b, kt\u00f3re chc\u0105 dodatkowo zadba\u0107 o swoje w\u0142osy i sk\u00f3r\u0119 g\u0142owy, gdy w\u0142osy s\u0105 delikatniejsze lub mniej pe\u0142ne.<\/p>\n<p id=\"productblok\"><style id=\"mc-extern-products-tf-css\">\n.mc-extern-wrap{\n    position:relative;\n    margin:10px 0 18px;\n    background:#E5DAD6;\n    border-radius:12px;\n    padding:16px;\n}\n.mc-extern-head,\n.mc-extern-foot{\n    display:flex;\n    align-items:center;\n    justify-content:space-between;\n    gap:12px;\n}\n.mc-extern-head{margin-bottom:8px;}\n.mc-extern-foot{margin-top:10px;}\n.mc-extern-heading{\n    color:#2C3729;\n    font-size:14px;\n    font-weight:600;\n    letter-spacing:.2px;\n}\n\n\/* Titels en knoppen in Poppins Semi Bold *\/\n.mc-post__title a,\n.mc-btn,\n.mc-extern-foot .mc-btn--red{\n    font-family:\"Poppins\",\"Helvetica Neue\",Arial,sans-serif;\n    font-weight:600;\n}\n\n\/* Footer-knop (accentkleur) *\/\n.mc-extern-foot .mc-btn--red{\n    display:inline-block;\n    padding:12px 16px;\n    background:#CBB57B;\n    color:#2C3729;\n    text-decoration:none;\n    border:none;\n    border-radius:4px;\n    box-shadow:none;\n}\n.mc-extern-foot .mc-btn--red:hover,\n.mc-extern-foot .mc-btn--red:focus{\n    text-decoration:none;\n    opacity:.95;\n    outline:none;\n}\n\n.mc-extern-products__notice{\n    padding:10px 12px;\n    background:#fff3cd;\n    border:1px solid #ffe69c;\n    border-radius:8px;\n}\n\n\/* Grid en cards *\/\n.mc-extern-products{\n    display:grid;\n    grid-template-columns:repeat(var(--mc-cols),minmax(0,1fr));\n    gap:16px;\n    align-items:stretch;\n}\n.mc-post{\n    background:#FFFFFF;\n    border:1px solid #C3C9C0;\n    border-radius:12px;\n    overflow:hidden;\n    display:flex;\n    flex-direction:column;\n    box-shadow:0 1px 3px rgba(0,0,0,.04);\n}\n\n\/* Titel *\/\n.mc-post__title{\n    display:block;\n    padding:12px 14px 0;\n}\n.mc-post__title a{\n    color:#2C3729;\n    text-decoration:none;\n    font-size:16px;\n    line-height:1.35;\n    display:-webkit-box;\n    -webkit-line-clamp:3;\n    -webkit-box-orient:vertical;\n    overflow:hidden;\n    min-height:65px;\n}\n.mc-post__title a:hover{\n    text-decoration:underline;\n}\n\n\/* Middenstuk *\/\n.mc-post__middle{\n    display:grid;\n    grid-template-columns:2fr 1fr;\n    gap:12px;\n    align-items:center;\n    padding:12px 14px;\n}\n.mc-post__thumb{\n    width:100%;\n    aspect-ratio:1\/1;\n    background:#F5F5F5;\n    border-radius:10px;\n    overflow:hidden;\n    border:1px solid #C3C9C0;\n}\n.mc-post__thumb img{\n    width:100%;\n    height:100%;\n    object-fit:contain;\n    display:block;\n}\n.mc-post__price{\n    justify-self:end;\n    font-size:15px;\n    font-weight:600;\n    color:#2C3729;\n}\n\n\/* Knop onderaan card *\/\n.mc-post__cta{\n    padding:0 14px 14px;\n}\n.mc-btn{\n    display:block;\n    width:100%;\n    text-align:center;\n    padding:12px 16px;\n    background:#2C3729;\n    color:#FFFFFF;\n    text-decoration:none;\n    border:none;\n    border-radius:4px;\n    box-shadow:none;\n}\n.mc-btn:hover,\n.mc-btn:focus{\n    text-decoration:none;\n    opacity:.95;\n    outline:none;\n}\n\n\/* Responsive *\/\n@media (max-width:480px){\n    .mc-extern-products{\n        grid-template-columns:repeat(2,minmax(0,1fr));\n        gap:12px;\n    }\n}\n@media (max-width:360px){\n    .mc-extern-products{\n        grid-template-columns:repeat(1,minmax(0,1fr));\n    }\n}\n@media (min-width:768px){\n    .mc-extern-products{\n        grid-template-columns:repeat(min(var(--mc-cols),3),minmax(0,1fr));\n    }\n}\n@media (min-width:1024px){\n    .mc-extern-products{\n        grid-template-columns:repeat(var(--mc-cols),minmax(0,1fr));\n    }\n}\n<\/style><section class=\"mc-extern-wrap\"><div class=\"mc-extern-head\"><div class=\"mc-extern-heading\">Niekt\u00f3re produkty sklepu De Natuurlijke Kapper Shop<\/div><div><\/div><\/div><div class=\"mc-extern-products\" style=\"--mc-cols:4;\"><article class=\"mc-post\" role=\"listitem\"><div class=\"mc-post__title\"><a href=\"https:\/\/www.denatuurlijkekappershop.nl\/zenz-organic-anti-hair-loss-scalp-tonic-pure-no-23-200ml\/?utm_source=Google%20Shopping&#038;utm_campaign=Google%20Shopping%20New&#038;utm_medium=cpc&#038;utm_term=adtribes\" target=\"_self\" rel=\"noopener\">ZENZ Organic - tonik do sk\u00f3ry g\u0142owy czysty nr 23 do przerzedzaj\u0105cych si\u0119 w\u0142os\u00f3w 200ml<\/a><\/div><div class=\"mc-post__middle\"><a class=\"mc-post__thumb\" href=\"https:\/\/www.denatuurlijkekappershop.nl\/zenz-organic-anti-hair-loss-scalp-tonic-pure-no-23-200ml\/?utm_source=Google%20Shopping&#038;utm_campaign=Google%20Shopping%20New&#038;utm_medium=cpc&#038;utm_term=adtribes\" target=\"_self\" rel=\"noopener\"><img class=\"lazyload\" src=\"data:image\/gif;base64,R0lGODlhAQABAAAAACH5BAEKAAEALAAAAAABAAEAAAICTAEAOw==\" data-orig-src=\"https:\/\/www.denatuurlijkekappershop.nl\/wp-content\/uploads\/2025\/11\/ZENZ-Organic-anti-hair-loss-scalp-tonic-pure-no.-23-200ml.png\" alt=\"ZENZ Organic - tonik do sk\u00f3ry g\u0142owy czysty nr 23 do przerzedzaj\u0105cych si\u0119 w\u0142os\u00f3w 200ml\" loading=\"lazy\" decoding=\"async\" \/><\/a><div class=\"mc-post__price\"><span class=\"woocommerce-Price-amount\">80.50 \u20ac<\/span><\/div><\/div><div class=\"mc-post__cta\"><a class=\"mc-btn\" href=\"https:\/\/www.denatuurlijkekappershop.nl\/zenz-organic-anti-hair-loss-scalp-tonic-pure-no-23-200ml\/?utm_source=Google%20Shopping&#038;utm_campaign=Google%20Shopping%20New&#038;utm_medium=cpc&#038;utm_term=adtribes\" target=\"_self\" rel=\"noopener\">Zobacz produkt<\/a><\/div><\/article><article class=\"mc-post\" role=\"listitem\"><div class=\"mc-post__title\"><a href=\"https:\/\/www.denatuurlijkekappershop.nl\/zenz-organic-stimulating-hair-shampoo-pure-no-22\/?utm_source=Google%20Shopping&#038;utm_campaign=Google%20Shopping%20New&#038;utm_medium=cpc&#038;utm_term=adtribes\" target=\"_self\" rel=\"noopener\">ZENZ Organic \u2013 stymuluj\u0105cy szampon do w\u0142os\u00f3w pure nr 22 250 ml<\/a><\/div><div class=\"mc-post__middle\"><a class=\"mc-post__thumb\" href=\"https:\/\/www.denatuurlijkekappershop.nl\/zenz-organic-stimulating-hair-shampoo-pure-no-22\/?utm_source=Google%20Shopping&#038;utm_campaign=Google%20Shopping%20New&#038;utm_medium=cpc&#038;utm_term=adtribes\" target=\"_self\" rel=\"noopener\"><img class=\"lazyload\" src=\"data:image\/gif;base64,R0lGODlhAQABAAAAACH5BAEKAAEALAAAAAABAAEAAAICTAEAOw==\" data-orig-src=\"https:\/\/www.denatuurlijkekappershop.nl\/wp-content\/uploads\/2025\/11\/ZENZ-Organic-\u2013-stimulating-hair-shampoo-pure-no.-22-250ml.png\" alt=\"ZENZ Organic \u2013 stymuluj\u0105cy szampon do w\u0142os\u00f3w pure nr 22 250 ml\" loading=\"lazy\" decoding=\"async\" \/><\/a><div class=\"mc-post__price\"><span class=\"woocommerce-Price-amount\">34.80 \u20ac<\/span><\/div><\/div><div class=\"mc-post__cta\"><a class=\"mc-btn\" href=\"https:\/\/www.denatuurlijkekappershop.nl\/zenz-organic-stimulating-hair-shampoo-pure-no-22\/?utm_source=Google%20Shopping&#038;utm_campaign=Google%20Shopping%20New&#038;utm_medium=cpc&#038;utm_term=adtribes\" target=\"_self\" rel=\"noopener\">Zobacz produkt<\/a><\/div><\/article><article class=\"mc-post\" role=\"listitem\"><div class=\"mc-post__title\"><a href=\"https:\/\/www.denatuurlijkekappershop.nl\/rc-dermo-chute-serum-100ml\/?attribute_maak-een-keuze=Dermo-Chute+Serum+100ml&#038;utm_source=Google%20Shopping&#038;utm_campaign=Google%20Shopping%20New&#038;utm_medium=cpc&#038;utm_term=adtribes\" target=\"_self\" rel=\"noopener\">R&amp;C dermo-chute serum 100 ml Dermo-Chute Serum 100 ml<\/a><\/div><div class=\"mc-post__middle\"><a class=\"mc-post__thumb\" href=\"https:\/\/www.denatuurlijkekappershop.nl\/rc-dermo-chute-serum-100ml\/?attribute_maak-een-keuze=Dermo-Chute+Serum+100ml&#038;utm_source=Google%20Shopping&#038;utm_campaign=Google%20Shopping%20New&#038;utm_medium=cpc&#038;utm_term=adtribes\" target=\"_self\" rel=\"noopener\"><img class=\"lazyload\" src=\"data:image\/gif;base64,R0lGODlhAQABAAAAACH5BAEKAAEALAAAAAABAAEAAAICTAEAOw==\" data-orig-src=\"https:\/\/www.denatuurlijkekappershop.nl\/wp-content\/uploads\/2025\/02\/RC-dermo-chute-serum-100ml.png\" alt=\"R&amp;C dermo-chute serum 100 ml Dermo-Chute Serum 100 ml\" loading=\"lazy\" decoding=\"async\" \/><\/a><div class=\"mc-post__price\"><span class=\"woocommerce-Price-amount\">99.00 \u20ac<\/span><\/div><\/div><div class=\"mc-post__cta\"><a class=\"mc-btn\" href=\"https:\/\/www.denatuurlijkekappershop.nl\/rc-dermo-chute-serum-100ml\/?attribute_maak-een-keuze=Dermo-Chute+Serum+100ml&#038;utm_source=Google%20Shopping&#038;utm_campaign=Google%20Shopping%20New&#038;utm_medium=cpc&#038;utm_term=adtribes\" target=\"_self\" rel=\"noopener\">Zobacz produkt<\/a><\/div><\/article><article class=\"mc-post\" role=\"listitem\"><div class=\"mc-post__title\"><a href=\"https:\/\/www.denatuurlijkekappershop.nl\/zenz-organic-kleur-voor-1-dag-volume-boost-dark-brown-donkerbruin-nr-37\/?utm_source=Google%20Shopping&#038;utm_campaign=Google%20Shopping%20New&#038;utm_medium=cpc&#038;utm_term=adtribes\" target=\"_self\" rel=\"noopener\">ZENZ Organic - kolor na 1 dzie\u0144 i zwi\u0119kszenie obj\u0119to\u015bci ciemny br\u0105z \/ ciemny br\u0105z nr 37<\/a><\/div><div class=\"mc-post__middle\"><a class=\"mc-post__thumb\" href=\"https:\/\/www.denatuurlijkekappershop.nl\/zenz-organic-kleur-voor-1-dag-volume-boost-dark-brown-donkerbruin-nr-37\/?utm_source=Google%20Shopping&#038;utm_campaign=Google%20Shopping%20New&#038;utm_medium=cpc&#038;utm_term=adtribes\" target=\"_self\" rel=\"noopener\"><img class=\"lazyload\" src=\"data:image\/gif;base64,R0lGODlhAQABAAAAACH5BAEKAAEALAAAAAABAAEAAAICTAEAOw==\" data-orig-src=\"https:\/\/www.denatuurlijkekappershop.nl\/wp-content\/uploads\/2024\/12\/ZENZ-Organic-kleur-voor-1-dag-volume-boost-dark-brown-donkerbruin-nr.-37.png\" alt=\"ZENZ Organic - kolor na 1 dzie\u0144 i zwi\u0119kszenie obj\u0119to\u015bci ciemny br\u0105z \/ ciemny br\u0105z nr 37\" loading=\"lazy\" decoding=\"async\" \/><\/a><div class=\"mc-post__price\"><span class=\"woocommerce-Price-amount\">49.50 \u20ac<\/span><\/div><\/div><div class=\"mc-post__cta\"><a class=\"mc-btn\" href=\"https:\/\/www.denatuurlijkekappershop.nl\/zenz-organic-kleur-voor-1-dag-volume-boost-dark-brown-donkerbruin-nr-37\/?utm_source=Google%20Shopping&#038;utm_campaign=Google%20Shopping%20New&#038;utm_medium=cpc&#038;utm_term=adtribes\" target=\"_self\" rel=\"noopener\">Zobacz produkt<\/a><\/div><\/article><article class=\"mc-post\" role=\"listitem\"><div class=\"mc-post__title\"><a href=\"https:\/\/www.denatuurlijkekappershop.nl\/zenz-organic-kleur-voor-1-dag-volume-boost-nr-36-roodbruin\/?utm_source=Google%20Shopping&#038;utm_campaign=Google%20Shopping%20New&#038;utm_medium=cpc&#038;utm_term=adtribes\" target=\"_self\" rel=\"noopener\">ZENZ Organic - koloryzacja na 1 dzie\u0144 i zwi\u0119kszenie obj\u0119to\u015bci auburn \/ rudawy br\u0105z nr 36<\/a><\/div><div class=\"mc-post__middle\"><a class=\"mc-post__thumb\" href=\"https:\/\/www.denatuurlijkekappershop.nl\/zenz-organic-kleur-voor-1-dag-volume-boost-nr-36-roodbruin\/?utm_source=Google%20Shopping&#038;utm_campaign=Google%20Shopping%20New&#038;utm_medium=cpc&#038;utm_term=adtribes\" target=\"_self\" rel=\"noopener\"><img class=\"lazyload\" src=\"data:image\/gif;base64,R0lGODlhAQABAAAAACH5BAEKAAEALAAAAAABAAEAAAICTAEAOw==\" data-orig-src=\"https:\/\/www.denatuurlijkekappershop.nl\/wp-content\/uploads\/2024\/12\/ZENZ-Organic-kleur-voor-1-dag-volume-boost-auburn-roodbruin-nr.-36.png\" alt=\"ZENZ Organic - koloryzacja na 1 dzie\u0144 i zwi\u0119kszenie obj\u0119to\u015bci auburn \/ rudawy br\u0105z nr 36\" loading=\"lazy\" decoding=\"async\" \/><\/a><div class=\"mc-post__price\"><span class=\"woocommerce-Price-amount\">49.50 \u20ac<\/span><\/div><\/div><div class=\"mc-post__cta\"><a class=\"mc-btn\" href=\"https:\/\/www.denatuurlijkekappershop.nl\/zenz-organic-kleur-voor-1-dag-volume-boost-nr-36-roodbruin\/?utm_source=Google%20Shopping&#038;utm_campaign=Google%20Shopping%20New&#038;utm_medium=cpc&#038;utm_term=adtribes\" target=\"_self\" rel=\"noopener\">Zobacz produkt<\/a><\/div><\/article><article class=\"mc-post\" role=\"listitem\"><div class=\"mc-post__title\"><a href=\"https:\/\/www.denatuurlijkekappershop.nl\/its-pure-organics-biologisch-bhringaraj-poeder-100g-100-natuurlijk-haarpoeder\/?utm_source=Google%20Shopping&#038;utm_campaign=Google%20Shopping%20New&#038;utm_medium=cpc&#038;utm_term=adtribes\" target=\"_self\" rel=\"noopener\">It's Pure Organics Organic Bhringaraj Powder 100g - 100% Naturalny proszek do w\u0142os\u00f3w<\/a><\/div><div class=\"mc-post__middle\"><a class=\"mc-post__thumb\" href=\"https:\/\/www.denatuurlijkekappershop.nl\/its-pure-organics-biologisch-bhringaraj-poeder-100g-100-natuurlijk-haarpoeder\/?utm_source=Google%20Shopping&#038;utm_campaign=Google%20Shopping%20New&#038;utm_medium=cpc&#038;utm_term=adtribes\" target=\"_self\" rel=\"noopener\"><img class=\"lazyload\" src=\"data:image\/gif;base64,R0lGODlhAQABAAAAACH5BAEKAAEALAAAAAABAAEAAAICTAEAOw==\" data-orig-src=\"https:\/\/www.denatuurlijkekappershop.nl\/wp-content\/uploads\/2026\/04\/Its-Pure-Organics-Biologisch-Bhringaraj-Poeder-100g-\u2013-100-Natuurlijk-Haarpoeder.png\" alt=\"It&#039;s Pure Organics Organic Bhringaraj Powder 100g - 100% Naturalny proszek do w\u0142os\u00f3w\" loading=\"lazy\" decoding=\"async\" \/><\/a><div class=\"mc-post__price\"><span class=\"woocommerce-Price-amount\">8.20 \u20ac<\/span><\/div><\/div><div class=\"mc-post__cta\"><a class=\"mc-btn\" href=\"https:\/\/www.denatuurlijkekappershop.nl\/its-pure-organics-biologisch-bhringaraj-poeder-100g-100-natuurlijk-haarpoeder\/?utm_source=Google%20Shopping&#038;utm_campaign=Google%20Shopping%20New&#038;utm_medium=cpc&#038;utm_term=adtribes\" target=\"_self\" rel=\"noopener\">Zobacz produkt<\/a><\/div><\/article><article class=\"mc-post\" role=\"listitem\"><div class=\"mc-post__title\"><a href=\"https:\/\/www.denatuurlijkekappershop.nl\/zenz-organic-oil-treatment-no-97-100-ml\/?utm_source=Google%20Shopping&#038;utm_campaign=Google%20Shopping%20New&#038;utm_medium=cpc&#038;utm_term=adtribes\" target=\"_self\" rel=\"noopener\">ZENZ Organic - kuracja olejowa nr 97 (100 ml)<\/a><\/div><div class=\"mc-post__middle\"><a class=\"mc-post__thumb\" href=\"https:\/\/www.denatuurlijkekappershop.nl\/zenz-organic-oil-treatment-no-97-100-ml\/?utm_source=Google%20Shopping&#038;utm_campaign=Google%20Shopping%20New&#038;utm_medium=cpc&#038;utm_term=adtribes\" target=\"_self\" rel=\"noopener\"><img class=\"lazyload\" src=\"data:image\/gif;base64,R0lGODlhAQABAAAAACH5BAEKAAEALAAAAAABAAEAAAICTAEAOw==\" data-orig-src=\"https:\/\/www.denatuurlijkekappershop.nl\/wp-content\/uploads\/2026\/03\/Zenz-Oil-Treatment-Pure-No.-97.png\" alt=\"ZENZ Organic - kuracja olejowa nr 97 (100 ml)\" loading=\"lazy\" decoding=\"async\" \/><\/a><div class=\"mc-post__price\"><span class=\"woocommerce-Price-amount\">53.50 \u20ac<\/span><\/div><\/div><div class=\"mc-post__cta\"><a class=\"mc-btn\" href=\"https:\/\/www.denatuurlijkekappershop.nl\/zenz-organic-oil-treatment-no-97-100-ml\/?utm_source=Google%20Shopping&#038;utm_campaign=Google%20Shopping%20New&#038;utm_medium=cpc&#038;utm_term=adtribes\" target=\"_self\" rel=\"noopener\">Zobacz produkt<\/a><\/div><\/article><article class=\"mc-post\" role=\"listitem\"><div class=\"mc-post__title\"><a href=\"https:\/\/www.denatuurlijkekappershop.nl\/rc-bi-serum-bij-droog-tot-beschadigd-haar\/?utm_source=Google%20Shopping&#038;utm_campaign=Google%20Shopping%20New&#038;utm_medium=cpc&#038;utm_term=adtribes\" target=\"_self\" rel=\"noopener\">R&amp;C bi-serum - do w\u0142os\u00f3w suchych i zniszczonych<\/a><\/div><div class=\"mc-post__middle\"><a class=\"mc-post__thumb\" href=\"https:\/\/www.denatuurlijkekappershop.nl\/rc-bi-serum-bij-droog-tot-beschadigd-haar\/?utm_source=Google%20Shopping&#038;utm_campaign=Google%20Shopping%20New&#038;utm_medium=cpc&#038;utm_term=adtribes\" target=\"_self\" rel=\"noopener\"><img class=\"lazyload\" src=\"data:image\/gif;base64,R0lGODlhAQABAAAAACH5BAEKAAEALAAAAAABAAEAAAICTAEAOw==\" data-orig-src=\"https:\/\/www.denatuurlijkekappershop.nl\/wp-content\/uploads\/2026\/03\/RC-bi-serum-droog-tot-beschadigd-haar.png\" alt=\"R&amp;C bi-serum - do w\u0142os\u00f3w suchych i zniszczonych\" loading=\"lazy\" decoding=\"async\" \/><\/a><div class=\"mc-post__price\"><span class=\"woocommerce-Price-amount\">42.25 \u20ac<\/span><\/div><\/div><div class=\"mc-post__cta\"><a class=\"mc-btn\" href=\"https:\/\/www.denatuurlijkekappershop.nl\/rc-bi-serum-bij-droog-tot-beschadigd-haar\/?utm_source=Google%20Shopping&#038;utm_campaign=Google%20Shopping%20New&#038;utm_medium=cpc&#038;utm_term=adtribes\" target=\"_self\" rel=\"noopener\">Zobacz produkt<\/a><\/div><\/article><\/div><div class=\"mc-extern-foot\"><div><\/div><div><a class=\"mc-btn--red\" href=\"https:\/\/www.denatuurlijkekappershop.nl\/?s=dunner%20wordend%20haar&#038;post_type=product&#038;dgwt_wcas=1\" target=\"_blank\" rel=\"noopener\">Zobacz wszystkie produkty<\/a><\/div><\/div><\/section><\/p>\n<p>Wyb\u00f3r ten obejmuje produkty, kt\u00f3re s\u0105 \u0142agodne dla sk\u00f3ry g\u0142owy i odpowiednie dla cienkich lub delikatnych w\u0142os\u00f3w.<\/p>\n<h2>Oto jak doda\u0107 obj\u0119to\u015bci i zadba\u0107 o przerzedzone w\u0142osy<\/h2>\n<p>Za pomoc\u0105 kilku poprawek mo\u017cna cz\u0119sto sprawi\u0107, \u017ce w\u0142osy stan\u0105 si\u0119 l\u017cejsze:<\/p>\n<ul>\n<li>U\u017cywaj \u0142agodnego szamponu i nie myj cz\u0119\u015bciej ni\u017c to konieczne.<\/li>\n<li>U\u017cywaj od\u017cywki g\u0142\u00f3wnie na d\u0142ugo\u015bci w\u0142os\u00f3w, aby ich nie obci\u0105\u017ca\u0107.<\/li>\n<li>W razie potrzeby wysusz w\u0142osy do g\u00f3ry nogami w niskiej temperaturze, aby uzyska\u0107 dodatkow\u0105 obj\u0119to\u015b\u0107.<\/li>\n<li>Unikaj ci\u0119\u017ckich wosk\u00f3w lub \u017celi, kt\u00f3re ci\u0105gn\u0105 w\u0142osy w d\u00f3\u0142.<\/li>\n<li>U\u017cywaj lekkich serum lub balsam\u00f3w odpowiednich dla sk\u00f3ry g\u0142owy.<\/li>\n<\/ul>\n<h2>Kiedy nale\u017cy zachowa\u0107 szczeg\u00f3ln\u0105 ostro\u017cno\u015b\u0107?<\/h2>\n<p>Zwr\u00f3\u0107 szczeg\u00f3ln\u0105 uwag\u0119, je\u015bli:<\/p>\n<ul>\n<li>Nag\u0142a utrata du\u017cej ilo\u015bci w\u0142os\u00f3w po\u0142\u0105czona z przerzedzeniem<\/li>\n<li>go\u0142e lub puste przestrzenie<\/li>\n<li>maj\u0105 problemy ze sk\u00f3r\u0105 g\u0142owy, takie jak egzema lub silne podra\u017cnienie<\/li>\n<\/ul>\n<p>W przypadku ekstremalnych lub nag\u0142ych zmian nale\u017cy zawsze skontaktowa\u0107 si\u0119 z lekarzem lub dermatologiem.<\/p>\n<p>Przeczytaj r\u00f3wnie\u017c:<br \/>\n<a href=\"\/pl\/wypadanie-wlosow\/\">Wypadanie w\u0142os\u00f3w<\/a><br \/>\n<a href=\"\/pl\/lamliwe-wlosy\/\">\u0141ami\u0105ce si\u0119 w\u0142osy<\/a><br \/>\n<a href=\"\/pl\/suche-wlosy\/\">Suche w\u0142osy<\/a><br \/>\n<a href=\"\/pl\/wrazliwa-skora-glowy\/\">Wra\u017cliwa sk\u00f3ra g\u0142owy<\/a><\/p>\n<h2>Wniosek: przerzedzaj\u0105ce si\u0119 w\u0142osy wymagaj\u0105 delikatnej piel\u0119gnacji<\/h2>\n<p>Przerzedzenie w\u0142os\u00f3w mo\u017ce mie\u0107 kilka przyczyn, takich jak stylizacja, hormony lub wra\u017cliwa struktura w\u0142os\u00f3w. U\u017cywaj\u0105c \u0142agodnych produkt\u00f3w i delikatnie traktuj\u0105c w\u0142osy, mo\u017cesz jak najlepiej zadba\u0107 o swoje w\u0142osy i sk\u00f3r\u0119 g\u0142owy.<\/p>\n<blockquote><p>Chcesz zadba\u0107 o swoje w\u0142osy i sk\u00f3r\u0119 g\u0142owy, gdy Twoje w\u0142osy s\u0105 cie\u0144sze lub mniej pe\u0142ne? Wybierz delikatn\u0105 rutyn\u0119 piel\u0119gnacyjn\u0105, kt\u00f3ra pasuje do przerzedzaj\u0105cych si\u0119 w\u0142os\u00f3w.<\/p><\/blockquote>","protected":false},"excerpt":{"rendered":"<p>Dunner wordend haar Valt je haar minder vol, zie je  [&#8230;]<\/p>\n","protected":false},"author":1,"featured_media":0,"parent":0,"menu_order":0,"comment_status":"closed","ping_status":"closed","template":"","meta":{"_acf_changed":false,"_joinchat":[],"footnotes":""},"class_list":["post-2005","page","type-page","status-publish","hentry"],"acf":[],"_links":{"self":[{"href":"https:\/\/www.probleemharen.nl\/pl\/wp-json\/wp\/v2\/pages\/2005","targetHints":{"allow":["GET"]}}],"collection":[{"href":"https:\/\/www.probleemharen.nl\/pl\/wp-json\/wp\/v2\/pages"}],"about":[{"href":"https:\/\/www.probleemharen.nl\/pl\/wp-json\/wp\/v2\/types\/page"}],"author":[{"embeddable":true,"href":"https:\/\/www.probleemharen.nl\/pl\/wp-json\/wp\/v2\/users\/1"}],"replies":[{"embeddable":true,"href":"https:\/\/www.probleemharen.nl\/pl\/wp-json\/wp\/v2\/comments?post=2005"}],"version-history":[{"count":5,"href":"https:\/\/www.probleemharen.nl\/pl\/wp-json\/wp\/v2\/pages\/2005\/revisions"}],"predecessor-version":[{"id":2345,"href":"https:\/\/www.probleemharen.nl\/pl\/wp-json\/wp\/v2\/pages\/2005\/revisions\/2345"}],"wp:attachment":[{"href":"https:\/\/www.probleemharen.nl\/pl\/wp-json\/wp\/v2\/media?parent=2005"}],"curies":[{"name":"wp","href":"https:\/\/api.w.org\/{rel}","templated":true}]}}