{"id":2002,"date":"2025-11-25T09:58:32","date_gmt":"2025-11-25T09:58:32","guid":{"rendered":"https:\/\/www.probleemharen.nl\/?page_id=2002"},"modified":"2026-03-10T12:10:55","modified_gmt":"2026-03-10T12:10:55","slug":"lamliwe-wlosy","status":"publish","type":"page","link":"https:\/\/www.probleemharen.nl\/pl\/afbrekend-haar\/","title":{"rendered":"\u0141ami\u0105ce si\u0119 w\u0142osy"},"content":{"rendered":"<h1>\u0141ami\u0105ce si\u0119 w\u0142osy<\/h1>\n<p>Czy widzisz coraz wi\u0119cej wystaj\u0105cych kr\u00f3tkich k\u0119pek, Twoje w\u0142osy nie wydaj\u0105 si\u0119 by\u0107 d\u0142u\u017csze i wsz\u0119dzie znajdujesz po\u0142amane kosmyki? Prawdopodobnie masz do czynienia z \u0142amliwymi w\u0142osami. Cz\u0119sto s\u0105 one suche, kruche i nier\u00f3wne. Dzi\u0119ki odpowiedniej piel\u0119gnacji i kilku zmianom w rutynie, mo\u017cesz pom\u00f3c zmniejszy\u0107 \u0142amliwo\u015b\u0107 w\u0142os\u00f3w i sprawi\u0107, \u017ce Twoje w\u0142osy zn\u00f3w b\u0119d\u0105 mocniejsze.<\/p>\n<h2>Jak rozpozna\u0107 \u0142amliwo\u015b\u0107 w\u0142os\u00f3w?<\/h2>\n<p>\u0141amliwo\u015b\u0107 w\u0142os\u00f3w to co\u015b innego ni\u017c wypadanie w\u0142os\u00f3w. W przypadku \u0142amliwo\u015bci w\u0142\u00f3kno w\u0142os\u00f3w \u0142amie si\u0119 wzd\u0142u\u017c, podczas gdy cebulka pozostaje na swoim miejscu. \u0141amliwo\u015b\u0107 w\u0142os\u00f3w mo\u017cna rozpozna\u0107 po:<\/p>\n<ul>\n<li>wiele kr\u00f3tkich, sztywnych kosmyk\u00f3w na czubku g\u0142owy lub wzd\u0142u\u017c linii w\u0142os\u00f3w<\/li>\n<li>w\u0142osy, kt\u00f3re szybko si\u0119 rozdwajaj\u0105 lub wygl\u0105daj\u0105 na postrz\u0119pione<\/li>\n<li>matowy, suchy wygl\u0105d, zw\u0142aszcza na ko\u0144cach w\u0142os\u00f3w<\/li>\n<li>w\u0142osy, kt\u00f3re nie wydaj\u0105 si\u0119 rosn\u0105\u0107, nawet je\u015bli je zapuszczasz<\/li>\n<li>w\u0142osy, kt\u00f3re \u0142atwo si\u0119 \u0142ami\u0105 podczas czesania lub stylizacji<\/li>\n<\/ul>\n<h2>Co powoduje \u0142amliwo\u015b\u0107 w\u0142os\u00f3w?<\/h2>\n<p>Wy\u0142amuj\u0105ce si\u0119 w\u0142osy zwykle pojawiaj\u0105 si\u0119, poniewa\u017c w\u0142\u00f3kno w\u0142osa staje si\u0119 kruche. Mo\u017ce to by\u0107 spowodowane przez:<\/p>\n<ul>\n<li>ciep\u0142o prostownicy, lok\u00f3wki lub suszarki bez ochrony przed wysok\u0105 temperatur\u0105<\/li>\n<li>zabiegi chemiczne, takie jak farbowanie, rozja\u015bnianie lub trwa\u0142a ondulacja<\/li>\n<li>zbyt cz\u0119ste i zbyt energiczne szczotkowanie, zw\u0142aszcza mokrych w\u0142os\u00f3w<\/li>\n<li>ciasne gumki, spinki lub warkocze, kt\u00f3re ci\u0105gn\u0105 w\u0142osy<\/li>\n<li>s\u0142o\u0144ce, chlorowana woda i inne czynniki atmosferyczne<\/li>\n<li>szampony zbyt silne lub wysuszaj\u0105ce<\/li>\n<\/ul>\n<p>Na przyk\u0142ad wra\u017cliwa struktura w\u0142osa lub zmiany hormonalne mog\u0105 r\u00f3wnie\u017c powodowa\u0107, \u017ce w\u0142osy staj\u0105 si\u0119 bardziej kruche i szybciej si\u0119 \u0142ami\u0105.<\/p>\n<h2>Czego lepiej unika\u0107 w przypadku \u0142amliwych w\u0142os\u00f3w?<\/h2>\n<p>Je\u015bli chcesz w jak najwi\u0119kszym stopniu zapobiec nowym z\u0142amaniom, staraj si\u0119 unika\u0107 w szczeg\u00f3lno\u015bci tego:<\/p>\n<ul>\n<li>codzienne stylizowanie w\u0142os\u00f3w bez odpowiedniej ochrony<\/li>\n<li>mocne czesanie mokrych w\u0142os\u00f3w lub szorstkie wycieranie ich r\u0119cznikiem<\/li>\n<li>gumki z metalowymi elementami lub bardzo ciasne upi\u0119cia<\/li>\n<li>produkty zawieraj\u0105ce du\u017co wysuszaj\u0105cego alkoholu lub agresywnych \u015brodk\u00f3w czyszcz\u0105cych<\/li>\n<li>cz\u0119ste farbowanie lub rozja\u015bnianie bez okresu regeneracji<\/li>\n<\/ul>\n<h2>Naturalne produkty na \u0142amliwe w\u0142osy<\/h2>\n<p>W przypadku \u0142amliwych w\u0142os\u00f3w mo\u017cna stosowa\u0107 produkty, kt\u00f3re piel\u0119gnuj\u0105 w\u0142osy, pomagaj\u0105 je chroni\u0107 i sprawiaj\u0105, \u017ce s\u0105 bardziej mi\u0119kkie i elastyczne. Poni\u017cej znajduje si\u0119 wyb\u00f3r produkt\u00f3w cz\u0119sto wybieranych do w\u0142os\u00f3w suchych, \u0142amliwych lub zniszczonych.<\/p>\n<p id=\"productblok\"><style id=\"mc-extern-products-tf-css\">\n.mc-extern-wrap{\n    position:relative;\n    margin:10px 0 18px;\n    background:#E5DAD6;\n    border-radius:12px;\n    padding:16px;\n}\n.mc-extern-head,\n.mc-extern-foot{\n    display:flex;\n    align-items:center;\n    justify-content:space-between;\n    gap:12px;\n}\n.mc-extern-head{margin-bottom:8px;}\n.mc-extern-foot{margin-top:10px;}\n.mc-extern-heading{\n    color:#2C3729;\n    font-size:14px;\n    font-weight:600;\n    letter-spacing:.2px;\n}\n\n\/* Titels en knoppen in Poppins Semi Bold *\/\n.mc-post__title a,\n.mc-btn,\n.mc-extern-foot .mc-btn--red{\n    font-family:\"Poppins\",\"Helvetica Neue\",Arial,sans-serif;\n    font-weight:600;\n}\n\n\/* Footer-knop (accentkleur) *\/\n.mc-extern-foot .mc-btn--red{\n    display:inline-block;\n    padding:12px 16px;\n    background:#CBB57B;\n    color:#2C3729;\n    text-decoration:none;\n    border:none;\n    border-radius:4px;\n    box-shadow:none;\n}\n.mc-extern-foot .mc-btn--red:hover,\n.mc-extern-foot .mc-btn--red:focus{\n    text-decoration:none;\n    opacity:.95;\n    outline:none;\n}\n\n.mc-extern-products__notice{\n    padding:10px 12px;\n    background:#fff3cd;\n    border:1px solid #ffe69c;\n    border-radius:8px;\n}\n\n\/* Grid en cards *\/\n.mc-extern-products{\n    display:grid;\n    grid-template-columns:repeat(var(--mc-cols),minmax(0,1fr));\n    gap:16px;\n    align-items:stretch;\n}\n.mc-post{\n    background:#FFFFFF;\n    border:1px solid #C3C9C0;\n    border-radius:12px;\n    overflow:hidden;\n    display:flex;\n    flex-direction:column;\n    box-shadow:0 1px 3px rgba(0,0,0,.04);\n}\n\n\/* Titel *\/\n.mc-post__title{\n    display:block;\n    padding:12px 14px 0;\n}\n.mc-post__title a{\n    color:#2C3729;\n    text-decoration:none;\n    font-size:16px;\n    line-height:1.35;\n    display:-webkit-box;\n    -webkit-line-clamp:3;\n    -webkit-box-orient:vertical;\n    overflow:hidden;\n    min-height:65px;\n}\n.mc-post__title a:hover{\n    text-decoration:underline;\n}\n\n\/* Middenstuk *\/\n.mc-post__middle{\n    display:grid;\n    grid-template-columns:2fr 1fr;\n    gap:12px;\n    align-items:center;\n    padding:12px 14px;\n}\n.mc-post__thumb{\n    width:100%;\n    aspect-ratio:1\/1;\n    background:#F5F5F5;\n    border-radius:10px;\n    overflow:hidden;\n    border:1px solid #C3C9C0;\n}\n.mc-post__thumb img{\n    width:100%;\n    height:100%;\n    object-fit:contain;\n    display:block;\n}\n.mc-post__price{\n    justify-self:end;\n    font-size:15px;\n    font-weight:600;\n    color:#2C3729;\n}\n\n\/* Knop onderaan card *\/\n.mc-post__cta{\n    padding:0 14px 14px;\n}\n.mc-btn{\n    display:block;\n    width:100%;\n    text-align:center;\n    padding:12px 16px;\n    background:#2C3729;\n    color:#FFFFFF;\n    text-decoration:none;\n    border:none;\n    border-radius:4px;\n    box-shadow:none;\n}\n.mc-btn:hover,\n.mc-btn:focus{\n    text-decoration:none;\n    opacity:.95;\n    outline:none;\n}\n\n\/* Responsive *\/\n@media (max-width:480px){\n    .mc-extern-products{\n        grid-template-columns:repeat(2,minmax(0,1fr));\n        gap:12px;\n    }\n}\n@media (max-width:360px){\n    .mc-extern-products{\n        grid-template-columns:repeat(1,minmax(0,1fr));\n    }\n}\n@media (min-width:768px){\n    .mc-extern-products{\n        grid-template-columns:repeat(min(var(--mc-cols),3),minmax(0,1fr));\n    }\n}\n@media (min-width:1024px){\n    .mc-extern-products{\n        grid-template-columns:repeat(var(--mc-cols),minmax(0,1fr));\n    }\n}\n<\/style><section class=\"mc-extern-wrap\"><div class=\"mc-extern-head\"><div class=\"mc-extern-heading\">Niekt\u00f3re produkty sklepu De Natuurlijke Kapper Shop<\/div><div><\/div><\/div><div class=\"mc-extern-products\" style=\"--mc-cols:4;\"><article class=\"mc-post\" role=\"listitem\"><div class=\"mc-post__title\"><a href=\"https:\/\/www.denatuurlijkekappershop.nl\/its-pure-organics-biologisch-bhringaraj-poeder-100g-100-natuurlijk-haarpoeder\/?utm_source=Google%20Shopping&#038;utm_campaign=Google%20Shopping%20New&#038;utm_medium=cpc&#038;utm_term=adtribes\" target=\"_self\" rel=\"noopener\">It's Pure Organics Organic Bhringaraj Powder 100g - 100% Naturalny proszek do w\u0142os\u00f3w<\/a><\/div><div class=\"mc-post__middle\"><a class=\"mc-post__thumb\" href=\"https:\/\/www.denatuurlijkekappershop.nl\/its-pure-organics-biologisch-bhringaraj-poeder-100g-100-natuurlijk-haarpoeder\/?utm_source=Google%20Shopping&#038;utm_campaign=Google%20Shopping%20New&#038;utm_medium=cpc&#038;utm_term=adtribes\" target=\"_self\" rel=\"noopener\"><img class=\"lazyload\" src=\"data:image\/gif;base64,R0lGODlhAQABAAAAACH5BAEKAAEALAAAAAABAAEAAAICTAEAOw==\" data-orig-src=\"https:\/\/www.denatuurlijkekappershop.nl\/wp-content\/uploads\/2026\/04\/Its-Pure-Organics-Biologisch-Bhringaraj-Poeder-100g-\u2013-100-Natuurlijk-Haarpoeder.png\" alt=\"It&#039;s Pure Organics Organic Bhringaraj Powder 100g - 100% Naturalny proszek do w\u0142os\u00f3w\" loading=\"lazy\" decoding=\"async\" \/><\/a><div class=\"mc-post__price\"><span class=\"woocommerce-Price-amount\">8.20 \u20ac<\/span><\/div><\/div><div class=\"mc-post__cta\"><a class=\"mc-btn\" href=\"https:\/\/www.denatuurlijkekappershop.nl\/its-pure-organics-biologisch-bhringaraj-poeder-100g-100-natuurlijk-haarpoeder\/?utm_source=Google%20Shopping&#038;utm_campaign=Google%20Shopping%20New&#038;utm_medium=cpc&#038;utm_term=adtribes\" target=\"_self\" rel=\"noopener\">Zobacz produkt<\/a><\/div><\/article><article class=\"mc-post\" role=\"listitem\"><div class=\"mc-post__title\"><a href=\"https:\/\/www.denatuurlijkekappershop.nl\/zenz-organic-oil-treatment-no-97-100-ml\/?utm_source=Google%20Shopping&#038;utm_campaign=Google%20Shopping%20New&#038;utm_medium=cpc&#038;utm_term=adtribes\" target=\"_self\" rel=\"noopener\">ZENZ Organic - kuracja olejowa nr 97 (100 ml)<\/a><\/div><div class=\"mc-post__middle\"><a class=\"mc-post__thumb\" href=\"https:\/\/www.denatuurlijkekappershop.nl\/zenz-organic-oil-treatment-no-97-100-ml\/?utm_source=Google%20Shopping&#038;utm_campaign=Google%20Shopping%20New&#038;utm_medium=cpc&#038;utm_term=adtribes\" target=\"_self\" rel=\"noopener\"><img class=\"lazyload\" src=\"data:image\/gif;base64,R0lGODlhAQABAAAAACH5BAEKAAEALAAAAAABAAEAAAICTAEAOw==\" data-orig-src=\"https:\/\/www.denatuurlijkekappershop.nl\/wp-content\/uploads\/2026\/03\/Zenz-Oil-Treatment-Pure-No.-97.png\" alt=\"ZENZ Organic - kuracja olejowa nr 97 (100 ml)\" loading=\"lazy\" decoding=\"async\" \/><\/a><div class=\"mc-post__price\"><span class=\"woocommerce-Price-amount\">53.50 \u20ac<\/span><\/div><\/div><div class=\"mc-post__cta\"><a class=\"mc-btn\" href=\"https:\/\/www.denatuurlijkekappershop.nl\/zenz-organic-oil-treatment-no-97-100-ml\/?utm_source=Google%20Shopping&#038;utm_campaign=Google%20Shopping%20New&#038;utm_medium=cpc&#038;utm_term=adtribes\" target=\"_self\" rel=\"noopener\">Zobacz produkt<\/a><\/div><\/article><article class=\"mc-post\" role=\"listitem\"><div class=\"mc-post__title\"><a href=\"https:\/\/www.denatuurlijkekappershop.nl\/rc-bi-serum-bij-droog-tot-beschadigd-haar\/?utm_source=Google%20Shopping&#038;utm_campaign=Google%20Shopping%20New&#038;utm_medium=cpc&#038;utm_term=adtribes\" target=\"_self\" rel=\"noopener\">R&amp;C bi-serum - do w\u0142os\u00f3w suchych i zniszczonych<\/a><\/div><div class=\"mc-post__middle\"><a class=\"mc-post__thumb\" href=\"https:\/\/www.denatuurlijkekappershop.nl\/rc-bi-serum-bij-droog-tot-beschadigd-haar\/?utm_source=Google%20Shopping&#038;utm_campaign=Google%20Shopping%20New&#038;utm_medium=cpc&#038;utm_term=adtribes\" target=\"_self\" rel=\"noopener\"><img class=\"lazyload\" src=\"data:image\/gif;base64,R0lGODlhAQABAAAAACH5BAEKAAEALAAAAAABAAEAAAICTAEAOw==\" data-orig-src=\"https:\/\/www.denatuurlijkekappershop.nl\/wp-content\/uploads\/2026\/03\/RC-bi-serum-droog-tot-beschadigd-haar.png\" alt=\"R&amp;C bi-serum - do w\u0142os\u00f3w suchych i zniszczonych\" loading=\"lazy\" decoding=\"async\" \/><\/a><div class=\"mc-post__price\"><span class=\"woocommerce-Price-amount\">42.25 \u20ac<\/span><\/div><\/div><div class=\"mc-post__cta\"><a class=\"mc-btn\" href=\"https:\/\/www.denatuurlijkekappershop.nl\/rc-bi-serum-bij-droog-tot-beschadigd-haar\/?utm_source=Google%20Shopping&#038;utm_campaign=Google%20Shopping%20New&#038;utm_medium=cpc&#038;utm_term=adtribes\" target=\"_self\" rel=\"noopener\">Zobacz produkt<\/a><\/div><\/article><article class=\"mc-post\" role=\"listitem\"><div class=\"mc-post__title\"><a href=\"https:\/\/www.denatuurlijkekappershop.nl\/zenz-organic-oil-treatment-deep-wood-no-99-100-ml\/?utm_source=Google%20Shopping&#038;utm_campaign=Google%20Shopping%20New&#038;utm_medium=cpc&#038;utm_term=adtribes\" target=\"_self\" rel=\"noopener\">ZENZ Organic \u2013 olejek do drewna nr 99 (100 ml)<\/a><\/div><div class=\"mc-post__middle\"><a class=\"mc-post__thumb\" href=\"https:\/\/www.denatuurlijkekappershop.nl\/zenz-organic-oil-treatment-deep-wood-no-99-100-ml\/?utm_source=Google%20Shopping&#038;utm_campaign=Google%20Shopping%20New&#038;utm_medium=cpc&#038;utm_term=adtribes\" target=\"_self\" rel=\"noopener\"><img class=\"lazyload\" src=\"data:image\/gif;base64,R0lGODlhAQABAAAAACH5BAEKAAEALAAAAAABAAEAAAICTAEAOw==\" data-orig-src=\"https:\/\/www.denatuurlijkekappershop.nl\/wp-content\/uploads\/2025\/12\/ZENZ-Organic-\u2013-oil-treatment-deep-wood-no.-99-100-ml.png\" alt=\"ZENZ Organic \u2013 olejek do drewna nr 99 (100 ml)\" loading=\"lazy\" decoding=\"async\" \/><\/a><div class=\"mc-post__price\"><span class=\"woocommerce-Price-amount\">53.50 \u20ac<\/span><\/div><\/div><div class=\"mc-post__cta\"><a class=\"mc-btn\" href=\"https:\/\/www.denatuurlijkekappershop.nl\/zenz-organic-oil-treatment-deep-wood-no-99-100-ml\/?utm_source=Google%20Shopping&#038;utm_campaign=Google%20Shopping%20New&#038;utm_medium=cpc&#038;utm_term=adtribes\" target=\"_self\" rel=\"noopener\">Zobacz produkt<\/a><\/div><\/article><article class=\"mc-post\" role=\"listitem\"><div class=\"mc-post__title\"><a href=\"https:\/\/www.denatuurlijkekappershop.nl\/rc-pate-coiffante-medium-75ml\/?utm_source=Google%20Shopping&#038;utm_campaign=Google%20Shopping%20New&#038;utm_medium=cpc&#038;utm_term=adtribes\" target=\"_self\" rel=\"noopener\">Pasta do stylizacji R&amp;C medium 75ml.<\/a><\/div><div class=\"mc-post__middle\"><a class=\"mc-post__thumb\" href=\"https:\/\/www.denatuurlijkekappershop.nl\/rc-pate-coiffante-medium-75ml\/?utm_source=Google%20Shopping&#038;utm_campaign=Google%20Shopping%20New&#038;utm_medium=cpc&#038;utm_term=adtribes\" target=\"_self\" rel=\"noopener\"><img class=\"lazyload\" src=\"data:image\/gif;base64,R0lGODlhAQABAAAAACH5BAEKAAEALAAAAAABAAEAAAICTAEAOw==\" data-orig-src=\"https:\/\/www.denatuurlijkekappershop.nl\/wp-content\/uploads\/2025\/11\/RC-stylingpasta-medium-75ml.png\" alt=\"Pasta do stylizacji R&amp;C medium 75ml.\" loading=\"lazy\" decoding=\"async\" \/><\/a><div class=\"mc-post__price\"><span class=\"woocommerce-Price-amount\">27.50 \u20ac<\/span><\/div><\/div><div class=\"mc-post__cta\"><a class=\"mc-btn\" href=\"https:\/\/www.denatuurlijkekappershop.nl\/rc-pate-coiffante-medium-75ml\/?utm_source=Google%20Shopping&#038;utm_campaign=Google%20Shopping%20New&#038;utm_medium=cpc&#038;utm_term=adtribes\" target=\"_self\" rel=\"noopener\">Zobacz produkt<\/a><\/div><\/article><article class=\"mc-post\" role=\"listitem\"><div class=\"mc-post__title\"><a href=\"https:\/\/www.denatuurlijkekappershop.nl\/zenz-organic-anti-hair-loss-scalp-tonic-pure-no-23-200ml\/?utm_source=Google%20Shopping&#038;utm_campaign=Google%20Shopping%20New&#038;utm_medium=cpc&#038;utm_term=adtribes\" target=\"_self\" rel=\"noopener\">ZENZ Organic - tonik do sk\u00f3ry g\u0142owy czysty nr 23 do przerzedzaj\u0105cych si\u0119 w\u0142os\u00f3w 200ml<\/a><\/div><div class=\"mc-post__middle\"><a class=\"mc-post__thumb\" href=\"https:\/\/www.denatuurlijkekappershop.nl\/zenz-organic-anti-hair-loss-scalp-tonic-pure-no-23-200ml\/?utm_source=Google%20Shopping&#038;utm_campaign=Google%20Shopping%20New&#038;utm_medium=cpc&#038;utm_term=adtribes\" target=\"_self\" rel=\"noopener\"><img class=\"lazyload\" src=\"data:image\/gif;base64,R0lGODlhAQABAAAAACH5BAEKAAEALAAAAAABAAEAAAICTAEAOw==\" data-orig-src=\"https:\/\/www.denatuurlijkekappershop.nl\/wp-content\/uploads\/2025\/11\/ZENZ-Organic-anti-hair-loss-scalp-tonic-pure-no.-23-200ml.png\" alt=\"ZENZ Organic - tonik do sk\u00f3ry g\u0142owy czysty nr 23 do przerzedzaj\u0105cych si\u0119 w\u0142os\u00f3w 200ml\" loading=\"lazy\" decoding=\"async\" \/><\/a><div class=\"mc-post__price\"><span class=\"woocommerce-Price-amount\">80.50 \u20ac<\/span><\/div><\/div><div class=\"mc-post__cta\"><a class=\"mc-btn\" href=\"https:\/\/www.denatuurlijkekappershop.nl\/zenz-organic-anti-hair-loss-scalp-tonic-pure-no-23-200ml\/?utm_source=Google%20Shopping&#038;utm_campaign=Google%20Shopping%20New&#038;utm_medium=cpc&#038;utm_term=adtribes\" target=\"_self\" rel=\"noopener\">Zobacz produkt<\/a><\/div><\/article><article class=\"mc-post\" role=\"listitem\"><div class=\"mc-post__title\"><a href=\"https:\/\/www.denatuurlijkekappershop.nl\/zenz-organic-stimulating-hair-shampoo-pure-no-22\/?utm_source=Google%20Shopping&#038;utm_campaign=Google%20Shopping%20New&#038;utm_medium=cpc&#038;utm_term=adtribes\" target=\"_self\" rel=\"noopener\">ZENZ Organic \u2013 stymuluj\u0105cy szampon do w\u0142os\u00f3w pure nr 22 250 ml<\/a><\/div><div class=\"mc-post__middle\"><a class=\"mc-post__thumb\" href=\"https:\/\/www.denatuurlijkekappershop.nl\/zenz-organic-stimulating-hair-shampoo-pure-no-22\/?utm_source=Google%20Shopping&#038;utm_campaign=Google%20Shopping%20New&#038;utm_medium=cpc&#038;utm_term=adtribes\" target=\"_self\" rel=\"noopener\"><img class=\"lazyload\" src=\"data:image\/gif;base64,R0lGODlhAQABAAAAACH5BAEKAAEALAAAAAABAAEAAAICTAEAOw==\" data-orig-src=\"https:\/\/www.denatuurlijkekappershop.nl\/wp-content\/uploads\/2025\/11\/ZENZ-Organic-\u2013-stimulating-hair-shampoo-pure-no.-22-250ml.png\" alt=\"ZENZ Organic \u2013 stymuluj\u0105cy szampon do w\u0142os\u00f3w pure nr 22 250 ml\" loading=\"lazy\" decoding=\"async\" \/><\/a><div class=\"mc-post__price\"><span class=\"woocommerce-Price-amount\">34.80 \u20ac<\/span><\/div><\/div><div class=\"mc-post__cta\"><a class=\"mc-btn\" href=\"https:\/\/www.denatuurlijkekappershop.nl\/zenz-organic-stimulating-hair-shampoo-pure-no-22\/?utm_source=Google%20Shopping&#038;utm_campaign=Google%20Shopping%20New&#038;utm_medium=cpc&#038;utm_term=adtribes\" target=\"_self\" rel=\"noopener\">Zobacz produkt<\/a><\/div><\/article><article class=\"mc-post\" role=\"listitem\"><div class=\"mc-post__title\"><a href=\"https:\/\/www.denatuurlijkekappershop.nl\/odylique-ylang-ylang-orange-hand-bodywash\/?attribute_maak-een-keuze=200ml.&#038;utm_source=Google%20Shopping&#038;utm_campaign=Google%20Shopping%20New&#038;utm_medium=cpc&#038;utm_term=adtribes\" target=\"_self\" rel=\"noopener\">Odylique Ylang Ylang &amp; Orange Hand &amp; Bodywash 200 ml.<\/a><\/div><div class=\"mc-post__middle\"><a class=\"mc-post__thumb\" href=\"https:\/\/www.denatuurlijkekappershop.nl\/odylique-ylang-ylang-orange-hand-bodywash\/?attribute_maak-een-keuze=200ml.&#038;utm_source=Google%20Shopping&#038;utm_campaign=Google%20Shopping%20New&#038;utm_medium=cpc&#038;utm_term=adtribes\" target=\"_self\" rel=\"noopener\"><img class=\"lazyload\" src=\"data:image\/gif;base64,R0lGODlhAQABAAAAACH5BAEKAAEALAAAAAABAAEAAAICTAEAOw==\" data-orig-src=\"https:\/\/www.denatuurlijkekappershop.nl\/wp-content\/uploads\/2025\/11\/Odylique-Ylang-Ylang-Orange-Hand-Bodywash.png\" alt=\"Odylique Ylang Ylang &amp; Orange Hand &amp; Bodywash 200 ml.\" loading=\"lazy\" decoding=\"async\" \/><\/a><div class=\"mc-post__price\"><span class=\"woocommerce-Price-amount\">18.00 \u20ac<\/span><\/div><\/div><div class=\"mc-post__cta\"><a class=\"mc-btn\" href=\"https:\/\/www.denatuurlijkekappershop.nl\/odylique-ylang-ylang-orange-hand-bodywash\/?attribute_maak-een-keuze=200ml.&#038;utm_source=Google%20Shopping&#038;utm_campaign=Google%20Shopping%20New&#038;utm_medium=cpc&#038;utm_term=adtribes\" target=\"_self\" rel=\"noopener\">Zobacz produkt<\/a><\/div><\/article><\/div><div class=\"mc-extern-foot\"><div><\/div><div><a class=\"mc-btn--red\" href=\"https:\/\/www.denatuurlijkekappershop.nl\/?s=afbrekend%20haar&#038;post_type=product&#038;dgwt_wcas=1\" target=\"_blank\" rel=\"noopener\">Zobacz wszystkie produkty<\/a><\/div><\/div><\/section><\/p>\n<p>Powy\u017csze produkty zosta\u0142y wyselekcjonowane pod k\u0105tem w\u0142a\u015bciwo\u015bci piel\u0119gnacyjnych, od\u017cywczych i ochronnych. U\u0142atwiaj\u0105 rozczesywanie w\u0142os\u00f3w, wspomagaj\u0105 rutyn\u0119 piel\u0119gnacyjn\u0105 delikatnych w\u0142os\u00f3w i pozostawiaj\u0105 je g\u0142adsze i bardziej elastyczne.<\/p>\n<h2>Jak ograniczy\u0107 \u0142amliwo\u015b\u0107 w\u0142os\u00f3w w codziennej piel\u0119gnacji<\/h2>\n<p>Kilka prostych zmian mo\u017ce przynie\u015b\u0107 du\u017ce korzy\u015bci:<\/p>\n<ul>\n<li>Umyj w\u0142osy \u0142agodnym, od\u017cywczym szamponem i dok\u0142adnie sp\u0142ucz.<\/li>\n<li>Zawsze u\u017cywaj od\u017cywki lub maski na d\u0142ugo\u015bciach i ko\u0144c\u00f3wkach w\u0142os\u00f3w.<\/li>\n<li>Delikatnie osusz w\u0142osy mi\u0119kkim r\u0119cznikiem lub koszulk\u0105.<\/li>\n<li>Wybierz szczotk\u0119 lub grzebie\u0144, kt\u00f3ry jest delikatny dla w\u0142os\u00f3w, i czesz je od ko\u0144c\u00f3wek w g\u00f3r\u0119.<\/li>\n<li>Podczas suszenia lub stylizacji w\u0142os\u00f3w nale\u017cy stosowa\u0107 ochron\u0119 przed wysok\u0105 temperatur\u0105 i obni\u017cy\u0107 temperatur\u0119.<\/li>\n<li>Regularnie podcinaj ko\u0144c\u00f3wki, aby zapobiec dalszemu rozszczepianiu si\u0119 w\u0142os\u00f3w.<\/li>\n<\/ul>\n<h2>Kiedy nale\u017cy zachowa\u0107 szczeg\u00f3ln\u0105 ostro\u017cno\u015b\u0107?<\/h2>\n<p>Czasami \u0142amanie si\u0119 w\u0142os\u00f3w mo\u017ce i\u015b\u0107 w parze z innymi problemami z w\u0142osami. Zwr\u00f3\u0107 szczeg\u00f3ln\u0105 uwag\u0119, je\u015bli:<\/p>\n<ul>\n<li>widoczne s\u0105 liczne kr\u00f3tkie, po\u0142amane kosmyki w\u0142os\u00f3w w po\u0142\u0105czeniu z wypadaniem w\u0142os\u00f3w<\/li>\n<li>w\u0142osy, kt\u00f3re staj\u0105 si\u0119 elastyczne i pozostaj\u0105 rozci\u0105gni\u0119te bez spr\u0119\u017cynowania<\/li>\n<li>po zabiegu chemicznym w\u0142osy sta\u0142y si\u0119 wyj\u0105tkowo suche i porowate<\/li>\n<\/ul>\n<p>W takich przypadkach pomocne mo\u017ce by\u0107 zachowanie szczeg\u00f3lnej ostro\u017cno\u015bci przez pewien czas i ewentualnie zasi\u0119gni\u0119cie porady fryzjera lub specjalisty od w\u0142os\u00f3w.<\/p>\n<p>Przeczytaj r\u00f3wnie\u017c:<br \/>\n<a href=\"\/pl\/uszkodzone-wlosy\/\">Uszkodzone w\u0142osy<\/a><br \/>\n<a href=\"\/pl\/suche-wlosy\/\">Suche w\u0142osy<\/a><br \/>\n<a href=\"\/pl\/uszkodzenia-termiczne-spowodowane-narzedziami-do-stylizacji\/\">Uszkodzenia termiczne spowodowane narz\u0119dziami do stylizacji<\/a><br \/>\n<a href=\"\/pl\/wlosy-zniszczone-chlorem\/\">W\u0142osy zniszczone chlorem<\/a><br \/>\n<a href=\"\/pl\/wlosy-zniszczone-sloncem\/\">W\u0142osy zniszczone s\u0142o\u0144cem<\/a><\/p>\n<h2>Wniosek: \u0142ami\u0105ce si\u0119 w\u0142osy wymagaj\u0105 piel\u0119gnacji i ochrony<\/h2>\n<p>\u0141amliwe w\u0142osy pojawiaj\u0105 si\u0119, gdy w\u0142\u00f3kno w\u0142osa staje si\u0119 kruche z powodu ciep\u0142a, zabieg\u00f3w chemicznych, tarcia i produkt\u00f3w susz\u0105cych. Delikatniejsze traktowanie w\u0142os\u00f3w, ich odpowiednia ochrona i regularna piel\u0119gnacja pomog\u0105 ograniczy\u0107 ich \u0142amliwo\u015b\u0107 i sprawi\u0105, \u017ce w\u0142osy b\u0119d\u0105 g\u0142adsze i mocniejsze.<\/p>\n<blockquote><p>Widzisz coraz wi\u0119cej kr\u00f3tkich, po\u0142amanych k\u0119pek i chcesz, aby Twoje w\u0142osy zn\u00f3w by\u0142y bardziej mi\u0119kkie i pe\u0142ne obj\u0119to\u015bci? Wybierz powy\u017csz\u0105 rutyn\u0119 piel\u0119gnacyjn\u0105 i ochronn\u0105 i zacznij ju\u017c dzi\u015b od produkt\u00f3w, kt\u00f3re s\u0105 odpowiednie dla delikatnych lub \u0142amliwych w\u0142os\u00f3w.<\/p><\/blockquote>","protected":false},"excerpt":{"rendered":"<p>Afbrekend haar Zie je steeds meer korte plukjes uitsteken, lijkt  [&#8230;]<\/p>\n","protected":false},"author":1,"featured_media":0,"parent":0,"menu_order":0,"comment_status":"closed","ping_status":"closed","template":"","meta":{"_acf_changed":false,"_joinchat":[],"footnotes":""},"class_list":["post-2002","page","type-page","status-publish","hentry"],"acf":[],"_links":{"self":[{"href":"https:\/\/www.probleemharen.nl\/pl\/wp-json\/wp\/v2\/pages\/2002","targetHints":{"allow":["GET"]}}],"collection":[{"href":"https:\/\/www.probleemharen.nl\/pl\/wp-json\/wp\/v2\/pages"}],"about":[{"href":"https:\/\/www.probleemharen.nl\/pl\/wp-json\/wp\/v2\/types\/page"}],"author":[{"embeddable":true,"href":"https:\/\/www.probleemharen.nl\/pl\/wp-json\/wp\/v2\/users\/1"}],"replies":[{"embeddable":true,"href":"https:\/\/www.probleemharen.nl\/pl\/wp-json\/wp\/v2\/comments?post=2002"}],"version-history":[{"count":3,"href":"https:\/\/www.probleemharen.nl\/pl\/wp-json\/wp\/v2\/pages\/2002\/revisions"}],"predecessor-version":[{"id":2336,"href":"https:\/\/www.probleemharen.nl\/pl\/wp-json\/wp\/v2\/pages\/2002\/revisions\/2336"}],"wp:attachment":[{"href":"https:\/\/www.probleemharen.nl\/pl\/wp-json\/wp\/v2\/media?parent=2002"}],"curies":[{"name":"wp","href":"https:\/\/api.w.org\/{rel}","templated":true}]}}