{"id":2001,"date":"2025-11-25T09:58:32","date_gmt":"2025-11-25T09:58:32","guid":{"rendered":"https:\/\/www.probleemharen.nl\/?page_id=2001"},"modified":"2026-03-10T12:12:47","modified_gmt":"2026-03-10T12:12:47","slug":"uszkodzone-wlosy","status":"publish","type":"page","link":"https:\/\/www.probleemharen.nl\/pl\/beschadigd-haar\/","title":{"rendered":"Uszkodzone w\u0142osy"},"content":{"rendered":"<h1>Uszkodzone w\u0142osy<\/h1>\n<p>Czy Twoje w\u0142osy s\u0105 suche, sztywne, \u0142amliwe lub pusz\u0105 si\u0119? Czy masz \u0142atwo rozdwajaj\u0105ce si\u0119 ko\u0144c\u00f3wki lub czy Twoje w\u0142osy wydaj\u0105 si\u0119 by\u0107 coraz s\u0142absze? S\u0105 to wyra\u017ane oznaki zniszczonych w\u0142os\u00f3w. Uszkodzenia s\u0105 cz\u0119sto powodowane stopniowo przez ciep\u0142o, tarcie, s\u0142o\u0144ce, zabiegi chemiczne lub stosowanie niew\u0142a\u015bciwych produkt\u00f3w. Dzi\u0119ki odpowiedniej piel\u0119gnacji mo\u017cna cz\u0119sto poprawi\u0107 stan zniszczonych w\u0142os\u00f3w i sprawi\u0107, \u017ce zn\u00f3w b\u0119d\u0105 bardziej mi\u0119kkie i elastyczne.<\/p>\n<h2>Jak rozpozna\u0107 zniszczone w\u0142osy?<\/h2>\n<p>Uszkodzone w\u0142osy s\u0105 zazwyczaj wyra\u017anie widoczne i wyczuwalne. Na przyk\u0142ad:<\/p>\n<ul>\n<li>rozdwojone ko\u0144c\u00f3wki w\u0142os\u00f3w<\/li>\n<li>kr\u00f3tko \u015bci\u0119te kosmyki na czubku g\u0142owy<\/li>\n<li>matowe, szorstkie i suche ko\u0144c\u00f3wki w\u0142os\u00f3w<\/li>\n<li>k\u0142\u00f3tliwo\u015b\u0107, kt\u00f3r\u0105 trudno okie\u0142zna\u0107<\/li>\n<li>w\u0142osy, kt\u00f3re s\u0105 elastyczne lub \u0142atwo si\u0119 \u0142ami\u0105<\/li>\n<li>w\u0142osy, kt\u00f3re trudno utrzyma\u0107 w odpowiedniej fryzurze<\/li>\n<\/ul>\n<p>Dzieje si\u0119 tak, gdy zewn\u0119trzna warstwa ochronna w\u0142os\u00f3w staje si\u0119 uszkodzona lub mniej g\u0142adka. W rezultacie w\u0142osy mog\u0105 szybciej wysycha\u0107 i czu\u0107 si\u0119 bardziej kruche.<\/p>\n<h2>Co powoduje uszkodzenia w\u0142os\u00f3w?<\/h2>\n<p>Uszkodzenia maj\u0105 cz\u0119sto wiele przyczyn, kt\u00f3re sumuj\u0105 si\u0119:<\/p>\n<ul>\n<li>ciep\u0142o prostownicy, suszarki lub lok\u00f3wki<\/li>\n<li>farbowanie, rozja\u015bnianie lub zabiegi chemiczne<\/li>\n<li>tarcie spowodowane szorstkimi r\u0119cznikami lub poszewkami na poduszki<\/li>\n<li>s\u0142o\u0144ce, chlorowana woda i silny wiatr<\/li>\n<li>szampony zbyt silne lub wysuszaj\u0105ce<\/li>\n<li>zbyt cz\u0119ste mycie lub szczotkowanie<\/li>\n<\/ul>\n<p>R\u00f3wnie\u017c wahania hormonalne i stres mog\u0105 wp\u0142ywa\u0107 na kondycj\u0119 w\u0142os\u00f3w.<\/p>\n<h2>Czego lepiej unika\u0107?<\/h2>\n<p>Je\u015bli masz zniszczone w\u0142osy, staraj si\u0119 jak najcz\u0119\u015bciej:<\/p>\n<ul>\n<li>codzienne stosowanie ciep\u0142a bez ochrony<\/li>\n<li>mocno czesanie w\u0142os\u00f3w lub szorstkie czesanie mokrych w\u0142os\u00f3w<\/li>\n<li>gumki do w\u0142os\u00f3w, kt\u00f3re ci\u0105gn\u0105 lub ocieraj\u0105<\/li>\n<li>produkty zawieraj\u0105ce du\u017ce ilo\u015bci alkoholu lub agresywne \u015brodki czyszcz\u0105ce<\/li>\n<\/ul>\n<h2>Naturalne produkty do w\u0142os\u00f3w zniszczonych<\/h2>\n<p>W przypadku w\u0142os\u00f3w zniszczonych mo\u017cna stosowa\u0107 produkty, kt\u00f3re je piel\u0119gnuj\u0105, pomagaj\u0105 je chroni\u0107 i sprawiaj\u0105, \u017ce s\u0105 bardziej mi\u0119kkie. Poni\u017cej znajduje si\u0119 wyb\u00f3r produkt\u00f3w cz\u0119sto stosowanych do w\u0142os\u00f3w suchych, \u0142amliwych i kruchych.<\/p>\n<p id=\"productblok\"><style id=\"mc-extern-products-tf-css\">\n.mc-extern-wrap{\n    position:relative;\n    margin:10px 0 18px;\n    background:#E5DAD6;\n    border-radius:12px;\n    padding:16px;\n}\n.mc-extern-head,\n.mc-extern-foot{\n    display:flex;\n    align-items:center;\n    justify-content:space-between;\n    gap:12px;\n}\n.mc-extern-head{margin-bottom:8px;}\n.mc-extern-foot{margin-top:10px;}\n.mc-extern-heading{\n    color:#2C3729;\n    font-size:14px;\n    font-weight:600;\n    letter-spacing:.2px;\n}\n\n\/* Titels en knoppen in Poppins Semi Bold *\/\n.mc-post__title a,\n.mc-btn,\n.mc-extern-foot .mc-btn--red{\n    font-family:\"Poppins\",\"Helvetica Neue\",Arial,sans-serif;\n    font-weight:600;\n}\n\n\/* Footer-knop (accentkleur) *\/\n.mc-extern-foot .mc-btn--red{\n    display:inline-block;\n    padding:12px 16px;\n    background:#CBB57B;\n    color:#2C3729;\n    text-decoration:none;\n    border:none;\n    border-radius:4px;\n    box-shadow:none;\n}\n.mc-extern-foot .mc-btn--red:hover,\n.mc-extern-foot .mc-btn--red:focus{\n    text-decoration:none;\n    opacity:.95;\n    outline:none;\n}\n\n.mc-extern-products__notice{\n    padding:10px 12px;\n    background:#fff3cd;\n    border:1px solid #ffe69c;\n    border-radius:8px;\n}\n\n\/* Grid en cards *\/\n.mc-extern-products{\n    display:grid;\n    grid-template-columns:repeat(var(--mc-cols),minmax(0,1fr));\n    gap:16px;\n    align-items:stretch;\n}\n.mc-post{\n    background:#FFFFFF;\n    border:1px solid #C3C9C0;\n    border-radius:12px;\n    overflow:hidden;\n    display:flex;\n    flex-direction:column;\n    box-shadow:0 1px 3px rgba(0,0,0,.04);\n}\n\n\/* Titel *\/\n.mc-post__title{\n    display:block;\n    padding:12px 14px 0;\n}\n.mc-post__title a{\n    color:#2C3729;\n    text-decoration:none;\n    font-size:16px;\n    line-height:1.35;\n    display:-webkit-box;\n    -webkit-line-clamp:3;\n    -webkit-box-orient:vertical;\n    overflow:hidden;\n    min-height:65px;\n}\n.mc-post__title a:hover{\n    text-decoration:underline;\n}\n\n\/* Middenstuk *\/\n.mc-post__middle{\n    display:grid;\n    grid-template-columns:2fr 1fr;\n    gap:12px;\n    align-items:center;\n    padding:12px 14px;\n}\n.mc-post__thumb{\n    width:100%;\n    aspect-ratio:1\/1;\n    background:#F5F5F5;\n    border-radius:10px;\n    overflow:hidden;\n    border:1px solid #C3C9C0;\n}\n.mc-post__thumb img{\n    width:100%;\n    height:100%;\n    object-fit:contain;\n    display:block;\n}\n.mc-post__price{\n    justify-self:end;\n    font-size:15px;\n    font-weight:600;\n    color:#2C3729;\n}\n\n\/* Knop onderaan card *\/\n.mc-post__cta{\n    padding:0 14px 14px;\n}\n.mc-btn{\n    display:block;\n    width:100%;\n    text-align:center;\n    padding:12px 16px;\n    background:#2C3729;\n    color:#FFFFFF;\n    text-decoration:none;\n    border:none;\n    border-radius:4px;\n    box-shadow:none;\n}\n.mc-btn:hover,\n.mc-btn:focus{\n    text-decoration:none;\n    opacity:.95;\n    outline:none;\n}\n\n\/* Responsive *\/\n@media (max-width:480px){\n    .mc-extern-products{\n        grid-template-columns:repeat(2,minmax(0,1fr));\n        gap:12px;\n    }\n}\n@media (max-width:360px){\n    .mc-extern-products{\n        grid-template-columns:repeat(1,minmax(0,1fr));\n    }\n}\n@media (min-width:768px){\n    .mc-extern-products{\n        grid-template-columns:repeat(min(var(--mc-cols),3),minmax(0,1fr));\n    }\n}\n@media (min-width:1024px){\n    .mc-extern-products{\n        grid-template-columns:repeat(var(--mc-cols),minmax(0,1fr));\n    }\n}\n<\/style><section class=\"mc-extern-wrap\"><div class=\"mc-extern-head\"><div class=\"mc-extern-heading\">Niekt\u00f3re produkty sklepu De Natuurlijke Kapper Shop<\/div><div><\/div><\/div><div class=\"mc-extern-products\" style=\"--mc-cols:4;\"><article class=\"mc-post\" role=\"listitem\"><div class=\"mc-post__title\"><a href=\"https:\/\/www.denatuurlijkekappershop.nl\/its-pure-organics-biologisch-bhringaraj-poeder-100g-100-natuurlijk-haarpoeder\/?utm_source=Google%20Shopping&#038;utm_campaign=Google%20Shopping%20New&#038;utm_medium=cpc&#038;utm_term=adtribes\" target=\"_self\" rel=\"noopener\">It's Pure Organics Organic Bhringaraj Powder 100g - 100% Naturalny proszek do w\u0142os\u00f3w<\/a><\/div><div class=\"mc-post__middle\"><a class=\"mc-post__thumb\" href=\"https:\/\/www.denatuurlijkekappershop.nl\/its-pure-organics-biologisch-bhringaraj-poeder-100g-100-natuurlijk-haarpoeder\/?utm_source=Google%20Shopping&#038;utm_campaign=Google%20Shopping%20New&#038;utm_medium=cpc&#038;utm_term=adtribes\" target=\"_self\" rel=\"noopener\"><img class=\"lazyload\" src=\"data:image\/gif;base64,R0lGODlhAQABAAAAACH5BAEKAAEALAAAAAABAAEAAAICTAEAOw==\" data-orig-src=\"https:\/\/www.denatuurlijkekappershop.nl\/wp-content\/uploads\/2026\/04\/Its-Pure-Organics-Biologisch-Bhringaraj-Poeder-100g-\u2013-100-Natuurlijk-Haarpoeder.png\" alt=\"It&#039;s Pure Organics Organic Bhringaraj Powder 100g - 100% Naturalny proszek do w\u0142os\u00f3w\" loading=\"lazy\" decoding=\"async\" \/><\/a><div class=\"mc-post__price\"><span class=\"woocommerce-Price-amount\">8.20 \u20ac<\/span><\/div><\/div><div class=\"mc-post__cta\"><a class=\"mc-btn\" href=\"https:\/\/www.denatuurlijkekappershop.nl\/its-pure-organics-biologisch-bhringaraj-poeder-100g-100-natuurlijk-haarpoeder\/?utm_source=Google%20Shopping&#038;utm_campaign=Google%20Shopping%20New&#038;utm_medium=cpc&#038;utm_term=adtribes\" target=\"_self\" rel=\"noopener\">Zobacz produkt<\/a><\/div><\/article><article class=\"mc-post\" role=\"listitem\"><div class=\"mc-post__title\"><a href=\"https:\/\/www.denatuurlijkekappershop.nl\/zenz-organic-oil-treatment-no-97-100-ml\/?utm_source=Google%20Shopping&#038;utm_campaign=Google%20Shopping%20New&#038;utm_medium=cpc&#038;utm_term=adtribes\" target=\"_self\" rel=\"noopener\">ZENZ Organic - kuracja olejowa nr 97 (100 ml)<\/a><\/div><div class=\"mc-post__middle\"><a class=\"mc-post__thumb\" href=\"https:\/\/www.denatuurlijkekappershop.nl\/zenz-organic-oil-treatment-no-97-100-ml\/?utm_source=Google%20Shopping&#038;utm_campaign=Google%20Shopping%20New&#038;utm_medium=cpc&#038;utm_term=adtribes\" target=\"_self\" rel=\"noopener\"><img class=\"lazyload\" src=\"data:image\/gif;base64,R0lGODlhAQABAAAAACH5BAEKAAEALAAAAAABAAEAAAICTAEAOw==\" data-orig-src=\"https:\/\/www.denatuurlijkekappershop.nl\/wp-content\/uploads\/2026\/03\/Zenz-Oil-Treatment-Pure-No.-97.png\" alt=\"ZENZ Organic - kuracja olejowa nr 97 (100 ml)\" loading=\"lazy\" decoding=\"async\" \/><\/a><div class=\"mc-post__price\"><span class=\"woocommerce-Price-amount\">53.50 \u20ac<\/span><\/div><\/div><div class=\"mc-post__cta\"><a class=\"mc-btn\" href=\"https:\/\/www.denatuurlijkekappershop.nl\/zenz-organic-oil-treatment-no-97-100-ml\/?utm_source=Google%20Shopping&#038;utm_campaign=Google%20Shopping%20New&#038;utm_medium=cpc&#038;utm_term=adtribes\" target=\"_self\" rel=\"noopener\">Zobacz produkt<\/a><\/div><\/article><article class=\"mc-post\" role=\"listitem\"><div class=\"mc-post__title\"><a href=\"https:\/\/www.denatuurlijkekappershop.nl\/rc-bi-serum-bij-droog-tot-beschadigd-haar\/?utm_source=Google%20Shopping&#038;utm_campaign=Google%20Shopping%20New&#038;utm_medium=cpc&#038;utm_term=adtribes\" target=\"_self\" rel=\"noopener\">R&amp;C bi-serum - do w\u0142os\u00f3w suchych i zniszczonych<\/a><\/div><div class=\"mc-post__middle\"><a class=\"mc-post__thumb\" href=\"https:\/\/www.denatuurlijkekappershop.nl\/rc-bi-serum-bij-droog-tot-beschadigd-haar\/?utm_source=Google%20Shopping&#038;utm_campaign=Google%20Shopping%20New&#038;utm_medium=cpc&#038;utm_term=adtribes\" target=\"_self\" rel=\"noopener\"><img class=\"lazyload\" src=\"data:image\/gif;base64,R0lGODlhAQABAAAAACH5BAEKAAEALAAAAAABAAEAAAICTAEAOw==\" data-orig-src=\"https:\/\/www.denatuurlijkekappershop.nl\/wp-content\/uploads\/2026\/03\/RC-bi-serum-droog-tot-beschadigd-haar.png\" alt=\"R&amp;C bi-serum - do w\u0142os\u00f3w suchych i zniszczonych\" loading=\"lazy\" decoding=\"async\" \/><\/a><div class=\"mc-post__price\"><span class=\"woocommerce-Price-amount\">42.25 \u20ac<\/span><\/div><\/div><div class=\"mc-post__cta\"><a class=\"mc-btn\" href=\"https:\/\/www.denatuurlijkekappershop.nl\/rc-bi-serum-bij-droog-tot-beschadigd-haar\/?utm_source=Google%20Shopping&#038;utm_campaign=Google%20Shopping%20New&#038;utm_medium=cpc&#038;utm_term=adtribes\" target=\"_self\" rel=\"noopener\">Zobacz produkt<\/a><\/div><\/article><article class=\"mc-post\" role=\"listitem\"><div class=\"mc-post__title\"><a href=\"https:\/\/www.denatuurlijkekappershop.nl\/voam-leave-in-conditioner-with-protein-200ml-kopie\/?utm_source=Google%20Shopping&#038;utm_campaign=Google%20Shopping%20New&#038;utm_medium=cpc&#038;utm_term=adtribes\" target=\"_self\" rel=\"noopener\">Voam \u2013 od\u017cywka bez sp\u0142ukiwania z proteinami<\/a><\/div><div class=\"mc-post__middle\"><a class=\"mc-post__thumb\" href=\"https:\/\/www.denatuurlijkekappershop.nl\/voam-leave-in-conditioner-with-protein-200ml-kopie\/?utm_source=Google%20Shopping&#038;utm_campaign=Google%20Shopping%20New&#038;utm_medium=cpc&#038;utm_term=adtribes\" target=\"_self\" rel=\"noopener\"><img class=\"lazyload\" src=\"data:image\/gif;base64,R0lGODlhAQABAAAAACH5BAEKAAEALAAAAAABAAEAAAICTAEAOw==\" data-orig-src=\"https:\/\/www.denatuurlijkekappershop.nl\/wp-content\/uploads\/2025\/11\/Voam-\u2013-Leave-In-Conditioner-with-Protein.png\" alt=\"Voam \u2013 od\u017cywka bez sp\u0142ukiwania z proteinami\" loading=\"lazy\" decoding=\"async\" \/><\/a><div class=\"mc-post__price\"><span class=\"woocommerce-Price-amount\">28.95 \u20ac<\/span><\/div><\/div><div class=\"mc-post__cta\"><a class=\"mc-btn\" href=\"https:\/\/www.denatuurlijkekappershop.nl\/voam-leave-in-conditioner-with-protein-200ml-kopie\/?utm_source=Google%20Shopping&#038;utm_campaign=Google%20Shopping%20New&#038;utm_medium=cpc&#038;utm_term=adtribes\" target=\"_self\" rel=\"noopener\">Zobacz produkt<\/a><\/div><\/article><article class=\"mc-post\" role=\"listitem\"><div class=\"mc-post__title\"><a href=\"https:\/\/www.denatuurlijkekappershop.nl\/zenz-organic-oil-treatment-deep-wood-no-99-100-ml\/?utm_source=Google%20Shopping&#038;utm_campaign=Google%20Shopping%20New&#038;utm_medium=cpc&#038;utm_term=adtribes\" target=\"_self\" rel=\"noopener\">ZENZ Organic \u2013 olejek do drewna nr 99 (100 ml)<\/a><\/div><div class=\"mc-post__middle\"><a class=\"mc-post__thumb\" href=\"https:\/\/www.denatuurlijkekappershop.nl\/zenz-organic-oil-treatment-deep-wood-no-99-100-ml\/?utm_source=Google%20Shopping&#038;utm_campaign=Google%20Shopping%20New&#038;utm_medium=cpc&#038;utm_term=adtribes\" target=\"_self\" rel=\"noopener\"><img class=\"lazyload\" src=\"data:image\/gif;base64,R0lGODlhAQABAAAAACH5BAEKAAEALAAAAAABAAEAAAICTAEAOw==\" data-orig-src=\"https:\/\/www.denatuurlijkekappershop.nl\/wp-content\/uploads\/2025\/12\/ZENZ-Organic-\u2013-oil-treatment-deep-wood-no.-99-100-ml.png\" alt=\"ZENZ Organic \u2013 olejek do drewna nr 99 (100 ml)\" loading=\"lazy\" decoding=\"async\" \/><\/a><div class=\"mc-post__price\"><span class=\"woocommerce-Price-amount\">53.50 \u20ac<\/span><\/div><\/div><div class=\"mc-post__cta\"><a class=\"mc-btn\" href=\"https:\/\/www.denatuurlijkekappershop.nl\/zenz-organic-oil-treatment-deep-wood-no-99-100-ml\/?utm_source=Google%20Shopping&#038;utm_campaign=Google%20Shopping%20New&#038;utm_medium=cpc&#038;utm_term=adtribes\" target=\"_self\" rel=\"noopener\">Zobacz produkt<\/a><\/div><\/article><article class=\"mc-post\" role=\"listitem\"><div class=\"mc-post__title\"><a href=\"https:\/\/www.denatuurlijkekappershop.nl\/rc-pate-coiffante-medium-75ml\/?utm_source=Google%20Shopping&#038;utm_campaign=Google%20Shopping%20New&#038;utm_medium=cpc&#038;utm_term=adtribes\" target=\"_self\" rel=\"noopener\">Pasta do stylizacji R&amp;C medium 75ml.<\/a><\/div><div class=\"mc-post__middle\"><a class=\"mc-post__thumb\" href=\"https:\/\/www.denatuurlijkekappershop.nl\/rc-pate-coiffante-medium-75ml\/?utm_source=Google%20Shopping&#038;utm_campaign=Google%20Shopping%20New&#038;utm_medium=cpc&#038;utm_term=adtribes\" target=\"_self\" rel=\"noopener\"><img class=\"lazyload\" src=\"data:image\/gif;base64,R0lGODlhAQABAAAAACH5BAEKAAEALAAAAAABAAEAAAICTAEAOw==\" data-orig-src=\"https:\/\/www.denatuurlijkekappershop.nl\/wp-content\/uploads\/2025\/11\/RC-stylingpasta-medium-75ml.png\" alt=\"Pasta do stylizacji R&amp;C medium 75ml.\" loading=\"lazy\" decoding=\"async\" \/><\/a><div class=\"mc-post__price\"><span class=\"woocommerce-Price-amount\">27.50 \u20ac<\/span><\/div><\/div><div class=\"mc-post__cta\"><a class=\"mc-btn\" href=\"https:\/\/www.denatuurlijkekappershop.nl\/rc-pate-coiffante-medium-75ml\/?utm_source=Google%20Shopping&#038;utm_campaign=Google%20Shopping%20New&#038;utm_medium=cpc&#038;utm_term=adtribes\" target=\"_self\" rel=\"noopener\">Zobacz produkt<\/a><\/div><\/article><article class=\"mc-post\" role=\"listitem\"><div class=\"mc-post__title\"><a href=\"https:\/\/www.denatuurlijkekappershop.nl\/zenz-organic-anti-hair-loss-scalp-tonic-pure-no-23-200ml\/?utm_source=Google%20Shopping&#038;utm_campaign=Google%20Shopping%20New&#038;utm_medium=cpc&#038;utm_term=adtribes\" target=\"_self\" rel=\"noopener\">ZENZ Organic - tonik do sk\u00f3ry g\u0142owy czysty nr 23 do przerzedzaj\u0105cych si\u0119 w\u0142os\u00f3w 200ml<\/a><\/div><div class=\"mc-post__middle\"><a class=\"mc-post__thumb\" href=\"https:\/\/www.denatuurlijkekappershop.nl\/zenz-organic-anti-hair-loss-scalp-tonic-pure-no-23-200ml\/?utm_source=Google%20Shopping&#038;utm_campaign=Google%20Shopping%20New&#038;utm_medium=cpc&#038;utm_term=adtribes\" target=\"_self\" rel=\"noopener\"><img class=\"lazyload\" src=\"data:image\/gif;base64,R0lGODlhAQABAAAAACH5BAEKAAEALAAAAAABAAEAAAICTAEAOw==\" data-orig-src=\"https:\/\/www.denatuurlijkekappershop.nl\/wp-content\/uploads\/2025\/11\/ZENZ-Organic-anti-hair-loss-scalp-tonic-pure-no.-23-200ml.png\" alt=\"ZENZ Organic - tonik do sk\u00f3ry g\u0142owy czysty nr 23 do przerzedzaj\u0105cych si\u0119 w\u0142os\u00f3w 200ml\" loading=\"lazy\" decoding=\"async\" \/><\/a><div class=\"mc-post__price\"><span class=\"woocommerce-Price-amount\">80.50 \u20ac<\/span><\/div><\/div><div class=\"mc-post__cta\"><a class=\"mc-btn\" href=\"https:\/\/www.denatuurlijkekappershop.nl\/zenz-organic-anti-hair-loss-scalp-tonic-pure-no-23-200ml\/?utm_source=Google%20Shopping&#038;utm_campaign=Google%20Shopping%20New&#038;utm_medium=cpc&#038;utm_term=adtribes\" target=\"_self\" rel=\"noopener\">Zobacz produkt<\/a><\/div><\/article><article class=\"mc-post\" role=\"listitem\"><div class=\"mc-post__title\"><a href=\"https:\/\/www.denatuurlijkekappershop.nl\/zenz-organic-stimulating-hair-shampoo-pure-no-22\/?utm_source=Google%20Shopping&#038;utm_campaign=Google%20Shopping%20New&#038;utm_medium=cpc&#038;utm_term=adtribes\" target=\"_self\" rel=\"noopener\">ZENZ Organic \u2013 stymuluj\u0105cy szampon do w\u0142os\u00f3w pure nr 22 250 ml<\/a><\/div><div class=\"mc-post__middle\"><a class=\"mc-post__thumb\" href=\"https:\/\/www.denatuurlijkekappershop.nl\/zenz-organic-stimulating-hair-shampoo-pure-no-22\/?utm_source=Google%20Shopping&#038;utm_campaign=Google%20Shopping%20New&#038;utm_medium=cpc&#038;utm_term=adtribes\" target=\"_self\" rel=\"noopener\"><img class=\"lazyload\" src=\"data:image\/gif;base64,R0lGODlhAQABAAAAACH5BAEKAAEALAAAAAABAAEAAAICTAEAOw==\" data-orig-src=\"https:\/\/www.denatuurlijkekappershop.nl\/wp-content\/uploads\/2025\/11\/ZENZ-Organic-\u2013-stimulating-hair-shampoo-pure-no.-22-250ml.png\" alt=\"ZENZ Organic \u2013 stymuluj\u0105cy szampon do w\u0142os\u00f3w pure nr 22 250 ml\" loading=\"lazy\" decoding=\"async\" \/><\/a><div class=\"mc-post__price\"><span class=\"woocommerce-Price-amount\">34.80 \u20ac<\/span><\/div><\/div><div class=\"mc-post__cta\"><a class=\"mc-btn\" href=\"https:\/\/www.denatuurlijkekappershop.nl\/zenz-organic-stimulating-hair-shampoo-pure-no-22\/?utm_source=Google%20Shopping&#038;utm_campaign=Google%20Shopping%20New&#038;utm_medium=cpc&#038;utm_term=adtribes\" target=\"_self\" rel=\"noopener\">Zobacz produkt<\/a><\/div><\/article><\/div><div class=\"mc-extern-foot\"><div><\/div><div><a class=\"mc-btn--red\" href=\"https:\/\/www.denatuurlijkekappershop.nl\/?s=beschadigd%20haar&#038;post_type=product&#038;dgwt_wcas=1\" target=\"_blank\" rel=\"noopener\">Zobacz wszystkie produkty<\/a><\/div><\/div><\/section><\/p>\n<p>Produkty te zosta\u0142y wybrane ze wzgl\u0119du na ich w\u0142a\u015bciwo\u015bci piel\u0119gnacyjne i ochronne. Dzi\u0119ki nim w\u0142osy \u0142atwiej si\u0119 rozczesuj\u0105 i staj\u0105 si\u0119 bardziej mi\u0119kkie i g\u0142adkie.<\/p>\n<h2>Jak dba\u0107 o zniszczone w\u0142osy krok po kroku?<\/h2>\n<p>Nie musisz robi\u0107 wszystkiego od razu. Dzi\u0119ki kilku ukierunkowanym nawykom cz\u0119sto mo\u017cna zauwa\u017cy\u0107 r\u00f3\u017cnic\u0119:<\/p>\n<ul>\n<li>Myj rzadziej i wybieraj \u0142agodny, piel\u0119gnuj\u0105cy szampon.<\/li>\n<li>Po ka\u017cdym myciu w\u0142os\u00f3w stosuj od\u017cywk\u0119 na d\u0142ugo\u015bciach i ko\u0144c\u00f3wkach.<\/li>\n<li>Raz w tygodniu stosuj od\u017cywcz\u0105 mask\u0119 do w\u0142os\u00f3w.<\/li>\n<li>U\u017cywaj ochraniacza na ciep\u0142o do ka\u017cdego urz\u0105dzenia do stylizacji w\u0142os\u00f3w.<\/li>\n<li>Regularnie poprawiaj ko\u0144c\u00f3wki, aby ograniczy\u0107 ich dalsze rozdwajanie.<\/li>\n<\/ul>\n<h2>Kiedy nale\u017cy zachowa\u0107 szczeg\u00f3ln\u0105 ostro\u017cno\u015b\u0107?<\/h2>\n<p>Zwr\u00f3\u0107 uwag\u0119, je\u015bli:<\/p>\n<ul>\n<li>Twoje w\u0142osy bardzo szybko si\u0119 \u0142ami\u0105 lub wypadaj\u0105<\/li>\n<li>Twoje w\u0142osy pozostaj\u0105 wyj\u0105tkowo suche po zabiegu chemicznym.<\/li>\n<li>masz elastyczne, \u201crozci\u0105gliwe\u201d w\u0142osy, kt\u00f3re nie odbijaj\u0105 si\u0119<\/li>\n<\/ul>\n<p>W takim przypadku rozs\u0105dne mo\u017ce by\u0107 tymczasowe traktowanie w\u0142os\u00f3w z dodatkow\u0105 ostro\u017cno\u015bci\u0105 i unikanie zabieg\u00f3w termicznych lub chemicznych tak cz\u0119sto, jak to mo\u017cliwe.<\/p>\n<p>Przeczytaj r\u00f3wnie\u017c:<br \/>\n<a href=\"\/pl\/suche-wlosy\/\">Suche w\u0142osy<\/a><br \/>\n<a href=\"\/pl\/wlosy-zniszczone-warunkami-atmosferycznymi\/\">W\u0142osy zniszczone warunkami atmosferycznymi<\/a><br \/>\n<a href=\"\/pl\/wlosy-zniszczone-sloncem\/\">W\u0142osy zniszczone s\u0142o\u0144cem<\/a><br \/>\n<a href=\"\/pl\/uszkodzenia-termiczne-spowodowane-narzedziami-do-stylizacji\/\">Uszkodzenia termiczne spowodowane narz\u0119dziami do stylizacji<\/a><\/p>\n<h2>Wniosek: zniszczone w\u0142osy wymagaj\u0105 delikatnej piel\u0119gnacji<\/h2>\n<p>Zniszczone w\u0142osy mog\u0105 wygl\u0105da\u0107 na matowe, suche i kruche. Dzi\u0119ki delikatnej piel\u0119gnacji, ochronie przed wysok\u0105 temperatur\u0105 i \u0142agodnej rutynie piel\u0119gnacji w\u0142os\u00f3w, cz\u0119sto mo\u017cna przywr\u00f3ci\u0107 im mi\u0119kko\u015b\u0107 i g\u0142adko\u015b\u0107.<\/p>\n<blockquote><p>Chcesz, aby Twoje w\u0142osy zn\u00f3w sta\u0142y si\u0119 bardziej mi\u0119kkie i podatne na rozczesywanie? Wybierz powy\u017csz\u0105 rutyn\u0119 od\u017cywiania, kt\u00f3ra jest odpowiednia dla suchych lub zniszczonych w\u0142os\u00f3w i po\u015bwi\u0119\u0107 im uwag\u0119, kt\u00f3rej potrzebuj\u0105.<\/p><\/blockquote>","protected":false},"excerpt":{"rendered":"<p>Beschadigd haar Voelt je haar droog, stug, breekbaar of ziet  [&#8230;]<\/p>\n","protected":false},"author":1,"featured_media":0,"parent":0,"menu_order":0,"comment_status":"closed","ping_status":"closed","template":"","meta":{"_acf_changed":false,"_joinchat":[],"footnotes":""},"class_list":["post-2001","page","type-page","status-publish","hentry"],"acf":[],"_links":{"self":[{"href":"https:\/\/www.probleemharen.nl\/pl\/wp-json\/wp\/v2\/pages\/2001","targetHints":{"allow":["GET"]}}],"collection":[{"href":"https:\/\/www.probleemharen.nl\/pl\/wp-json\/wp\/v2\/pages"}],"about":[{"href":"https:\/\/www.probleemharen.nl\/pl\/wp-json\/wp\/v2\/types\/page"}],"author":[{"embeddable":true,"href":"https:\/\/www.probleemharen.nl\/pl\/wp-json\/wp\/v2\/users\/1"}],"replies":[{"embeddable":true,"href":"https:\/\/www.probleemharen.nl\/pl\/wp-json\/wp\/v2\/comments?post=2001"}],"version-history":[{"count":3,"href":"https:\/\/www.probleemharen.nl\/pl\/wp-json\/wp\/v2\/pages\/2001\/revisions"}],"predecessor-version":[{"id":2339,"href":"https:\/\/www.probleemharen.nl\/pl\/wp-json\/wp\/v2\/pages\/2001\/revisions\/2339"}],"wp:attachment":[{"href":"https:\/\/www.probleemharen.nl\/pl\/wp-json\/wp\/v2\/media?parent=2001"}],"curies":[{"name":"wp","href":"https:\/\/api.w.org\/{rel}","templated":true}]}}