{"id":1749,"date":"2025-06-13T09:15:00","date_gmt":"2025-06-13T09:15:00","guid":{"rendered":"https:\/\/www.probleemharen.nl\/?page_id=1749"},"modified":"2026-03-10T12:59:44","modified_gmt":"2026-03-10T12:59:44","slug":"oswiadczenie-o-ochronie-prywatnosci","status":"publish","type":"page","link":"https:\/\/www.probleemharen.nl\/pl\/privacy-verklaring\/","title":{"rendered":"O\u015bwiadczenie o ochronie prywatno\u015bci"},"content":{"rendered":"<h1>O\u015bwiadczenie o ochronie prywatno\u015bci Probleemharen.nl<\/h1>\n<p>(cz\u0119\u015b\u0107 Milcraft)<\/p>\n<p><strong>Wersja:<\/strong> czerwiec 2025 r.<\/p>\n<h2>1. Kim jeste\u015bmy?<\/h2>\n<p>Problemhairs.pl jest platform\u0105 firmy Milcraft. Milcraft jest administratorem przetwarzania danych osobowych opisanych w niniejszym o\u015bwiadczeniu o ochronie prywatno\u015bci.<\/p>\n<p><strong>Milcraft<\/strong> z siedzib\u0105 pod adresem:<br \/>\nVerdihof 28, 2402VC Alphen aan den Rijn<br \/>\nNumer rejestrowy w Izbie Handlowej: 61376507<br \/>\nE-mail: info@milcraft.nl<\/p>\n<p>Przywi\u0105zujemy du\u017c\u0105 wag\u0119 do ochrony danych osobowych. W niniejszym o\u015bwiadczeniu wyja\u015bniamy, jakie dane gromadzimy i do czego je wykorzystujemy.<\/p>\n<h2>2. Jakie dane osobowe gromadzimy?<\/h2>\n<p><strong>a) Salony, kt\u00f3re si\u0119 zg\u0142aszaj\u0105:<\/strong><\/p>\n<ul>\n<li>Nazwa firmy i osoba kontaktowa<\/li>\n<li>Adres<\/li>\n<li>Numer telefonu<\/li>\n<li>Adres e-mail<\/li>\n<li>Dane strony internetowej i\/lub medi\u00f3w spo\u0142eczno\u015bciowych<\/li>\n<li>Dane dotycz\u0105ce p\u0142atno\u015bci<\/li>\n<li>Dostarczone informacje o firmie, zdj\u0119cia, teksty i logo<\/li>\n<\/ul>\n<p><strong>b) Odwiedzaj\u0105cy stron\u0119 internetow\u0105:<\/strong><\/p>\n<ul>\n<li>Adres IP i dane przegl\u0105darki (do cel\u00f3w analitycznych i bezpiecze\u0144stwa)<\/li>\n<li>Wszelkie dane kontaktowe podczas korzystania z formularzy kontaktowych<\/li>\n<\/ul>\n<h2>3. Do czego wykorzystujemy dane?<\/h2>\n<p>Wykorzystujemy dane osobowe wy\u0142\u0105cznie do nast\u0119puj\u0105cych cel\u00f3w:<\/p>\n<ul>\n<li>Ocena i przetwarzanie zg\u0142osze\u0144<\/li>\n<li>Dodawanie salon\u00f3w do platformy<\/li>\n<li>Zarz\u0105dzanie klientami i fakturowanie<\/li>\n<li>Komunikacja na temat naszych us\u0142ug<\/li>\n<li>Zarz\u0105dzanie, utrzymanie i optymalizacja strony internetowej<\/li>\n<li>Wype\u0142nianie obowi\u0105zk\u00f3w prawnych (np. administracyjnych)<\/li>\n<\/ul>\n<p>Przetwarzamy wy\u0142\u0105cznie dane osobowe niezb\u0119dne do tych cel\u00f3w.<\/p>\n<h2>4. Podstawa przetwarzania danych<\/h2>\n<p>Przetwarzamy dane osobowe w oparciu o jedn\u0105 lub wi\u0119cej z poni\u017cszych podstaw:<\/p>\n<ul>\n<li>Zawarcie umowy (w przypadku uczestnictwa w platformie)<\/li>\n<li>Zgoda (w przypadku korzystania z formularzy kontaktowych)<\/li>\n<li>Uzasadniony interes (np. zarz\u0105dzanie stron\u0105 internetow\u0105, bezpiecze\u0144stwo i optymalizacja)<\/li>\n<li>Zobowi\u0105zania prawne (np. dokumentacja podatkowa)<\/li>\n<\/ul>\n<h2>5. Udost\u0119pnianie danych stronom trzecim<\/h2>\n<p>Udost\u0119pniamy dane osobowe stronom trzecim tylko wtedy, gdy jest to konieczne do \u015bwiadczenia naszych us\u0142ug lub w celu wype\u0142nienia obowi\u0105zku prawnego.<\/p>\n<p>Mo\u017ce to by\u0107, na przyk\u0142ad, z:<\/p>\n<ul>\n<li>Systemy p\u0142atno\u015bci i ksi\u0119gowo\u015bci (do fakturowania i administracji)<\/li>\n<li>Dostawcy techniczni w zakresie hostingu, bezpiecze\u0144stwa i zarz\u0105dzania witryn\u0105<\/li>\n<li>Wszelkie strony zapewniaj\u0105ce konserwacj\u0119 lub wsparcie techniczne<\/li>\n<\/ul>\n<p>W razie potrzeby zawieramy umow\u0119 z podmiotami przetwarzaj\u0105cymi dane osobowe w naszym imieniu.<\/p>\n<p>Nie sprzedajemy danych osobowych stronom trzecim.<\/p>\n<h2>6. Wykorzystanie zdj\u0119\u0107 i tre\u015bci<\/h2>\n<p>Salony mog\u0105 przesy\u0142a\u0107 wy\u0142\u0105cznie w\u0142asne zdj\u0119cia, teksty i inne materia\u0142y, do kt\u00f3rych posiadaj\u0105 niezb\u0119dne prawa. Przesy\u0142aj\u0105c te materia\u0142y, salony wyra\u017caj\u0105 zgod\u0119 na publikacj\u0119 tych tre\u015bci na Problemhairs.pl.<\/p>\n<p>Milcraft nie ponosi odpowiedzialno\u015bci za jakiekolwiek naruszenia praw autorskich os\u00f3b trzecich przez dostarczone materia\u0142y.<\/p>\n<h2>7. Bezpiecze\u0144stwo danych<\/h2>\n<p>Podejmujemy odpowiednie \u015brodki techniczne i organizacyjne w celu ochrony danych osobowych przed utrat\u0105, niew\u0142a\u015bciwym wykorzystaniem lub nieuprawnionym dost\u0119pem.<\/p>\n<h2>8. Okres przechowywania<\/h2>\n<p>Nie przechowujemy danych osobowych d\u0142u\u017cej, ni\u017c jest to konieczne do cel\u00f3w, dla kt\u00f3rych zosta\u0142y zgromadzone:<\/p>\n<ul>\n<li>Dane rejestracyjne: tak d\u0142ugo, jak salon jest aktywny na platformie.<\/li>\n<li>Dane fakturowe: minimum 7 lat (prawny obowi\u0105zek przechowywania danych podatkowych).<\/li>\n<li>Dane z formularza kontaktowego: do 1 roku po przetworzeniu.<\/li>\n<\/ul>\n<h2>9. Prawa os\u00f3b, kt\u00f3rych dane dotycz\u0105<\/h2>\n<p>Masz prawo do:<\/p>\n<ul>\n<li>dost\u0119p do danych osobowych<\/li>\n<li>\u017c\u0105dania poprawienia lub usuni\u0119cia danych<\/li>\n<li>ograniczy\u0107 przetwarzanie danych u\u017cytkownika<\/li>\n<li>przekazywania danych (przenoszenia danych)<\/li>\n<li>wycofa\u0107 swoj\u0105 zgod\u0119<\/li>\n<\/ul>\n<p>W tym celu mo\u017cna skontaktowa\u0107 si\u0119 z nami pod adresem info@milcraft.nl. Odpowiemy tak szybko, jak to mo\u017cliwe, najp\u00f3\u017aniej w ci\u0105gu 30 dni.<\/p>\n<h2>10. Pliki cookie<\/h2>\n<p>Problemhairs.pl wykorzystuje techniczne i funkcjonalne pliki cookie oraz analityczne pliki cookie, kt\u00f3re nie maj\u0105 wp\u0142ywu lub maj\u0105 minimalny wp\u0142yw na prywatno\u015b\u0107 u\u017cytkownika.<\/p>\n<p>W zakresie, w jakim korzystamy z Google Analytics, odbywa si\u0119 to przy u\u017cyciu zanonimizowanych adres\u00f3w IP i bez wykorzystywania tych danych do cel\u00f3w reklamowych.<\/p>\n<h2>11. Reklamacje<\/h2>\n<p>W przypadku jakichkolwiek skarg dotycz\u0105cych przetwarzania danych osobowych, prosimy o kontakt pod adresem info@milcraft.nl.<\/p>\n<p>Ponadto u\u017cytkownik ma prawo do wniesienia skargi do Urz\u0119du Ochrony Danych Osobowych za po\u015brednictwem:<br \/>\n<a href=\"https:\/\/www.autoriteitpersoonsgegevens.nl\" target=\"_blank\" rel=\"noopener noreferrer\">www.autoriteitpersoonsgegevens.nl<\/a><\/p>\n<h2>Pytania?<\/h2>\n<p>W przypadku pyta\u0144 dotycz\u0105cych niniejszego o\u015bwiadczenia o ochronie prywatno\u015bci prosimy o kontakt pod adresem info@milcraft.nl.<\/p>","protected":false},"excerpt":{"rendered":"<p>Privacyverklaring Probleemharen.nl (onderdeel van Milcraft) Versie: juni 2025 1. Wie  [&#8230;]<\/p>\n","protected":false},"author":1,"featured_media":0,"parent":0,"menu_order":0,"comment_status":"closed","ping_status":"closed","template":"","meta":{"_acf_changed":false,"_joinchat":[],"footnotes":""},"class_list":["post-1749","page","type-page","status-publish","hentry"],"acf":[],"_links":{"self":[{"href":"https:\/\/www.probleemharen.nl\/pl\/wp-json\/wp\/v2\/pages\/1749","targetHints":{"allow":["GET"]}}],"collection":[{"href":"https:\/\/www.probleemharen.nl\/pl\/wp-json\/wp\/v2\/pages"}],"about":[{"href":"https:\/\/www.probleemharen.nl\/pl\/wp-json\/wp\/v2\/types\/page"}],"author":[{"embeddable":true,"href":"https:\/\/www.probleemharen.nl\/pl\/wp-json\/wp\/v2\/users\/1"}],"replies":[{"embeddable":true,"href":"https:\/\/www.probleemharen.nl\/pl\/wp-json\/wp\/v2\/comments?post=1749"}],"version-history":[{"count":2,"href":"https:\/\/www.probleemharen.nl\/pl\/wp-json\/wp\/v2\/pages\/1749\/revisions"}],"predecessor-version":[{"id":2381,"href":"https:\/\/www.probleemharen.nl\/pl\/wp-json\/wp\/v2\/pages\/1749\/revisions\/2381"}],"wp:attachment":[{"href":"https:\/\/www.probleemharen.nl\/pl\/wp-json\/wp\/v2\/media?parent=1749"}],"curies":[{"name":"wp","href":"https:\/\/api.w.org\/{rel}","templated":true}]}}