{"id":2006,"date":"2025-11-25T09:58:32","date_gmt":"2025-11-25T09:58:32","guid":{"rendered":"https:\/\/www.probleemharen.nl\/?page_id=2006"},"modified":"2026-03-10T12:45:17","modified_gmt":"2026-03-10T12:45:17","slug":"caduta-dei-capelli","status":"publish","type":"page","link":"https:\/\/www.probleemharen.nl\/it\/haaruitval\/","title":{"rendered":"Perdita di capelli"},"content":{"rendered":"<h1>Perdita di capelli<\/h1>\n<p>Siete spaventati dai capelli in pi\u00f9 nella spazzola, sul cuscino o nello scarico della doccia? I capelli sembrano meno corposi di prima o si vede pi\u00f9 chiaramente il cuoio capelluto attraverso i capelli? La perdita dei capelli pu\u00f2 far sentire insicuri. Allo stesso tempo, \u00e8 bene sapere che perdere un po' di capelli ogni giorno \u00e8 normale e che, con un approccio delicato e ponderato, \u00e8 spesso possibile riacquistare maggiore tranquillit\u00e0 e controllo.<\/p>\n<h2>Qual \u00e8 la normale perdita di capelli e quando si tratta di calvizie?<\/h2>\n<p>Tutti perdono capelli ogni giorno. Di solito si tratta di 50-100 capelli al giorno, senza che te ne accorga. Si parla di perdita di capelli quando:<\/p>\n<ul>\n<li>all'improvviso si nota una quantit\u00e0 di capelli molto maggiore del normale<\/li>\n<li>i tuoi capelli diventano chiaramente meno folti<\/li>\n<li>si formano delle zone in cui il cuoio capelluto \u00e8 ben visibile<\/li>\n<li>il tuo divorzio sembra diventare pi\u00f9 ampio<\/li>\n<\/ul>\n<p>Il quadro pu\u00f2 variare da persona a persona. A volte si tratta principalmente di diradamento, altre volte di zone evidenti con meno capelli.<\/p>\n<h2>Possibili cause della caduta dei capelli<\/h2>\n<p>La caduta dei capelli pu\u00f2 avere diverse cause contemporaneamente. I fattori pi\u00f9 comuni sono:<\/p>\n<ul>\n<li>fluttuazioni ormonali, ad esempio dopo la gravidanza, durante la menopausa o a causa della contraccezione<\/li>\n<li>stress, mancanza di sonno o malattia<\/li>\n<li>carenze di determinati nutrienti<\/li>\n<li>predisposizione genetica<\/li>\n<li>problemi al cuoio capelluto come forfora, prurito o infiammazione<\/li>\n<li>eccessivo styling con calore, trattamenti chimici e prodotti aggressivi<\/li>\n<\/ul>\n<p>Non si pu\u00f2 risolvere tutto con i prodotti per la cura della pelle, ma si pu\u00f2 sostenere al meglio la struttura del cuoio capelluto e dei capelli.<\/p>\n<h2>Cosa \u00e8 meglio non fare in caso di caduta dei capelli?<\/h2>\n<p>Se i tuoi capelli sono gi\u00e0 fragili, \u00e8 importante prestare particolare attenzione. Cerca in ogni caso di evitare:<\/p>\n<ul>\n<li>code tirate, chignon o trecce che tirano la radice dei capelli<\/li>\n<li>uso quotidiano del calore senza una protezione adeguata<\/li>\n<li>shampoo aggressivi che sgrassano eccessivamente il cuoio capelluto<\/li>\n<li>spazzolare o pettinare con forza, soprattutto se i capelli sono bagnati<\/li>\n<li>diete improvvise ed estreme senza supervisione<\/li>\n<\/ul>\n<h2>Prodotti naturali contro la caduta dei capelli<\/h2>\n<p>Non \u00e8 sempre possibile arrestare completamente la caduta dei capelli con i prodotti, ma \u00e8 possibile sostenere il cuoio capelluto e la struttura dei capelli. Prendete in considerazione shampoo delicati, lozioni e prodotti per la cura dei capelli adatti al diradamento e che aiutino a mantenere il cuoio capelluto in buone condizioni.<\/p>\n<p><em>I prodotti che seguono sono prodotti cosmetici che possono essere indicati per il diradamento dei capelli o per il cuoio capelluto sensibile. Non sono destinati al trattamento o alla cura di condizioni mediche. In caso di perdita di capelli persistente o grave, consultare sempre un medico o un dermatologo.<\/em><\/p>\n<p id=\"productblok\"><style id=\"mc-extern-products-tf-css\">\n.mc-extern-wrap{\n    position:relative;\n    margin:10px 0 18px;\n    background:#E5DAD6;\n    border-radius:12px;\n    padding:16px;\n}\n.mc-extern-head,\n.mc-extern-foot{\n    display:flex;\n    align-items:center;\n    justify-content:space-between;\n    gap:12px;\n}\n.mc-extern-head{margin-bottom:8px;}\n.mc-extern-foot{margin-top:10px;}\n.mc-extern-heading{\n    color:#2C3729;\n    font-size:14px;\n    font-weight:600;\n    letter-spacing:.2px;\n}\n\n\/* Titels en knoppen in Poppins Semi Bold *\/\n.mc-post__title a,\n.mc-btn,\n.mc-extern-foot .mc-btn--red{\n    font-family:\"Poppins\",\"Helvetica Neue\",Arial,sans-serif;\n    font-weight:600;\n}\n\n\/* Footer-knop (accentkleur) *\/\n.mc-extern-foot .mc-btn--red{\n    display:inline-block;\n    padding:12px 16px;\n    background:#CBB57B;\n    color:#2C3729;\n    text-decoration:none;\n    border:none;\n    border-radius:4px;\n    box-shadow:none;\n}\n.mc-extern-foot .mc-btn--red:hover,\n.mc-extern-foot .mc-btn--red:focus{\n    text-decoration:none;\n    opacity:.95;\n    outline:none;\n}\n\n.mc-extern-products__notice{\n    padding:10px 12px;\n    background:#fff3cd;\n    border:1px solid #ffe69c;\n    border-radius:8px;\n}\n\n\/* Grid en cards *\/\n.mc-extern-products{\n    display:grid;\n    grid-template-columns:repeat(var(--mc-cols),minmax(0,1fr));\n    gap:16px;\n    align-items:stretch;\n}\n.mc-post{\n    background:#FFFFFF;\n    border:1px solid #C3C9C0;\n    border-radius:12px;\n    overflow:hidden;\n    display:flex;\n    flex-direction:column;\n    box-shadow:0 1px 3px rgba(0,0,0,.04);\n}\n\n\/* Titel *\/\n.mc-post__title{\n    display:block;\n    padding:12px 14px 0;\n}\n.mc-post__title a{\n    color:#2C3729;\n    text-decoration:none;\n    font-size:16px;\n    line-height:1.35;\n    display:-webkit-box;\n    -webkit-line-clamp:3;\n    -webkit-box-orient:vertical;\n    overflow:hidden;\n    min-height:65px;\n}\n.mc-post__title a:hover{\n    text-decoration:underline;\n}\n\n\/* Middenstuk *\/\n.mc-post__middle{\n    display:grid;\n    grid-template-columns:2fr 1fr;\n    gap:12px;\n    align-items:center;\n    padding:12px 14px;\n}\n.mc-post__thumb{\n    width:100%;\n    aspect-ratio:1\/1;\n    background:#F5F5F5;\n    border-radius:10px;\n    overflow:hidden;\n    border:1px solid #C3C9C0;\n}\n.mc-post__thumb img{\n    width:100%;\n    height:100%;\n    object-fit:contain;\n    display:block;\n}\n.mc-post__price{\n    justify-self:end;\n    font-size:15px;\n    font-weight:600;\n    color:#2C3729;\n}\n\n\/* Knop onderaan card *\/\n.mc-post__cta{\n    padding:0 14px 14px;\n}\n.mc-btn{\n    display:block;\n    width:100%;\n    text-align:center;\n    padding:12px 16px;\n    background:#2C3729;\n    color:#FFFFFF;\n    text-decoration:none;\n    border:none;\n    border-radius:4px;\n    box-shadow:none;\n}\n.mc-btn:hover,\n.mc-btn:focus{\n    text-decoration:none;\n    opacity:.95;\n    outline:none;\n}\n\n\/* Responsive *\/\n@media (max-width:480px){\n    .mc-extern-products{\n        grid-template-columns:repeat(2,minmax(0,1fr));\n        gap:12px;\n    }\n}\n@media (max-width:360px){\n    .mc-extern-products{\n        grid-template-columns:repeat(1,minmax(0,1fr));\n    }\n}\n@media (min-width:768px){\n    .mc-extern-products{\n        grid-template-columns:repeat(min(var(--mc-cols),3),minmax(0,1fr));\n    }\n}\n@media (min-width:1024px){\n    .mc-extern-products{\n        grid-template-columns:repeat(var(--mc-cols),minmax(0,1fr));\n    }\n}\n<\/style><section class=\"mc-extern-wrap\"><div class=\"mc-extern-head\"><div class=\"mc-extern-heading\">Alcuni prodotti di De Natuurlijke Kapper Shop<\/div><div><\/div><\/div><div class=\"mc-extern-products\" style=\"--mc-cols:4;\"><article class=\"mc-post\" role=\"listitem\"><div class=\"mc-post__title\"><a href=\"https:\/\/www.denatuurlijkekappershop.nl\/rc-dermo-chute-serum-100ml\/?attribute_maak-een-keuze=Dermo-Chute+Serum+100ml&#038;utm_source=Google%20Shopping&#038;utm_campaign=Google%20Shopping%20New&#038;utm_medium=cpc&#038;utm_term=adtribes\" target=\"_self\" rel=\"noopener\">R&amp;C dermo-chute siero 100 ml Dermo-Chute Siero 100 ml<\/a><\/div><div class=\"mc-post__middle\"><a class=\"mc-post__thumb\" href=\"https:\/\/www.denatuurlijkekappershop.nl\/rc-dermo-chute-serum-100ml\/?attribute_maak-een-keuze=Dermo-Chute+Serum+100ml&#038;utm_source=Google%20Shopping&#038;utm_campaign=Google%20Shopping%20New&#038;utm_medium=cpc&#038;utm_term=adtribes\" target=\"_self\" rel=\"noopener\"><img class=\"lazyload\" src=\"data:image\/gif;base64,R0lGODlhAQABAAAAACH5BAEKAAEALAAAAAABAAEAAAICTAEAOw==\" data-orig-src=\"https:\/\/www.denatuurlijkekappershop.nl\/wp-content\/uploads\/2025\/02\/RC-dermo-chute-serum-100ml.png\" alt=\"R&amp;C dermo-chute siero 100 ml Dermo-Chute Siero 100 ml\" loading=\"lazy\" decoding=\"async\" \/><\/a><div class=\"mc-post__price\"><span class=\"woocommerce-Price-amount\">99.00 \u20ac<\/span><\/div><\/div><div class=\"mc-post__cta\"><a class=\"mc-btn\" href=\"https:\/\/www.denatuurlijkekappershop.nl\/rc-dermo-chute-serum-100ml\/?attribute_maak-een-keuze=Dermo-Chute+Serum+100ml&#038;utm_source=Google%20Shopping&#038;utm_campaign=Google%20Shopping%20New&#038;utm_medium=cpc&#038;utm_term=adtribes\" target=\"_self\" rel=\"noopener\">Visualizza il prodotto<\/a><\/div><\/article><article class=\"mc-post\" role=\"listitem\"><div class=\"mc-post__title\"><a href=\"https:\/\/www.denatuurlijkekappershop.nl\/its-pure-organics-biologisch-bhringaraj-poeder-100g-100-natuurlijk-haarpoeder\/?utm_source=Google%20Shopping&#038;utm_campaign=Google%20Shopping%20New&#038;utm_medium=cpc&#038;utm_term=adtribes\" target=\"_self\" rel=\"noopener\">Polvere di Bhringaraj Organica Pura 100g - 100% Polvere Naturale per Capelli<\/a><\/div><div class=\"mc-post__middle\"><a class=\"mc-post__thumb\" href=\"https:\/\/www.denatuurlijkekappershop.nl\/its-pure-organics-biologisch-bhringaraj-poeder-100g-100-natuurlijk-haarpoeder\/?utm_source=Google%20Shopping&#038;utm_campaign=Google%20Shopping%20New&#038;utm_medium=cpc&#038;utm_term=adtribes\" target=\"_self\" rel=\"noopener\"><img class=\"lazyload\" src=\"data:image\/gif;base64,R0lGODlhAQABAAAAACH5BAEKAAEALAAAAAABAAEAAAICTAEAOw==\" data-orig-src=\"https:\/\/www.denatuurlijkekappershop.nl\/wp-content\/uploads\/2026\/04\/Its-Pure-Organics-Biologisch-Bhringaraj-Poeder-100g-\u2013-100-Natuurlijk-Haarpoeder.png\" alt=\"Polvere di Bhringaraj Organica Pura 100g - 100% Polvere Naturale per Capelli\" loading=\"lazy\" decoding=\"async\" \/><\/a><div class=\"mc-post__price\"><span class=\"woocommerce-Price-amount\">8.20 \u20ac<\/span><\/div><\/div><div class=\"mc-post__cta\"><a class=\"mc-btn\" href=\"https:\/\/www.denatuurlijkekappershop.nl\/its-pure-organics-biologisch-bhringaraj-poeder-100g-100-natuurlijk-haarpoeder\/?utm_source=Google%20Shopping&#038;utm_campaign=Google%20Shopping%20New&#038;utm_medium=cpc&#038;utm_term=adtribes\" target=\"_self\" rel=\"noopener\">Visualizza il prodotto<\/a><\/div><\/article><article class=\"mc-post\" role=\"listitem\"><div class=\"mc-post__title\"><a href=\"https:\/\/www.denatuurlijkekappershop.nl\/zenz-organic-oil-treatment-no-97-100-ml\/?utm_source=Google%20Shopping&#038;utm_campaign=Google%20Shopping%20New&#038;utm_medium=cpc&#038;utm_term=adtribes\" target=\"_self\" rel=\"noopener\">ZENZ Organic - Olio di trattamento n. 97 (100 ml)<\/a><\/div><div class=\"mc-post__middle\"><a class=\"mc-post__thumb\" href=\"https:\/\/www.denatuurlijkekappershop.nl\/zenz-organic-oil-treatment-no-97-100-ml\/?utm_source=Google%20Shopping&#038;utm_campaign=Google%20Shopping%20New&#038;utm_medium=cpc&#038;utm_term=adtribes\" target=\"_self\" rel=\"noopener\"><img class=\"lazyload\" src=\"data:image\/gif;base64,R0lGODlhAQABAAAAACH5BAEKAAEALAAAAAABAAEAAAICTAEAOw==\" data-orig-src=\"https:\/\/www.denatuurlijkekappershop.nl\/wp-content\/uploads\/2026\/03\/Zenz-Oil-Treatment-Pure-No.-97.png\" alt=\"ZENZ Organic - Olio di trattamento n. 97 (100 ml)\" loading=\"lazy\" decoding=\"async\" \/><\/a><div class=\"mc-post__price\"><span class=\"woocommerce-Price-amount\">53.50 \u20ac<\/span><\/div><\/div><div class=\"mc-post__cta\"><a class=\"mc-btn\" href=\"https:\/\/www.denatuurlijkekappershop.nl\/zenz-organic-oil-treatment-no-97-100-ml\/?utm_source=Google%20Shopping&#038;utm_campaign=Google%20Shopping%20New&#038;utm_medium=cpc&#038;utm_term=adtribes\" target=\"_self\" rel=\"noopener\">Visualizza il prodotto<\/a><\/div><\/article><article class=\"mc-post\" role=\"listitem\"><div class=\"mc-post__title\"><a href=\"https:\/\/www.denatuurlijkekappershop.nl\/rc-bi-serum-bij-droog-tot-beschadigd-haar\/?utm_source=Google%20Shopping&#038;utm_campaign=Google%20Shopping%20New&#038;utm_medium=cpc&#038;utm_term=adtribes\" target=\"_self\" rel=\"noopener\">R&amp;C bi-serum - per capelli secchi e danneggiati<\/a><\/div><div class=\"mc-post__middle\"><a class=\"mc-post__thumb\" href=\"https:\/\/www.denatuurlijkekappershop.nl\/rc-bi-serum-bij-droog-tot-beschadigd-haar\/?utm_source=Google%20Shopping&#038;utm_campaign=Google%20Shopping%20New&#038;utm_medium=cpc&#038;utm_term=adtribes\" target=\"_self\" rel=\"noopener\"><img class=\"lazyload\" src=\"data:image\/gif;base64,R0lGODlhAQABAAAAACH5BAEKAAEALAAAAAABAAEAAAICTAEAOw==\" data-orig-src=\"https:\/\/www.denatuurlijkekappershop.nl\/wp-content\/uploads\/2026\/03\/RC-bi-serum-droog-tot-beschadigd-haar.png\" alt=\"R&amp;C bi-serum - per capelli secchi e danneggiati\" loading=\"lazy\" decoding=\"async\" \/><\/a><div class=\"mc-post__price\"><span class=\"woocommerce-Price-amount\">42.25 \u20ac<\/span><\/div><\/div><div class=\"mc-post__cta\"><a class=\"mc-btn\" href=\"https:\/\/www.denatuurlijkekappershop.nl\/rc-bi-serum-bij-droog-tot-beschadigd-haar\/?utm_source=Google%20Shopping&#038;utm_campaign=Google%20Shopping%20New&#038;utm_medium=cpc&#038;utm_term=adtribes\" target=\"_self\" rel=\"noopener\">Visualizza il prodotto<\/a><\/div><\/article><article class=\"mc-post\" role=\"listitem\"><div class=\"mc-post__title\"><a href=\"https:\/\/www.denatuurlijkekappershop.nl\/zenz-organic-oil-treatment-deep-wood-no-99-100-ml\/?utm_source=Google%20Shopping&#038;utm_campaign=Google%20Shopping%20New&#038;utm_medium=cpc&#038;utm_term=adtribes\" target=\"_self\" rel=\"noopener\">ZENZ Organic - olio trattamento legno profondo n. 99 (100 ml)<\/a><\/div><div class=\"mc-post__middle\"><a class=\"mc-post__thumb\" href=\"https:\/\/www.denatuurlijkekappershop.nl\/zenz-organic-oil-treatment-deep-wood-no-99-100-ml\/?utm_source=Google%20Shopping&#038;utm_campaign=Google%20Shopping%20New&#038;utm_medium=cpc&#038;utm_term=adtribes\" target=\"_self\" rel=\"noopener\"><img class=\"lazyload\" src=\"data:image\/gif;base64,R0lGODlhAQABAAAAACH5BAEKAAEALAAAAAABAAEAAAICTAEAOw==\" data-orig-src=\"https:\/\/www.denatuurlijkekappershop.nl\/wp-content\/uploads\/2025\/12\/ZENZ-Organic-\u2013-oil-treatment-deep-wood-no.-99-100-ml.png\" alt=\"ZENZ Organic - olio trattamento legno profondo n. 99 (100 ml)\" loading=\"lazy\" decoding=\"async\" \/><\/a><div class=\"mc-post__price\"><span class=\"woocommerce-Price-amount\">53.50 \u20ac<\/span><\/div><\/div><div class=\"mc-post__cta\"><a class=\"mc-btn\" href=\"https:\/\/www.denatuurlijkekappershop.nl\/zenz-organic-oil-treatment-deep-wood-no-99-100-ml\/?utm_source=Google%20Shopping&#038;utm_campaign=Google%20Shopping%20New&#038;utm_medium=cpc&#038;utm_term=adtribes\" target=\"_self\" rel=\"noopener\">Visualizza il prodotto<\/a><\/div><\/article><article class=\"mc-post\" role=\"listitem\"><div class=\"mc-post__title\"><a href=\"https:\/\/www.denatuurlijkekappershop.nl\/rc-pate-coiffante-medium-75ml\/?utm_source=Google%20Shopping&#038;utm_campaign=Google%20Shopping%20New&#038;utm_medium=cpc&#038;utm_term=adtribes\" target=\"_self\" rel=\"noopener\">R&amp;C pasta per lo styling media 75ml.<\/a><\/div><div class=\"mc-post__middle\"><a class=\"mc-post__thumb\" href=\"https:\/\/www.denatuurlijkekappershop.nl\/rc-pate-coiffante-medium-75ml\/?utm_source=Google%20Shopping&#038;utm_campaign=Google%20Shopping%20New&#038;utm_medium=cpc&#038;utm_term=adtribes\" target=\"_self\" rel=\"noopener\"><img class=\"lazyload\" src=\"data:image\/gif;base64,R0lGODlhAQABAAAAACH5BAEKAAEALAAAAAABAAEAAAICTAEAOw==\" data-orig-src=\"https:\/\/www.denatuurlijkekappershop.nl\/wp-content\/uploads\/2025\/11\/RC-stylingpasta-medium-75ml.png\" alt=\"R&amp;C pasta per lo styling media 75ml.\" loading=\"lazy\" decoding=\"async\" \/><\/a><div class=\"mc-post__price\"><span class=\"woocommerce-Price-amount\">27.50 \u20ac<\/span><\/div><\/div><div class=\"mc-post__cta\"><a class=\"mc-btn\" href=\"https:\/\/www.denatuurlijkekappershop.nl\/rc-pate-coiffante-medium-75ml\/?utm_source=Google%20Shopping&#038;utm_campaign=Google%20Shopping%20New&#038;utm_medium=cpc&#038;utm_term=adtribes\" target=\"_self\" rel=\"noopener\">Visualizza il prodotto<\/a><\/div><\/article><article class=\"mc-post\" role=\"listitem\"><div class=\"mc-post__title\"><a href=\"https:\/\/www.denatuurlijkekappershop.nl\/zenz-organic-anti-hair-loss-scalp-tonic-pure-no-23-200ml\/?utm_source=Google%20Shopping&#038;utm_campaign=Google%20Shopping%20New&#038;utm_medium=cpc&#038;utm_term=adtribes\" target=\"_self\" rel=\"noopener\">ZENZ Organic - Tonico per il cuoio capelluto puro n. 23 per capelli diradati 200ml<\/a><\/div><div class=\"mc-post__middle\"><a class=\"mc-post__thumb\" href=\"https:\/\/www.denatuurlijkekappershop.nl\/zenz-organic-anti-hair-loss-scalp-tonic-pure-no-23-200ml\/?utm_source=Google%20Shopping&#038;utm_campaign=Google%20Shopping%20New&#038;utm_medium=cpc&#038;utm_term=adtribes\" target=\"_self\" rel=\"noopener\"><img class=\"lazyload\" src=\"data:image\/gif;base64,R0lGODlhAQABAAAAACH5BAEKAAEALAAAAAABAAEAAAICTAEAOw==\" data-orig-src=\"https:\/\/www.denatuurlijkekappershop.nl\/wp-content\/uploads\/2025\/11\/ZENZ-Organic-anti-hair-loss-scalp-tonic-pure-no.-23-200ml.png\" alt=\"ZENZ Organic - Tonico per il cuoio capelluto puro n. 23 per capelli diradati 200ml\" loading=\"lazy\" decoding=\"async\" \/><\/a><div class=\"mc-post__price\"><span class=\"woocommerce-Price-amount\">80.50 \u20ac<\/span><\/div><\/div><div class=\"mc-post__cta\"><a class=\"mc-btn\" href=\"https:\/\/www.denatuurlijkekappershop.nl\/zenz-organic-anti-hair-loss-scalp-tonic-pure-no-23-200ml\/?utm_source=Google%20Shopping&#038;utm_campaign=Google%20Shopping%20New&#038;utm_medium=cpc&#038;utm_term=adtribes\" target=\"_self\" rel=\"noopener\">Visualizza il prodotto<\/a><\/div><\/article><article class=\"mc-post\" role=\"listitem\"><div class=\"mc-post__title\"><a href=\"https:\/\/www.denatuurlijkekappershop.nl\/zenz-organic-stimulating-hair-shampoo-pure-no-22\/?utm_source=Google%20Shopping&#038;utm_campaign=Google%20Shopping%20New&#038;utm_medium=cpc&#038;utm_term=adtribes\" target=\"_self\" rel=\"noopener\">ZENZ Organic - shampoo stimolante per capelli puro n. 22 250 ml<\/a><\/div><div class=\"mc-post__middle\"><a class=\"mc-post__thumb\" href=\"https:\/\/www.denatuurlijkekappershop.nl\/zenz-organic-stimulating-hair-shampoo-pure-no-22\/?utm_source=Google%20Shopping&#038;utm_campaign=Google%20Shopping%20New&#038;utm_medium=cpc&#038;utm_term=adtribes\" target=\"_self\" rel=\"noopener\"><img class=\"lazyload\" src=\"data:image\/gif;base64,R0lGODlhAQABAAAAACH5BAEKAAEALAAAAAABAAEAAAICTAEAOw==\" data-orig-src=\"https:\/\/www.denatuurlijkekappershop.nl\/wp-content\/uploads\/2025\/11\/ZENZ-Organic-\u2013-stimulating-hair-shampoo-pure-no.-22-250ml.png\" alt=\"ZENZ Organic - shampoo stimolante per capelli puro n. 22 250 ml\" loading=\"lazy\" decoding=\"async\" \/><\/a><div class=\"mc-post__price\"><span class=\"woocommerce-Price-amount\">34.80 \u20ac<\/span><\/div><\/div><div class=\"mc-post__cta\"><a class=\"mc-btn\" href=\"https:\/\/www.denatuurlijkekappershop.nl\/zenz-organic-stimulating-hair-shampoo-pure-no-22\/?utm_source=Google%20Shopping&#038;utm_campaign=Google%20Shopping%20New&#038;utm_medium=cpc&#038;utm_term=adtribes\" target=\"_self\" rel=\"noopener\">Visualizza il prodotto<\/a><\/div><\/article><\/div><div class=\"mc-extern-foot\"><div><\/div><div><a class=\"mc-btn--red\" href=\"https:\/\/www.denatuurlijkekappershop.nl\/?s=haaruitval&#038;post_type=product&#038;dgwt_wcas=1\" target=\"_blank\" rel=\"noopener\">Visualizza tutti i prodotti<\/a><\/div><\/div><\/section><\/p>\n<p>I prodotti sopra elencati sono stati selezionati per la loro idoneit\u00e0 al diradamento dei capelli. Sono delicati per il cuoio capelluto, non gravano sui capelli il pi\u00f9 possibile e sostengono la fibra capillare dove possibile.<\/p>\n<h2>Come affrontare la caduta dei capelli nella tua routine quotidiana<\/h2>\n<p>Oltre alla scelta dei prodotti, \u00e8 utile modificare leggermente le proprie abitudini quotidiane:<\/p>\n<ul>\n<li>Lavare con uno shampoo delicato e non pi\u00f9 spesso del necessario.<\/li>\n<li>Applicare il balsamo solo sulle lunghezze e sulle punte, non sul cuoio capelluto.<\/li>\n<li>Scegli una spazzola o un pettine morbido e lavora dalle punte verso l'alto.<\/li>\n<li>Limita il calore e usa sempre una protezione termica quando asciughi i capelli con il phon o li metti in piega.<\/li>\n<li>Massaggiate regolarmente il cuoio capelluto.<\/li>\n<\/ul>\n<h2>Quando \u00e8 opportuno chiedere aiuto?<\/h2>\n<p>La perdita di capelli \u00e8 talvolta temporanea, ma in caso di necessit\u00e0 \u00e8 bene rivolgersi a un medico o a un dermatologo:<\/p>\n<ul>\n<li>improvvisa perdita di capelli in breve tempo<\/li>\n<li>vede zone calve o quasi calve<\/li>\n<li>hai perdita di capelli accompagnata da forte prurito, dolore o infiammazioni al cuoio capelluto<\/li>\n<li>ti preoccupi e non capisci bene da dove provenga<\/li>\n<\/ul>\n<p>Leggi anche:<br \/>\n<a href=\"\/it\/diradamento-dei-capelli\/\">Diradamento dei capelli<\/a><br \/>\n<a href=\"\/it\/capelli-che-si-spezzano\/\">Capelli che si spezzano<\/a><br \/>\n<a href=\"\/it\/cuoio-capelluto-sensibile\/\">Cuoio capelluto sensibile<\/a><br \/>\n<a href=\"\/it\/prurito-al-cuoio-capelluto\/\">Prurito al cuoio capelluto<\/a><\/p>\n<h2>Conclusione: la caduta dei capelli richiede delicatezza e attenzione<\/h2>\n<p>La perdita dei capelli pu\u00f2 essere una sensazione eccitante, ma se si \u00e8 delicati con il cuoio capelluto e i capelli e si scelgono cure che supportano il diradamento dei capelli, \u00e8 possibile mantenere i capelli il pi\u00f9 belli possibile.<\/p>\n<blockquote><p>Notate che i vostri capelli si stanno assottigliando o che ne perdete di pi\u00f9 rispetto al solito? Scegliete i prodotti per la cura dei capelli adatti al diradamento e al cuoio capelluto sensibile.<\/p><\/blockquote>","protected":false},"excerpt":{"rendered":"<p>Haaruitval Schrik je van extra haren in je borstel, op  [&#8230;]<\/p>\n","protected":false},"author":1,"featured_media":0,"parent":0,"menu_order":0,"comment_status":"closed","ping_status":"closed","template":"","meta":{"_acf_changed":false,"_joinchat":[],"footnotes":""},"class_list":["post-2006","page","type-page","status-publish","hentry"],"acf":[],"_links":{"self":[{"href":"https:\/\/www.probleemharen.nl\/it\/wp-json\/wp\/v2\/pages\/2006","targetHints":{"allow":["GET"]}}],"collection":[{"href":"https:\/\/www.probleemharen.nl\/it\/wp-json\/wp\/v2\/pages"}],"about":[{"href":"https:\/\/www.probleemharen.nl\/it\/wp-json\/wp\/v2\/types\/page"}],"author":[{"embeddable":true,"href":"https:\/\/www.probleemharen.nl\/it\/wp-json\/wp\/v2\/users\/1"}],"replies":[{"embeddable":true,"href":"https:\/\/www.probleemharen.nl\/it\/wp-json\/wp\/v2\/comments?post=2006"}],"version-history":[{"count":5,"href":"https:\/\/www.probleemharen.nl\/it\/wp-json\/wp\/v2\/pages\/2006\/revisions"}],"predecessor-version":[{"id":2365,"href":"https:\/\/www.probleemharen.nl\/it\/wp-json\/wp\/v2\/pages\/2006\/revisions\/2365"}],"wp:attachment":[{"href":"https:\/\/www.probleemharen.nl\/it\/wp-json\/wp\/v2\/media?parent=2006"}],"curies":[{"name":"wp","href":"https:\/\/api.w.org\/{rel}","templated":true}]}}