{"id":2034,"date":"2025-11-25T09:58:28","date_gmt":"2025-11-25T09:58:28","guid":{"rendered":"https:\/\/www.probleemharen.nl\/?page_id=2034"},"modified":"2025-11-25T15:38:47","modified_gmt":"2025-11-25T15:38:47","slug":"cheveux-epais","status":"publish","type":"page","link":"https:\/\/www.probleemharen.nl\/fr\/dik-haar\/","title":{"rendered":"Cheveux \u00e9pais"},"content":{"rendered":"<h1>Cheveux \u00e9pais<\/h1>\n<p>\nLes cheveux \u00e9pais ont souvent une structure capillaire solide, mais ils peuvent aussi \u00eatre rapidement secs, r\u00eaches et difficiles \u00e0 dompter. La fibre capillaire est plus \u00e9paisse et la densit\u00e9 globale du cheveu plus grande, ce qui donne rapidement beaucoup de volume \u00e0 vos cheveux, mais les dess\u00e8che aussi plus rapidement. Avec des soins adapt\u00e9s, les cheveux \u00e9pais deviennent souples, sains et faciles \u00e0 coiffer.\n<\/p>\n<h2>Comment reconna\u00eetre les cheveux \u00e9pais ?<\/h2>\n<p>\nLes cheveux \u00e9pais se reconnaissent g\u00e9n\u00e9ralement par :\n<\/p>\n<ul>\n<li>des masses de cheveux pleines et lourdes<\/li>\n<li>une texture naturelle forte (boucles, traits ou raideur)<\/li>\n<li>des points qui s\u00e8chent rapidement<\/li>\n<li>une structure rigide ou rugueuse<\/li>\n<li>les cheveux sont plus difficiles \u00e0 coiffer<\/li>\n<\/ul>\n<h2>Comment soigner au mieux les cheveux \u00e9pais ?<\/h2>\n<ul>\n<li>Utilisez des shampooings nourrissants qui ne dess\u00e8chent pas vos cheveux.<\/li>\n<li>Appliquez un apr\u00e8s-shampoing riche apr\u00e8s chaque lavage.<\/li>\n<li>Utilisez un masque nourrissant en profondeur chaque semaine.<\/li>\n<li>Scellez les longueurs avec de l'huile ou des produits sans rin\u00e7age.<\/li>\n<li>S\u00e9chez vos cheveux \u00e0 l'air libre autant que possible ou \u00e0 basse temp\u00e9rature.<\/li>\n<\/ul>\n<h2>Produits naturels pour cheveux \u00e9pais<\/h2>\n<p id=\"productblok\">\n<style id=\"mc-extern-products-tf-css\">\n.mc-extern-wrap{\n    position:relative;\n    margin:10px 0 18px;\n    background:#E5DAD6;\n    border-radius:12px;\n    padding:16px;\n}\n.mc-extern-head,\n.mc-extern-foot{\n    display:flex;\n    align-items:center;\n    justify-content:space-between;\n    gap:12px;\n}\n.mc-extern-head{margin-bottom:8px;}\n.mc-extern-foot{margin-top:10px;}\n.mc-extern-heading{\n    color:#2C3729;\n    font-size:14px;\n    font-weight:600;\n    letter-spacing:.2px;\n}\n\n\/* Titels en knoppen in Poppins Semi Bold *\/\n.mc-post__title a,\n.mc-btn,\n.mc-extern-foot .mc-btn--red{\n    font-family:\"Poppins\",\"Helvetica Neue\",Arial,sans-serif;\n    font-weight:600;\n}\n\n\/* Footer-knop (accentkleur) *\/\n.mc-extern-foot .mc-btn--red{\n    display:inline-block;\n    padding:12px 16px;\n    background:#CBB57B;\n    color:#2C3729;\n    text-decoration:none;\n    border:none;\n    border-radius:4px;\n    box-shadow:none;\n}\n.mc-extern-foot .mc-btn--red:hover,\n.mc-extern-foot .mc-btn--red:focus{\n    text-decoration:none;\n    opacity:.95;\n    outline:none;\n}\n\n.mc-extern-products__notice{\n    padding:10px 12px;\n    background:#fff3cd;\n    border:1px solid #ffe69c;\n    border-radius:8px;\n}\n\n\/* Grid en cards *\/\n.mc-extern-products{\n    display:grid;\n    grid-template-columns:repeat(var(--mc-cols),minmax(0,1fr));\n    gap:16px;\n    align-items:stretch;\n}\n.mc-post{\n    background:#FFFFFF;\n    border:1px solid #C3C9C0;\n    border-radius:12px;\n    overflow:hidden;\n    display:flex;\n    flex-direction:column;\n    box-shadow:0 1px 3px rgba(0,0,0,.04);\n}\n\n\/* Titel *\/\n.mc-post__title{\n    display:block;\n    padding:12px 14px 0;\n}\n.mc-post__title a{\n    color:#2C3729;\n    text-decoration:none;\n    font-size:16px;\n    line-height:1.35;\n    display:-webkit-box;\n    -webkit-line-clamp:3;\n    -webkit-box-orient:vertical;\n    overflow:hidden;\n    min-height:65px;\n}\n.mc-post__title a:hover{\n    text-decoration:underline;\n}\n\n\/* Middenstuk *\/\n.mc-post__middle{\n    display:grid;\n    grid-template-columns:2fr 1fr;\n    gap:12px;\n    align-items:center;\n    padding:12px 14px;\n}\n.mc-post__thumb{\n    width:100%;\n    aspect-ratio:1\/1;\n    background:#F5F5F5;\n    border-radius:10px;\n    overflow:hidden;\n    border:1px solid #C3C9C0;\n}\n.mc-post__thumb img{\n    width:100%;\n    height:100%;\n    object-fit:contain;\n    display:block;\n}\n.mc-post__price{\n    justify-self:end;\n    font-size:15px;\n    font-weight:600;\n    color:#2C3729;\n}\n\n\/* Knop onderaan card *\/\n.mc-post__cta{\n    padding:0 14px 14px;\n}\n.mc-btn{\n    display:block;\n    width:100%;\n    text-align:center;\n    padding:12px 16px;\n    background:#2C3729;\n    color:#FFFFFF;\n    text-decoration:none;\n    border:none;\n    border-radius:4px;\n    box-shadow:none;\n}\n.mc-btn:hover,\n.mc-btn:focus{\n    text-decoration:none;\n    opacity:.95;\n    outline:none;\n}\n\n\/* Responsive *\/\n@media (max-width:480px){\n    .mc-extern-products{\n        grid-template-columns:repeat(2,minmax(0,1fr));\n        gap:12px;\n    }\n}\n@media (max-width:360px){\n    .mc-extern-products{\n        grid-template-columns:repeat(1,minmax(0,1fr));\n    }\n}\n@media (min-width:768px){\n    .mc-extern-products{\n        grid-template-columns:repeat(min(var(--mc-cols),3),minmax(0,1fr));\n    }\n}\n@media (min-width:1024px){\n    .mc-extern-products{\n        grid-template-columns:repeat(var(--mc-cols),minmax(0,1fr));\n    }\n}\n<\/style><section class=\"mc-extern-wrap\"><div class=\"mc-extern-head\"><div class=\"mc-extern-heading\">Quelques produits de De Natuurlijke Kapper Shop<\/div><div><\/div><\/div><div class=\"mc-extern-products\" style=\"--mc-cols:4;\"><article class=\"mc-post\" role=\"listitem\"><div class=\"mc-post__title\"><a href=\"https:\/\/www.denatuurlijkekappershop.nl\/its-pure-organics-biologisch-bhringaraj-poeder-100g-100-natuurlijk-haarpoeder\/?utm_source=Google%20Shopping&#038;utm_campaign=Google%20Shopping%20New&#038;utm_medium=cpc&#038;utm_term=adtribes\" target=\"_self\" rel=\"noopener\">It's Pure Organics Organic Bhringaraj Powder 100g - 100% Natural Hair Powder<\/a><\/div><div class=\"mc-post__middle\"><a class=\"mc-post__thumb\" href=\"https:\/\/www.denatuurlijkekappershop.nl\/its-pure-organics-biologisch-bhringaraj-poeder-100g-100-natuurlijk-haarpoeder\/?utm_source=Google%20Shopping&#038;utm_campaign=Google%20Shopping%20New&#038;utm_medium=cpc&#038;utm_term=adtribes\" target=\"_self\" rel=\"noopener\"><img class=\"lazyload\" src=\"data:image\/gif;base64,R0lGODlhAQABAAAAACH5BAEKAAEALAAAAAABAAEAAAICTAEAOw==\" data-orig-src=\"https:\/\/www.denatuurlijkekappershop.nl\/wp-content\/uploads\/2026\/04\/Its-Pure-Organics-Biologisch-Bhringaraj-Poeder-100g-\u2013-100-Natuurlijk-Haarpoeder.png\" alt=\"It&#039;s Pure Organics Organic Bhringaraj Powder 100g - 100% Natural Hair Powder\" loading=\"lazy\" decoding=\"async\" \/><\/a><div class=\"mc-post__price\"><span class=\"woocommerce-Price-amount\">8.20 \u20ac<\/span><\/div><\/div><div class=\"mc-post__cta\"><a class=\"mc-btn\" href=\"https:\/\/www.denatuurlijkekappershop.nl\/its-pure-organics-biologisch-bhringaraj-poeder-100g-100-natuurlijk-haarpoeder\/?utm_source=Google%20Shopping&#038;utm_campaign=Google%20Shopping%20New&#038;utm_medium=cpc&#038;utm_term=adtribes\" target=\"_self\" rel=\"noopener\">Voir le produit<\/a><\/div><\/article><article class=\"mc-post\" role=\"listitem\"><div class=\"mc-post__title\"><a href=\"https:\/\/www.denatuurlijkekappershop.nl\/zenz-organic-oil-treatment-no-97-100-ml\/?utm_source=Google%20Shopping&#038;utm_campaign=Google%20Shopping%20New&#038;utm_medium=cpc&#038;utm_term=adtribes\" target=\"_self\" rel=\"noopener\">ZENZ Organic - huile de soin n\u00b0 97 (100 ml)<\/a><\/div><div class=\"mc-post__middle\"><a class=\"mc-post__thumb\" href=\"https:\/\/www.denatuurlijkekappershop.nl\/zenz-organic-oil-treatment-no-97-100-ml\/?utm_source=Google%20Shopping&#038;utm_campaign=Google%20Shopping%20New&#038;utm_medium=cpc&#038;utm_term=adtribes\" target=\"_self\" rel=\"noopener\"><img class=\"lazyload\" src=\"data:image\/gif;base64,R0lGODlhAQABAAAAACH5BAEKAAEALAAAAAABAAEAAAICTAEAOw==\" data-orig-src=\"https:\/\/www.denatuurlijkekappershop.nl\/wp-content\/uploads\/2026\/03\/Zenz-Oil-Treatment-Pure-No.-97.png\" alt=\"ZENZ Organic - huile de soin n\u00b0 97 (100 ml)\" loading=\"lazy\" decoding=\"async\" \/><\/a><div class=\"mc-post__price\"><span class=\"woocommerce-Price-amount\">53.50 \u20ac<\/span><\/div><\/div><div class=\"mc-post__cta\"><a class=\"mc-btn\" href=\"https:\/\/www.denatuurlijkekappershop.nl\/zenz-organic-oil-treatment-no-97-100-ml\/?utm_source=Google%20Shopping&#038;utm_campaign=Google%20Shopping%20New&#038;utm_medium=cpc&#038;utm_term=adtribes\" target=\"_self\" rel=\"noopener\">Voir le produit<\/a><\/div><\/article><article class=\"mc-post\" role=\"listitem\"><div class=\"mc-post__title\"><a href=\"https:\/\/www.denatuurlijkekappershop.nl\/rc-bi-serum-bij-droog-tot-beschadigd-haar\/?utm_source=Google%20Shopping&#038;utm_campaign=Google%20Shopping%20New&#038;utm_medium=cpc&#038;utm_term=adtribes\" target=\"_self\" rel=\"noopener\">R&amp;C bi-s\u00e9rum - pour cheveux secs \u00e0 ab\u00eem\u00e9s<\/a><\/div><div class=\"mc-post__middle\"><a class=\"mc-post__thumb\" href=\"https:\/\/www.denatuurlijkekappershop.nl\/rc-bi-serum-bij-droog-tot-beschadigd-haar\/?utm_source=Google%20Shopping&#038;utm_campaign=Google%20Shopping%20New&#038;utm_medium=cpc&#038;utm_term=adtribes\" target=\"_self\" rel=\"noopener\"><img class=\"lazyload\" src=\"data:image\/gif;base64,R0lGODlhAQABAAAAACH5BAEKAAEALAAAAAABAAEAAAICTAEAOw==\" data-orig-src=\"https:\/\/www.denatuurlijkekappershop.nl\/wp-content\/uploads\/2026\/03\/RC-bi-serum-droog-tot-beschadigd-haar.png\" alt=\"R&amp;C bi-s\u00e9rum - pour cheveux secs \u00e0 ab\u00eem\u00e9s\" loading=\"lazy\" decoding=\"async\" \/><\/a><div class=\"mc-post__price\"><span class=\"woocommerce-Price-amount\">42.25 \u20ac<\/span><\/div><\/div><div class=\"mc-post__cta\"><a class=\"mc-btn\" href=\"https:\/\/www.denatuurlijkekappershop.nl\/rc-bi-serum-bij-droog-tot-beschadigd-haar\/?utm_source=Google%20Shopping&#038;utm_campaign=Google%20Shopping%20New&#038;utm_medium=cpc&#038;utm_term=adtribes\" target=\"_self\" rel=\"noopener\">Voir le produit<\/a><\/div><\/article><article class=\"mc-post\" role=\"listitem\"><div class=\"mc-post__title\"><a href=\"https:\/\/www.denatuurlijkekappershop.nl\/zenz-organic-oil-treatment-deep-wood-no-99-100-ml\/?utm_source=Google%20Shopping&#038;utm_campaign=Google%20Shopping%20New&#038;utm_medium=cpc&#038;utm_term=adtribes\" target=\"_self\" rel=\"noopener\">ZENZ Organic - huile de soin bois profond n\u00b0 99 (100 ml)<\/a><\/div><div class=\"mc-post__middle\"><a class=\"mc-post__thumb\" href=\"https:\/\/www.denatuurlijkekappershop.nl\/zenz-organic-oil-treatment-deep-wood-no-99-100-ml\/?utm_source=Google%20Shopping&#038;utm_campaign=Google%20Shopping%20New&#038;utm_medium=cpc&#038;utm_term=adtribes\" target=\"_self\" rel=\"noopener\"><img class=\"lazyload\" src=\"data:image\/gif;base64,R0lGODlhAQABAAAAACH5BAEKAAEALAAAAAABAAEAAAICTAEAOw==\" data-orig-src=\"https:\/\/www.denatuurlijkekappershop.nl\/wp-content\/uploads\/2025\/12\/ZENZ-Organic-\u2013-oil-treatment-deep-wood-no.-99-100-ml.png\" alt=\"ZENZ Organic - huile de soin bois profond n\u00b0 99 (100 ml)\" loading=\"lazy\" decoding=\"async\" \/><\/a><div class=\"mc-post__price\"><span class=\"woocommerce-Price-amount\">53.50 \u20ac<\/span><\/div><\/div><div class=\"mc-post__cta\"><a class=\"mc-btn\" href=\"https:\/\/www.denatuurlijkekappershop.nl\/zenz-organic-oil-treatment-deep-wood-no-99-100-ml\/?utm_source=Google%20Shopping&#038;utm_campaign=Google%20Shopping%20New&#038;utm_medium=cpc&#038;utm_term=adtribes\" target=\"_self\" rel=\"noopener\">Voir le produit<\/a><\/div><\/article><article class=\"mc-post\" role=\"listitem\"><div class=\"mc-post__title\"><a href=\"https:\/\/www.denatuurlijkekappershop.nl\/rc-pate-coiffante-medium-75ml\/?utm_source=Google%20Shopping&#038;utm_campaign=Google%20Shopping%20New&#038;utm_medium=cpc&#038;utm_term=adtribes\" target=\"_self\" rel=\"noopener\">R&amp;C styling paste medium 75ml.<\/a><\/div><div class=\"mc-post__middle\"><a class=\"mc-post__thumb\" href=\"https:\/\/www.denatuurlijkekappershop.nl\/rc-pate-coiffante-medium-75ml\/?utm_source=Google%20Shopping&#038;utm_campaign=Google%20Shopping%20New&#038;utm_medium=cpc&#038;utm_term=adtribes\" target=\"_self\" rel=\"noopener\"><img class=\"lazyload\" src=\"data:image\/gif;base64,R0lGODlhAQABAAAAACH5BAEKAAEALAAAAAABAAEAAAICTAEAOw==\" data-orig-src=\"https:\/\/www.denatuurlijkekappershop.nl\/wp-content\/uploads\/2025\/11\/RC-stylingpasta-medium-75ml.png\" alt=\"R&amp;C styling paste medium 75ml.\" loading=\"lazy\" decoding=\"async\" \/><\/a><div class=\"mc-post__price\"><span class=\"woocommerce-Price-amount\">27.50 \u20ac<\/span><\/div><\/div><div class=\"mc-post__cta\"><a class=\"mc-btn\" href=\"https:\/\/www.denatuurlijkekappershop.nl\/rc-pate-coiffante-medium-75ml\/?utm_source=Google%20Shopping&#038;utm_campaign=Google%20Shopping%20New&#038;utm_medium=cpc&#038;utm_term=adtribes\" target=\"_self\" rel=\"noopener\">Voir le produit<\/a><\/div><\/article><article class=\"mc-post\" role=\"listitem\"><div class=\"mc-post__title\"><a href=\"https:\/\/www.denatuurlijkekappershop.nl\/zenz-organic-anti-hair-loss-scalp-tonic-pure-no-23-200ml\/?utm_source=Google%20Shopping&#038;utm_campaign=Google%20Shopping%20New&#038;utm_medium=cpc&#038;utm_term=adtribes\" target=\"_self\" rel=\"noopener\">ZENZ Organic - tonique pour le cuir chevelu pur n\u00b023 pour les cheveux clairsem\u00e9s 200ml<\/a><\/div><div class=\"mc-post__middle\"><a class=\"mc-post__thumb\" href=\"https:\/\/www.denatuurlijkekappershop.nl\/zenz-organic-anti-hair-loss-scalp-tonic-pure-no-23-200ml\/?utm_source=Google%20Shopping&#038;utm_campaign=Google%20Shopping%20New&#038;utm_medium=cpc&#038;utm_term=adtribes\" target=\"_self\" rel=\"noopener\"><img class=\"lazyload\" src=\"data:image\/gif;base64,R0lGODlhAQABAAAAACH5BAEKAAEALAAAAAABAAEAAAICTAEAOw==\" data-orig-src=\"https:\/\/www.denatuurlijkekappershop.nl\/wp-content\/uploads\/2025\/11\/ZENZ-Organic-anti-hair-loss-scalp-tonic-pure-no.-23-200ml.png\" alt=\"ZENZ Organic - tonique pour le cuir chevelu pur n\u00b023 pour les cheveux clairsem\u00e9s 200ml\" loading=\"lazy\" decoding=\"async\" \/><\/a><div class=\"mc-post__price\"><span class=\"woocommerce-Price-amount\">80.50 \u20ac<\/span><\/div><\/div><div class=\"mc-post__cta\"><a class=\"mc-btn\" href=\"https:\/\/www.denatuurlijkekappershop.nl\/zenz-organic-anti-hair-loss-scalp-tonic-pure-no-23-200ml\/?utm_source=Google%20Shopping&#038;utm_campaign=Google%20Shopping%20New&#038;utm_medium=cpc&#038;utm_term=adtribes\" target=\"_self\" rel=\"noopener\">Voir le produit<\/a><\/div><\/article><article class=\"mc-post\" role=\"listitem\"><div class=\"mc-post__title\"><a href=\"https:\/\/www.denatuurlijkekappershop.nl\/zenz-organic-stimulating-hair-shampoo-pure-no-22\/?utm_source=Google%20Shopping&#038;utm_campaign=Google%20Shopping%20New&#038;utm_medium=cpc&#038;utm_term=adtribes\" target=\"_self\" rel=\"noopener\">ZENZ Organic - shampooing stimulant pur n\u00b0 22 250 ml<\/a><\/div><div class=\"mc-post__middle\"><a class=\"mc-post__thumb\" href=\"https:\/\/www.denatuurlijkekappershop.nl\/zenz-organic-stimulating-hair-shampoo-pure-no-22\/?utm_source=Google%20Shopping&#038;utm_campaign=Google%20Shopping%20New&#038;utm_medium=cpc&#038;utm_term=adtribes\" target=\"_self\" rel=\"noopener\"><img class=\"lazyload\" src=\"data:image\/gif;base64,R0lGODlhAQABAAAAACH5BAEKAAEALAAAAAABAAEAAAICTAEAOw==\" data-orig-src=\"https:\/\/www.denatuurlijkekappershop.nl\/wp-content\/uploads\/2025\/11\/ZENZ-Organic-\u2013-stimulating-hair-shampoo-pure-no.-22-250ml.png\" alt=\"ZENZ Organic - shampooing stimulant pur n\u00b0 22 250 ml\" loading=\"lazy\" decoding=\"async\" \/><\/a><div class=\"mc-post__price\"><span class=\"woocommerce-Price-amount\">34.80 \u20ac<\/span><\/div><\/div><div class=\"mc-post__cta\"><a class=\"mc-btn\" href=\"https:\/\/www.denatuurlijkekappershop.nl\/zenz-organic-stimulating-hair-shampoo-pure-no-22\/?utm_source=Google%20Shopping&#038;utm_campaign=Google%20Shopping%20New&#038;utm_medium=cpc&#038;utm_term=adtribes\" target=\"_self\" rel=\"noopener\">Voir le produit<\/a><\/div><\/article><article class=\"mc-post\" role=\"listitem\"><div class=\"mc-post__title\"><a href=\"https:\/\/www.denatuurlijkekappershop.nl\/odylique-ylang-ylang-orange-hand-bodywash\/?attribute_maak-een-keuze=200ml.&#038;utm_source=Google%20Shopping&#038;utm_campaign=Google%20Shopping%20New&#038;utm_medium=cpc&#038;utm_term=adtribes\" target=\"_self\" rel=\"noopener\">Odylique Ylang Ylang &amp; Orange Gel douche mains et corps 200 ml.<\/a><\/div><div class=\"mc-post__middle\"><a class=\"mc-post__thumb\" href=\"https:\/\/www.denatuurlijkekappershop.nl\/odylique-ylang-ylang-orange-hand-bodywash\/?attribute_maak-een-keuze=200ml.&#038;utm_source=Google%20Shopping&#038;utm_campaign=Google%20Shopping%20New&#038;utm_medium=cpc&#038;utm_term=adtribes\" target=\"_self\" rel=\"noopener\"><img class=\"lazyload\" src=\"data:image\/gif;base64,R0lGODlhAQABAAAAACH5BAEKAAEALAAAAAABAAEAAAICTAEAOw==\" data-orig-src=\"https:\/\/www.denatuurlijkekappershop.nl\/wp-content\/uploads\/2025\/11\/Odylique-Ylang-Ylang-Orange-Hand-Bodywash.png\" alt=\"Odylique Ylang Ylang &amp; Orange Gel douche pour les mains et le corps 200 ml.\" loading=\"lazy\" decoding=\"async\" \/><\/a><div class=\"mc-post__price\"><span class=\"woocommerce-Price-amount\">18.00 \u20ac<\/span><\/div><\/div><div class=\"mc-post__cta\"><a class=\"mc-btn\" href=\"https:\/\/www.denatuurlijkekappershop.nl\/odylique-ylang-ylang-orange-hand-bodywash\/?attribute_maak-een-keuze=200ml.&#038;utm_source=Google%20Shopping&#038;utm_campaign=Google%20Shopping%20New&#038;utm_medium=cpc&#038;utm_term=adtribes\" target=\"_self\" rel=\"noopener\">Voir le produit<\/a><\/div><\/article><\/div><div class=\"mc-extern-foot\"><div><\/div><div><a class=\"mc-btn--red\" href=\"https:\/\/www.denatuurlijkekappershop.nl\/?s=dik%20haar&#038;post_type=product&#038;dgwt_wcas=1\" target=\"_blank\" rel=\"noopener\">Voir tous les produits<\/a><\/div><\/div><\/section>\n<\/p>\n<h2>Conseils pour garder les cheveux \u00e9pais souples et sains<\/h2>\n<ul>\n<li>Choisissez des produits qui conservent l'humidit\u00e9, comme l'aloe vera ou les huiles v\u00e9g\u00e9tales.<\/li>\n<li>\u00c9vitez les sulfates trop puissants qui ass\u00e8chent vos cheveux.<\/li>\n<li>Utilisez un peigne \u00e0 dents larges ou vos doigts pour d\u00e9m\u00ealer.<\/li>\n<li>Appliquer les produits coiffants sur les cheveux mouill\u00e9s ou essor\u00e9s.<\/li>\n<li>Coupez r\u00e9guli\u00e8rement les pointes pour \u00e9viter les extr\u00e9mit\u00e9s floues.<\/li>\n<\/ul>\n<p>\nLire aussi :<br \/>\n<a href=\"\/fr\/boucles\/\">Boucles<\/a><br \/>\n<a href=\"\/fr\/cheveux-ondules\/\">Cheveux ondul\u00e9s<\/a><br \/>\n<a href=\"\/fr\/nourrir-les-cheveux\/\">Nourrir les cheveux<\/a>\n<\/p>\n<h2>Conclusion : les cheveux \u00e9pais s'\u00e9panouissent gr\u00e2ce \u00e0 des soins riches<\/h2>\n<p>\nLes cheveux \u00e9pais ont beaucoup de potentiel : ils peuvent \u00eatre magnifiquement fournis, forts et brillants s'ils sont correctement entretenus. Des produits nourrissants et hydratants donneront \u00e0 vos cheveux la souplesse et la brillance qu'ils m\u00e9ritent.\n<\/p>\n<blockquote><p>\nVous voulez rendre vos cheveux \u00e9pais plus faciles \u00e0 coiffer et plus sains ? Choisissez les produits naturels ci-dessus qui nourrissent, adoucissent et renforcent les cheveux \u00e9pais.\n<\/p><\/blockquote>","protected":false},"excerpt":{"rendered":"<p>Dik haar Dik haar heeft vaak een sterke haarstructuur, maar  [&#8230;]<\/p>\n","protected":false},"author":1,"featured_media":0,"parent":0,"menu_order":0,"comment_status":"closed","ping_status":"closed","template":"","meta":{"_acf_changed":false,"_joinchat":[],"footnotes":""},"class_list":["post-2034","page","type-page","status-publish","hentry"],"acf":[],"_links":{"self":[{"href":"https:\/\/www.probleemharen.nl\/fr\/wp-json\/wp\/v2\/pages\/2034","targetHints":{"allow":["GET"]}}],"collection":[{"href":"https:\/\/www.probleemharen.nl\/fr\/wp-json\/wp\/v2\/pages"}],"about":[{"href":"https:\/\/www.probleemharen.nl\/fr\/wp-json\/wp\/v2\/types\/page"}],"author":[{"embeddable":true,"href":"https:\/\/www.probleemharen.nl\/fr\/wp-json\/wp\/v2\/users\/1"}],"replies":[{"embeddable":true,"href":"https:\/\/www.probleemharen.nl\/fr\/wp-json\/wp\/v2\/comments?post=2034"}],"version-history":[{"count":3,"href":"https:\/\/www.probleemharen.nl\/fr\/wp-json\/wp\/v2\/pages\/2034\/revisions"}],"predecessor-version":[{"id":2274,"href":"https:\/\/www.probleemharen.nl\/fr\/wp-json\/wp\/v2\/pages\/2034\/revisions\/2274"}],"wp:attachment":[{"href":"https:\/\/www.probleemharen.nl\/fr\/wp-json\/wp\/v2\/media?parent=2034"}],"curies":[{"name":"wp","href":"https:\/\/api.w.org\/{rel}","templated":true}]}}