{"id":2018,"date":"2025-11-25T09:58:33","date_gmt":"2025-11-25T09:58:33","guid":{"rendered":"https:\/\/www.probleemharen.nl\/?page_id=2018"},"modified":"2026-03-10T12:47:54","modified_gmt":"2026-03-10T12:47:54","slug":"demangeaisons-du-cuir-chevelu","status":"publish","type":"page","link":"https:\/\/www.probleemharen.nl\/fr\/jeukende-hoofdhuid\/","title":{"rendered":"D\u00e9mangeaisons du cuir chevelu"},"content":{"rendered":"<h1>D\u00e9mangeaisons du cuir chevelu<\/h1>\n<p>Vous avez r\u00e9guli\u00e8rement tendance \u00e0 vous gratter le cuir chevelu, votre peau vous tiraille ou vous br\u00fble et vous voyez parfois des squames ? Les d\u00e9mangeaisons du cuir chevelu peuvent \u00eatre tr\u00e8s g\u00eanantes et \u00eatre le signe d'un d\u00e9s\u00e9quilibre du cuir chevelu. Avec des soins doux et une routine calme, vous pouvez souvent aider votre cuir chevelu \u00e0 se sentir \u00e0 nouveau \u00e0 l'aise.<\/p>\n<h2>A quoi ressemblent les d\u00e9mangeaisons du cuir chevelu ?<\/h2>\n<p>Chacun ressent les d\u00e9mangeaisons diff\u00e9remment, mais vous pouvez souvent les reconna\u00eetre \u00e0 l'un ou plusieurs des sympt\u00f4mes suivants :<\/p>\n<ul>\n<li>une d\u00e9mangeaison constante ou r\u00e9currente du cuir chevelu<\/li>\n<li>une tendance \u00e0 se gratter beaucoup<\/li>\n<li>une sensation de tension, de s\u00e9cheresse ou de br\u00fblure<\/li>\n<li>flocons dans les cheveux ou sur les \u00e9paules<\/li>\n<li>sensibilit\u00e9 au toucher ou lors du lavage<\/li>\n<\/ul>\n<p>Le grattage peut irriter la peau et parfois m\u00eame augmenter les d\u00e9mangeaisons. Il est donc important de limiter \u00e0 la fois la cause et le grattage lui-m\u00eame.<\/p>\n<h2>Quelles sont les causes des d\u00e9mangeaisons du cuir chevelu ?<\/h2>\n<p>Les d\u00e9mangeaisons du cuir chevelu peuvent avoir plusieurs causes. Les facteurs les plus courants sont les suivants :<\/p>\n<ul>\n<li>cuir chevelu sec ou sensible<\/li>\n<li>pellicules ou squames<\/li>\n<li>les produits fortement d\u00e9graissants ou irritants<\/li>\n<li>hypersensibilit\u00e9 \u00e0 certains ingr\u00e9dients<\/li>\n<li>des probl\u00e8mes de peau tels que l'ecz\u00e9ma ou la dermatite s\u00e9borrh\u00e9ique<\/li>\n<li>le stress, les changements hormonaux ou les changements de temp\u00e9rature<\/li>\n<\/ul>\n<p>Il y a parfois une cause \u00e9vidente, mais souvent plusieurs facteurs jouent un r\u00f4le simultan\u00e9ment.<\/p>\n<h2>Que faut-il \u00e9viter en cas de d\u00e9mangeaisons du cuir chevelu ?<\/h2>\n<p>Quelques habitudes peuvent aggraver ou entretenir les d\u00e9mangeaisons :<\/p>\n<ul>\n<li>se gratter avec les ongles<\/li>\n<li>lavage \u00e0 l'eau chaude<\/li>\n<li>utiliser des shampooings contenant des sulfates puissants ou beaucoup de parfum<\/li>\n<li>vaporiser le shampooing sec souvent et directement sur le cuir chevelu<\/li>\n<li>l'utilisation d'une grande quantit\u00e9 de produits coiffants sur le cuir chevelu<\/li>\n<\/ul>\n<h2>Produits naturels contre les d\u00e9mangeaisons du cuir chevelu<\/h2>\n<p>Les shampooings doux et les soins du cuir chevelu peuvent aider \u00e0 soigner le cuir chevelu lorsqu'il est sensible ou qu'il d\u00e9mange.<\/p>\n<p><em>Les produits ci-dessous sont des produits de soins cosm\u00e9tiques destin\u00e9s \u00e0 soigner le cuir chevelu et \u00e0 le rendre confortable. Ils ne sont pas destin\u00e9s \u00e0 traiter ou \u00e0 gu\u00e9rir des affections m\u00e9dicales. En cas de sympt\u00f4mes persistants ou graves, consultez toujours un m\u00e9decin ou un dermatologue.<\/em><\/p>\n<p id=\"productblok\"><style id=\"mc-extern-products-tf-css\">\n.mc-extern-wrap{\n    position:relative;\n    margin:10px 0 18px;\n    background:#E5DAD6;\n    border-radius:12px;\n    padding:16px;\n}\n.mc-extern-head,\n.mc-extern-foot{\n    display:flex;\n    align-items:center;\n    justify-content:space-between;\n    gap:12px;\n}\n.mc-extern-head{margin-bottom:8px;}\n.mc-extern-foot{margin-top:10px;}\n.mc-extern-heading{\n    color:#2C3729;\n    font-size:14px;\n    font-weight:600;\n    letter-spacing:.2px;\n}\n\n\/* Titels en knoppen in Poppins Semi Bold *\/\n.mc-post__title a,\n.mc-btn,\n.mc-extern-foot .mc-btn--red{\n    font-family:\"Poppins\",\"Helvetica Neue\",Arial,sans-serif;\n    font-weight:600;\n}\n\n\/* Footer-knop (accentkleur) *\/\n.mc-extern-foot .mc-btn--red{\n    display:inline-block;\n    padding:12px 16px;\n    background:#CBB57B;\n    color:#2C3729;\n    text-decoration:none;\n    border:none;\n    border-radius:4px;\n    box-shadow:none;\n}\n.mc-extern-foot .mc-btn--red:hover,\n.mc-extern-foot .mc-btn--red:focus{\n    text-decoration:none;\n    opacity:.95;\n    outline:none;\n}\n\n.mc-extern-products__notice{\n    padding:10px 12px;\n    background:#fff3cd;\n    border:1px solid #ffe69c;\n    border-radius:8px;\n}\n\n\/* Grid en cards *\/\n.mc-extern-products{\n    display:grid;\n    grid-template-columns:repeat(var(--mc-cols),minmax(0,1fr));\n    gap:16px;\n    align-items:stretch;\n}\n.mc-post{\n    background:#FFFFFF;\n    border:1px solid #C3C9C0;\n    border-radius:12px;\n    overflow:hidden;\n    display:flex;\n    flex-direction:column;\n    box-shadow:0 1px 3px rgba(0,0,0,.04);\n}\n\n\/* Titel *\/\n.mc-post__title{\n    display:block;\n    padding:12px 14px 0;\n}\n.mc-post__title a{\n    color:#2C3729;\n    text-decoration:none;\n    font-size:16px;\n    line-height:1.35;\n    display:-webkit-box;\n    -webkit-line-clamp:3;\n    -webkit-box-orient:vertical;\n    overflow:hidden;\n    min-height:65px;\n}\n.mc-post__title a:hover{\n    text-decoration:underline;\n}\n\n\/* Middenstuk *\/\n.mc-post__middle{\n    display:grid;\n    grid-template-columns:2fr 1fr;\n    gap:12px;\n    align-items:center;\n    padding:12px 14px;\n}\n.mc-post__thumb{\n    width:100%;\n    aspect-ratio:1\/1;\n    background:#F5F5F5;\n    border-radius:10px;\n    overflow:hidden;\n    border:1px solid #C3C9C0;\n}\n.mc-post__thumb img{\n    width:100%;\n    height:100%;\n    object-fit:contain;\n    display:block;\n}\n.mc-post__price{\n    justify-self:end;\n    font-size:15px;\n    font-weight:600;\n    color:#2C3729;\n}\n\n\/* Knop onderaan card *\/\n.mc-post__cta{\n    padding:0 14px 14px;\n}\n.mc-btn{\n    display:block;\n    width:100%;\n    text-align:center;\n    padding:12px 16px;\n    background:#2C3729;\n    color:#FFFFFF;\n    text-decoration:none;\n    border:none;\n    border-radius:4px;\n    box-shadow:none;\n}\n.mc-btn:hover,\n.mc-btn:focus{\n    text-decoration:none;\n    opacity:.95;\n    outline:none;\n}\n\n\/* Responsive *\/\n@media (max-width:480px){\n    .mc-extern-products{\n        grid-template-columns:repeat(2,minmax(0,1fr));\n        gap:12px;\n    }\n}\n@media (max-width:360px){\n    .mc-extern-products{\n        grid-template-columns:repeat(1,minmax(0,1fr));\n    }\n}\n@media (min-width:768px){\n    .mc-extern-products{\n        grid-template-columns:repeat(min(var(--mc-cols),3),minmax(0,1fr));\n    }\n}\n@media (min-width:1024px){\n    .mc-extern-products{\n        grid-template-columns:repeat(var(--mc-cols),minmax(0,1fr));\n    }\n}\n<\/style><section class=\"mc-extern-wrap\"><div class=\"mc-extern-head\"><div class=\"mc-extern-heading\">Quelques produits de De Natuurlijke Kapper Shop<\/div><div><\/div><\/div><div class=\"mc-extern-products\" style=\"--mc-cols:4;\"><article class=\"mc-post\" role=\"listitem\"><div class=\"mc-post__title\"><a href=\"https:\/\/www.denatuurlijkekappershop.nl\/rc-dermo-sensitive-serum-100ml\/?attribute_maak-een-keuze=Dermo-Sensitive+Serum+100ml&#038;utm_source=Google%20Shopping&#038;utm_campaign=Google%20Shopping%20New&#038;utm_medium=cpc&#038;utm_term=adtribes\" target=\"_self\" rel=\"noopener\">R&amp;C s\u00e9rum dermo-sensible 100ml S\u00e9rum dermo-sensible 100ml<\/a><\/div><div class=\"mc-post__middle\"><a class=\"mc-post__thumb\" href=\"https:\/\/www.denatuurlijkekappershop.nl\/rc-dermo-sensitive-serum-100ml\/?attribute_maak-een-keuze=Dermo-Sensitive+Serum+100ml&#038;utm_source=Google%20Shopping&#038;utm_campaign=Google%20Shopping%20New&#038;utm_medium=cpc&#038;utm_term=adtribes\" target=\"_self\" rel=\"noopener\"><img class=\"lazyload\" src=\"data:image\/gif;base64,R0lGODlhAQABAAAAACH5BAEKAAEALAAAAAABAAEAAAICTAEAOw==\" data-orig-src=\"https:\/\/www.denatuurlijkekappershop.nl\/wp-content\/uploads\/2025\/04\/RC-dermo-sensitive-serum-100-ml.png\" alt=\"R&amp;C dermo-sensitive serum 100ml Dermo-Sensitive Serum 100ml\" loading=\"lazy\" decoding=\"async\" \/><\/a><div class=\"mc-post__price\"><span class=\"woocommerce-Price-amount\">50.00 \u20ac<\/span><\/div><\/div><div class=\"mc-post__cta\"><a class=\"mc-btn\" href=\"https:\/\/www.denatuurlijkekappershop.nl\/rc-dermo-sensitive-serum-100ml\/?attribute_maak-een-keuze=Dermo-Sensitive+Serum+100ml&#038;utm_source=Google%20Shopping&#038;utm_campaign=Google%20Shopping%20New&#038;utm_medium=cpc&#038;utm_term=adtribes\" target=\"_self\" rel=\"noopener\">Voir le produit<\/a><\/div><\/article><article class=\"mc-post\" role=\"listitem\"><div class=\"mc-post__title\"><a href=\"https:\/\/www.denatuurlijkekappershop.nl\/its-pure-organics-biologisch-bhringaraj-poeder-100g-100-natuurlijk-haarpoeder\/?utm_source=Google%20Shopping&#038;utm_campaign=Google%20Shopping%20New&#038;utm_medium=cpc&#038;utm_term=adtribes\" target=\"_self\" rel=\"noopener\">It's Pure Organics Organic Bhringaraj Powder 100g - 100% Natural Hair Powder<\/a><\/div><div class=\"mc-post__middle\"><a class=\"mc-post__thumb\" href=\"https:\/\/www.denatuurlijkekappershop.nl\/its-pure-organics-biologisch-bhringaraj-poeder-100g-100-natuurlijk-haarpoeder\/?utm_source=Google%20Shopping&#038;utm_campaign=Google%20Shopping%20New&#038;utm_medium=cpc&#038;utm_term=adtribes\" target=\"_self\" rel=\"noopener\"><img class=\"lazyload\" src=\"data:image\/gif;base64,R0lGODlhAQABAAAAACH5BAEKAAEALAAAAAABAAEAAAICTAEAOw==\" data-orig-src=\"https:\/\/www.denatuurlijkekappershop.nl\/wp-content\/uploads\/2026\/04\/Its-Pure-Organics-Biologisch-Bhringaraj-Poeder-100g-\u2013-100-Natuurlijk-Haarpoeder.png\" alt=\"It&#039;s Pure Organics Organic Bhringaraj Powder 100g - 100% Natural Hair Powder\" loading=\"lazy\" decoding=\"async\" \/><\/a><div class=\"mc-post__price\"><span class=\"woocommerce-Price-amount\">8.20 \u20ac<\/span><\/div><\/div><div class=\"mc-post__cta\"><a class=\"mc-btn\" href=\"https:\/\/www.denatuurlijkekappershop.nl\/its-pure-organics-biologisch-bhringaraj-poeder-100g-100-natuurlijk-haarpoeder\/?utm_source=Google%20Shopping&#038;utm_campaign=Google%20Shopping%20New&#038;utm_medium=cpc&#038;utm_term=adtribes\" target=\"_self\" rel=\"noopener\">Voir le produit<\/a><\/div><\/article><article class=\"mc-post\" role=\"listitem\"><div class=\"mc-post__title\"><a href=\"https:\/\/www.denatuurlijkekappershop.nl\/zenz-organic-oil-treatment-no-97-100-ml\/?utm_source=Google%20Shopping&#038;utm_campaign=Google%20Shopping%20New&#038;utm_medium=cpc&#038;utm_term=adtribes\" target=\"_self\" rel=\"noopener\">ZENZ Organic - huile de soin n\u00b0 97 (100 ml)<\/a><\/div><div class=\"mc-post__middle\"><a class=\"mc-post__thumb\" href=\"https:\/\/www.denatuurlijkekappershop.nl\/zenz-organic-oil-treatment-no-97-100-ml\/?utm_source=Google%20Shopping&#038;utm_campaign=Google%20Shopping%20New&#038;utm_medium=cpc&#038;utm_term=adtribes\" target=\"_self\" rel=\"noopener\"><img class=\"lazyload\" src=\"data:image\/gif;base64,R0lGODlhAQABAAAAACH5BAEKAAEALAAAAAABAAEAAAICTAEAOw==\" data-orig-src=\"https:\/\/www.denatuurlijkekappershop.nl\/wp-content\/uploads\/2026\/03\/Zenz-Oil-Treatment-Pure-No.-97.png\" alt=\"ZENZ Organic - huile de soin n\u00b0 97 (100 ml)\" loading=\"lazy\" decoding=\"async\" \/><\/a><div class=\"mc-post__price\"><span class=\"woocommerce-Price-amount\">53.50 \u20ac<\/span><\/div><\/div><div class=\"mc-post__cta\"><a class=\"mc-btn\" href=\"https:\/\/www.denatuurlijkekappershop.nl\/zenz-organic-oil-treatment-no-97-100-ml\/?utm_source=Google%20Shopping&#038;utm_campaign=Google%20Shopping%20New&#038;utm_medium=cpc&#038;utm_term=adtribes\" target=\"_self\" rel=\"noopener\">Voir le produit<\/a><\/div><\/article><article class=\"mc-post\" role=\"listitem\"><div class=\"mc-post__title\"><a href=\"https:\/\/www.denatuurlijkekappershop.nl\/rc-bi-serum-bij-droog-tot-beschadigd-haar\/?utm_source=Google%20Shopping&#038;utm_campaign=Google%20Shopping%20New&#038;utm_medium=cpc&#038;utm_term=adtribes\" target=\"_self\" rel=\"noopener\">R&amp;C bi-s\u00e9rum - pour cheveux secs \u00e0 ab\u00eem\u00e9s<\/a><\/div><div class=\"mc-post__middle\"><a class=\"mc-post__thumb\" href=\"https:\/\/www.denatuurlijkekappershop.nl\/rc-bi-serum-bij-droog-tot-beschadigd-haar\/?utm_source=Google%20Shopping&#038;utm_campaign=Google%20Shopping%20New&#038;utm_medium=cpc&#038;utm_term=adtribes\" target=\"_self\" rel=\"noopener\"><img class=\"lazyload\" src=\"data:image\/gif;base64,R0lGODlhAQABAAAAACH5BAEKAAEALAAAAAABAAEAAAICTAEAOw==\" data-orig-src=\"https:\/\/www.denatuurlijkekappershop.nl\/wp-content\/uploads\/2026\/03\/RC-bi-serum-droog-tot-beschadigd-haar.png\" alt=\"R&amp;C bi-s\u00e9rum - pour cheveux secs \u00e0 ab\u00eem\u00e9s\" loading=\"lazy\" decoding=\"async\" \/><\/a><div class=\"mc-post__price\"><span class=\"woocommerce-Price-amount\">42.25 \u20ac<\/span><\/div><\/div><div class=\"mc-post__cta\"><a class=\"mc-btn\" href=\"https:\/\/www.denatuurlijkekappershop.nl\/rc-bi-serum-bij-droog-tot-beschadigd-haar\/?utm_source=Google%20Shopping&#038;utm_campaign=Google%20Shopping%20New&#038;utm_medium=cpc&#038;utm_term=adtribes\" target=\"_self\" rel=\"noopener\">Voir le produit<\/a><\/div><\/article><article class=\"mc-post\" role=\"listitem\"><div class=\"mc-post__title\"><a href=\"https:\/\/www.denatuurlijkekappershop.nl\/zenz-organic-oil-treatment-deep-wood-no-99-100-ml\/?utm_source=Google%20Shopping&#038;utm_campaign=Google%20Shopping%20New&#038;utm_medium=cpc&#038;utm_term=adtribes\" target=\"_self\" rel=\"noopener\">ZENZ Organic - huile de soin bois profond n\u00b0 99 (100 ml)<\/a><\/div><div class=\"mc-post__middle\"><a class=\"mc-post__thumb\" href=\"https:\/\/www.denatuurlijkekappershop.nl\/zenz-organic-oil-treatment-deep-wood-no-99-100-ml\/?utm_source=Google%20Shopping&#038;utm_campaign=Google%20Shopping%20New&#038;utm_medium=cpc&#038;utm_term=adtribes\" target=\"_self\" rel=\"noopener\"><img class=\"lazyload\" src=\"data:image\/gif;base64,R0lGODlhAQABAAAAACH5BAEKAAEALAAAAAABAAEAAAICTAEAOw==\" data-orig-src=\"https:\/\/www.denatuurlijkekappershop.nl\/wp-content\/uploads\/2025\/12\/ZENZ-Organic-\u2013-oil-treatment-deep-wood-no.-99-100-ml.png\" alt=\"ZENZ Organic - huile de soin bois profond n\u00b0 99 (100 ml)\" loading=\"lazy\" decoding=\"async\" \/><\/a><div class=\"mc-post__price\"><span class=\"woocommerce-Price-amount\">53.50 \u20ac<\/span><\/div><\/div><div class=\"mc-post__cta\"><a class=\"mc-btn\" href=\"https:\/\/www.denatuurlijkekappershop.nl\/zenz-organic-oil-treatment-deep-wood-no-99-100-ml\/?utm_source=Google%20Shopping&#038;utm_campaign=Google%20Shopping%20New&#038;utm_medium=cpc&#038;utm_term=adtribes\" target=\"_self\" rel=\"noopener\">Voir le produit<\/a><\/div><\/article><article class=\"mc-post\" role=\"listitem\"><div class=\"mc-post__title\"><a href=\"https:\/\/www.denatuurlijkekappershop.nl\/rc-pate-coiffante-medium-75ml\/?utm_source=Google%20Shopping&#038;utm_campaign=Google%20Shopping%20New&#038;utm_medium=cpc&#038;utm_term=adtribes\" target=\"_self\" rel=\"noopener\">R&amp;C styling paste medium 75ml.<\/a><\/div><div class=\"mc-post__middle\"><a class=\"mc-post__thumb\" href=\"https:\/\/www.denatuurlijkekappershop.nl\/rc-pate-coiffante-medium-75ml\/?utm_source=Google%20Shopping&#038;utm_campaign=Google%20Shopping%20New&#038;utm_medium=cpc&#038;utm_term=adtribes\" target=\"_self\" rel=\"noopener\"><img class=\"lazyload\" src=\"data:image\/gif;base64,R0lGODlhAQABAAAAACH5BAEKAAEALAAAAAABAAEAAAICTAEAOw==\" data-orig-src=\"https:\/\/www.denatuurlijkekappershop.nl\/wp-content\/uploads\/2025\/11\/RC-stylingpasta-medium-75ml.png\" alt=\"R&amp;C styling paste medium 75ml.\" loading=\"lazy\" decoding=\"async\" \/><\/a><div class=\"mc-post__price\"><span class=\"woocommerce-Price-amount\">27.50 \u20ac<\/span><\/div><\/div><div class=\"mc-post__cta\"><a class=\"mc-btn\" href=\"https:\/\/www.denatuurlijkekappershop.nl\/rc-pate-coiffante-medium-75ml\/?utm_source=Google%20Shopping&#038;utm_campaign=Google%20Shopping%20New&#038;utm_medium=cpc&#038;utm_term=adtribes\" target=\"_self\" rel=\"noopener\">Voir le produit<\/a><\/div><\/article><article class=\"mc-post\" role=\"listitem\"><div class=\"mc-post__title\"><a href=\"https:\/\/www.denatuurlijkekappershop.nl\/zenz-organic-anti-hair-loss-scalp-tonic-pure-no-23-200ml\/?utm_source=Google%20Shopping&#038;utm_campaign=Google%20Shopping%20New&#038;utm_medium=cpc&#038;utm_term=adtribes\" target=\"_self\" rel=\"noopener\">ZENZ Organic - tonique pour le cuir chevelu pur n\u00b023 pour les cheveux clairsem\u00e9s 200ml<\/a><\/div><div class=\"mc-post__middle\"><a class=\"mc-post__thumb\" href=\"https:\/\/www.denatuurlijkekappershop.nl\/zenz-organic-anti-hair-loss-scalp-tonic-pure-no-23-200ml\/?utm_source=Google%20Shopping&#038;utm_campaign=Google%20Shopping%20New&#038;utm_medium=cpc&#038;utm_term=adtribes\" target=\"_self\" rel=\"noopener\"><img class=\"lazyload\" src=\"data:image\/gif;base64,R0lGODlhAQABAAAAACH5BAEKAAEALAAAAAABAAEAAAICTAEAOw==\" data-orig-src=\"https:\/\/www.denatuurlijkekappershop.nl\/wp-content\/uploads\/2025\/11\/ZENZ-Organic-anti-hair-loss-scalp-tonic-pure-no.-23-200ml.png\" alt=\"ZENZ Organic - tonique pour le cuir chevelu pur n\u00b023 pour les cheveux clairsem\u00e9s 200ml\" loading=\"lazy\" decoding=\"async\" \/><\/a><div class=\"mc-post__price\"><span class=\"woocommerce-Price-amount\">80.50 \u20ac<\/span><\/div><\/div><div class=\"mc-post__cta\"><a class=\"mc-btn\" href=\"https:\/\/www.denatuurlijkekappershop.nl\/zenz-organic-anti-hair-loss-scalp-tonic-pure-no-23-200ml\/?utm_source=Google%20Shopping&#038;utm_campaign=Google%20Shopping%20New&#038;utm_medium=cpc&#038;utm_term=adtribes\" target=\"_self\" rel=\"noopener\">Voir le produit<\/a><\/div><\/article><article class=\"mc-post\" role=\"listitem\"><div class=\"mc-post__title\"><a href=\"https:\/\/www.denatuurlijkekappershop.nl\/zenz-organic-stimulating-hair-shampoo-pure-no-22\/?utm_source=Google%20Shopping&#038;utm_campaign=Google%20Shopping%20New&#038;utm_medium=cpc&#038;utm_term=adtribes\" target=\"_self\" rel=\"noopener\">ZENZ Organic - shampooing stimulant pur n\u00b0 22 250 ml<\/a><\/div><div class=\"mc-post__middle\"><a class=\"mc-post__thumb\" href=\"https:\/\/www.denatuurlijkekappershop.nl\/zenz-organic-stimulating-hair-shampoo-pure-no-22\/?utm_source=Google%20Shopping&#038;utm_campaign=Google%20Shopping%20New&#038;utm_medium=cpc&#038;utm_term=adtribes\" target=\"_self\" rel=\"noopener\"><img class=\"lazyload\" src=\"data:image\/gif;base64,R0lGODlhAQABAAAAACH5BAEKAAEALAAAAAABAAEAAAICTAEAOw==\" data-orig-src=\"https:\/\/www.denatuurlijkekappershop.nl\/wp-content\/uploads\/2025\/11\/ZENZ-Organic-\u2013-stimulating-hair-shampoo-pure-no.-22-250ml.png\" alt=\"ZENZ Organic - shampooing stimulant pur n\u00b0 22 250 ml\" loading=\"lazy\" decoding=\"async\" \/><\/a><div class=\"mc-post__price\"><span class=\"woocommerce-Price-amount\">34.80 \u20ac<\/span><\/div><\/div><div class=\"mc-post__cta\"><a class=\"mc-btn\" href=\"https:\/\/www.denatuurlijkekappershop.nl\/zenz-organic-stimulating-hair-shampoo-pure-no-22\/?utm_source=Google%20Shopping&#038;utm_campaign=Google%20Shopping%20New&#038;utm_medium=cpc&#038;utm_term=adtribes\" target=\"_self\" rel=\"noopener\">Voir le produit<\/a><\/div><\/article><\/div><div class=\"mc-extern-foot\"><div><\/div><div><a class=\"mc-btn--red\" href=\"https:\/\/www.denatuurlijkekappershop.nl\/?s=jeukende%20hoofdhuid&#038;post_type=product&#038;dgwt_wcas=1\" target=\"_blank\" rel=\"noopener\">Voir tous les produits<\/a><\/div><\/div><\/section><\/p>\n<p>Les produits ci-dessus ont \u00e9t\u00e9 s\u00e9lectionn\u00e9s pour leur ad\u00e9quation avec un cuir chevelu sensible ou r\u00e9actif. Ils nettoient en douceur et contribuent au confort du cuir chevelu.<\/p>\n<h2>Voici comment soigner au mieux un cuir chevelu qui d\u00e9mange<\/h2>\n<p>Outre le choix de produits appropri\u00e9s, une routine calme est utile :<\/p>\n<ul>\n<li>Lavez vos cheveux \u00e0 l'eau ti\u00e8de et pas plus souvent que n\u00e9cessaire.<\/li>\n<li>Laisser le shampooing agir bri\u00e8vement avant de le rincer.<\/li>\n<li>Rincez toujours bien pour ne pas laisser de r\u00e9sidus.<\/li>\n<li>Appliquer l'apr\u00e8s-shampoing uniquement sur les longueurs et les pointes.<\/li>\n<li>Essayez d'\u00e9viter de vous gratter autant que possible.<\/li>\n<\/ul>\n<h2>Quand faut-il \u00eatre particuli\u00e8rement vigilant ?<\/h2>\n<p>Dans certaines situations, il est judicieux de prendre des pr\u00e9cautions suppl\u00e9mentaires ou de demander conseil :<\/p>\n<ul>\n<li>en cas de rougeurs ou de l\u00e9sions s\u00e9v\u00e8res<\/li>\n<li>si les d\u00e9mangeaisons augmentent brusquement<\/li>\n<li>pour les plaies, les cro\u00fbtes ou le sang caus\u00e9s par le grattage<\/li>\n<li>s'il n'y a pas d'am\u00e9lioration apr\u00e8s plusieurs semaines de soins l\u00e9gers<\/li>\n<\/ul>\n<p>Dans ce cas, un m\u00e9decin, un th\u00e9rapeute de la peau ou un dermatologue peut aider \u00e0 mieux \u00e9valuer la cause.<\/p>\n<p>Lire aussi :<br \/>\n<a href=\"\/fr\/rose\/\">Rose<\/a><br \/>\n<a href=\"\/fr\/flocons\/\">Flocons<\/a><br \/>\n<a href=\"\/fr\/cuir-chevelu-sensible\/\">Cuir chevelu sensible<\/a><br \/>\n<a href=\"\/fr\/cheveux-secs\/\">Cheveux secs<\/a><\/p>\n<h2>Conclusion : un cuir chevelu qui d\u00e9mange n\u00e9cessite des soins doux<\/h2>\n<p>Les d\u00e9mangeaisons du cuir chevelu peuvent \u00eatre g\u00eanantes, mais avec des produits doux et une routine douce, vous pouvez souvent aider votre cuir chevelu \u00e0 se sentir \u00e0 nouveau \u00e0 l'aise. En \u00e9vitant les facteurs irritants et en prenant bien soin de votre cuir chevelu, vous donnerez \u00e0 votre peau une chance de retrouver son \u00e9quilibre.<\/p>\n<blockquote><p>Vous souffrez de d\u00e9mangeaisons du cuir chevelu et souhaitez en prendre davantage soin ? Choisissez un soin doux adapt\u00e9 aux cuirs chevelus sensibles ci-dessus.<\/p><\/blockquote>","protected":false},"excerpt":{"rendered":"<p>Jeukende hoofdhuid Heb je regelmatig de neiging om te krabben  [&#8230;]<\/p>\n","protected":false},"author":1,"featured_media":0,"parent":0,"menu_order":0,"comment_status":"closed","ping_status":"closed","template":"","meta":{"_acf_changed":false,"_joinchat":[],"footnotes":""},"class_list":["post-2018","page","type-page","status-publish","hentry"],"acf":[],"_links":{"self":[{"href":"https:\/\/www.probleemharen.nl\/fr\/wp-json\/wp\/v2\/pages\/2018","targetHints":{"allow":["GET"]}}],"collection":[{"href":"https:\/\/www.probleemharen.nl\/fr\/wp-json\/wp\/v2\/pages"}],"about":[{"href":"https:\/\/www.probleemharen.nl\/fr\/wp-json\/wp\/v2\/types\/page"}],"author":[{"embeddable":true,"href":"https:\/\/www.probleemharen.nl\/fr\/wp-json\/wp\/v2\/users\/1"}],"replies":[{"embeddable":true,"href":"https:\/\/www.probleemharen.nl\/fr\/wp-json\/wp\/v2\/comments?post=2018"}],"version-history":[{"count":3,"href":"https:\/\/www.probleemharen.nl\/fr\/wp-json\/wp\/v2\/pages\/2018\/revisions"}],"predecessor-version":[{"id":2369,"href":"https:\/\/www.probleemharen.nl\/fr\/wp-json\/wp\/v2\/pages\/2018\/revisions\/2369"}],"wp:attachment":[{"href":"https:\/\/www.probleemharen.nl\/fr\/wp-json\/wp\/v2\/media?parent=2018"}],"curies":[{"name":"wp","href":"https:\/\/api.w.org\/{rel}","templated":true}]}}