{"id":2034,"date":"2025-11-25T09:58:28","date_gmt":"2025-11-25T09:58:28","guid":{"rendered":"https:\/\/www.probleemharen.nl\/?page_id=2034"},"modified":"2025-11-25T15:38:47","modified_gmt":"2025-11-25T15:38:47","slug":"dickes-haar","status":"publish","type":"page","link":"https:\/\/www.probleemharen.nl\/de\/dik-haar\/","title":{"rendered":"Dickes Haar"},"content":{"rendered":"<h1>Dickes Haar<\/h1>\n<p>\nDickes Haar hat oft eine starke Haarstruktur, kann aber auch schnell trocken, spr\u00f6de und schwer zu b\u00e4ndigen sein. Die Haarfaser ist dicker und die gesamte Haardichte gr\u00f6\u00dfer, wodurch Ihr Haar schnell viel Volumen bekommt, aber auch schneller austrocknet. Mit der richtigen Pflege wird dickes Haar geschmeidig, gesund und gut frisierbar.\n<\/p>\n<h2>Wie erkennt man dickes Haar?<\/h2>\n<p>\nDickes Haar erkennt man meist an folgenden Merkmalen:\n<\/p>\n<ul>\n<li>volles, schweres Haar<\/li>\n<li>eine starke nat\u00fcrliche Textur (lockig, gewellt oder glatt)<\/li>\n<li>Punkte, die sich schnell trocken anf\u00fchlen<\/li>\n<li>eine raue oder grobe Struktur<\/li>\n<li>schwieriger k\u00e4mmbares Haar<\/li>\n<\/ul>\n<h2>Wie pflegt man dickes Haar am besten?<\/h2>\n<ul>\n<li>Verwenden Sie pflegende Shampoos, die Ihr Haar nicht austrocknen.<\/li>\n<li>Verwenden Sie nach jeder Haarw\u00e4sche eine reichhaltige Sp\u00fclung.<\/li>\n<li>Verwenden Sie einmal pro Woche eine tiefenwirksame Pflegemaske.<\/li>\n<li>Versiegeln Sie die L\u00e4ngen mit \u00d6l oder Leave-in-Produkten.<\/li>\n<li>Trocknen Sie Ihr Haar so oft wie m\u00f6glich an der Luft oder bei niedriger Temperatur.<\/li>\n<\/ul>\n<h2>Nat\u00fcrliche Produkte f\u00fcr dickes Haar<\/h2>\n<p id=\"productblok\">\n<style id=\"mc-extern-products-tf-css\">\n.mc-extern-wrap{\n    position:relative;\n    margin:10px 0 18px;\n    background:#E5DAD6;\n    border-radius:12px;\n    padding:16px;\n}\n.mc-extern-head,\n.mc-extern-foot{\n    display:flex;\n    align-items:center;\n    justify-content:space-between;\n    gap:12px;\n}\n.mc-extern-head{margin-bottom:8px;}\n.mc-extern-foot{margin-top:10px;}\n.mc-extern-heading{\n    color:#2C3729;\n    font-size:14px;\n    font-weight:600;\n    letter-spacing:.2px;\n}\n\n\/* Titels en knoppen in Poppins Semi Bold *\/\n.mc-post__title a,\n.mc-btn,\n.mc-extern-foot .mc-btn--red{\n    font-family:\"Poppins\",\"Helvetica Neue\",Arial,sans-serif;\n    font-weight:600;\n}\n\n\/* Footer-knop (accentkleur) *\/\n.mc-extern-foot .mc-btn--red{\n    display:inline-block;\n    padding:12px 16px;\n    background:#CBB57B;\n    color:#2C3729;\n    text-decoration:none;\n    border:none;\n    border-radius:4px;\n    box-shadow:none;\n}\n.mc-extern-foot .mc-btn--red:hover,\n.mc-extern-foot .mc-btn--red:focus{\n    text-decoration:none;\n    opacity:.95;\n    outline:none;\n}\n\n.mc-extern-products__notice{\n    padding:10px 12px;\n    background:#fff3cd;\n    border:1px solid #ffe69c;\n    border-radius:8px;\n}\n\n\/* Grid en cards *\/\n.mc-extern-products{\n    display:grid;\n    grid-template-columns:repeat(var(--mc-cols),minmax(0,1fr));\n    gap:16px;\n    align-items:stretch;\n}\n.mc-post{\n    background:#FFFFFF;\n    border:1px solid #C3C9C0;\n    border-radius:12px;\n    overflow:hidden;\n    display:flex;\n    flex-direction:column;\n    box-shadow:0 1px 3px rgba(0,0,0,.04);\n}\n\n\/* Titel *\/\n.mc-post__title{\n    display:block;\n    padding:12px 14px 0;\n}\n.mc-post__title a{\n    color:#2C3729;\n    text-decoration:none;\n    font-size:16px;\n    line-height:1.35;\n    display:-webkit-box;\n    -webkit-line-clamp:3;\n    -webkit-box-orient:vertical;\n    overflow:hidden;\n    min-height:65px;\n}\n.mc-post__title a:hover{\n    text-decoration:underline;\n}\n\n\/* Middenstuk *\/\n.mc-post__middle{\n    display:grid;\n    grid-template-columns:2fr 1fr;\n    gap:12px;\n    align-items:center;\n    padding:12px 14px;\n}\n.mc-post__thumb{\n    width:100%;\n    aspect-ratio:1\/1;\n    background:#F5F5F5;\n    border-radius:10px;\n    overflow:hidden;\n    border:1px solid #C3C9C0;\n}\n.mc-post__thumb img{\n    width:100%;\n    height:100%;\n    object-fit:contain;\n    display:block;\n}\n.mc-post__price{\n    justify-self:end;\n    font-size:15px;\n    font-weight:600;\n    color:#2C3729;\n}\n\n\/* Knop onderaan card *\/\n.mc-post__cta{\n    padding:0 14px 14px;\n}\n.mc-btn{\n    display:block;\n    width:100%;\n    text-align:center;\n    padding:12px 16px;\n    background:#2C3729;\n    color:#FFFFFF;\n    text-decoration:none;\n    border:none;\n    border-radius:4px;\n    box-shadow:none;\n}\n.mc-btn:hover,\n.mc-btn:focus{\n    text-decoration:none;\n    opacity:.95;\n    outline:none;\n}\n\n\/* Responsive *\/\n@media (max-width:480px){\n    .mc-extern-products{\n        grid-template-columns:repeat(2,minmax(0,1fr));\n        gap:12px;\n    }\n}\n@media (max-width:360px){\n    .mc-extern-products{\n        grid-template-columns:repeat(1,minmax(0,1fr));\n    }\n}\n@media (min-width:768px){\n    .mc-extern-products{\n        grid-template-columns:repeat(min(var(--mc-cols),3),minmax(0,1fr));\n    }\n}\n@media (min-width:1024px){\n    .mc-extern-products{\n        grid-template-columns:repeat(var(--mc-cols),minmax(0,1fr));\n    }\n}\n<\/style><section class=\"mc-extern-wrap\"><div class=\"mc-extern-head\"><div class=\"mc-extern-heading\">Einige Produkte aus dem Naturfriseursalon-Shop<\/div><div><\/div><\/div><div class=\"mc-extern-products\" style=\"--mc-cols:4;\"><article class=\"mc-post\" role=\"listitem\"><div class=\"mc-post__title\"><a href=\"https:\/\/www.denatuurlijkekappershop.nl\/its-pure-organics-biologisch-bhringaraj-poeder-100g-100-natuurlijk-haarpoeder\/?utm_source=Google%20Shopping&#038;utm_campaign=Google%20Shopping%20New&#038;utm_medium=cpc&#038;utm_term=adtribes\" target=\"_self\" rel=\"noopener\">It's Pure Organics Bio-Bhringaraj-Pulver 100g - 100% Nat\u00fcrliches Haar-Pulver<\/a><\/div><div class=\"mc-post__middle\"><a class=\"mc-post__thumb\" href=\"https:\/\/www.denatuurlijkekappershop.nl\/its-pure-organics-biologisch-bhringaraj-poeder-100g-100-natuurlijk-haarpoeder\/?utm_source=Google%20Shopping&#038;utm_campaign=Google%20Shopping%20New&#038;utm_medium=cpc&#038;utm_term=adtribes\" target=\"_self\" rel=\"noopener\"><img class=\"lazyload\" src=\"data:image\/gif;base64,R0lGODlhAQABAAAAACH5BAEKAAEALAAAAAABAAEAAAICTAEAOw==\" data-orig-src=\"https:\/\/www.denatuurlijkekappershop.nl\/wp-content\/uploads\/2026\/04\/Its-Pure-Organics-Biologisch-Bhringaraj-Poeder-100g-\u2013-100-Natuurlijk-Haarpoeder.png\" alt=\"It&#039;s Pure Organics Bio-Bhringaraj-Pulver 100g - 100% Nat\u00fcrliches Haar-Pulver\" loading=\"lazy\" decoding=\"async\" \/><\/a><div class=\"mc-post__price\"><span class=\"woocommerce-Price-amount\">8.20 \u20ac<\/span><\/div><\/div><div class=\"mc-post__cta\"><a class=\"mc-btn\" href=\"https:\/\/www.denatuurlijkekappershop.nl\/its-pure-organics-biologisch-bhringaraj-poeder-100g-100-natuurlijk-haarpoeder\/?utm_source=Google%20Shopping&#038;utm_campaign=Google%20Shopping%20New&#038;utm_medium=cpc&#038;utm_term=adtribes\" target=\"_self\" rel=\"noopener\">Produkt ansehen<\/a><\/div><\/article><article class=\"mc-post\" role=\"listitem\"><div class=\"mc-post__title\"><a href=\"https:\/\/www.denatuurlijkekappershop.nl\/zenz-organic-oil-treatment-no-97-100-ml\/?utm_source=Google%20Shopping&#038;utm_campaign=Google%20Shopping%20New&#038;utm_medium=cpc&#038;utm_term=adtribes\" target=\"_self\" rel=\"noopener\">ZENZ Bio - \u00d6lbehandlung Nr. 97 (100 ml)<\/a><\/div><div class=\"mc-post__middle\"><a class=\"mc-post__thumb\" href=\"https:\/\/www.denatuurlijkekappershop.nl\/zenz-organic-oil-treatment-no-97-100-ml\/?utm_source=Google%20Shopping&#038;utm_campaign=Google%20Shopping%20New&#038;utm_medium=cpc&#038;utm_term=adtribes\" target=\"_self\" rel=\"noopener\"><img class=\"lazyload\" src=\"data:image\/gif;base64,R0lGODlhAQABAAAAACH5BAEKAAEALAAAAAABAAEAAAICTAEAOw==\" data-orig-src=\"https:\/\/www.denatuurlijkekappershop.nl\/wp-content\/uploads\/2026\/03\/Zenz-Oil-Treatment-Pure-No.-97.png\" alt=\"ZENZ Bio - \u00d6lbehandlung Nr. 97 (100 ml)\" loading=\"lazy\" decoding=\"async\" \/><\/a><div class=\"mc-post__price\"><span class=\"woocommerce-Price-amount\">53.50 \u20ac<\/span><\/div><\/div><div class=\"mc-post__cta\"><a class=\"mc-btn\" href=\"https:\/\/www.denatuurlijkekappershop.nl\/zenz-organic-oil-treatment-no-97-100-ml\/?utm_source=Google%20Shopping&#038;utm_campaign=Google%20Shopping%20New&#038;utm_medium=cpc&#038;utm_term=adtribes\" target=\"_self\" rel=\"noopener\">Produkt ansehen<\/a><\/div><\/article><article class=\"mc-post\" role=\"listitem\"><div class=\"mc-post__title\"><a href=\"https:\/\/www.denatuurlijkekappershop.nl\/rc-bi-serum-bij-droog-tot-beschadigd-haar\/?utm_source=Google%20Shopping&#038;utm_campaign=Google%20Shopping%20New&#038;utm_medium=cpc&#038;utm_term=adtribes\" target=\"_self\" rel=\"noopener\">R&amp;C Bi-Serum - f\u00fcr trockenes bis gesch\u00e4digtes Haar<\/a><\/div><div class=\"mc-post__middle\"><a class=\"mc-post__thumb\" href=\"https:\/\/www.denatuurlijkekappershop.nl\/rc-bi-serum-bij-droog-tot-beschadigd-haar\/?utm_source=Google%20Shopping&#038;utm_campaign=Google%20Shopping%20New&#038;utm_medium=cpc&#038;utm_term=adtribes\" target=\"_self\" rel=\"noopener\"><img class=\"lazyload\" src=\"data:image\/gif;base64,R0lGODlhAQABAAAAACH5BAEKAAEALAAAAAABAAEAAAICTAEAOw==\" data-orig-src=\"https:\/\/www.denatuurlijkekappershop.nl\/wp-content\/uploads\/2026\/03\/RC-bi-serum-droog-tot-beschadigd-haar.png\" alt=\"R&amp;C Bi-Serum - f\u00fcr trockenes bis gesch\u00e4digtes Haar\" loading=\"lazy\" decoding=\"async\" \/><\/a><div class=\"mc-post__price\"><span class=\"woocommerce-Price-amount\">42.25 \u20ac<\/span><\/div><\/div><div class=\"mc-post__cta\"><a class=\"mc-btn\" href=\"https:\/\/www.denatuurlijkekappershop.nl\/rc-bi-serum-bij-droog-tot-beschadigd-haar\/?utm_source=Google%20Shopping&#038;utm_campaign=Google%20Shopping%20New&#038;utm_medium=cpc&#038;utm_term=adtribes\" target=\"_self\" rel=\"noopener\">Produkt ansehen<\/a><\/div><\/article><article class=\"mc-post\" role=\"listitem\"><div class=\"mc-post__title\"><a href=\"https:\/\/www.denatuurlijkekappershop.nl\/zenz-organic-oil-treatment-deep-wood-no-99-100-ml\/?utm_source=Google%20Shopping&#038;utm_campaign=Google%20Shopping%20New&#038;utm_medium=cpc&#038;utm_term=adtribes\" target=\"_self\" rel=\"noopener\">ZENZ Organic \u2013 \u00d6lbehandlung Deep Wood Nr. 99 (100 ml)<\/a><\/div><div class=\"mc-post__middle\"><a class=\"mc-post__thumb\" href=\"https:\/\/www.denatuurlijkekappershop.nl\/zenz-organic-oil-treatment-deep-wood-no-99-100-ml\/?utm_source=Google%20Shopping&#038;utm_campaign=Google%20Shopping%20New&#038;utm_medium=cpc&#038;utm_term=adtribes\" target=\"_self\" rel=\"noopener\"><img class=\"lazyload\" src=\"data:image\/gif;base64,R0lGODlhAQABAAAAACH5BAEKAAEALAAAAAABAAEAAAICTAEAOw==\" data-orig-src=\"https:\/\/www.denatuurlijkekappershop.nl\/wp-content\/uploads\/2025\/12\/ZENZ-Organic-\u2013-oil-treatment-deep-wood-no.-99-100-ml.png\" alt=\"ZENZ Organic \u2013 \u00d6lbehandlung Deep Wood Nr. 99 (100 ml)\" loading=\"lazy\" decoding=\"async\" \/><\/a><div class=\"mc-post__price\"><span class=\"woocommerce-Price-amount\">53.50 \u20ac<\/span><\/div><\/div><div class=\"mc-post__cta\"><a class=\"mc-btn\" href=\"https:\/\/www.denatuurlijkekappershop.nl\/zenz-organic-oil-treatment-deep-wood-no-99-100-ml\/?utm_source=Google%20Shopping&#038;utm_campaign=Google%20Shopping%20New&#038;utm_medium=cpc&#038;utm_term=adtribes\" target=\"_self\" rel=\"noopener\">Produkt ansehen<\/a><\/div><\/article><article class=\"mc-post\" role=\"listitem\"><div class=\"mc-post__title\"><a href=\"https:\/\/www.denatuurlijkekappershop.nl\/rc-pate-coiffante-medium-75ml\/?utm_source=Google%20Shopping&#038;utm_campaign=Google%20Shopping%20New&#038;utm_medium=cpc&#038;utm_term=adtribes\" target=\"_self\" rel=\"noopener\">R&amp;C Stylingpaste mittel 75ml.<\/a><\/div><div class=\"mc-post__middle\"><a class=\"mc-post__thumb\" href=\"https:\/\/www.denatuurlijkekappershop.nl\/rc-pate-coiffante-medium-75ml\/?utm_source=Google%20Shopping&#038;utm_campaign=Google%20Shopping%20New&#038;utm_medium=cpc&#038;utm_term=adtribes\" target=\"_self\" rel=\"noopener\"><img class=\"lazyload\" src=\"data:image\/gif;base64,R0lGODlhAQABAAAAACH5BAEKAAEALAAAAAABAAEAAAICTAEAOw==\" data-orig-src=\"https:\/\/www.denatuurlijkekappershop.nl\/wp-content\/uploads\/2025\/11\/RC-stylingpasta-medium-75ml.png\" alt=\"R&amp;C Stylingpaste mittel 75ml.\" loading=\"lazy\" decoding=\"async\" \/><\/a><div class=\"mc-post__price\"><span class=\"woocommerce-Price-amount\">27.50 \u20ac<\/span><\/div><\/div><div class=\"mc-post__cta\"><a class=\"mc-btn\" href=\"https:\/\/www.denatuurlijkekappershop.nl\/rc-pate-coiffante-medium-75ml\/?utm_source=Google%20Shopping&#038;utm_campaign=Google%20Shopping%20New&#038;utm_medium=cpc&#038;utm_term=adtribes\" target=\"_self\" rel=\"noopener\">Produkt ansehen<\/a><\/div><\/article><article class=\"mc-post\" role=\"listitem\"><div class=\"mc-post__title\"><a href=\"https:\/\/www.denatuurlijkekappershop.nl\/zenz-organic-anti-hair-loss-scalp-tonic-pure-no-23-200ml\/?utm_source=Google%20Shopping&#038;utm_campaign=Google%20Shopping%20New&#038;utm_medium=cpc&#038;utm_term=adtribes\" target=\"_self\" rel=\"noopener\">ZENZ Bio - Kopfhauttonikum pur Nr. 23 f\u00fcr sch\u00fctteres Haar 200ml<\/a><\/div><div class=\"mc-post__middle\"><a class=\"mc-post__thumb\" href=\"https:\/\/www.denatuurlijkekappershop.nl\/zenz-organic-anti-hair-loss-scalp-tonic-pure-no-23-200ml\/?utm_source=Google%20Shopping&#038;utm_campaign=Google%20Shopping%20New&#038;utm_medium=cpc&#038;utm_term=adtribes\" target=\"_self\" rel=\"noopener\"><img class=\"lazyload\" src=\"data:image\/gif;base64,R0lGODlhAQABAAAAACH5BAEKAAEALAAAAAABAAEAAAICTAEAOw==\" data-orig-src=\"https:\/\/www.denatuurlijkekappershop.nl\/wp-content\/uploads\/2025\/11\/ZENZ-Organic-anti-hair-loss-scalp-tonic-pure-no.-23-200ml.png\" alt=\"ZENZ Bio - Kopfhauttonikum pur Nr. 23 f\u00fcr sch\u00fctteres Haar 200ml\" loading=\"lazy\" decoding=\"async\" \/><\/a><div class=\"mc-post__price\"><span class=\"woocommerce-Price-amount\">80.50 \u20ac<\/span><\/div><\/div><div class=\"mc-post__cta\"><a class=\"mc-btn\" href=\"https:\/\/www.denatuurlijkekappershop.nl\/zenz-organic-anti-hair-loss-scalp-tonic-pure-no-23-200ml\/?utm_source=Google%20Shopping&#038;utm_campaign=Google%20Shopping%20New&#038;utm_medium=cpc&#038;utm_term=adtribes\" target=\"_self\" rel=\"noopener\">Produkt ansehen<\/a><\/div><\/article><article class=\"mc-post\" role=\"listitem\"><div class=\"mc-post__title\"><a href=\"https:\/\/www.denatuurlijkekappershop.nl\/zenz-organic-stimulating-hair-shampoo-pure-no-22\/?utm_source=Google%20Shopping&#038;utm_campaign=Google%20Shopping%20New&#038;utm_medium=cpc&#038;utm_term=adtribes\" target=\"_self\" rel=\"noopener\">ZENZ Organic \u2013 stimulierendes Haarshampoo Pure Nr. 22 250 ml<\/a><\/div><div class=\"mc-post__middle\"><a class=\"mc-post__thumb\" href=\"https:\/\/www.denatuurlijkekappershop.nl\/zenz-organic-stimulating-hair-shampoo-pure-no-22\/?utm_source=Google%20Shopping&#038;utm_campaign=Google%20Shopping%20New&#038;utm_medium=cpc&#038;utm_term=adtribes\" target=\"_self\" rel=\"noopener\"><img class=\"lazyload\" src=\"data:image\/gif;base64,R0lGODlhAQABAAAAACH5BAEKAAEALAAAAAABAAEAAAICTAEAOw==\" data-orig-src=\"https:\/\/www.denatuurlijkekappershop.nl\/wp-content\/uploads\/2025\/11\/ZENZ-Organic-\u2013-stimulating-hair-shampoo-pure-no.-22-250ml.png\" alt=\"ZENZ Organic \u2013 stimulierendes Haarshampoo Pure Nr. 22 250 ml\" loading=\"lazy\" decoding=\"async\" \/><\/a><div class=\"mc-post__price\"><span class=\"woocommerce-Price-amount\">34.80 \u20ac<\/span><\/div><\/div><div class=\"mc-post__cta\"><a class=\"mc-btn\" href=\"https:\/\/www.denatuurlijkekappershop.nl\/zenz-organic-stimulating-hair-shampoo-pure-no-22\/?utm_source=Google%20Shopping&#038;utm_campaign=Google%20Shopping%20New&#038;utm_medium=cpc&#038;utm_term=adtribes\" target=\"_self\" rel=\"noopener\">Produkt ansehen<\/a><\/div><\/article><article class=\"mc-post\" role=\"listitem\"><div class=\"mc-post__title\"><a href=\"https:\/\/www.denatuurlijkekappershop.nl\/odylique-ylang-ylang-orange-hand-bodywash\/?attribute_maak-een-keuze=200ml.&#038;utm_source=Google%20Shopping&#038;utm_campaign=Google%20Shopping%20New&#038;utm_medium=cpc&#038;utm_term=adtribes\" target=\"_self\" rel=\"noopener\">Odylique Ylang Ylang &amp; Orange Hand- und K\u00f6rperwaschlotion 200 ml.<\/a><\/div><div class=\"mc-post__middle\"><a class=\"mc-post__thumb\" href=\"https:\/\/www.denatuurlijkekappershop.nl\/odylique-ylang-ylang-orange-hand-bodywash\/?attribute_maak-een-keuze=200ml.&#038;utm_source=Google%20Shopping&#038;utm_campaign=Google%20Shopping%20New&#038;utm_medium=cpc&#038;utm_term=adtribes\" target=\"_self\" rel=\"noopener\"><img class=\"lazyload\" src=\"data:image\/gif;base64,R0lGODlhAQABAAAAACH5BAEKAAEALAAAAAABAAEAAAICTAEAOw==\" data-orig-src=\"https:\/\/www.denatuurlijkekappershop.nl\/wp-content\/uploads\/2025\/11\/Odylique-Ylang-Ylang-Orange-Hand-Bodywash.png\" alt=\"Odylique Ylang Ylang &amp; Orange Hand- und K\u00f6rperwaschlotion 200 ml.\" loading=\"lazy\" decoding=\"async\" \/><\/a><div class=\"mc-post__price\"><span class=\"woocommerce-Price-amount\">18.00 \u20ac<\/span><\/div><\/div><div class=\"mc-post__cta\"><a class=\"mc-btn\" href=\"https:\/\/www.denatuurlijkekappershop.nl\/odylique-ylang-ylang-orange-hand-bodywash\/?attribute_maak-een-keuze=200ml.&#038;utm_source=Google%20Shopping&#038;utm_campaign=Google%20Shopping%20New&#038;utm_medium=cpc&#038;utm_term=adtribes\" target=\"_self\" rel=\"noopener\">Produkt ansehen<\/a><\/div><\/article><\/div><div class=\"mc-extern-foot\"><div><\/div><div><a class=\"mc-btn--red\" href=\"https:\/\/www.denatuurlijkekappershop.nl\/?s=dik%20haar&#038;post_type=product&#038;dgwt_wcas=1\" target=\"_blank\" rel=\"noopener\">Alle Produkte anzeigen<\/a><\/div><\/div><\/section>\n<\/p>\n<h2>Tipps, um dickes Haar geschmeidig und gesund zu halten<\/h2>\n<ul>\n<li>W\u00e4hlen Sie Produkte, die Feuchtigkeit speichern, wie Aloe Vera oder pflanzliche \u00d6le.<\/li>\n<li>Vermeiden Sie zu starke Sulfate, die Ihr Haar austrocknen.<\/li>\n<li>Verwenden Sie einen breiten Kamm oder Ihre Finger, um das Haar zu entwirren.<\/li>\n<li>Tragen Sie Stylingprodukte auf nasses oder handtuchtrockenes Haar auf.<\/li>\n<li>Schneiden Sie die Spitzen regelm\u00e4\u00dfig nach, um splissige Enden zu vermeiden.<\/li>\n<\/ul>\n<p>\nLesen Sie auch:<br \/>\n<a href=\"\/de\/locken\/\">Locken<\/a><br \/>\n<a href=\"\/de\/welliges-haar\/\">Gewelltes Haar<\/a><br \/>\n<a href=\"\/de\/nahrendes-haar\/\">Pflegendes Haar<\/a>\n<\/p>\n<h2>Fazit: Dickes Haar kommt mit reichhaltiger Pflege zur Geltung.<\/h2>\n<p>\nDickes Haar hat viel Potenzial: Es kann wundersch\u00f6n voll, kr\u00e4ftig und gl\u00e4nzend sein, wenn Sie es richtig pflegen. Mit pflegenden und feuchtigkeitsspendenden Produkten erh\u00e4lt Ihr Haar die Geschmeidigkeit und den Glanz, den es verdient.\n<\/p>\n<blockquote><p>\nM\u00f6chten Sie dickes Haar besser frisierbar und ges\u00fcnder machen? W\u00e4hlen Sie oben nat\u00fcrliche Produkte, die dickes Haar pflegen, geschmeidig machen und st\u00e4rken.\n<\/p><\/blockquote>","protected":false},"excerpt":{"rendered":"<p>Dik haar Dik haar heeft vaak een sterke haarstructuur, maar  [&#8230;]<\/p>\n","protected":false},"author":1,"featured_media":0,"parent":0,"menu_order":0,"comment_status":"closed","ping_status":"closed","template":"","meta":{"_acf_changed":false,"_joinchat":[],"footnotes":""},"class_list":["post-2034","page","type-page","status-publish","hentry"],"acf":[],"_links":{"self":[{"href":"https:\/\/www.probleemharen.nl\/de\/wp-json\/wp\/v2\/pages\/2034","targetHints":{"allow":["GET"]}}],"collection":[{"href":"https:\/\/www.probleemharen.nl\/de\/wp-json\/wp\/v2\/pages"}],"about":[{"href":"https:\/\/www.probleemharen.nl\/de\/wp-json\/wp\/v2\/types\/page"}],"author":[{"embeddable":true,"href":"https:\/\/www.probleemharen.nl\/de\/wp-json\/wp\/v2\/users\/1"}],"replies":[{"embeddable":true,"href":"https:\/\/www.probleemharen.nl\/de\/wp-json\/wp\/v2\/comments?post=2034"}],"version-history":[{"count":3,"href":"https:\/\/www.probleemharen.nl\/de\/wp-json\/wp\/v2\/pages\/2034\/revisions"}],"predecessor-version":[{"id":2274,"href":"https:\/\/www.probleemharen.nl\/de\/wp-json\/wp\/v2\/pages\/2034\/revisions\/2274"}],"wp:attachment":[{"href":"https:\/\/www.probleemharen.nl\/de\/wp-json\/wp\/v2\/media?parent=2034"}],"curies":[{"name":"wp","href":"https:\/\/api.w.org\/{rel}","templated":true}]}}