{"id":2004,"date":"2025-11-25T09:58:32","date_gmt":"2025-11-25T09:58:32","guid":{"rendered":"https:\/\/www.probleemharen.nl\/?page_id=2004"},"modified":"2026-03-10T12:41:11","modified_gmt":"2026-03-10T12:41:11","slug":"split-ends","status":"publish","type":"page","link":"https:\/\/www.probleemharen.nl\/de\/gespleten-haarpunten\/","title":{"rendered":"Gespaltene Enden"},"content":{"rendered":"<h1>Gespaltene Enden<\/h1>\n<p>Siehst du am Ende deiner Haare kleine Gabelungen, ausgefranste Stellen oder Spitzen, die sich in zwei oder sogar drei Teile spalten? Das sind gespaltene Haarspitzen. Sie lassen dein Haar trocken und ungepflegt aussehen und sorgen daf\u00fcr, dass deine L\u00e4ngen schneller brechen. Sie k\u00f6nnen bereits vorhandene Spliss nicht mehr \u201czusammenkleben\u201d, aber Sie k\u00f6nnen verhindern, dass sie weiter nach oben wandern, und neue Spliss begrenzen.<\/p>\n<h2>Wie erkennt man gespaltene Haarspitzen?<\/h2>\n<p>Spliss ist in der Regel leicht zu erkennen. Beachten Sie Folgendes:<\/p>\n<ul>\n<li>Haarspitzen, die sich in zwei oder mehr kleine \u201c\u00c4ste\u201d aufspalten<\/li>\n<li>ragged, irregular ends<\/li>\n<li>ein flauschiger Rand am unteren Ende deiner Haare<\/li>\n<li>Haar, das an den Spitzen d\u00fcnner aussieht<\/li>\n<li>Haar, das nur schwer gl\u00e4nzend und glatt fallen will<\/li>\n<\/ul>\n<p>Oftmals ist es einfacher, mit den Fingern durch die L\u00e4ngen zu fahren als durch die Spitzen, da diese rauer sind und sich leichter verfangen.<\/p>\n<h2>Was verursacht Spliss?<\/h2>\n<p>Spliss ist ein deutliches Zeichen daf\u00fcr, dass die sch\u00fctzende Schuppenschicht Ihres Haares besch\u00e4digt ist. Ursachen daf\u00fcr k\u00f6nnen sein:<\/p>\n<ul>\n<li>H\u00e4ufiges Stylen mit Gl\u00e4tteisen, Lockenstab oder F\u00f6hn ohne ausreichenden Hitzeschutz<\/li>\n<li>chemische Behandlungen wie F\u00e4rben, Bleichen oder Dauerwellen<\/li>\n<li>Reibung durch raue Handt\u00fccher, Kissenbez\u00fcge oder Schals<\/li>\n<li>zu starke Shampoos und zu h\u00e4ufiges Waschen<\/li>\n<li>zu starkes B\u00fcrsten oder K\u00e4mmen, insbesondere bei nassem Haar<\/li>\n<li>Warten Sie nicht zu lange mit der Aktualisierung Ihrer Punkte.<\/li>\n<\/ul>\n<h2>Was sollte man bei gespaltenen Haarspitzen besser nicht tun?<\/h2>\n<p>Wenn Sie bereits Spliss haben, sollten Sie einige Dinge vermeiden, um weiteren Schaden zu begrenzen:<\/p>\n<ul>\n<li>die sich gel\u00f6sten Enden mit den Fingern weiter \u201causeinanderziehen\u201d<\/li>\n<li>t\u00e4gliches Styling ohne Schutz<\/li>\n<li>wet hair roughly rub dry or comb hard<\/li>\n<li>Gummib\u00e4nder verwenden, die ziehen oder scheuern<\/li>\n<li>zu lange mit dem Schneiden warten, wodurch der Riss weiter nach oben wandert<\/li>\n<\/ul>\n<h2>Nat\u00fcrliche Produkte bei gespaltenen Haarspitzen<\/h2>\n<p>Du kannst bereits vorhandene Spliss nicht reparieren, aber du kannst den Rest deiner Haarfaser sch\u00fctzen und st\u00e4rken. Die untenstehende Auswahl konzentriert sich auf trockenes, gesch\u00e4digtes und br\u00fcchiges Haar und hilft, neue Sch\u00e4den so weit wie m\u00f6glich zu vermeiden.<\/p>\n<p><em>Die nachstehenden Produkte sind kosmetische Pflegeprodukte, die f\u00fcr trockenes oder gesch\u00e4digtes Haar geeignet sein k\u00f6nnen. Sie sind nicht zur Behandlung oder Heilung von Krankheiten gedacht.<\/em><\/p>\n<p id=\"productblok\"><style id=\"mc-extern-products-tf-css\">\n.mc-extern-wrap{\n    position:relative;\n    margin:10px 0 18px;\n    background:#E5DAD6;\n    border-radius:12px;\n    padding:16px;\n}\n.mc-extern-head,\n.mc-extern-foot{\n    display:flex;\n    align-items:center;\n    justify-content:space-between;\n    gap:12px;\n}\n.mc-extern-head{margin-bottom:8px;}\n.mc-extern-foot{margin-top:10px;}\n.mc-extern-heading{\n    color:#2C3729;\n    font-size:14px;\n    font-weight:600;\n    letter-spacing:.2px;\n}\n\n\/* Titels en knoppen in Poppins Semi Bold *\/\n.mc-post__title a,\n.mc-btn,\n.mc-extern-foot .mc-btn--red{\n    font-family:\"Poppins\",\"Helvetica Neue\",Arial,sans-serif;\n    font-weight:600;\n}\n\n\/* Footer-knop (accentkleur) *\/\n.mc-extern-foot .mc-btn--red{\n    display:inline-block;\n    padding:12px 16px;\n    background:#CBB57B;\n    color:#2C3729;\n    text-decoration:none;\n    border:none;\n    border-radius:4px;\n    box-shadow:none;\n}\n.mc-extern-foot .mc-btn--red:hover,\n.mc-extern-foot .mc-btn--red:focus{\n    text-decoration:none;\n    opacity:.95;\n    outline:none;\n}\n\n.mc-extern-products__notice{\n    padding:10px 12px;\n    background:#fff3cd;\n    border:1px solid #ffe69c;\n    border-radius:8px;\n}\n\n\/* Grid en cards *\/\n.mc-extern-products{\n    display:grid;\n    grid-template-columns:repeat(var(--mc-cols),minmax(0,1fr));\n    gap:16px;\n    align-items:stretch;\n}\n.mc-post{\n    background:#FFFFFF;\n    border:1px solid #C3C9C0;\n    border-radius:12px;\n    overflow:hidden;\n    display:flex;\n    flex-direction:column;\n    box-shadow:0 1px 3px rgba(0,0,0,.04);\n}\n\n\/* Titel *\/\n.mc-post__title{\n    display:block;\n    padding:12px 14px 0;\n}\n.mc-post__title a{\n    color:#2C3729;\n    text-decoration:none;\n    font-size:16px;\n    line-height:1.35;\n    display:-webkit-box;\n    -webkit-line-clamp:3;\n    -webkit-box-orient:vertical;\n    overflow:hidden;\n    min-height:65px;\n}\n.mc-post__title a:hover{\n    text-decoration:underline;\n}\n\n\/* Middenstuk *\/\n.mc-post__middle{\n    display:grid;\n    grid-template-columns:2fr 1fr;\n    gap:12px;\n    align-items:center;\n    padding:12px 14px;\n}\n.mc-post__thumb{\n    width:100%;\n    aspect-ratio:1\/1;\n    background:#F5F5F5;\n    border-radius:10px;\n    overflow:hidden;\n    border:1px solid #C3C9C0;\n}\n.mc-post__thumb img{\n    width:100%;\n    height:100%;\n    object-fit:contain;\n    display:block;\n}\n.mc-post__price{\n    justify-self:end;\n    font-size:15px;\n    font-weight:600;\n    color:#2C3729;\n}\n\n\/* Knop onderaan card *\/\n.mc-post__cta{\n    padding:0 14px 14px;\n}\n.mc-btn{\n    display:block;\n    width:100%;\n    text-align:center;\n    padding:12px 16px;\n    background:#2C3729;\n    color:#FFFFFF;\n    text-decoration:none;\n    border:none;\n    border-radius:4px;\n    box-shadow:none;\n}\n.mc-btn:hover,\n.mc-btn:focus{\n    text-decoration:none;\n    opacity:.95;\n    outline:none;\n}\n\n\/* Responsive *\/\n@media (max-width:480px){\n    .mc-extern-products{\n        grid-template-columns:repeat(2,minmax(0,1fr));\n        gap:12px;\n    }\n}\n@media (max-width:360px){\n    .mc-extern-products{\n        grid-template-columns:repeat(1,minmax(0,1fr));\n    }\n}\n@media (min-width:768px){\n    .mc-extern-products{\n        grid-template-columns:repeat(min(var(--mc-cols),3),minmax(0,1fr));\n    }\n}\n@media (min-width:1024px){\n    .mc-extern-products{\n        grid-template-columns:repeat(var(--mc-cols),minmax(0,1fr));\n    }\n}\n<\/style><section class=\"mc-extern-wrap\"><div class=\"mc-extern-head\"><div class=\"mc-extern-heading\">Einige Produkte aus dem Naturfriseursalon-Shop<\/div><div><\/div><\/div><div class=\"mc-extern-products\" style=\"--mc-cols:4;\"><article class=\"mc-post\" role=\"listitem\"><div class=\"mc-post__title\"><a href=\"https:\/\/www.denatuurlijkekappershop.nl\/its-pure-organics-biologisch-bhringaraj-poeder-100g-100-natuurlijk-haarpoeder\/?utm_source=Google%20Shopping&#038;utm_campaign=Google%20Shopping%20New&#038;utm_medium=cpc&#038;utm_term=adtribes\" target=\"_self\" rel=\"noopener\">It's Pure Organics Bio-Bhringaraj-Pulver 100g - 100% Nat\u00fcrliches Haar-Pulver<\/a><\/div><div class=\"mc-post__middle\"><a class=\"mc-post__thumb\" href=\"https:\/\/www.denatuurlijkekappershop.nl\/its-pure-organics-biologisch-bhringaraj-poeder-100g-100-natuurlijk-haarpoeder\/?utm_source=Google%20Shopping&#038;utm_campaign=Google%20Shopping%20New&#038;utm_medium=cpc&#038;utm_term=adtribes\" target=\"_self\" rel=\"noopener\"><img class=\"lazyload\" src=\"data:image\/gif;base64,R0lGODlhAQABAAAAACH5BAEKAAEALAAAAAABAAEAAAICTAEAOw==\" data-orig-src=\"https:\/\/www.denatuurlijkekappershop.nl\/wp-content\/uploads\/2026\/04\/Its-Pure-Organics-Biologisch-Bhringaraj-Poeder-100g-\u2013-100-Natuurlijk-Haarpoeder.png\" alt=\"It&#039;s Pure Organics Bio-Bhringaraj-Pulver 100g - 100% Nat\u00fcrliches Haar-Pulver\" loading=\"lazy\" decoding=\"async\" \/><\/a><div class=\"mc-post__price\"><span class=\"woocommerce-Price-amount\">8.20 \u20ac<\/span><\/div><\/div><div class=\"mc-post__cta\"><a class=\"mc-btn\" href=\"https:\/\/www.denatuurlijkekappershop.nl\/its-pure-organics-biologisch-bhringaraj-poeder-100g-100-natuurlijk-haarpoeder\/?utm_source=Google%20Shopping&#038;utm_campaign=Google%20Shopping%20New&#038;utm_medium=cpc&#038;utm_term=adtribes\" target=\"_self\" rel=\"noopener\">Produkt ansehen<\/a><\/div><\/article><article class=\"mc-post\" role=\"listitem\"><div class=\"mc-post__title\"><a href=\"https:\/\/www.denatuurlijkekappershop.nl\/zenz-organic-oil-treatment-no-97-100-ml\/?utm_source=Google%20Shopping&#038;utm_campaign=Google%20Shopping%20New&#038;utm_medium=cpc&#038;utm_term=adtribes\" target=\"_self\" rel=\"noopener\">ZENZ Bio - \u00d6lbehandlung Nr. 97 (100 ml)<\/a><\/div><div class=\"mc-post__middle\"><a class=\"mc-post__thumb\" href=\"https:\/\/www.denatuurlijkekappershop.nl\/zenz-organic-oil-treatment-no-97-100-ml\/?utm_source=Google%20Shopping&#038;utm_campaign=Google%20Shopping%20New&#038;utm_medium=cpc&#038;utm_term=adtribes\" target=\"_self\" rel=\"noopener\"><img class=\"lazyload\" src=\"data:image\/gif;base64,R0lGODlhAQABAAAAACH5BAEKAAEALAAAAAABAAEAAAICTAEAOw==\" data-orig-src=\"https:\/\/www.denatuurlijkekappershop.nl\/wp-content\/uploads\/2026\/03\/Zenz-Oil-Treatment-Pure-No.-97.png\" alt=\"ZENZ Bio - \u00d6lbehandlung Nr. 97 (100 ml)\" loading=\"lazy\" decoding=\"async\" \/><\/a><div class=\"mc-post__price\"><span class=\"woocommerce-Price-amount\">53.50 \u20ac<\/span><\/div><\/div><div class=\"mc-post__cta\"><a class=\"mc-btn\" href=\"https:\/\/www.denatuurlijkekappershop.nl\/zenz-organic-oil-treatment-no-97-100-ml\/?utm_source=Google%20Shopping&#038;utm_campaign=Google%20Shopping%20New&#038;utm_medium=cpc&#038;utm_term=adtribes\" target=\"_self\" rel=\"noopener\">Produkt ansehen<\/a><\/div><\/article><article class=\"mc-post\" role=\"listitem\"><div class=\"mc-post__title\"><a href=\"https:\/\/www.denatuurlijkekappershop.nl\/rc-bi-serum-bij-droog-tot-beschadigd-haar\/?utm_source=Google%20Shopping&#038;utm_campaign=Google%20Shopping%20New&#038;utm_medium=cpc&#038;utm_term=adtribes\" target=\"_self\" rel=\"noopener\">R&amp;C Bi-Serum - f\u00fcr trockenes bis gesch\u00e4digtes Haar<\/a><\/div><div class=\"mc-post__middle\"><a class=\"mc-post__thumb\" href=\"https:\/\/www.denatuurlijkekappershop.nl\/rc-bi-serum-bij-droog-tot-beschadigd-haar\/?utm_source=Google%20Shopping&#038;utm_campaign=Google%20Shopping%20New&#038;utm_medium=cpc&#038;utm_term=adtribes\" target=\"_self\" rel=\"noopener\"><img class=\"lazyload\" src=\"data:image\/gif;base64,R0lGODlhAQABAAAAACH5BAEKAAEALAAAAAABAAEAAAICTAEAOw==\" data-orig-src=\"https:\/\/www.denatuurlijkekappershop.nl\/wp-content\/uploads\/2026\/03\/RC-bi-serum-droog-tot-beschadigd-haar.png\" alt=\"R&amp;C Bi-Serum - f\u00fcr trockenes bis gesch\u00e4digtes Haar\" loading=\"lazy\" decoding=\"async\" \/><\/a><div class=\"mc-post__price\"><span class=\"woocommerce-Price-amount\">42.25 \u20ac<\/span><\/div><\/div><div class=\"mc-post__cta\"><a class=\"mc-btn\" href=\"https:\/\/www.denatuurlijkekappershop.nl\/rc-bi-serum-bij-droog-tot-beschadigd-haar\/?utm_source=Google%20Shopping&#038;utm_campaign=Google%20Shopping%20New&#038;utm_medium=cpc&#038;utm_term=adtribes\" target=\"_self\" rel=\"noopener\">Produkt ansehen<\/a><\/div><\/article><article class=\"mc-post\" role=\"listitem\"><div class=\"mc-post__title\"><a href=\"https:\/\/www.denatuurlijkekappershop.nl\/zenz-organic-oil-treatment-deep-wood-no-99-100-ml\/?utm_source=Google%20Shopping&#038;utm_campaign=Google%20Shopping%20New&#038;utm_medium=cpc&#038;utm_term=adtribes\" target=\"_self\" rel=\"noopener\">ZENZ Organic \u2013 \u00d6lbehandlung Deep Wood Nr. 99 (100 ml)<\/a><\/div><div class=\"mc-post__middle\"><a class=\"mc-post__thumb\" href=\"https:\/\/www.denatuurlijkekappershop.nl\/zenz-organic-oil-treatment-deep-wood-no-99-100-ml\/?utm_source=Google%20Shopping&#038;utm_campaign=Google%20Shopping%20New&#038;utm_medium=cpc&#038;utm_term=adtribes\" target=\"_self\" rel=\"noopener\"><img class=\"lazyload\" src=\"data:image\/gif;base64,R0lGODlhAQABAAAAACH5BAEKAAEALAAAAAABAAEAAAICTAEAOw==\" data-orig-src=\"https:\/\/www.denatuurlijkekappershop.nl\/wp-content\/uploads\/2025\/12\/ZENZ-Organic-\u2013-oil-treatment-deep-wood-no.-99-100-ml.png\" alt=\"ZENZ Organic \u2013 \u00d6lbehandlung Deep Wood Nr. 99 (100 ml)\" loading=\"lazy\" decoding=\"async\" \/><\/a><div class=\"mc-post__price\"><span class=\"woocommerce-Price-amount\">53.50 \u20ac<\/span><\/div><\/div><div class=\"mc-post__cta\"><a class=\"mc-btn\" href=\"https:\/\/www.denatuurlijkekappershop.nl\/zenz-organic-oil-treatment-deep-wood-no-99-100-ml\/?utm_source=Google%20Shopping&#038;utm_campaign=Google%20Shopping%20New&#038;utm_medium=cpc&#038;utm_term=adtribes\" target=\"_self\" rel=\"noopener\">Produkt ansehen<\/a><\/div><\/article><article class=\"mc-post\" role=\"listitem\"><div class=\"mc-post__title\"><a href=\"https:\/\/www.denatuurlijkekappershop.nl\/rc-pate-coiffante-medium-75ml\/?utm_source=Google%20Shopping&#038;utm_campaign=Google%20Shopping%20New&#038;utm_medium=cpc&#038;utm_term=adtribes\" target=\"_self\" rel=\"noopener\">R&amp;C Stylingpaste mittel 75ml.<\/a><\/div><div class=\"mc-post__middle\"><a class=\"mc-post__thumb\" href=\"https:\/\/www.denatuurlijkekappershop.nl\/rc-pate-coiffante-medium-75ml\/?utm_source=Google%20Shopping&#038;utm_campaign=Google%20Shopping%20New&#038;utm_medium=cpc&#038;utm_term=adtribes\" target=\"_self\" rel=\"noopener\"><img class=\"lazyload\" src=\"data:image\/gif;base64,R0lGODlhAQABAAAAACH5BAEKAAEALAAAAAABAAEAAAICTAEAOw==\" data-orig-src=\"https:\/\/www.denatuurlijkekappershop.nl\/wp-content\/uploads\/2025\/11\/RC-stylingpasta-medium-75ml.png\" alt=\"R&amp;C Stylingpaste mittel 75ml.\" loading=\"lazy\" decoding=\"async\" \/><\/a><div class=\"mc-post__price\"><span class=\"woocommerce-Price-amount\">27.50 \u20ac<\/span><\/div><\/div><div class=\"mc-post__cta\"><a class=\"mc-btn\" href=\"https:\/\/www.denatuurlijkekappershop.nl\/rc-pate-coiffante-medium-75ml\/?utm_source=Google%20Shopping&#038;utm_campaign=Google%20Shopping%20New&#038;utm_medium=cpc&#038;utm_term=adtribes\" target=\"_self\" rel=\"noopener\">Produkt ansehen<\/a><\/div><\/article><article class=\"mc-post\" role=\"listitem\"><div class=\"mc-post__title\"><a href=\"https:\/\/www.denatuurlijkekappershop.nl\/zenz-organic-anti-hair-loss-scalp-tonic-pure-no-23-200ml\/?utm_source=Google%20Shopping&#038;utm_campaign=Google%20Shopping%20New&#038;utm_medium=cpc&#038;utm_term=adtribes\" target=\"_self\" rel=\"noopener\">ZENZ Bio - Kopfhauttonikum pur Nr. 23 f\u00fcr sch\u00fctteres Haar 200ml<\/a><\/div><div class=\"mc-post__middle\"><a class=\"mc-post__thumb\" href=\"https:\/\/www.denatuurlijkekappershop.nl\/zenz-organic-anti-hair-loss-scalp-tonic-pure-no-23-200ml\/?utm_source=Google%20Shopping&#038;utm_campaign=Google%20Shopping%20New&#038;utm_medium=cpc&#038;utm_term=adtribes\" target=\"_self\" rel=\"noopener\"><img class=\"lazyload\" src=\"data:image\/gif;base64,R0lGODlhAQABAAAAACH5BAEKAAEALAAAAAABAAEAAAICTAEAOw==\" data-orig-src=\"https:\/\/www.denatuurlijkekappershop.nl\/wp-content\/uploads\/2025\/11\/ZENZ-Organic-anti-hair-loss-scalp-tonic-pure-no.-23-200ml.png\" alt=\"ZENZ Bio - Kopfhauttonikum pur Nr. 23 f\u00fcr sch\u00fctteres Haar 200ml\" loading=\"lazy\" decoding=\"async\" \/><\/a><div class=\"mc-post__price\"><span class=\"woocommerce-Price-amount\">80.50 \u20ac<\/span><\/div><\/div><div class=\"mc-post__cta\"><a class=\"mc-btn\" href=\"https:\/\/www.denatuurlijkekappershop.nl\/zenz-organic-anti-hair-loss-scalp-tonic-pure-no-23-200ml\/?utm_source=Google%20Shopping&#038;utm_campaign=Google%20Shopping%20New&#038;utm_medium=cpc&#038;utm_term=adtribes\" target=\"_self\" rel=\"noopener\">Produkt ansehen<\/a><\/div><\/article><article class=\"mc-post\" role=\"listitem\"><div class=\"mc-post__title\"><a href=\"https:\/\/www.denatuurlijkekappershop.nl\/zenz-organic-stimulating-hair-shampoo-pure-no-22\/?utm_source=Google%20Shopping&#038;utm_campaign=Google%20Shopping%20New&#038;utm_medium=cpc&#038;utm_term=adtribes\" target=\"_self\" rel=\"noopener\">ZENZ Organic \u2013 stimulierendes Haarshampoo Pure Nr. 22 250 ml<\/a><\/div><div class=\"mc-post__middle\"><a class=\"mc-post__thumb\" href=\"https:\/\/www.denatuurlijkekappershop.nl\/zenz-organic-stimulating-hair-shampoo-pure-no-22\/?utm_source=Google%20Shopping&#038;utm_campaign=Google%20Shopping%20New&#038;utm_medium=cpc&#038;utm_term=adtribes\" target=\"_self\" rel=\"noopener\"><img class=\"lazyload\" src=\"data:image\/gif;base64,R0lGODlhAQABAAAAACH5BAEKAAEALAAAAAABAAEAAAICTAEAOw==\" data-orig-src=\"https:\/\/www.denatuurlijkekappershop.nl\/wp-content\/uploads\/2025\/11\/ZENZ-Organic-\u2013-stimulating-hair-shampoo-pure-no.-22-250ml.png\" alt=\"ZENZ Organic \u2013 stimulierendes Haarshampoo Pure Nr. 22 250 ml\" loading=\"lazy\" decoding=\"async\" \/><\/a><div class=\"mc-post__price\"><span class=\"woocommerce-Price-amount\">34.80 \u20ac<\/span><\/div><\/div><div class=\"mc-post__cta\"><a class=\"mc-btn\" href=\"https:\/\/www.denatuurlijkekappershop.nl\/zenz-organic-stimulating-hair-shampoo-pure-no-22\/?utm_source=Google%20Shopping&#038;utm_campaign=Google%20Shopping%20New&#038;utm_medium=cpc&#038;utm_term=adtribes\" target=\"_self\" rel=\"noopener\">Produkt ansehen<\/a><\/div><\/article><article class=\"mc-post\" role=\"listitem\"><div class=\"mc-post__title\"><a href=\"https:\/\/www.denatuurlijkekappershop.nl\/odylique-ylang-ylang-orange-hand-bodywash\/?attribute_maak-een-keuze=200ml.&#038;utm_source=Google%20Shopping&#038;utm_campaign=Google%20Shopping%20New&#038;utm_medium=cpc&#038;utm_term=adtribes\" target=\"_self\" rel=\"noopener\">Odylique Ylang Ylang &amp; Orange Hand- und K\u00f6rperwaschlotion 200 ml.<\/a><\/div><div class=\"mc-post__middle\"><a class=\"mc-post__thumb\" href=\"https:\/\/www.denatuurlijkekappershop.nl\/odylique-ylang-ylang-orange-hand-bodywash\/?attribute_maak-een-keuze=200ml.&#038;utm_source=Google%20Shopping&#038;utm_campaign=Google%20Shopping%20New&#038;utm_medium=cpc&#038;utm_term=adtribes\" target=\"_self\" rel=\"noopener\"><img class=\"lazyload\" src=\"data:image\/gif;base64,R0lGODlhAQABAAAAACH5BAEKAAEALAAAAAABAAEAAAICTAEAOw==\" data-orig-src=\"https:\/\/www.denatuurlijkekappershop.nl\/wp-content\/uploads\/2025\/11\/Odylique-Ylang-Ylang-Orange-Hand-Bodywash.png\" alt=\"Odylique Ylang Ylang &amp; Orange Hand- und K\u00f6rperwaschlotion 200 ml.\" loading=\"lazy\" decoding=\"async\" \/><\/a><div class=\"mc-post__price\"><span class=\"woocommerce-Price-amount\">18.00 \u20ac<\/span><\/div><\/div><div class=\"mc-post__cta\"><a class=\"mc-btn\" href=\"https:\/\/www.denatuurlijkekappershop.nl\/odylique-ylang-ylang-orange-hand-bodywash\/?attribute_maak-een-keuze=200ml.&#038;utm_source=Google%20Shopping&#038;utm_campaign=Google%20Shopping%20New&#038;utm_medium=cpc&#038;utm_term=adtribes\" target=\"_self\" rel=\"noopener\">Produkt ansehen<\/a><\/div><\/article><\/div><div class=\"mc-extern-foot\"><div><\/div><div><a class=\"mc-btn--red\" href=\"https:\/\/www.denatuurlijkekappershop.nl\/?s=gespleten%20haarpunten&#038;post_type=product&#038;dgwt_wcas=1\" target=\"_blank\" rel=\"noopener\">Alle Produkte anzeigen<\/a><\/div><\/div><\/section><\/p>\n<p>Diese Produkte wurden aufgrund ihrer pflegenden, n\u00e4hrenden und sch\u00fctzenden Eigenschaften ausgew\u00e4hlt. Sie machen Ihr Haar weicher und besser k\u00e4mmbar, sodass die Wahrscheinlichkeit neuer Splissbildung geringer wird.<\/p>\n<h2>So behandelst du Spliss in deiner Routine<\/h2>\n<p>Mit einer cleveren Kombination aus Haarschnitt und Pflege kannst du viel erreichen:<\/p>\n<ul>\n<li>Lassen Sie Ihre Spitzen regelm\u00e4\u00dfig schneiden, auch wenn Sie Ihr Haar wachsen lassen m\u00f6chten.<\/li>\n<li>Verwenden Sie nach jeder Haarw\u00e4sche einen Conditioner oder eine Haarkur f\u00fcr die L\u00e4ngen und Spitzen.<\/li>\n<li>Tupfen Sie Ihr Haar vorsichtig mit einem weichen Handtuch oder T-Shirt trocken, anstatt es zu reiben.<\/li>\n<li>Verwenden Sie beim F\u00f6hnen oder Stylen immer einen Hitzeschutz.<\/li>\n<li>Tragen Sie ein sch\u00fctzendes Serum oder \u00d6l auf die Spitzen auf, um sie geschmeidig zu machen.<\/li>\n<\/ul>\n<h2>Kann man Spliss verhindern?<\/h2>\n<p>Man kann sie nie ganz ausschlie\u00dfen, aber man kann die Wahrscheinlichkeit deutlich verringern:<\/p>\n<ul>\n<li>Waschen Sie Ihr Haar mit einem milden Shampoo und nicht \u00f6fter als n\u00f6tig.<\/li>\n<li>Sch\u00fctzen Sie Ihr Haar vor Sonne, Chlor und Wind.<\/li>\n<li>W\u00e4hlen Sie Haargummis ohne Metallteile und tragen Sie Ihr Haar nicht immer streng zur\u00fcckgebunden.<\/li>\n<li>Schlafen Sie vorzugsweise auf einem Kissenbezug aus Satin oder Seide, um Reibung zu verringern.<\/li>\n<\/ul>\n<p>Lesen Sie auch:<br \/>\n<a href=\"\/de\/haarausfall-2\/\">Haare brechen<\/a><br \/>\n<a href=\"\/de\/beschadigtes-haar\/\">Besch\u00e4digtes Haar<\/a><br \/>\n<a href=\"\/de\/trockenes-haar\/\">Trockenes Haar<\/a><br \/>\n<a href=\"\/de\/abbrechende-locken\/\">Locken abbauen<\/a><\/p>\n<h2>Fazit: Spliss muss geschnitten und gesch\u00fctzt werden.<\/h2>\n<p>Spliss l\u00e4sst sich nicht mehr reparieren, aber Sie k\u00f6nnen ihn rechtzeitig abschneiden lassen und so verhindern, dass sich der Schaden weiter ausbreitet. Mit milder Pflege, gutem Schutz und einer schonenden Styling-Routine geben Sie Ihrem Haar die Chance, st\u00e4rker und ges\u00fcnder zu bleiben, sodass weniger schnell neuer Spliss entsteht.<\/p>\n<blockquote><p>M\u00f6chten Sie Ihre Spliss loswerden und Ihr Haar wieder voller und gepflegter aussehen lassen? Vereinbaren Sie einen Termin beim Friseur und w\u00e4hlen Sie oben eine milde, sch\u00fctzende Pflege aus, die Ihre Haarspitzen weich und kr\u00e4ftig h\u00e4lt.<\/p><\/blockquote>","protected":false},"excerpt":{"rendered":"<p>Gespleten haarpunten Zie je aan het einde van je haar  [&#8230;]<\/p>\n","protected":false},"author":1,"featured_media":0,"parent":0,"menu_order":0,"comment_status":"closed","ping_status":"closed","template":"","meta":{"_acf_changed":false,"_joinchat":[],"footnotes":""},"class_list":["post-2004","page","type-page","status-publish","hentry"],"acf":[],"_links":{"self":[{"href":"https:\/\/www.probleemharen.nl\/de\/wp-json\/wp\/v2\/pages\/2004","targetHints":{"allow":["GET"]}}],"collection":[{"href":"https:\/\/www.probleemharen.nl\/de\/wp-json\/wp\/v2\/pages"}],"about":[{"href":"https:\/\/www.probleemharen.nl\/de\/wp-json\/wp\/v2\/types\/page"}],"author":[{"embeddable":true,"href":"https:\/\/www.probleemharen.nl\/de\/wp-json\/wp\/v2\/users\/1"}],"replies":[{"embeddable":true,"href":"https:\/\/www.probleemharen.nl\/de\/wp-json\/wp\/v2\/comments?post=2004"}],"version-history":[{"count":4,"href":"https:\/\/www.probleemharen.nl\/de\/wp-json\/wp\/v2\/pages\/2004\/revisions"}],"predecessor-version":[{"id":2360,"href":"https:\/\/www.probleemharen.nl\/de\/wp-json\/wp\/v2\/pages\/2004\/revisions\/2360"}],"wp:attachment":[{"href":"https:\/\/www.probleemharen.nl\/de\/wp-json\/wp\/v2\/media?parent=2004"}],"curies":[{"name":"wp","href":"https:\/\/api.w.org\/{rel}","templated":true}]}}