{"id":1747,"date":"2025-06-13T09:08:07","date_gmt":"2025-06-13T09:08:07","guid":{"rendered":"https:\/\/www.probleemharen.nl\/?page_id=1747"},"modified":"2025-11-25T09:28:35","modified_gmt":"2025-11-25T09:28:35","slug":"allgemeine-geschaftsbedingungen","status":"publish","type":"page","link":"https:\/\/www.probleemharen.nl\/de\/algemene-voorwaarden\/","title":{"rendered":"Allgemeine Bedingungen und Konditionen"},"content":{"rendered":"<h1>Allgemeine Gesch\u00e4ftsbedingungen probleemharen.nl<\/h1>\n<p><em>(Teil von Milcraft)<\/em><\/p>\n<h2>Artikel 1 \u2013 Begriffsbestimmungen<\/h2>\n<p>In diesen Bedingungen gelten folgende Definitionen:<\/p>\n<p><strong>Website:<\/strong> die Website <a href=\"https:\/\/www.probleemharen.nl\/de\/\">probleemharen.nl<\/a>, auf der Informationen zu Haarproblemen bereitgestellt und Produkte vorgestellt werden, die m\u00f6glicherweise Abhilfe schaffen k\u00f6nnen.<\/p>\n<p><strong>Benutzer:<\/strong> jeder Besucher der Website, unabh\u00e4ngig davon, ob er Produkte von Dritten erwirbt oder nicht.<\/p>\n<p><strong>Milcraft:<\/strong> Der Eigent\u00fcmer und Betreiber von probleemharen.nl, mit Sitz in Verdihof 28, 2402 VC Alphen aan den Rijn, eingetragen bei der Handelskammer unter der Nummer 61376507.<\/p>\n<p><strong>Inhalt:<\/strong> alle auf der Website ver\u00f6ffentlichten Texte, Bilder, Videos, Produkt\u00fcbersichten, Artikel, Ratschl\u00e4ge, Erl\u00e4uterungen und sonstigen Informationen.<\/p>\n<p><strong>Produktanbieter:<\/strong> externe Webshops, Plattformen oder andere Dritte, auf die \u00fcber Links, Banner, Produktbl\u00f6cke oder andere Verweise auf der Website verwiesen wird.<\/p>\n<h2>Artikel 2 \u2013 Anwendbarkeit<\/h2>\n<p>2.1 Diese Allgemeinen Gesch\u00e4ftsbedingungen gelten f\u00fcr jede Nutzung von probleemharen.nl.<\/p>\n<p>2.2 Durch den Besuch oder die Nutzung der Website erkl\u00e4rt der Nutzer, dass er diese Allgemeinen Gesch\u00e4ftsbedingungen zur Kenntnis genommen hat und ihnen zustimmt.<\/p>\n<p>2.3 Sollte eine Bestimmung dieser Allgemeinen Gesch\u00e4ftsbedingungen unwirksam sein oder f\u00fcr unwirksam erkl\u00e4rt werden, bleiben die \u00fcbrigen Bestimmungen davon unber\u00fchrt. Milcraft wird in diesem Fall eine Ersatzbestimmung festlegen, die dem Zweck und der Bedeutung der urspr\u00fcnglichen Bestimmung so weit wie m\u00f6glich entspricht.<\/p>\n<h2>Artikel 3 \u2013 Art der Informationen &amp; kein medizinischer Rat<\/h2>\n<p>3.1 Die Informationen auf probleemharen.nl sind ausschlie\u00dflich bestimmt f\u00fcr <strong>allgemeine Informationszwecke<\/strong> \u00fcber sie, Haarprobleme und Haarpflege.<\/p>\n<p>3.2 Die Informationen auf dieser Website sind <strong>kein medizinischer Rat<\/strong>, keine Diagnose und keinen Behandlungsplan. Der Inhalt kann eine Konsultation oder Behandlung durch einen Arzt, Dermatologen, Trichologen oder einen anderen qualifizierten medizinischen Fachmann ersetzen. <strong>nicht ersetzen<\/strong>.<\/p>\n<p>3.3 Bei (schwerem oder anhaltendem) Haarausfall, Schmerzen, Juckreiz, Hautproblemen, Entz\u00fcndungen, allergischen Reaktionen oder anderen medizinischen Beschwerden wird dem Benutzer ausdr\u00fccklich empfohlen, <strong>Immer einen Arzt oder anderen medizinischen Spezialisten konsultieren<\/strong>.<\/p>\n<p>3.4 Entscheidungen, die der Nutzer auf der Grundlage von Informationen auf dieser Website trifft, erfolgen vollst\u00e4ndig auf eigene Rechnung und Gefahr des Nutzers.<\/p>\n<p>3.5 Informationen \u00fcber m\u00f6gliche Ursachen, Symptome und Behandlungen von Haarproblemen sind allgemeiner Natur und stellen keine Garantie daf\u00fcr dar, dass diese Informationen vollst\u00e4ndig, aktuell oder auf die pers\u00f6nliche Situation des Nutzers anwendbar sind.<\/p>\n<h2>Artikel 4 \u2013 Produktangaben, Empfehlungen und Dritte<\/h2>\n<p>4.1 Unter den Informationen zu Haarproblemen k\u00f6nnen Produkte angezeigt werden, die m\u00f6glicherweise bei den betreffenden Beschwerden oder W\u00fcnschen helfen k\u00f6nnen. Diese Produkte werden ausschlie\u00dflich als <strong>Vorschlag<\/strong> oder <strong>Beispiel<\/strong> angezeigt und stellen keine pers\u00f6nliche Beratung dar.<\/p>\n<p>4.2 Milcraft verkauft nicht immer selbst die Produkte, die auf probleemharen.nl gezeigt werden. In vielen F\u00e4llen f\u00fchrt ein Klick auf ein Produkt oder einen Link zu einer Website eines <strong>externer Anbieter (Dritter)<\/strong>.<\/p>\n<p>4.3 Der Kauf von Produkten \u00fcber externe Anbieter kommt ausschlie\u00dflich zwischen dem Nutzer und dem jeweiligen Anbieter zustande. Es gelten die Allgemeinen Gesch\u00e4ftsbedingungen, die Datenschutzerkl\u00e4rung und die R\u00fcckgabe- und Reklamationsbedingungen dieses Anbieters.<\/p>\n<p>4.4 Milcraft ist nicht verantwortlich f\u00fcr den Inhalt, die Verf\u00fcgbarkeit, die Preise, die Bedingungen, die Lieferzeiten, die Qualit\u00e4t oder die Sicherheit von Produkten und Dienstleistungen, die von Dritten angeboten werden.<\/p>\n<p>4.5 Der Nutzer ist selbst daf\u00fcr verantwortlich, das Produkt, die Inhaltsstoffe, Gebrauchsanweisungen, Warnhinweise, Allergien und Kontraindikationen, wie sie auf der Verpackung oder auf der Website des Anbieters angegeben sind, sorgf\u00e4ltig zu \u00fcberpr\u00fcfen.<\/p>\n<p>4.6 Eventuelle Verweise auf Wirkungen, Ergebnisse oder Erfahrungen mit Produkten (wie \u201ckann helfen bei\u201d, \u201ckann unterst\u00fctzen\u201d oder \u00e4hnliche Formulierungen) sind <strong>nicht als Garantie gedacht<\/strong> dass diese Ergebnisse auch tats\u00e4chlich erreicht werden.<\/p>\n<h2>Artikel 5 \u2013 Keine Garantien<\/h2>\n<p>5.1 Obwohl Milcraft sich bem\u00fcht, korrekte, vollst\u00e4ndige und aktuelle Informationen bereitzustellen, kann es nicht garantieren, dass alle Informationen auf der Website jederzeit vollst\u00e4ndig, korrekt oder aktuell sind.<\/p>\n<p>5.2 Milcraft \u00fcbernimmt keinerlei Garantie daf\u00fcr, dass die Verwendung der auf probleemharen.nl genannten Produkte oder Tipps zu einer Heilung, Verbesserung oder Verringerung von Haarproblemen f\u00fchrt.<\/p>\n<p>5.3 Die Ergebnisse k\u00f6nnen von Person zu Person stark variieren und h\u00e4ngen unter anderem von der Gesundheit, dem Lebensstil, genetischen Faktoren, der Einnahme von Medikamenten und anderen Umst\u00e4nden ab.<\/p>\n<h2>Artikel 6 \u2013 Haftung<\/h2>\n<p>6.1 Die Nutzung von probleemharen.nl und die Befolgung von Informationen oder Tipps der Website erfolgt vollst\u00e4ndig auf eigenes Risiko des Nutzers.<\/p>\n<p>6.2 Milcraft schlie\u00dft, soweit gesetzlich zul\u00e4ssig, jegliche Haftung f\u00fcr <strong>direkte oder indirekte Sch\u00e4den<\/strong> die sich ergibt aus oder im Zusammenhang steht mit:<\/p>\n<ul>\n<li>die Nutzung oder das Vertrauen auf die Informationen auf der Website;<\/li>\n<li>die Nutzung von Produkten, die \u00fcber die Website oder \u00fcber Dritte gefunden oder erworben wurden;<\/li>\n<li>Fehler, Unvollst\u00e4ndigkeiten oder veraltete Informationen in den Inhalten der Website;<\/li>\n<li>technische St\u00f6rungen, Unterbrechungen oder Fehler in der Erreichbarkeit der Website;<\/li>\n<li>Handlungen Dritter, wie Produktanbieter oder Transportunternehmen.<\/li>\n<\/ul>\n<p>6.3 Milcraft haftet in keinem Fall f\u00fcr Folgesch\u00e4den, entgangenen Gewinn, Reputationssch\u00e4den oder andere indirekte Sch\u00e4den.<\/p>\n<p>6.4 Nichts in diesen Allgemeinen Gesch\u00e4ftsbedingungen hat zum Ziel, die Haftung von Milcraft f\u00fcr Vorsatz oder bewusste Fahrl\u00e4ssigkeit auszuschlie\u00dfen, soweit ein solcher Ausschluss gesetzlich nicht zul\u00e4ssig ist.<\/p>\n<h2>Artikel 7 \u2013 Gesundheitshinweis<\/h2>\n<p>7.1 Der Nutzer muss eventuelle \u00c4nderungen in der Einnahme von Medikamenten, medizinischen Behandlungen oder Therapien <strong>Immer zuerst mit einem Arzt oder Spezialisten besprechen.<\/strong>.<\/p>\n<p>7.2 Informationen auf probleemharen.nl d\u00fcrfen <strong>nicht<\/strong> verwendet werden, um selbst eine Diagnose zu stellen, eine medizinische Behandlung zu beginnen, zu \u00e4ndern oder abzubrechen, ohne einen Arzt zu konsultieren.<\/p>\n<p>7.3 Bei akuten Beschwerden, starkem Haarausfall, Blutungen, starken Schmerzen, Fieber oder anderen alarmierenden Symptomen wird dem Anwender empfohlen, <strong>sofort medizinische Hilfe in Anspruch nehmen<\/strong>.<\/p>\n<h2>Artikel 8 \u2013 Geistiges Eigentum<\/h2>\n<p>8.1 Alle Inhalte auf probleemharen.nl, einschlie\u00dflich, aber nicht beschr\u00e4nkt auf Texte, Bilder, Logos, Layout und Design, sind durch Urheberrechte und andere geistige Eigentumsrechte von Milcraft oder seinen Lizenzgebern gesch\u00fctzt, sofern nicht ausdr\u00fccklich anders angegeben.<\/p>\n<p>8.2 Es ist Nutzern nicht gestattet, ohne vorherige schriftliche Genehmigung von Milcraft Inhalte der Website zu kopieren, zu vervielf\u00e4ltigen, zu ver\u00f6ffentlichen, zu bearbeiten oder zu verbreiten, au\u00dfer f\u00fcr rein pers\u00f6nliche, nicht kommerzielle Zwecke.<\/p>\n<p>8.3 Es ist nicht gestattet, Inhalte von probleemharen.nl in einer Weise zu verwenden, die irref\u00fchrend ist oder den Eindruck erweckt, dass eine kommerzielle oder formelle Zusammenarbeit mit probleemharen.nl oder Milcraft besteht, es sei denn, es liegt eine ausdr\u00fcckliche schriftliche Genehmigung daf\u00fcr vor.<\/p>\n<h2>Artikel 9 \u2013 Datenschutz und Cookies<\/h2>\n<p>9.1 Bei der Nutzung von probleemharen.nl k\u00f6nnen personenbezogene Daten verarbeitet werden. Milcraft geht mit diesen Daten gem\u00e4\u00df den geltenden Datenschutzgesetzen sorgf\u00e4ltig um.<\/p>\n<p>9.2 Weitere Informationen \u00fcber die Verarbeitung personenbezogener Daten und die Verwendung von Cookies finden Sie in der <strong>Datenschutzerkl\u00e4rung<\/strong> und <strong>Cookie-Erkl\u00e4rung<\/strong> von probleemharen.nl. Diese sind \u00fcber die Website verf\u00fcgbar.<\/p>\n<h2>Artikel 10 \u2013 \u00c4nderungen der Website und der Bedingungen<\/h2>\n<p>10.1 Milcraft beh\u00e4lt sich das Recht vor, den Inhalt von probleemharen.nl, einschlie\u00dflich der angebotenen Informationen und Produktverweise, jederzeit zu \u00e4ndern, zu erg\u00e4nzen oder zu entfernen.<\/p>\n<p>10.2 Milcraft beh\u00e4lt sich au\u00dferdem das Recht vor, diese Allgemeinen Gesch\u00e4ftsbedingungen zu \u00e4ndern. Die aktuellste Version der Allgemeinen Gesch\u00e4ftsbedingungen kann jederzeit auf der Website eingesehen werden.<\/p>\n<p>10.3 Wenn der Nutzer die Website nach einer \u00c4nderung der Allgemeinen Gesch\u00e4ftsbedingungen weiterhin nutzt, gilt dies als Zustimmung zu den ge\u00e4nderten Bedingungen.<\/p>\n<h2>Artikel 11 \u2013 Anwendbares Recht und zust\u00e4ndiges Gericht<\/h2>\n<p>11.1 Diese Allgemeinen Gesch\u00e4ftsbedingungen und jede Nutzung von probleemharen.nl unterliegen ausschlie\u00dflich <strong>Niederl\u00e4ndisches Recht<\/strong> anwendbar.<\/p>\n<p>11.2 Streitigkeiten, die sich aus oder im Zusammenhang mit diesen Allgemeinen Gesch\u00e4ftsbedingungen oder der Nutzung der Website ergeben, werden, sofern zwingende gesetzliche Vorschriften nichts anderes vorschreiben, dem zust\u00e4ndigen Gericht in Den Haag vorgelegt.<\/p>","protected":false},"excerpt":{"rendered":"<p>Algemene Voorwaarden probleemharen.nl (onderdeel van Milcraft) Artikel 1 \u2013 Definities  [&#8230;]<\/p>\n","protected":false},"author":1,"featured_media":0,"parent":0,"menu_order":0,"comment_status":"closed","ping_status":"closed","template":"","meta":{"_acf_changed":false,"_joinchat":[],"footnotes":""},"class_list":["post-1747","page","type-page","status-publish","hentry"],"acf":[],"_links":{"self":[{"href":"https:\/\/www.probleemharen.nl\/de\/wp-json\/wp\/v2\/pages\/1747","targetHints":{"allow":["GET"]}}],"collection":[{"href":"https:\/\/www.probleemharen.nl\/de\/wp-json\/wp\/v2\/pages"}],"about":[{"href":"https:\/\/www.probleemharen.nl\/de\/wp-json\/wp\/v2\/types\/page"}],"author":[{"embeddable":true,"href":"https:\/\/www.probleemharen.nl\/de\/wp-json\/wp\/v2\/users\/1"}],"replies":[{"embeddable":true,"href":"https:\/\/www.probleemharen.nl\/de\/wp-json\/wp\/v2\/comments?post=1747"}],"version-history":[{"count":2,"href":"https:\/\/www.probleemharen.nl\/de\/wp-json\/wp\/v2\/pages\/1747\/revisions"}],"predecessor-version":[{"id":1970,"href":"https:\/\/www.probleemharen.nl\/de\/wp-json\/wp\/v2\/pages\/1747\/revisions\/1970"}],"wp:attachment":[{"href":"https:\/\/www.probleemharen.nl\/de\/wp-json\/wp\/v2\/media?parent=1747"}],"curies":[{"name":"wp","href":"https:\/\/api.w.org\/{rel}","templated":true}]}}